{"id":24878,"date":"2021-06-01T14:23:14","date_gmt":"2021-06-01T12:23:14","guid":{"rendered":"https:\/\/mcd.se\/product\/transducer-nb-220-h-ht\/"},"modified":"2022-09-22T13:14:30","modified_gmt":"2022-09-22T11:14:30","slug":"transducer-nb-220-h-ht","status":"publish","type":"product","link":"https:\/\/mcd.se\/en\/product\/transducer-nb-220-h-ht\/","title":{"rendered":"TRANSDUCER NB 220 H\/HT"},"content":{"rendered":"<p>Transducer NB 220 is for oil products, not class 1 liquids. The transducer has a potential-free relay contact for an external alarm or to close valves and stop pumps. For sensors in Zone 0, where there is constant or prolonged explosion hazard, other transducers should be used.<\/p>\n","protected":false},"excerpt":{"rendered":"<p>Transducer NB 220 is for oil products, not class 1 liquids. The transducer has a potential-free relay contact for an external alarm or to close valves and stop pumps. For sensors in Zone 0, where there is constant or prolonged explosion hazard, other transducers should be used.<\/p>\n","protected":false},"author":1,"featured_media":24672,"parent":0,"menu_order":0,"comment_status":"open","ping_status":"closed","template":"","meta":{"_et_pb_use_builder":"","_et_pb_old_content":"","_et_gb_content_width":""},"kategorier":[21],"class_list":["post-24878","product","type-product","status-publish","has-post-thumbnail","hentry","kategorier-fafnir-en"],"yoast_head":"<!-- This site is optimized with the Yoast SEO plugin v25.8 - https:\/\/yoast.com\/wordpress\/plugins\/seo\/ -->\n<title>TRANSDUCER NB 220 H\/HT - MCD<\/title>\n<meta name=\"description\" content=\"TRANSDUCER NB 220 H\/HT is for oil products, not class 1 liquids.\" \/>\n<meta name=\"robots\" content=\"index, follow, max-snippet:-1, max-image-preview:large, max-video-preview:-1\" \/>\n<link rel=\"canonical\" href=\"https:\/\/mcd.se\/en\/product\/transducer-nb-220-h-ht\/\" \/>\n<meta property=\"og:locale\" content=\"en_US\" \/>\n<meta property=\"og:type\" content=\"article\" \/>\n<meta property=\"og:title\" content=\"TRANSDUCER NB 220 H\/HT - MCD\" \/>\n<meta property=\"og:description\" content=\"TRANSDUCER NB 220 H\/HT is for oil products, not class 1 liquids.\" \/>\n<meta property=\"og:url\" content=\"https:\/\/mcd.se\/en\/product\/transducer-nb-220-h-ht\/\" \/>\n<meta property=\"og:site_name\" content=\"MCD\" \/>\n<meta property=\"article:modified_time\" content=\"2022-09-22T11:14:30+00:00\" \/>\n<meta property=\"og:image\" content=\"https:\/\/mcd.se\/wp-content\/uploads\/2021\/05\/mcd.se408NB-220-H-3.jpg\" \/>\n\t<meta property=\"og:image:width\" content=\"350\" \/>\n\t<meta property=\"og:image:height\" content=\"292\" \/>\n\t<meta property=\"og:image:type\" content=\"image\/jpeg\" \/>\n<meta name=\"twitter:card\" content=\"summary_large_image\" \/>\n<script type=\"application\/ld+json\" class=\"yoast-schema-graph\">{\"@context\":\"https:\/\/schema.org\",\"@graph\":[{\"@type\":\"WebPage\",\"@id\":\"https:\/\/mcd.se\/en\/product\/transducer-nb-220-h-ht\/\",\"url\":\"https:\/\/mcd.se\/en\/product\/transducer-nb-220-h-ht\/\",\"name\":\"TRANSDUCER NB 220 H\/HT - MCD\",\"isPartOf\":{\"@id\":\"https:\/\/mcd.se\/#website\"},\"primaryImageOfPage\":{\"@id\":\"https:\/\/mcd.se\/en\/product\/transducer-nb-220-h-ht\/#primaryimage\"},\"image\":{\"@id\":\"https:\/\/mcd.se\/en\/product\/transducer-nb-220-h-ht\/#primaryimage\"},\"thumbnailUrl\":\"https:\/\/mcd.se\/wp-content\/uploads\/2021\/05\/mcd.se408NB-220-H-3.jpg\",\"datePublished\":\"2021-06-01T12:23:14+00:00\",\"dateModified\":\"2022-09-22T11:14:30+00:00\",\"description\":\"TRANSDUCER NB 220 H\/HT is for oil products, not class 1 liquids.\",\"breadcrumb\":{\"@id\":\"https:\/\/mcd.se\/en\/product\/transducer-nb-220-h-ht\/#breadcrumb\"},\"inLanguage\":\"en-US\",\"potentialAction\":[{\"@type\":\"ReadAction\",\"target\":[\"https:\/\/mcd.se\/en\/product\/transducer-nb-220-h-ht\/\"]}]},{\"@type\":\"ImageObject\",\"inLanguage\":\"en-US\",\"@id\":\"https:\/\/mcd.se\/en\/product\/transducer-nb-220-h-ht\/#primaryimage\",\"url\":\"https:\/\/mcd.se\/wp-content\/uploads\/2021\/05\/mcd.se408NB-220-H-3.jpg\",\"contentUrl\":\"https:\/\/mcd.se\/wp-content\/uploads\/2021\/05\/mcd.se408NB-220-H-3.jpg\",\"width\":350,\"height\":292,\"caption\":\"Fafnir Niv\u00e5f\u00f6rst\u00e4rkare NB 220\"},{\"@type\":\"BreadcrumbList\",\"@id\":\"https:\/\/mcd.se\/en\/product\/transducer-nb-220-h-ht\/#breadcrumb\",\"itemListElement\":[{\"@type\":\"ListItem\",\"position\":1,\"name\":\"Hem\",\"item\":\"https:\/\/mcd.se\/en\/\"},{\"@type\":\"ListItem\",\"position\":2,\"name\":\"Product\",\"item\":\"https:\/\/mcd.se\/de\/product\/\"},{\"@type\":\"ListItem\",\"position\":3,\"name\":\"TRANSDUCER NB 220 H\/HT\"}]},{\"@type\":\"WebSite\",\"@id\":\"https:\/\/mcd.se\/#website\",\"url\":\"https:\/\/mcd.se\/\",\"name\":\"MCD\",\"description\":\"Fully Integrated Tank Level Measurement\",\"publisher\":{\"@id\":\"https:\/\/mcd.se\/#organization\"},\"potentialAction\":[{\"@type\":\"SearchAction\",\"target\":{\"@type\":\"EntryPoint\",\"urlTemplate\":\"https:\/\/mcd.se\/?s={search_term_string}\"},\"query-input\":{\"@type\":\"PropertyValueSpecification\",\"valueRequired\":true,\"valueName\":\"search_term_string\"}}],\"inLanguage\":\"en-US\"},{\"@type\":\"Organization\",\"@id\":\"https:\/\/mcd.se\/#organization\",\"name\":\"Measure Connect Display AB\",\"url\":\"https:\/\/mcd.se\/\",\"logo\":{\"@type\":\"ImageObject\",\"inLanguage\":\"en-US\",\"@id\":\"https:\/\/mcd.se\/#\/schema\/logo\/image\/\",\"url\":\"https:\/\/mcd.se\/wp-content\/uploads\/2021\/05\/logo-dark.png\",\"contentUrl\":\"https:\/\/mcd.se\/wp-content\/uploads\/2021\/05\/logo-dark.png\",\"width\":137,\"height\":48,\"caption\":\"Measure Connect Display AB\"},\"image\":{\"@id\":\"https:\/\/mcd.se\/#\/schema\/logo\/image\/\"}}]}<\/script>\n<!-- \/ Yoast SEO plugin. -->","yoast_head_json":{"title":"TRANSDUCER NB 220 H\/HT - MCD","description":"TRANSDUCER NB 220 H\/HT is for oil products, not class 1 liquids.","robots":{"index":"index","follow":"follow","max-snippet":"max-snippet:-1","max-image-preview":"max-image-preview:large","max-video-preview":"max-video-preview:-1"},"canonical":"https:\/\/mcd.se\/en\/product\/transducer-nb-220-h-ht\/","og_locale":"en_US","og_type":"article","og_title":"TRANSDUCER NB 220 H\/HT - MCD","og_description":"TRANSDUCER NB 220 H\/HT is for oil products, not class 1 liquids.","og_url":"https:\/\/mcd.se\/en\/product\/transducer-nb-220-h-ht\/","og_site_name":"MCD","article_modified_time":"2022-09-22T11:14:30+00:00","og_image":[{"width":350,"height":292,"url":"https:\/\/mcd.se\/wp-content\/uploads\/2021\/05\/mcd.se408NB-220-H-3.jpg","type":"image\/jpeg"}],"twitter_card":"summary_large_image","schema":{"@context":"https:\/\/schema.org","@graph":[{"@type":"WebPage","@id":"https:\/\/mcd.se\/en\/product\/transducer-nb-220-h-ht\/","url":"https:\/\/mcd.se\/en\/product\/transducer-nb-220-h-ht\/","name":"TRANSDUCER NB 220 H\/HT - MCD","isPartOf":{"@id":"https:\/\/mcd.se\/#website"},"primaryImageOfPage":{"@id":"https:\/\/mcd.se\/en\/product\/transducer-nb-220-h-ht\/#primaryimage"},"image":{"@id":"https:\/\/mcd.se\/en\/product\/transducer-nb-220-h-ht\/#primaryimage"},"thumbnailUrl":"https:\/\/mcd.se\/wp-content\/uploads\/2021\/05\/mcd.se408NB-220-H-3.jpg","datePublished":"2021-06-01T12:23:14+00:00","dateModified":"2022-09-22T11:14:30+00:00","description":"TRANSDUCER NB 220 H\/HT is for oil products, not class 1 liquids.","breadcrumb":{"@id":"https:\/\/mcd.se\/en\/product\/transducer-nb-220-h-ht\/#breadcrumb"},"inLanguage":"en-US","potentialAction":[{"@type":"ReadAction","target":["https:\/\/mcd.se\/en\/product\/transducer-nb-220-h-ht\/"]}]},{"@type":"ImageObject","inLanguage":"en-US","@id":"https:\/\/mcd.se\/en\/product\/transducer-nb-220-h-ht\/#primaryimage","url":"https:\/\/mcd.se\/wp-content\/uploads\/2021\/05\/mcd.se408NB-220-H-3.jpg","contentUrl":"https:\/\/mcd.se\/wp-content\/uploads\/2021\/05\/mcd.se408NB-220-H-3.jpg","width":350,"height":292,"caption":"Fafnir Niv\u00e5f\u00f6rst\u00e4rkare NB 220"},{"@type":"BreadcrumbList","@id":"https:\/\/mcd.se\/en\/product\/transducer-nb-220-h-ht\/#breadcrumb","itemListElement":[{"@type":"ListItem","position":1,"name":"Hem","item":"https:\/\/mcd.se\/en\/"},{"@type":"ListItem","position":2,"name":"Product","item":"https:\/\/mcd.se\/de\/product\/"},{"@type":"ListItem","position":3,"name":"TRANSDUCER NB 220 H\/HT"}]},{"@type":"WebSite","@id":"https:\/\/mcd.se\/#website","url":"https:\/\/mcd.se\/","name":"MCD","description":"Fully Integrated Tank Level Measurement","publisher":{"@id":"https:\/\/mcd.se\/#organization"},"potentialAction":[{"@type":"SearchAction","target":{"@type":"EntryPoint","urlTemplate":"https:\/\/mcd.se\/?s={search_term_string}"},"query-input":{"@type":"PropertyValueSpecification","valueRequired":true,"valueName":"search_term_string"}}],"inLanguage":"en-US"},{"@type":"Organization","@id":"https:\/\/mcd.se\/#organization","name":"Measure Connect Display AB","url":"https:\/\/mcd.se\/","logo":{"@type":"ImageObject","inLanguage":"en-US","@id":"https:\/\/mcd.se\/#\/schema\/logo\/image\/","url":"https:\/\/mcd.se\/wp-content\/uploads\/2021\/05\/logo-dark.png","contentUrl":"https:\/\/mcd.se\/wp-content\/uploads\/2021\/05\/logo-dark.png","width":137,"height":48,"caption":"Measure Connect Display AB"},"image":{"@id":"https:\/\/mcd.se\/#\/schema\/logo\/image\/"}}]}},"_links":{"self":[{"href":"https:\/\/mcd.se\/en\/wp-json\/wp\/v2\/product\/24878","targetHints":{"allow":["GET"]}}],"collection":[{"href":"https:\/\/mcd.se\/en\/wp-json\/wp\/v2\/product"}],"about":[{"href":"https:\/\/mcd.se\/en\/wp-json\/wp\/v2\/types\/product"}],"author":[{"embeddable":true,"href":"https:\/\/mcd.se\/en\/wp-json\/wp\/v2\/users\/1"}],"replies":[{"embeddable":true,"href":"https:\/\/mcd.se\/en\/wp-json\/wp\/v2\/comments?post=24878"}],"wp:featuredmedia":[{"embeddable":true,"href":"https:\/\/mcd.se\/en\/wp-json\/wp\/v2\/media\/24672"}],"wp:attachment":[{"href":"https:\/\/mcd.se\/en\/wp-json\/wp\/v2\/media?parent=24878"}],"wp:term":[{"taxonomy":"kategorier","embeddable":true,"href":"https:\/\/mcd.se\/en\/wp-json\/wp\/v2\/kategorier?post=24878"}],"curies":[{"name":"wp","href":"https:\/\/api.w.org\/{rel}","templated":true}]}}