{"id":25803,"date":"2021-12-14T18:56:42","date_gmt":"2021-12-14T17:56:42","guid":{"rendered":"https:\/\/mcd.se\/tank-level-monitoring\/fuels-lubricants-and-spills\/"},"modified":"2025-04-03T11:13:49","modified_gmt":"2025-04-03T09:13:49","slug":"fuels-lubricants-and-spills","status":"publish","type":"page","link":"https:\/\/mcd.se\/en\/tank-level-monitoring\/fuels-lubricants-and-spills\/","title":{"rendered":"Fuels \/ Lubricants \/ Gas"},"content":{"rendered":"<p>[et_pb_section fb_built=&#8221;1&#8243; admin_label=&#8221;Hero&#8221; module_class=&#8221;hero&#8221; _builder_version=&#8221;4.16&#8243; _module_preset=&#8221;default&#8221; background_color=&#8221;RGBA(0,0,0,0)&#8221; use_background_color_gradient=&#8221;on&#8221; background_color_gradient_stops=&#8221;rgba(48,48,48,0.65) 100%|#29c4a9 100%&#8221; background_color_gradient_overlays_image=&#8221;on&#8221; background_color_gradient_start=&#8221;rgba(48,48,48,0.65)&#8221; background_color_gradient_start_position=&#8221;100%&#8221; background_image=&#8221;https:\/\/mcd.se\/wp-content\/uploads\/2021\/08\/oil.jpg&#8221; min_height=&#8221;700px&#8221; min_height_tablet=&#8221;500px&#8221; min_height_phone=&#8221;300px&#8221; min_height_last_edited=&#8221;on|phone&#8221; custom_css_main_element=&#8221;display: flex;||flex-direction: column;||justify-content: center;&#8221; global_colors_info=&#8221;{}&#8221;][et_pb_row _builder_version=&#8221;4.16&#8243; _module_preset=&#8221;default&#8221; global_colors_info=&#8221;{}&#8221;][et_pb_column type=&#8221;4_4&#8243; _builder_version=&#8221;4.16&#8243; _module_preset=&#8221;default&#8221; global_colors_info=&#8221;{}&#8221;][et_pb_text _builder_version=&#8221;4.16&#8243; _module_preset=&#8221;default&#8221; text_font=&#8221;||||||||&#8221; text_text_color=&#8221;#FFFFFF&#8221; text_font_size=&#8221;14px&#8221; text_letter_spacing=&#8221;1px&#8221; text_line_height=&#8221;2.4em&#8221; header_text_color=&#8221;#FFFFFF&#8221; header_line_height=&#8221;1.4em&#8221; header_2_text_align=&#8221;center&#8221; header_2_text_color=&#8221;#FFFFFF&#8221; text_orientation=&#8221;center&#8221; custom_padding=&#8221;||36px||false|false&#8221; custom_padding_tablet=&#8221;&#8221; custom_padding_phone=&#8221;||0px||false|false&#8221; custom_padding_last_edited=&#8221;on|phone&#8221; header_2_font_size_phone=&#8221;20px&#8221; global_colors_info=&#8221;{}&#8221;]<\/p>\n<h1>Drivmedel, sm\u00f6rjmedel och eldningsolja<\/h1>\n<h2>Med r\u00e4tt niv\u00e5\u00f6vervakning f\u00e5r du full kontroll \u00f6ver dina anl\u00e4ggningar, oavsett om det handlar om olja, drivmedel eller sm\u00f6rjmedel.<\/h2>\n<p>[\/et_pb_text][et_pb_button button_url=&#8221;https:\/\/mcd.se\/en\/our-service-siteinfo\/&#8221; button_text=&#8221;SiteInfo&#8221; button_alignment=&#8221;center&#8221; _builder_version=&#8221;4.16&#8243; _module_preset=&#8221;default&#8221; global_colors_info=&#8221;{}&#8221;][\/et_pb_button][\/et_pb_column][\/et_pb_row][\/et_pb_section][et_pb_section fb_built=&#8221;1&#8243; custom_padding_last_edited=&#8221;on|tablet&#8221; _builder_version=&#8221;4.16&#8243; _module_preset=&#8221;default&#8221; background_enable_color=&#8221;off&#8221; custom_padding=&#8221;||4px|||&#8221; custom_padding_tablet=&#8221;0px||||false|false&#8221; custom_padding_phone=&#8221;&#8221; global_colors_info=&#8221;{}&#8221;][et_pb_row column_structure=&#8221;1_2,1_2&#8243; _builder_version=&#8221;4.16&#8243; _module_preset=&#8221;2090e1f8-0396-4a6c-a2ac-bc77dd633929&#8243; global_colors_info=&#8221;{}&#8221;][et_pb_column type=&#8221;1_2&#8243; _builder_version=&#8221;4.16&#8243; _module_preset=&#8221;default&#8221; custom_css_main_element=&#8221;||display: flex;||flex-direction: column;||justify-content: center;&#8221; global_colors_info=&#8221;{}&#8221;][et_pb_text _builder_version=&#8221;4.16&#8243; _module_preset=&#8221;default&#8221; custom_margin=&#8221;||51px|||&#8221; global_colors_info=&#8221;{}&#8221;]<\/p>\n<h2>Fuels<\/h2>\n<p>For fuel, it is important to continuously know how much there is in the tank, and to know that your contents are safely stored and handled. We all know that unplanned, out-of-schedule fuel replenishing can be costly. Especially when it comes to customer satisfaction. If you install level monitoring at your customer\u2019s end, it will be easier for you to plan so that no one is unnecessarily out of fuel. And you will have an upper hand on your competition.<\/p>\n<p>Our fuel level monitoring complies with restrictions and requirements. The systems ensure that you comply with existing technical regulations, including MSB\u2019s (Swedish Civil Contingencies Agency) regulations on cisterns with flammable liquids. As operations manager, you can use our monitoring systems to both know any need for replenishing and if problems arise. Regardless of the type of fuel, MCD\u2019s level monitoring ensures that you have full control in a cost- and time-efficient way. The right amount, in the right place, at the right time.[\/et_pb_text][\/et_pb_column][et_pb_column type=&#8221;1_2&#8243; _builder_version=&#8221;4.16&#8243; _module_preset=&#8221;default&#8221; global_colors_info=&#8221;{}&#8221;][et_pb_image src=&#8221;https:\/\/mcd.se\/wp-content\/uploads\/2021\/12\/chemical_54653056.jpg&#8221; title_text=&#8221;chemical_54653056&#8243; _builder_version=&#8221;4.16&#8243; _module_preset=&#8221;default&#8221; custom_padding=&#8221;60px|||||&#8221; global_colors_info=&#8221;{}&#8221;][\/et_pb_image][\/et_pb_column][\/et_pb_row][\/et_pb_section][et_pb_section fb_built=&#8221;1&#8243; _builder_version=&#8221;4.16&#8243; _module_preset=&#8221;default&#8221; background_color=&#8221;#FBFBFB&#8221; global_colors_info=&#8221;{}&#8221;][et_pb_row column_structure=&#8221;1_2,1_2&#8243; make_equal=&#8221;off&#8221; _builder_version=&#8221;4.16&#8243; _module_preset=&#8221;2090e1f8-0396-4a6c-a2ac-bc77dd633929&#8243; global_colors_info=&#8221;{}&#8221;][et_pb_column type=&#8221;1_2&#8243; _builder_version=&#8221;4.16&#8243; _module_preset=&#8221;default&#8221; custom_css_main_element=&#8221;||display: flex;||flex-direction: column;||justify-content: center;||&#8221; global_colors_info=&#8221;{}&#8221;][et_pb_image src=&#8221;https:\/\/mcd.se\/wp-content\/uploads\/2021\/08\/bioenergy.jpg&#8221; title_text=&#8221;bioenergy&#8221; _builder_version=&#8221;4.16&#8243; _module_preset=&#8221;default&#8221; custom_margin=&#8221;58px|||||&#8221; global_colors_info=&#8221;{}&#8221;][\/et_pb_image][\/et_pb_column][et_pb_column type=&#8221;1_2&#8243; _builder_version=&#8221;4.16&#8243; _module_preset=&#8221;default&#8221; custom_css_main_element=&#8221;display: flex;||flex-direction: column;||justify-content: center;&#8221; global_colors_info=&#8221;{}&#8221;][et_pb_text _builder_version=&#8221;4.16&#8243; _module_preset=&#8221;_initial&#8221; global_colors_info=&#8221;{}&#8221;]<\/p>\n<h2>Lubricants<\/h2>\n<p>Although lubricants are often found in smaller cisterns and containers, your need for full control of your levels is just as big here. Especially if you more seldom use up all your content. With proper level monitoring you gain full control and can have a safer refilling schedule. Which also allows you to avoid unnecessary and business-critical downtime. As a supplier, you become more trusted, one that your customers always can rely on. This gives you a competitive advantage, as it is extremely important to know which suppliers deliver when needed. You can also plan your delivery routes easier and more cost-effectively because you see where and when new lubricant is needed.<\/p>\n<p>[\/et_pb_text][et_pb_text _builder_version=&#8221;4.16&#8243; _module_preset=&#8221;_initial&#8221; global_colors_info=&#8221;{}&#8221;][\/et_pb_text][\/et_pb_column][\/et_pb_row][\/et_pb_section][et_pb_section fb_built=&#8221;1&#8243; module_id=&#8221;contact-us&#8221; _builder_version=&#8221;4.18.1&#8243; _module_preset=&#8221;default&#8221; background_color=&#8221;#f6f6f6&#8243; custom_margin=&#8221;0px||||false|false&#8221; custom_margin_tablet=&#8221;0px||||false|false&#8221; custom_margin_phone=&#8221;0px||||false|false&#8221; custom_margin_last_edited=&#8221;on|desktop&#8221; saved_tabs=&#8221;all&#8221; global_colors_info=&#8221;{}&#8221;][et_pb_row _builder_version=&#8221;4.16&#8243; _module_preset=&#8221;default&#8221; global_colors_info=&#8221;{}&#8221;][et_pb_column type=&#8221;4_4&#8243; _builder_version=&#8221;4.16&#8243; _module_preset=&#8221;default&#8221; global_colors_info=&#8221;{}&#8221;][et_pb_text _builder_version=&#8221;4.16&#8243; _module_preset=&#8221;default&#8221; header_2_text_align=&#8221;center&#8221; global_colors_info=&#8221;{}&#8221;]<\/p>\n<h2>Do you want us to contact you?<\/h2>\n<p>[\/et_pb_text][\/et_pb_column][\/et_pb_row][et_pb_row column_structure=&#8221;1_2,1_2&#8243; _builder_version=&#8221;4.16&#8243; _module_preset=&#8221;default&#8221; global_colors_info=&#8221;{}&#8221;][et_pb_column type=&#8221;1_2&#8243; _builder_version=&#8221;4.16&#8243; _module_preset=&#8221;default&#8221; global_colors_info=&#8221;{}&#8221;][et_pb_code _builder_version=&#8221;4.25.0&#8243; _module_preset=&#8221;default&#8221; hover_enabled=&#8221;0&#8243; sticky_enabled=&#8221;0&#8243;]<script charset=\"utf-8\" type=\"text\/javascript\" src=\"\/\/js-eu1.hsforms.net\/forms\/embed\/v2.js\"><\/script><!-- [et_pb_line_break_holder] --><script><!-- [et_pb_line_break_holder] -->  hbspt.forms.create({<!-- [et_pb_line_break_holder] -->    portalId: \"144686101\",<!-- [et_pb_line_break_holder] -->    formId: \"98e82a7b-0c31-4f87-8ee4-0f193a6c0019\",<!-- [et_pb_line_break_holder] -->    region: \"eu1\"<!-- [et_pb_line_break_holder] -->  });<!-- [et_pb_line_break_holder] --><\/script>[\/et_pb_code][\/et_pb_column][et_pb_column type=&#8221;1_2&#8243; _builder_version=&#8221;4.16&#8243; _module_preset=&#8221;default&#8221; global_colors_info=&#8221;{}&#8221;][et_pb_image src=&#8221;https:\/\/mcd.se\/wp-content\/uploads\/2021\/05\/mcd.se426sture-personalbild-2-770&#215;866-1.png&#8221; title_text=&#8221;%91mcd.se%93%91426%93sture-personalbild-2-770&#215;866&#8243; align=&#8221;center&#8221; _builder_version=&#8221;4.16&#8243; _module_preset=&#8221;default&#8221; width=&#8221;400px&#8221; width_tablet=&#8221;&#8221; width_phone=&#8221;250px&#8221; width_last_edited=&#8221;on|phone&#8221; global_colors_info=&#8221;{}&#8221;][\/et_pb_image][\/et_pb_column][\/et_pb_row][\/et_pb_section]<\/p>\n","protected":false},"excerpt":{"rendered":"<p>Drivmedel, sm\u00f6rjmedel och eldningsolja Med r\u00e4tt niv\u00e5\u00f6vervakning f\u00e5r du full kontroll \u00f6ver dina anl\u00e4ggningar, oavsett om det handlar om olja, drivmedel eller sm\u00f6rjmedel.Fuels For fuel, it is important to continuously know how much there is in the tank, and to know that your contents are safely stored and handled. We all know that unplanned, out-of-schedule [&hellip;]<\/p>\n","protected":false},"author":2,"featured_media":0,"parent":24753,"menu_order":21,"comment_status":"closed","ping_status":"closed","template":"","meta":{"_et_pb_use_builder":"on","_et_pb_old_content":"","_et_gb_content_width":"","footnotes":""},"class_list":["post-25803","page","type-page","status-publish","hentry"],"yoast_head":"<!-- This site is optimized with the Yoast SEO plugin v25.8 - https:\/\/yoast.com\/wordpress\/plugins\/seo\/ -->\n<title>Fuels \/ Lubricants \/ Gas - Smart level monitoring system - MCD<\/title>\n<meta name=\"description\" content=\"With a proper level monitoring, you gain full control over your facilities, whether you work with oils, fuels, or lubricants.\" \/>\n<meta name=\"robots\" content=\"index, follow, max-snippet:-1, max-image-preview:large, max-video-preview:-1\" \/>\n<link rel=\"canonical\" href=\"https:\/\/mcd.se\/en\/tank-level-monitoring\/fuels-lubricants-and-spills\/\" \/>\n<meta property=\"og:locale\" content=\"en_US\" \/>\n<meta property=\"og:type\" content=\"article\" \/>\n<meta property=\"og:title\" content=\"Fuels \/ Lubricants \/ Gas - Smart level monitoring system - MCD\" \/>\n<meta property=\"og:description\" content=\"With a proper level monitoring, you gain full control over your facilities, whether you work with oils, fuels, or lubricants.\" \/>\n<meta property=\"og:url\" content=\"https:\/\/mcd.se\/en\/tank-level-monitoring\/fuels-lubricants-and-spills\/\" \/>\n<meta property=\"og:site_name\" content=\"MCD\" \/>\n<meta property=\"article:modified_time\" content=\"2025-04-03T09:13:49+00:00\" \/>\n<meta name=\"twitter:card\" content=\"summary_large_image\" \/>\n<meta name=\"twitter:label1\" content=\"Est. reading time\" \/>\n\t<meta name=\"twitter:data1\" content=\"3 minutes\" \/>\n<script type=\"application\/ld+json\" class=\"yoast-schema-graph\">{\"@context\":\"https:\/\/schema.org\",\"@graph\":[{\"@type\":\"WebPage\",\"@id\":\"https:\/\/mcd.se\/en\/tank-level-monitoring\/fuels-lubricants-and-spills\/\",\"url\":\"https:\/\/mcd.se\/en\/tank-level-monitoring\/fuels-lubricants-and-spills\/\",\"name\":\"Fuels \/ Lubricants \/ Gas - Smart level monitoring system - MCD\",\"isPartOf\":{\"@id\":\"https:\/\/mcd.se\/#website\"},\"datePublished\":\"2021-12-14T17:56:42+00:00\",\"dateModified\":\"2025-04-03T09:13:49+00:00\",\"description\":\"With a proper level monitoring, you gain full control over your facilities, whether you work with oils, fuels, or lubricants.\",\"breadcrumb\":{\"@id\":\"https:\/\/mcd.se\/en\/tank-level-monitoring\/fuels-lubricants-and-spills\/#breadcrumb\"},\"inLanguage\":\"en-US\",\"potentialAction\":[{\"@type\":\"ReadAction\",\"target\":[\"https:\/\/mcd.se\/en\/tank-level-monitoring\/fuels-lubricants-and-spills\/\"]}]},{\"@type\":\"BreadcrumbList\",\"@id\":\"https:\/\/mcd.se\/en\/tank-level-monitoring\/fuels-lubricants-and-spills\/#breadcrumb\",\"itemListElement\":[{\"@type\":\"ListItem\",\"position\":1,\"name\":\"Hem\",\"item\":\"https:\/\/mcd.se\/en\/\"},{\"@type\":\"ListItem\",\"position\":2,\"name\":\"Segments\",\"item\":\"https:\/\/mcd.se\/en\/tank-level-monitoring\/\"},{\"@type\":\"ListItem\",\"position\":3,\"name\":\"Fuels \/ Lubricants \/ Gas\"}]},{\"@type\":\"WebSite\",\"@id\":\"https:\/\/mcd.se\/#website\",\"url\":\"https:\/\/mcd.se\/\",\"name\":\"MCD\",\"description\":\"Fully Integrated Tank Level Measurement\",\"publisher\":{\"@id\":\"https:\/\/mcd.se\/#organization\"},\"potentialAction\":[{\"@type\":\"SearchAction\",\"target\":{\"@type\":\"EntryPoint\",\"urlTemplate\":\"https:\/\/mcd.se\/?s={search_term_string}\"},\"query-input\":{\"@type\":\"PropertyValueSpecification\",\"valueRequired\":true,\"valueName\":\"search_term_string\"}}],\"inLanguage\":\"en-US\"},{\"@type\":\"Organization\",\"@id\":\"https:\/\/mcd.se\/#organization\",\"name\":\"Measure Connect Display AB\",\"url\":\"https:\/\/mcd.se\/\",\"logo\":{\"@type\":\"ImageObject\",\"inLanguage\":\"en-US\",\"@id\":\"https:\/\/mcd.se\/#\/schema\/logo\/image\/\",\"url\":\"https:\/\/mcd.se\/wp-content\/uploads\/2021\/05\/logo-dark.png\",\"contentUrl\":\"https:\/\/mcd.se\/wp-content\/uploads\/2021\/05\/logo-dark.png\",\"width\":137,\"height\":48,\"caption\":\"Measure Connect Display AB\"},\"image\":{\"@id\":\"https:\/\/mcd.se\/#\/schema\/logo\/image\/\"}}]}<\/script>\n<!-- \/ Yoast SEO plugin. -->","yoast_head_json":{"title":"Fuels \/ Lubricants \/ Gas - Smart level monitoring system - MCD","description":"With a proper level monitoring, you gain full control over your facilities, whether you work with oils, fuels, or lubricants.","robots":{"index":"index","follow":"follow","max-snippet":"max-snippet:-1","max-image-preview":"max-image-preview:large","max-video-preview":"max-video-preview:-1"},"canonical":"https:\/\/mcd.se\/en\/tank-level-monitoring\/fuels-lubricants-and-spills\/","og_locale":"en_US","og_type":"article","og_title":"Fuels \/ Lubricants \/ Gas - Smart level monitoring system - MCD","og_description":"With a proper level monitoring, you gain full control over your facilities, whether you work with oils, fuels, or lubricants.","og_url":"https:\/\/mcd.se\/en\/tank-level-monitoring\/fuels-lubricants-and-spills\/","og_site_name":"MCD","article_modified_time":"2025-04-03T09:13:49+00:00","twitter_card":"summary_large_image","twitter_misc":{"Est. reading time":"3 minutes"},"schema":{"@context":"https:\/\/schema.org","@graph":[{"@type":"WebPage","@id":"https:\/\/mcd.se\/en\/tank-level-monitoring\/fuels-lubricants-and-spills\/","url":"https:\/\/mcd.se\/en\/tank-level-monitoring\/fuels-lubricants-and-spills\/","name":"Fuels \/ Lubricants \/ Gas - Smart level monitoring system - MCD","isPartOf":{"@id":"https:\/\/mcd.se\/#website"},"datePublished":"2021-12-14T17:56:42+00:00","dateModified":"2025-04-03T09:13:49+00:00","description":"With a proper level monitoring, you gain full control over your facilities, whether you work with oils, fuels, or lubricants.","breadcrumb":{"@id":"https:\/\/mcd.se\/en\/tank-level-monitoring\/fuels-lubricants-and-spills\/#breadcrumb"},"inLanguage":"en-US","potentialAction":[{"@type":"ReadAction","target":["https:\/\/mcd.se\/en\/tank-level-monitoring\/fuels-lubricants-and-spills\/"]}]},{"@type":"BreadcrumbList","@id":"https:\/\/mcd.se\/en\/tank-level-monitoring\/fuels-lubricants-and-spills\/#breadcrumb","itemListElement":[{"@type":"ListItem","position":1,"name":"Hem","item":"https:\/\/mcd.se\/en\/"},{"@type":"ListItem","position":2,"name":"Segments","item":"https:\/\/mcd.se\/en\/tank-level-monitoring\/"},{"@type":"ListItem","position":3,"name":"Fuels \/ Lubricants \/ Gas"}]},{"@type":"WebSite","@id":"https:\/\/mcd.se\/#website","url":"https:\/\/mcd.se\/","name":"MCD","description":"Fully Integrated Tank Level Measurement","publisher":{"@id":"https:\/\/mcd.se\/#organization"},"potentialAction":[{"@type":"SearchAction","target":{"@type":"EntryPoint","urlTemplate":"https:\/\/mcd.se\/?s={search_term_string}"},"query-input":{"@type":"PropertyValueSpecification","valueRequired":true,"valueName":"search_term_string"}}],"inLanguage":"en-US"},{"@type":"Organization","@id":"https:\/\/mcd.se\/#organization","name":"Measure Connect Display AB","url":"https:\/\/mcd.se\/","logo":{"@type":"ImageObject","inLanguage":"en-US","@id":"https:\/\/mcd.se\/#\/schema\/logo\/image\/","url":"https:\/\/mcd.se\/wp-content\/uploads\/2021\/05\/logo-dark.png","contentUrl":"https:\/\/mcd.se\/wp-content\/uploads\/2021\/05\/logo-dark.png","width":137,"height":48,"caption":"Measure Connect Display AB"},"image":{"@id":"https:\/\/mcd.se\/#\/schema\/logo\/image\/"}}]}},"_links":{"self":[{"href":"https:\/\/mcd.se\/en\/wp-json\/wp\/v2\/pages\/25803","targetHints":{"allow":["GET"]}}],"collection":[{"href":"https:\/\/mcd.se\/en\/wp-json\/wp\/v2\/pages"}],"about":[{"href":"https:\/\/mcd.se\/en\/wp-json\/wp\/v2\/types\/page"}],"author":[{"embeddable":true,"href":"https:\/\/mcd.se\/en\/wp-json\/wp\/v2\/users\/2"}],"replies":[{"embeddable":true,"href":"https:\/\/mcd.se\/en\/wp-json\/wp\/v2\/comments?post=25803"}],"version-history":[{"count":4,"href":"https:\/\/mcd.se\/en\/wp-json\/wp\/v2\/pages\/25803\/revisions"}],"predecessor-version":[{"id":29183,"href":"https:\/\/mcd.se\/en\/wp-json\/wp\/v2\/pages\/25803\/revisions\/29183"}],"up":[{"embeddable":true,"href":"https:\/\/mcd.se\/en\/wp-json\/wp\/v2\/pages\/24753"}],"wp:attachment":[{"href":"https:\/\/mcd.se\/en\/wp-json\/wp\/v2\/media?parent=25803"}],"curies":[{"name":"wp","href":"https:\/\/api.w.org\/{rel}","templated":true}]}}