{"id":24849,"date":"2021-06-01T13:46:43","date_gmt":"2021-06-01T11:46:43","guid":{"rendered":"https:\/\/mcd.se\/reseller\/"},"modified":"2025-10-10T09:59:04","modified_gmt":"2025-10-10T07:59:04","slug":"reseller","status":"publish","type":"page","link":"https:\/\/mcd.se\/en\/reseller\/","title":{"rendered":"Reseller"},"content":{"rendered":"<p>[et_pb_section fb_built=&#8221;1&#8243; module_class=&#8221;hero&#8221; _builder_version=&#8221;4.16&#8243; _module_preset=&#8221;default&#8221; background_enable_color=&#8221;off&#8221; background_image=&#8221;https:\/\/mcd.se\/wp-content\/uploads\/2021\/05\/mcd.se305preem-truck-slang-fyll-2500&#215;1200-1.jpg&#8221; min_height=&#8221;500px&#8221; min_height_tablet=&#8221;500px&#8221; min_height_phone=&#8221;300px&#8221; min_height_last_edited=&#8221;on|phone&#8221; custom_css_main_element=&#8221;display: flex;||flex-direction: column;||justify-content: center;&#8221; global_colors_info=&#8221;{}&#8221;][et_pb_row _builder_version=&#8221;4.16&#8243; _module_preset=&#8221;default&#8221; global_colors_info=&#8221;{}&#8221;][et_pb_column type=&#8221;4_4&#8243; _builder_version=&#8221;4.16&#8243; _module_preset=&#8221;default&#8221; global_colors_info=&#8221;{}&#8221;][et_pb_text _builder_version=&#8221;4.16&#8243; _module_preset=&#8221;default&#8221; text_font=&#8221;||||||||&#8221; text_text_color=&#8221;#FFFFFF&#8221; text_font_size=&#8221;14px&#8221; text_letter_spacing=&#8221;1px&#8221; text_line_height=&#8221;2.4em&#8221; header_text_color=&#8221;#FFFFFF&#8221; header_line_height=&#8221;1.4em&#8221; header_2_text_align=&#8221;center&#8221; header_2_text_color=&#8221;#FFFFFF&#8221; text_orientation=&#8221;center&#8221; custom_padding=&#8221;||36px||false|false&#8221; global_colors_info=&#8221;{}&#8221;]<\/p>\n<h1>Partners<\/h1>\n<p>[\/et_pb_text][\/et_pb_column][\/et_pb_row][\/et_pb_section][et_pb_section fb_built=&#8221;1&#8243; _builder_version=&#8221;4.16&#8243; _module_preset=&#8221;default&#8221; background_color=&#8221;#FAFAFA&#8221; global_colors_info=&#8221;{}&#8221;][et_pb_row _builder_version=&#8221;4.16&#8243; _module_preset=&#8221;default&#8221; global_colors_info=&#8221;{}&#8221;][et_pb_column type=&#8221;4_4&#8243; _builder_version=&#8221;4.16&#8243; _module_preset=&#8221;default&#8221; global_colors_info=&#8221;{}&#8221;][et_pb_text _builder_version=&#8221;4.16&#8243; _module_preset=&#8221;default&#8221; global_colors_info=&#8221;{}&#8221;]<\/p>\n<h2 style=\"text-align: center;\">MCD\u00a0in the world<\/h2>\n<p><\/p>\n<p style=\"text-align: center;\">In recent years MCD has expanded. To succeed, we have acquired a network of trusted partners around the world.<\/p>\n<p><\/p>\n<p style=\"text-align: center;\">Would you like to become an MCD partner?\u00a0<a href=\"https:\/\/mcd.se\/en\/contact\/\">Contact us<\/a>\u00a0for more information<\/p>\n<p>[\/et_pb_text][\/et_pb_column][\/et_pb_row][\/et_pb_section][et_pb_section fb_built=&#8221;1&#8243; _builder_version=&#8221;4.16&#8243; _module_preset=&#8221;default&#8221; custom_padding=&#8221;0px||0px|||&#8221; global_colors_info=&#8221;{}&#8221;][et_pb_row _builder_version=&#8221;4.16&#8243; _module_preset=&#8221;default&#8221; width=&#8221;100%&#8221; max_width=&#8221;100%&#8221; custom_padding=&#8221;0px||0px||false|false&#8221; global_colors_info=&#8221;{}&#8221;][et_pb_column type=&#8221;4_4&#8243; _builder_version=&#8221;4.16&#8243; _module_preset=&#8221;default&#8221; global_colors_info=&#8221;{}&#8221;][et_pb_map address=&#8221;Europa&#8221; zoom_level=&#8221;3&#8243; address_lat=&#8221;52.648165105559&#8243; address_lng=&#8221;3.12621245&#8243; mouse_wheel=&#8221;off&#8221; mobile_dragging=&#8221;off&#8221; _builder_version=&#8221;4.16&#8243; _module_preset=&#8221;default&#8221; background_color=&#8221;RGBA(0,0,0,0)&#8221; height=&#8221;600px&#8221; link_option_url_new_window=&#8221;on&#8221; global_colors_info=&#8221;{}&#8221;][et_pb_map_pin title=&#8221;Estonia&#8221; pin_address=&#8221;Kalda 9, 11625 Tallinn, Estland&#8221; pin_address_lat=&#8221;59.3841155&#8243; pin_address_lng=&#8221;24.6363982&#8243; _builder_version=&#8221;4.9.4&#8243; _module_preset=&#8221;default&#8221; global_colors_info=&#8221;{}&#8221;]<\/p>\n<h4>Benefit AS<\/h4>\n<p><\/p>\n<p>Kalda 9<br \/>11625 Tallin<\/p>\n<p><\/p>\n<p>Indrek Toomeoks<br \/><a href=\"tel:+37253079811\">+372 530 798 11<\/a><\/p>\n<p><\/p>\n<p><a href=\"mailto:indrek.toomeoks@benefit.ee\">indrek.toomeoks@benefit.ee<\/a><br \/><a href=\"http:\/\/www.benefit.ee\/\" target=\"_blank\" rel=\"noopener\">www.benefit.ee<\/a><\/p>\n<p>[\/et_pb_map_pin][et_pb_map_pin title=&#8221;Italy&#8221; pin_address=&#8221;Via Valle D&#8217;aosta, 169, 23018 Talamona SO, Italien&#8221; pin_address_lat=&#8221;46.1345716&#8243; pin_address_lng=&#8221;9.6001729&#8243; _builder_version=&#8221;4.9.4&#8243; _module_preset=&#8221;default&#8221; global_colors_info=&#8221;{}&#8221;]<\/p>\n<h4>ASSYTECH S.r.l.<\/h4>\n<p><\/p>\n<p>Via Val D-Aosta 169 <br \/>23018 Talamona<\/p>\n<p><\/p>\n<p>Edoardo Motti <br \/><a href=\"tel:+39342610912\">+39 342 610 912<\/a><\/p>\n<p><\/p>\n<p><a href=\"mailto:edoardo.motti@assytech.it\">edoardo.motti@assytech.it<\/a> <br \/><a href=\"http:\/\/www.assytech.it\/\" target=\"_blank\" rel=\"noopener\">www.assytech.it<\/a><\/p>\n<p>[\/et_pb_map_pin][et_pb_map_pin title=&#8221;Luxembourg&#8221; pin_address=&#8221;20 Z.I. ESELBORN-LENTZWEILER OP DER SANG, 9779 Clerf, Luxemburg&#8221; pin_address_lat=&#8221;50.0652159&#8243; pin_address_lng=&#8221;5.9853618&#8243; _builder_version=&#8221;4.9.4&#8243; _module_preset=&#8221;default&#8221; global_colors_info=&#8221;{}&#8221;]<\/p>\n<h4>Secu-Tech S.a.r.l.<\/h4>\n<p><\/p>\n<p>20, Op der Sang L-9779 Eselborn Erwin Lauwereys <a href=\"tel:+32477991638\">+32 477 991 638<\/a> <a href=\"mailto:el@secu-tech.lu\">el@secu-tech.lu<\/a><\/p>\n<p>[\/et_pb_map_pin][et_pb_map_pin title=&#8221;Netherlands&#8221; pin_address=&#8221;De Bleek 40, 7468 DL Enter, Nederl\u00e4nderna&#8221; pin_address_lat=&#8221;52.2908398&#8243; pin_address_lng=&#8221;6.5563121&#8243; _builder_version=&#8221;4.9.4&#8243; _module_preset=&#8221;default&#8221; global_colors_info=&#8221;{}&#8221;]<\/p>\n<h4>TSE<\/h4>\n<p><\/p>\n<p>De Bleek 40 <br \/>7468 DL Enter<\/p>\n<p><\/p>\n<p>Martijn Noordink <br \/><a href=\"tel:+31355256976\">+31 355 256 976<\/a><\/p>\n<p><\/p>\n<p><a href=\"mailto:Martijn.noordink@tseonline.nl\">Martijn.noordink@tseonline.nl<\/a> <br \/><a href=\"http:\/\/www.tseonline.nl\/\" target=\"_blank\" rel=\"noopener\">www.tseonline.nl<\/a><\/p>\n<p>[\/et_pb_map_pin][et_pb_map_pin title=&#8221;Norway&#8221; pin_address=&#8221;Haukelivegen 495, 5576 \u00d8vre Vats, Norge&#8221; pin_address_lat=&#8221;59.5296764&#8243; pin_address_lng=&#8221;5.6867051&#8243; _builder_version=&#8221;4.9.4&#8243; _module_preset=&#8221;default&#8221; global_colors_info=&#8221;{}&#8221;]<\/p>\n<h4>Knapphus Energi AS<\/h4>\n<p><\/p>\n<p>Haukelivegen 495 5576 \u00d8vre Vats Morten Markussen <a href=\"Tel:+4747071926\">+47 470 71 926<\/a> <a href=\"mailto:morten@knapphus.no\">morten@knapphus.no<\/a> <a href=\"http:\/\/www.knapphus.no\/\" target=\"_blank\" rel=\"noopener\">www.knapphus.no<\/a><\/p>\n<p>[\/et_pb_map_pin][et_pb_map_pin title=&#8221;Norway&#8221; pin_address=&#8221;Rosenholmveien 12, 1252 Oslo, Norge&#8221; pin_address_lat=&#8221;59.8271895&#8243; pin_address_lng=&#8221;10.7969406&#8243; _builder_version=&#8221;4.9.4&#8243; _module_preset=&#8221;default&#8221; global_colors_info=&#8221;{}&#8221;]<\/p>\n<h4>Preqas AS<\/h4>\n<p><\/p>\n<p>Rosenholmveien 12 1252 Oslo Rune Gyl\u00f8ien <a href=\"&quot;tel:+4763877799\">+47 63 87 77 99<\/a> <a href=\"mailto:preqas@preqas.no\">preqas@preqas.no<\/a> <a href=\"http:\/\/www.preqas.no\/\" target=\"_blank\" rel=\"noopener\">www.preqas.no<\/a><\/p>\n<p>[\/et_pb_map_pin][et_pb_map_pin title=&#8221;Sweden&#8221; pin_address=&#8221;F\u00f6retagsv\u00e4gen 12, 911 35 V\u00e4nn\u00e4sby, Sverige&#8221; pin_address_lat=&#8221;63.9192593&#8243; pin_address_lng=&#8221;19.831968&#8243; _builder_version=&#8221;4.9.4&#8243; _module_preset=&#8221;default&#8221; global_colors_info=&#8221;{}&#8221;]<\/p>\n<h4>Germ AB<\/h4>\n<p><\/p>\n<p>F\u00f6retagsv\u00e4gen 12 911 35 V\u00e4nn\u00e4sby Anders Jansson <a href=\"tel:+4693534655\">0935-346 55<\/a> <a href=\"mailto:anders.jansson@germ.se\">anders.jansson@germ.se<\/a> <a href=\"http:\/\/germ.se\/\" target=\"_blank\" rel=\"noopener\">Germ.se<\/a><\/p>\n<p>[\/et_pb_map_pin][et_pb_map_pin title=&#8221;Sweden&#8221; pin_address=&#8221;Fj\u00e4r\u00e5s industriv\u00e4g 17, 439 74 Fj\u00e4r\u00e5s, Sverige&#8221; pin_address_lat=&#8221;57.4330251&#8243; pin_address_lng=&#8221;12.1602098&#8243; _builder_version=&#8221;4.9.4&#8243; _module_preset=&#8221;default&#8221; global_colors_info=&#8221;{}&#8221;]<\/p>\n<h4>MPP Sverige AB<\/h4>\n<p><\/p>\n<p>Fj\u00e4r\u00e5s Industriv\u00e4g 17 439 74 Fj\u00e4r\u00e5s Albert Vilhelmsson <a href=\"&quot;tel:+46300521930\">+ 46 (0)300 &#8211; 521 930<\/a> <a href=\"mailto:albert@mpp.se\">albert@mpp.se<\/a> <a href=\"http:\/\/www.mpp.se\/\" target=\"_blank\" rel=\"noopener\">www.mpp.se<\/a><\/p>\n<p>[\/et_pb_map_pin][et_pb_map_pin title=&#8221;Germany&#8221; pin_address=&#8221;H\u00f6ffgeshofweg 26, 47807 Krefeld, Tyskland&#8221; pin_address_lat=&#8221;51.29932&#8243; pin_address_lng=&#8221;6.5685&#8243; _builder_version=&#8221;4.9.4&#8243; _module_preset=&#8221;default&#8221; global_colors_info=&#8221;{}&#8221;]<\/p>\n<h4>Schnitzler GmbH<\/h4>\n<p><\/p>\n<p>H\u00f6ffgeshofweg 26 D-47807 Krefeld Brigitte Machost <a href=\"tel:+49215182862\">+49 2151 8286 75<\/a> <a href=\"mailto:brigitte.machost@schnitzler.de\">brigitte.machost@schnitzler.de<\/a> <a href=\"http:\/\/www.schnitzler.de\/\" target=\"_blank\" rel=\"noopener\">www.schnitzler.de<\/a><\/p>\n<p>[\/et_pb_map_pin][\/et_pb_map][\/et_pb_column][\/et_pb_row][\/et_pb_section][et_pb_section fb_built=&#8221;1&#8243; _builder_version=&#8221;4.16&#8243; _module_preset=&#8221;default&#8221; background_color=&#8221;#FAFAFA&#8221; custom_padding=&#8221;34px|||||&#8221; global_colors_info=&#8221;{}&#8221;][et_pb_row column_structure=&#8221;1_3,1_3,1_3&#8243; _builder_version=&#8221;4.16&#8243; _module_preset=&#8221;default&#8221; global_colors_info=&#8221;{}&#8221;][et_pb_column type=&#8221;1_3&#8243; _builder_version=&#8221;4.16&#8243; _module_preset=&#8221;default&#8221; global_colors_info=&#8221;{}&#8221;][et_pb_text _builder_version=&#8221;4.27.4&#8243; _module_preset=&#8221;default&#8221; header_3_text_color=&#8221;#303030&#8243; header_3_font_size=&#8221;28px&#8221; header_3_line_height=&#8221;1.4em&#8221; header_4_line_height=&#8221;0.3em&#8221; global_colors_info=&#8221;{}&#8221;]<\/p>\n<h3>Estonia<\/h3>\n<h4>Benefit AS<\/h4>\n<p>Kalda 9<br \/>\n11625 Tallin<\/p>\n<p>Indrek Toomeoks<br \/>\n<a href=\"tel:+37253079811\">+372 530 798 11<\/a><br \/>\n<a href=\"mailto:indrek.toomeoks@benefit.ee\">indrek.toomeoks@benefit.ee<\/a><br \/>\n<a href=\"http:\/\/www.benefit.ee\/\" target=\"_blank\" rel=\"noopener\">www.benefit.ee<\/a>[\/et_pb_text][\/et_pb_column][et_pb_column type=&#8221;1_3&#8243; _builder_version=&#8221;4.16&#8243; _module_preset=&#8221;default&#8221; global_colors_info=&#8221;{}&#8221;][et_pb_text _builder_version=&#8221;4.27.4&#8243; _module_preset=&#8221;default&#8221; header_3_text_color=&#8221;#303030&#8243; header_3_font_size=&#8221;28px&#8221; header_3_line_height=&#8221;1.4em&#8221; header_4_line_height=&#8221;0.3em&#8221; hover_enabled=&#8221;0&#8243; global_colors_info=&#8221;{}&#8221; sticky_enabled=&#8221;0&#8243;]<\/p>\n<h3>Great Britain<\/h3>\n<h4>Ajax Solutions<\/h4>\n<p>Farthings, Bromyard<br \/>\nHerefordshire England<\/p>\n<p>Jacque Williams<br \/>\n<a href=\"tel:+44 7564927555\">+44 7564927555<\/a><br \/>\n<a href=\"mailto:sales@ajax-sol.com\">sales@ajax-sol.com<\/a><br \/>\n<a href=\"https:\/\/www.ajax-sol.com\" target=\"_blank\" rel=\"noopener\">www.ajax-sol.com<\/a>[\/et_pb_text][\/et_pb_column][et_pb_column type=&#8221;1_3&#8243; _builder_version=&#8221;4.16&#8243; _module_preset=&#8221;default&#8221; global_colors_info=&#8221;{}&#8221;][et_pb_text _builder_version=&#8221;4.27.4&#8243; _module_preset=&#8221;default&#8221; header_3_text_color=&#8221;#303030&#8243; header_3_font_size=&#8221;28px&#8221; header_3_line_height=&#8221;1.4em&#8221; header_4_line_height=&#8221;0.3em&#8221; hover_enabled=&#8221;0&#8243; global_colors_info=&#8221;{}&#8221; sticky_enabled=&#8221;0&#8243;]<\/p>\n<h3>BeNeLux<\/span><\/h3>\n<h4>Secu-Tech S.a.r.l.<\/h4>\n<p>20, Op der Sang<br \/>\nL-9779 Eselborn<\/p>\n<p>Erwin Lauwereys<br \/>\n<a href=\"tel:+32477991638\">+32 477 991 638<\/a><br \/>\n<a href=\"mailto:el@secu-tech.lu\">el@secu-tech.lu<\/a>[\/et_pb_text][\/et_pb_column][\/et_pb_row][et_pb_row column_structure=&#8221;1_3,1_3,1_3&#8243; _builder_version=&#8221;4.16&#8243; _module_preset=&#8221;default&#8221; custom_padding=&#8221;40px||||false|false&#8221; global_colors_info=&#8221;{}&#8221;][et_pb_column type=&#8221;1_3&#8243; _builder_version=&#8221;4.16&#8243; _module_preset=&#8221;default&#8221; global_colors_info=&#8221;{}&#8221;][et_pb_text _builder_version=&#8221;4.27.4&#8243; _module_preset=&#8221;default&#8221; header_3_text_color=&#8221;#303030&#8243; header_3_font_size=&#8221;28px&#8221; header_3_line_height=&#8221;1.4em&#8221; header_4_line_height=&#8221;0.3em&#8221; global_colors_info=&#8221;{}&#8221;]<\/p>\n<h3>Germany<\/h3>\n<h4>Schnitzler GmbH<\/h4>\n<p>H\u00f6ffgeshofweg 26<br \/>\nD-47807 Krefeld <\/p>\n<p>Brigitte Machost <a href=\"tel:+492151828675\">+49 2151 8286 75<\/a><br \/>\n<a href=\"mailto:brigitte.machost@schnitzler.de\">brigitte.machost@schnitzler.de<\/a><br \/>\n<a href=\"http:\/\/www.schnitzler.de\/\" target=\"_blank\" rel=\"noopener\">www.schnitzler.de<\/a>[\/et_pb_text][\/et_pb_column][et_pb_column type=&#8221;1_3&#8243; _builder_version=&#8221;4.16&#8243; _module_preset=&#8221;default&#8221; global_colors_info=&#8221;{}&#8221;][et_pb_text _builder_version=&#8221;4.22.2&#8243; _module_preset=&#8221;default&#8221; header_3_text_color=&#8221;#303030&#8243; header_3_font_size=&#8221;28px&#8221; header_3_line_height=&#8221;1.4em&#8221; header_4_line_height=&#8221;0.3em&#8221; global_colors_info=&#8221;{}&#8221;]<\/p>\n<h3>Norge<\/h3>\n<p><\/p>\n<p>Fuel<\/p>\n<p><\/p>\n<h4>Knapphus Energi AS<\/h4>\n<p><\/p>\n<p>Haukelivegen 495<br \/>5576 \u00d8vre Vats<\/p>\n<p><\/p>\n<p>Morten Markussen<br \/><a href=\"tel:+4747071926\">+47 470 71 926<\/a><br \/><a href=\"mailto:morten@knapphus.no\">morten@knapphus.no<\/a><br \/><a href=\"https:\/\/www.knapphus.no\/\" target=\"_blank\" rel=\"noopener\">www.knapphus.no<\/a><\/p>\n<p>[\/et_pb_text][\/et_pb_column][et_pb_column type=&#8221;1_3&#8243; _builder_version=&#8221;4.16&#8243; _module_preset=&#8221;default&#8221; global_colors_info=&#8221;{}&#8221;][et_pb_text _builder_version=&#8221;4.22.2&#8243; _module_preset=&#8221;default&#8221; header_3_text_color=&#8221;#303030&#8243; header_3_font_size=&#8221;28px&#8221; header_3_line_height=&#8221;1.4em&#8221; header_4_line_height=&#8221;0.3em&#8221; global_colors_info=&#8221;{}&#8221;]<\/p>\n<h3>Norge<\/h3>\n<p><\/p>\n<p id=\"tw-target-text\" class=\"tw-data-text tw-text-large tw-ta\" dir=\"ltr\" data-placeholder=\"\u00d6vers\u00e4ttning\" aria-label=\"\u00d6versatt text\" data-ved=\"2ahUKEwi42Zjuo7WIAxU3JRAIHTTMDkUQ3ewLegQIBxAU\"><span class=\"Y2IQFc\" lang=\"en\">Lubricant<\/span><\/p>\n<p><\/p>\n<h4>Preqas AS<\/h4>\n<p><\/p>\n<p>Rosenholmveien 12<br \/>1252 Oslo<\/p>\n<p><\/p>\n<p>Rune Gyl\u00f8ien<br \/><a href=\"tel:+4763877799\">+47 63 87 77 99<\/a><br \/><a href=\"mailto:preqas@preqas.no\">preqas@preqas.no<\/a><br \/><a href=\"https:\/\/www.preqas.no\/\" target=\"_blank\" rel=\"noopener\">www.preqas.no<\/a><\/p>\n<p>[\/et_pb_text][\/et_pb_column][\/et_pb_row][et_pb_row column_structure=&#8221;1_3,1_3,1_3&#8243; _builder_version=&#8221;4.16&#8243; _module_preset=&#8221;default&#8221; custom_padding=&#8221;40px||||false|false&#8221; global_colors_info=&#8221;{}&#8221;][et_pb_column type=&#8221;1_3&#8243; _builder_version=&#8221;4.16&#8243; _module_preset=&#8221;default&#8221; global_colors_info=&#8221;{}&#8221;][et_pb_text _builder_version=&#8221;4.27.4&#8243; _module_preset=&#8221;default&#8221; header_3_text_color=&#8221;#303030&#8243; header_3_font_size=&#8221;28px&#8221; header_3_line_height=&#8221;1.4em&#8221; header_4_line_height=&#8221;0.3em&#8221; global_colors_info=&#8221;{}&#8221;]<\/p>\n<h3>Sweden<\/h3>\n<h4>Germ AB<\/h4>\n<p>F\u00f6retagsv\u00e4gen 12<br \/>\n911 35 V\u00e4nn\u00e4sby <\/p>\n<p>Anders Jansson<br \/>\n<a href=\"tel:+4693534655\">0935-346 55<\/a><br \/>\n<a href=\"mailto:anders.jansson@germ.se\">anders.jansson@germ.se<\/a><br \/>\n<a href=\"http:\/\/germ.se\/\" target=\"_blank\" rel=\"noopener\">Germ.se<\/a>[\/et_pb_text][\/et_pb_column][et_pb_column type=&#8221;1_3&#8243; _builder_version=&#8221;4.16&#8243; _module_preset=&#8221;default&#8221; global_colors_info=&#8221;{}&#8221;][et_pb_text _builder_version=&#8221;4.27.4&#8243; _module_preset=&#8221;default&#8221; header_3_text_color=&#8221;#303030&#8243; header_3_font_size=&#8221;28px&#8221; header_3_line_height=&#8221;1.4em&#8221; header_4_line_height=&#8221;0.3em&#8221; global_colors_info=&#8221;{}&#8221;]<\/p>\n<h3>Sweden<\/h3>\n<h4>MPP Sverige AB<\/h4>\n<p>Fj\u00e4r\u00e5s Industriv\u00e4g 17<br \/>\n439 74 Fj\u00e4r\u00e5s <\/p>\n<p>Albert Vilhelmsson<br \/>\n<a href=\"tel:+46300521930\">+ 46 (0)300 &#8211; 521 930<\/a> <a href=\"mailto:albert@mpp.se\">albert@mpp.se<\/a> <a href=\"http:\/\/www.mpp.se\/\" target=\"_blank\" rel=\"noopener\">www.mpp.se<\/a>[\/et_pb_text][\/et_pb_column][et_pb_column type=&#8221;1_3&#8243; _builder_version=&#8221;4.16&#8243; _module_preset=&#8221;default&#8221; global_colors_info=&#8221;{}&#8221;][et_pb_text _builder_version=&#8221;4.27.4&#8243; _module_preset=&#8221;default&#8221; header_3_text_color=&#8221;#303030&#8243; header_3_font_size=&#8221;28px&#8221; header_3_line_height=&#8221;1.4em&#8221; header_4_line_height=&#8221;0.3em&#8221; global_colors_info=&#8221;{}&#8221;]<\/p>\n<h3>Finland\u00a0<\/h3>\n<p><\/p>\n<h4>Arpre Oy<\/h4>\n<p><\/p>\n<p>Teollisuustie 4<br \/>01800 Klaukkala<\/p>\n<p><\/p>\n<p>Risto Orava<br \/><a href=\"tel:+358 10 271 3003\">+358 10 271 3003<\/a><br \/><a href=\"mailto:risto.orava@arpre.fi\">risto.orava@arpre.fi<\/a><br \/><a href=\"https:\/\/www.arpre.fi\/\" target=\"_blank\" rel=\"noopener\">www.arpre.fi<\/a><\/p>\n<p>[\/et_pb_text][\/et_pb_column][\/et_pb_row][et_pb_row column_structure=&#8221;1_3,1_3,1_3&#8243; _builder_version=&#8221;4.16&#8243; _module_preset=&#8221;default&#8221; custom_padding=&#8221;40px||||false|false&#8221; global_colors_info=&#8221;{}&#8221;][et_pb_column type=&#8221;1_3&#8243; _builder_version=&#8221;4.16&#8243; _module_preset=&#8221;default&#8221; global_colors_info=&#8221;{}&#8221;][et_pb_text _builder_version=&#8221;4.27.4&#8243; _module_preset=&#8221;default&#8221; header_3_text_color=&#8221;#303030&#8243; header_3_font_size=&#8221;28px&#8221; header_3_line_height=&#8221;1.4em&#8221; header_4_line_height=&#8221;0.3em&#8221; global_colors_info=&#8221;{}&#8221;]<\/p>\n<h3>Denmark<\/h3>\n<p><\/p>\n<h4>FlowConcept<\/h4>\n<p>Kometvej 11 <br \/>8700 Horsens <br \/><a href=\"https:\/\/flowconcept.dk\/\" target=\"_blank\" rel=\"noopener\">https:\/\/flowconcept.dk<\/a> <\/p>\n<p>J\u00f8rgen Holst Pedersen <br \/><a href=\"tel:+4522465310\">+45 22 46 53 10<\/a> <br \/><a href=\"mailto:jhp@flowconcept.dk\">jhp@flowconcept.dk<\/a> <\/p>\n<p>Steffen Puggaard <br \/><a href=\"tel:+45 25 44 43 19\">+45 25 44 43 19<\/a> <br \/><a href=\"mailto:scp@flowconcept.dk\">scp@flowconcept.dk<\/a>[\/et_pb_text][\/et_pb_column][et_pb_column type=&#8221;1_3&#8243; _builder_version=&#8221;4.16&#8243; _module_preset=&#8221;default&#8221; global_colors_info=&#8221;{}&#8221;][\/et_pb_column][et_pb_column type=&#8221;1_3&#8243; _builder_version=&#8221;4.16&#8243; _module_preset=&#8221;default&#8221; global_colors_info=&#8221;{}&#8221;][\/et_pb_column][\/et_pb_row][\/et_pb_section]<\/p>\n","protected":false},"excerpt":{"rendered":"<p>PartnersMCD\u00a0in the worldIn recent years MCD has expanded. To succeed, we have acquired a network of trusted partners around the world.Would you like to become an MCD partner?\u00a0Contact us\u00a0for more informationBenefit ASKalda 911625 TallinIndrek Toomeoks+372 530 798 11indrek.toomeoks@benefit.eewww.benefit.eeASSYTECH S.r.l.Via Val D-Aosta 169 23018 TalamonaEdoardo Motti +39 342 610 912edoardo.motti@assytech.it www.assytech.itSecu-Tech S.a.r.l.20, Op der Sang L-9779 [&hellip;]<\/p>\n","protected":false},"author":1,"featured_media":0,"parent":0,"menu_order":26,"comment_status":"closed","ping_status":"closed","template":"","meta":{"_et_pb_use_builder":"on","_et_pb_old_content":"","_et_gb_content_width":"","footnotes":""},"class_list":["post-24849","page","type-page","status-publish","hentry"],"yoast_head":"<!-- This site is optimized with the Yoast SEO plugin v25.8 - https:\/\/yoast.com\/wordpress\/plugins\/seo\/ -->\n<title>Reseller - MCD<\/title>\n<meta name=\"description\" content=\"We have resellers and partners around the world. Would you like to become an MCD partner? Contact us for more information.\" \/>\n<meta name=\"robots\" content=\"index, follow, max-snippet:-1, max-image-preview:large, max-video-preview:-1\" \/>\n<link rel=\"canonical\" href=\"https:\/\/mcd.se\/en\/reseller\/\" \/>\n<meta property=\"og:locale\" content=\"en_US\" \/>\n<meta property=\"og:type\" content=\"article\" \/>\n<meta property=\"og:title\" content=\"Reseller - MCD\" \/>\n<meta property=\"og:description\" content=\"We have resellers and partners around the world. Would you like to become an MCD partner? Contact us for more information.\" \/>\n<meta property=\"og:url\" content=\"https:\/\/mcd.se\/en\/reseller\/\" \/>\n<meta property=\"og:site_name\" content=\"MCD\" \/>\n<meta property=\"article:modified_time\" content=\"2025-10-10T07:59:04+00:00\" \/>\n<meta name=\"twitter:card\" content=\"summary_large_image\" \/>\n<meta name=\"twitter:label1\" content=\"Est. reading time\" \/>\n\t<meta name=\"twitter:data1\" content=\"7 minutes\" \/>\n<script type=\"application\/ld+json\" class=\"yoast-schema-graph\">{\"@context\":\"https:\/\/schema.org\",\"@graph\":[{\"@type\":\"WebPage\",\"@id\":\"https:\/\/mcd.se\/en\/reseller\/\",\"url\":\"https:\/\/mcd.se\/en\/reseller\/\",\"name\":\"Reseller - MCD\",\"isPartOf\":{\"@id\":\"https:\/\/mcd.se\/#website\"},\"datePublished\":\"2021-06-01T11:46:43+00:00\",\"dateModified\":\"2025-10-10T07:59:04+00:00\",\"description\":\"We have resellers and partners around the world. Would you like to become an MCD partner? Contact us for more information.\",\"breadcrumb\":{\"@id\":\"https:\/\/mcd.se\/en\/reseller\/#breadcrumb\"},\"inLanguage\":\"en-US\",\"potentialAction\":[{\"@type\":\"ReadAction\",\"target\":[\"https:\/\/mcd.se\/en\/reseller\/\"]}]},{\"@type\":\"BreadcrumbList\",\"@id\":\"https:\/\/mcd.se\/en\/reseller\/#breadcrumb\",\"itemListElement\":[{\"@type\":\"ListItem\",\"position\":1,\"name\":\"Hem\",\"item\":\"https:\/\/mcd.se\/en\/\"},{\"@type\":\"ListItem\",\"position\":2,\"name\":\"Reseller\"}]},{\"@type\":\"WebSite\",\"@id\":\"https:\/\/mcd.se\/#website\",\"url\":\"https:\/\/mcd.se\/\",\"name\":\"MCD\",\"description\":\"Fully Integrated Tank Level Measurement\",\"publisher\":{\"@id\":\"https:\/\/mcd.se\/#organization\"},\"potentialAction\":[{\"@type\":\"SearchAction\",\"target\":{\"@type\":\"EntryPoint\",\"urlTemplate\":\"https:\/\/mcd.se\/?s={search_term_string}\"},\"query-input\":{\"@type\":\"PropertyValueSpecification\",\"valueRequired\":true,\"valueName\":\"search_term_string\"}}],\"inLanguage\":\"en-US\"},{\"@type\":\"Organization\",\"@id\":\"https:\/\/mcd.se\/#organization\",\"name\":\"Measure Connect Display AB\",\"url\":\"https:\/\/mcd.se\/\",\"logo\":{\"@type\":\"ImageObject\",\"inLanguage\":\"en-US\",\"@id\":\"https:\/\/mcd.se\/#\/schema\/logo\/image\/\",\"url\":\"https:\/\/mcd.se\/wp-content\/uploads\/2021\/05\/logo-dark.png\",\"contentUrl\":\"https:\/\/mcd.se\/wp-content\/uploads\/2021\/05\/logo-dark.png\",\"width\":137,\"height\":48,\"caption\":\"Measure Connect Display AB\"},\"image\":{\"@id\":\"https:\/\/mcd.se\/#\/schema\/logo\/image\/\"}}]}<\/script>\n<!-- \/ Yoast SEO plugin. -->","yoast_head_json":{"title":"Reseller - MCD","description":"We have resellers and partners around the world. Would you like to become an MCD partner? Contact us for more information.","robots":{"index":"index","follow":"follow","max-snippet":"max-snippet:-1","max-image-preview":"max-image-preview:large","max-video-preview":"max-video-preview:-1"},"canonical":"https:\/\/mcd.se\/en\/reseller\/","og_locale":"en_US","og_type":"article","og_title":"Reseller - MCD","og_description":"We have resellers and partners around the world. Would you like to become an MCD partner? Contact us for more information.","og_url":"https:\/\/mcd.se\/en\/reseller\/","og_site_name":"MCD","article_modified_time":"2025-10-10T07:59:04+00:00","twitter_card":"summary_large_image","twitter_misc":{"Est. reading time":"7 minutes"},"schema":{"@context":"https:\/\/schema.org","@graph":[{"@type":"WebPage","@id":"https:\/\/mcd.se\/en\/reseller\/","url":"https:\/\/mcd.se\/en\/reseller\/","name":"Reseller - MCD","isPartOf":{"@id":"https:\/\/mcd.se\/#website"},"datePublished":"2021-06-01T11:46:43+00:00","dateModified":"2025-10-10T07:59:04+00:00","description":"We have resellers and partners around the world. Would you like to become an MCD partner? Contact us for more information.","breadcrumb":{"@id":"https:\/\/mcd.se\/en\/reseller\/#breadcrumb"},"inLanguage":"en-US","potentialAction":[{"@type":"ReadAction","target":["https:\/\/mcd.se\/en\/reseller\/"]}]},{"@type":"BreadcrumbList","@id":"https:\/\/mcd.se\/en\/reseller\/#breadcrumb","itemListElement":[{"@type":"ListItem","position":1,"name":"Hem","item":"https:\/\/mcd.se\/en\/"},{"@type":"ListItem","position":2,"name":"Reseller"}]},{"@type":"WebSite","@id":"https:\/\/mcd.se\/#website","url":"https:\/\/mcd.se\/","name":"MCD","description":"Fully Integrated Tank Level Measurement","publisher":{"@id":"https:\/\/mcd.se\/#organization"},"potentialAction":[{"@type":"SearchAction","target":{"@type":"EntryPoint","urlTemplate":"https:\/\/mcd.se\/?s={search_term_string}"},"query-input":{"@type":"PropertyValueSpecification","valueRequired":true,"valueName":"search_term_string"}}],"inLanguage":"en-US"},{"@type":"Organization","@id":"https:\/\/mcd.se\/#organization","name":"Measure Connect Display AB","url":"https:\/\/mcd.se\/","logo":{"@type":"ImageObject","inLanguage":"en-US","@id":"https:\/\/mcd.se\/#\/schema\/logo\/image\/","url":"https:\/\/mcd.se\/wp-content\/uploads\/2021\/05\/logo-dark.png","contentUrl":"https:\/\/mcd.se\/wp-content\/uploads\/2021\/05\/logo-dark.png","width":137,"height":48,"caption":"Measure Connect Display AB"},"image":{"@id":"https:\/\/mcd.se\/#\/schema\/logo\/image\/"}}]}},"_links":{"self":[{"href":"https:\/\/mcd.se\/en\/wp-json\/wp\/v2\/pages\/24849","targetHints":{"allow":["GET"]}}],"collection":[{"href":"https:\/\/mcd.se\/en\/wp-json\/wp\/v2\/pages"}],"about":[{"href":"https:\/\/mcd.se\/en\/wp-json\/wp\/v2\/types\/page"}],"author":[{"embeddable":true,"href":"https:\/\/mcd.se\/en\/wp-json\/wp\/v2\/users\/1"}],"replies":[{"embeddable":true,"href":"https:\/\/mcd.se\/en\/wp-json\/wp\/v2\/comments?post=24849"}],"version-history":[{"count":37,"href":"https:\/\/mcd.se\/en\/wp-json\/wp\/v2\/pages\/24849\/revisions"}],"predecessor-version":[{"id":29414,"href":"https:\/\/mcd.se\/en\/wp-json\/wp\/v2\/pages\/24849\/revisions\/29414"}],"wp:attachment":[{"href":"https:\/\/mcd.se\/en\/wp-json\/wp\/v2\/media?parent=24849"}],"curies":[{"name":"wp","href":"https:\/\/api.w.org\/{rel}","templated":true}]}}