{"id":24799,"date":"2021-06-01T12:51:57","date_gmt":"2021-06-01T10:51:57","guid":{"rendered":"https:\/\/mcd.se\/products\/"},"modified":"2025-09-18T11:46:28","modified_gmt":"2025-09-18T09:46:28","slug":"products","status":"publish","type":"page","link":"https:\/\/mcd.se\/en\/products\/","title":{"rendered":"Products"},"content":{"rendered":"<p>[et_pb_section fb_built=&#8221;1&#8243; module_class=&#8221;hero&#8221; _builder_version=&#8221;4.16&#8243; _module_preset=&#8221;default&#8221; background_enable_color=&#8221;off&#8221; background_image=&#8221;https:\/\/mcd.se\/wp-content\/uploads\/2021\/05\/mcd.se484produkter-agenter-1-2500&#215;1200-1.jpg&#8221; min_height=&#8221;550px&#8221; min_height_tablet=&#8221;500px&#8221; min_height_phone=&#8221;300px&#8221; min_height_last_edited=&#8221;on|phone&#8221; custom_css_main_element=&#8221;display: flex;||flex-direction: column;||justify-content: center;&#8221; global_colors_info=&#8221;{}&#8221;][et_pb_row _builder_version=&#8221;4.16&#8243; _module_preset=&#8221;default&#8221; global_colors_info=&#8221;{}&#8221;][et_pb_column type=&#8221;4_4&#8243; _builder_version=&#8221;4.16&#8243; _module_preset=&#8221;default&#8221; global_colors_info=&#8221;{}&#8221;][et_pb_text _builder_version=&#8221;4.16&#8243; _module_preset=&#8221;default&#8221; text_font=&#8221;||||||||&#8221; text_text_color=&#8221;#FFFFFF&#8221; text_font_size=&#8221;14px&#8221; text_letter_spacing=&#8221;1px&#8221; text_line_height=&#8221;2.4em&#8221; header_text_color=&#8221;#FFFFFF&#8221; header_line_height=&#8221;1.4em&#8221; header_2_text_align=&#8221;center&#8221; header_2_text_color=&#8221;#FFFFFF&#8221; text_orientation=&#8221;center&#8221; custom_padding=&#8221;||36px||false|false&#8221; global_colors_info=&#8221;{}&#8221;]<\/p>\n<h2>Our Products<\/h2>\n<p>[\/et_pb_text][\/et_pb_column][\/et_pb_row][\/et_pb_section][et_pb_section fb_built=&#8221;1&#8243; _builder_version=&#8221;4.16&#8243; _module_preset=&#8221;default&#8221; custom_padding=&#8221;70px|||||&#8221; global_colors_info=&#8221;{}&#8221;][et_pb_row _builder_version=&#8221;4.16&#8243; _module_preset=&#8221;default&#8221; global_colors_info=&#8221;{}&#8221;][et_pb_column type=&#8221;4_4&#8243; _builder_version=&#8221;4.16&#8243; _module_preset=&#8221;default&#8221; global_colors_info=&#8221;{}&#8221;][et_pb_text _builder_version=&#8221;4.16&#8243; _module_preset=&#8221;default&#8221; custom_padding=&#8221;||50px|||&#8221; global_colors_info=&#8221;{}&#8221;]<\/p>\n<h2 style=\"text-align: center;\">Our Products<\/h2>\n<p>[\/et_pb_text][\/et_pb_column][\/et_pb_row][et_pb_row column_structure=&#8221;1_4,1_4,1_4,1_4&#8243; _builder_version=&#8221;4.16&#8243; _module_preset=&#8221;default&#8221; global_colors_info=&#8221;{}&#8221;][et_pb_column type=&#8221;1_4&#8243; _builder_version=&#8221;4.16&#8243; _module_preset=&#8221;default&#8221; global_colors_info=&#8221;{}&#8221;][et_pb_image src=&#8221;https:\/\/mcd.se\/wp-content\/uploads\/2022\/03\/sitemonitor_small.png&#8221; title_text=&#8221;Sitemonitor&#8221; _builder_version=&#8221;4.16&#8243; _module_preset=&#8221;default&#8221; global_colors_info=&#8221;{}&#8221;][\/et_pb_image][et_pb_text _builder_version=&#8221;4.18.1&#8243; _module_preset=&#8221;default&#8221; global_colors_info=&#8221;{}&#8221;]<\/p>\n<h3>Sitemonitor<\/h3>\n<p><\/p>\n<p>SiteMonitor is a Swedish-developed communication solution for those with high demands and who need frequent reporting of measurement data.<\/p>\n<p>[\/et_pb_text][et_pb_button button_url=&#8221;@ET-DC@eyJkeW5hbWljIjp0cnVlLCJjb250ZW50IjoicG9zdF9saW5rX3VybF9wYWdlIiwic2V0dGluZ3MiOnsicG9zdF9pZCI6IjE5NSJ9fQ==@&#8221; button_text=&#8221;Reda more&#8221; _builder_version=&#8221;4.16&#8243; _dynamic_attributes=&#8221;button_url&#8221; _module_preset=&#8221;default&#8221; global_colors_info=&#8221;{}&#8221;][\/et_pb_button][\/et_pb_column][et_pb_column type=&#8221;1_4&#8243; _builder_version=&#8221;4.16&#8243; _module_preset=&#8221;default&#8221; global_colors_info=&#8221;{}&#8221;][et_pb_image src=&#8221;https:\/\/mcd.se\/wp-content\/uploads\/2025\/09\/SiteEasy-II-med-MCD-QRkod_no_background-1.png&#8221; alt=&#8221;SiteEasy II&#8221; title_text=&#8221;SiteEasy II med MCD QRkod_no_background&#8221; _builder_version=&#8221;4.27.4&#8243; _module_preset=&#8221;default&#8221; global_colors_info=&#8221;{}&#8221;][\/et_pb_image][et_pb_text _builder_version=&#8221;4.27.4&#8243; _module_preset=&#8221;default&#8221; global_colors_info=&#8221;{}&#8221;]<\/p>\n<h3>SiteEasy II<\/h3>\n<p><\/p>\n<p>SiteEasy II is the next generation smart communication device for all nonEx-classified applications. With SiteEasy II you have full control of your<br \/>systems &#8211; Hour by hour, even in remote locations without access to fixed<br \/>power supply.<\/p>\n<p>[\/et_pb_text][et_pb_button button_url=&#8221;@ET-DC@eyJkeW5hbWljIjp0cnVlLCJjb250ZW50IjoicG9zdF9saW5rX3VybF9wYWdlIiwic2V0dGluZ3MiOnsicG9zdF9pZCI6IjIwMyJ9fQ==@&#8221; button_text=&#8221;Reda more&#8221; _builder_version=&#8221;4.16&#8243; _dynamic_attributes=&#8221;button_url&#8221; _module_preset=&#8221;default&#8221; global_colors_info=&#8221;{}&#8221;][\/et_pb_button][\/et_pb_column][et_pb_column type=&#8221;1_4&#8243; _builder_version=&#8221;4.16&#8243; _module_preset=&#8221;default&#8221; global_colors_info=&#8221;{}&#8221;][et_pb_image src=&#8221;https:\/\/mcd.se\/wp-content\/uploads\/2022\/03\/SieEasyIBC.png&#8221; alt=&#8221;SieEasy IBC&#8221; title_text=&#8221;SieEasy IBC&#8221; _builder_version=&#8221;4.18.1&#8243; _module_preset=&#8221;default&#8221; width=&#8221;82.2%&#8221; min_height=&#8221;167px&#8221; custom_padding=&#8221;||0px|||&#8221; global_colors_info=&#8221;{}&#8221;][\/et_pb_image][et_pb_text _builder_version=&#8221;4.27.4&#8243; _module_preset=&#8221;default&#8221; global_colors_info=&#8221;{}&#8221;]<\/p>\n<h3>SiteEasy Radar<\/h3>\n<p><\/p>\n<p>With SiteEasy Radar, you are in control over all levels in all your IBC-drums. This makes it possible to keep a high service level for your customers and to save both costs and resources.<\/p>\n<p>[\/et_pb_text][et_pb_button button_url=&#8221;https:\/\/mcd.se\/en\/products\/siteeasy\/#siteeasy-ibc&#8221; button_text=&#8221;Reda more&#8221; _builder_version=&#8221;4.18.1&#8243; _module_preset=&#8221;default&#8221; global_colors_info=&#8221;{}&#8221;][\/et_pb_button][\/et_pb_column][et_pb_column type=&#8221;1_4&#8243; _builder_version=&#8221;4.16&#8243; _module_preset=&#8221;default&#8221; global_colors_info=&#8221;{}&#8221;][et_pb_image src=&#8221;https:\/\/mcd.se\/wp-content\/uploads\/2022\/03\/SiteEasyFat.png&#8221; alt=&#8221;SiteEasy Radar&#8221; title_text=&#8221;SiteEasy Radar&#8221; _builder_version=&#8221;4.18.1&#8243; _module_preset=&#8221;default&#8221; custom_margin=&#8221;||45px|||&#8221; global_colors_info=&#8221;{}&#8221;][\/et_pb_image][et_pb_text _builder_version=&#8221;4.22.2&#8243; _module_preset=&#8221;default&#8221; min_height=&#8221;131px&#8221; global_colors_info=&#8221;{}&#8221;]<\/p>\n<h3>SiteEasy Optical<\/h3>\n<p><\/p>\n<p>This is the ultimate solution for level monitoring of all non-ATEX products in steel and plastic drums, e.g. in workshops, car washes, industries etc.<\/p>\n<p>[\/et_pb_text][et_pb_button button_url=&#8221;https:\/\/mcd.se\/en\/products\/siteeasy\/#siteeasy-drum&#8221; button_text=&#8221;Reda more&#8221; _builder_version=&#8221;4.18.1&#8243; _module_preset=&#8221;default&#8221; global_colors_info=&#8221;{}&#8221;][\/et_pb_button][\/et_pb_column][\/et_pb_row][et_pb_row column_structure=&#8221;1_4,1_4,1_4,1_4&#8243; _builder_version=&#8221;4.16&#8243; _module_preset=&#8221;default&#8221; global_colors_info=&#8221;{}&#8221;][et_pb_column type=&#8221;1_4&#8243; _builder_version=&#8221;4.16&#8243; _module_preset=&#8221;default&#8221; global_colors_info=&#8221;{}&#8221;][et_pb_image src=&#8221;https:\/\/mcd.se\/wp-content\/uploads\/2022\/03\/SiteEasyEx.png&#8221; alt=&#8221;SiteEasy Ex&#8221; title_text=&#8221;SiteEasy Ex&#8221; _builder_version=&#8221;4.27.4&#8243; _module_preset=&#8221;default&#8221; global_colors_info=&#8221;{}&#8221;][\/et_pb_image][et_pb_text _builder_version=&#8221;4.27.4&#8243; _module_preset=&#8221;default&#8221; global_colors_info=&#8221;{}&#8221;]<\/p>\n<h3>SiteEasy Ex<\/h3>\n<p><\/p>\n<p>Our ATEX approved SiteEasy Ex is designed to make it easier for you as a customer to measure Ex-classified products in Ex-environments.<\/p>\n<p>[\/et_pb_text][et_pb_button button_url=&#8221;https:\/\/mcd.se\/en\/products\/siteeasy\/#siteeasy-ex&#8221; button_text=&#8221;Reda more&#8221; _builder_version=&#8221;4.27.4&#8243; _module_preset=&#8221;default&#8221; global_colors_info=&#8221;{}&#8221;][\/et_pb_button][\/et_pb_column][et_pb_column type=&#8221;1_4&#8243; _builder_version=&#8221;4.16&#8243; _module_preset=&#8221;default&#8221; global_colors_info=&#8221;{}&#8221;][et_pb_image src=&#8221;https:\/\/mcd.se\/wp-content\/uploads\/2025\/09\/siteEasy-Industrial-bigger-background.png&#8221; alt=&#8221;SiteEasy Ex&#8221; title_text=&#8221;siteEasy Ex&#8221; _builder_version=&#8221;4.27.4&#8243; _module_preset=&#8221;default&#8221; hover_enabled=&#8221;0&#8243; global_colors_info=&#8221;{}&#8221; sticky_enabled=&#8221;0&#8243;][\/et_pb_image][et_pb_text _builder_version=&#8221;4.27.4&#8243; _module_preset=&#8221;default&#8221; global_colors_info=&#8221;{}&#8221;]<\/p>\n<h3>SiteEasy Industrial<\/h3>\n<p><\/p>\n<p>SiteEasy Industrial is a comprehensive telemetry module specifically designed for reliable tank monitoring where traditional power sources are unavailable.<\/p>\n<p>[\/et_pb_text][et_pb_button button_url=&#8221;https:\/\/mcd.se\/en\/products\/siteeasy\/#siteeasy-ex&#8221; button_text=&#8221;Reda more&#8221; _builder_version=&#8221;4.27.4&#8243; _module_preset=&#8221;default&#8221; global_colors_info=&#8221;{}&#8221;][\/et_pb_button][\/et_pb_column][et_pb_column type=&#8221;1_4&#8243; _builder_version=&#8221;4.16&#8243; _module_preset=&#8221;default&#8221; global_colors_info=&#8221;{}&#8221;][et_pb_image src=&#8221;https:\/\/mcd.se\/wp-content\/uploads\/2022\/03\/montagesatser_small.png&#8221; alt=&#8221;Assembly kits&#8221; title_text=&#8221;Assembly kits&#8221; _builder_version=&#8221;4.16&#8243; _module_preset=&#8221;default&#8221; global_colors_info=&#8221;{}&#8221;][\/et_pb_image][et_pb_text _builder_version=&#8221;4.16&#8243; _module_preset=&#8221;default&#8221; global_colors_info=&#8221;{}&#8221;]<\/p>\n<h3>Other products<\/h3>\n<p><\/p>\n<p>We also sell products and gadgets from Fafnir och Assytech\/Coptron like overfill protection and solenoid.<\/p>\n<p>[\/et_pb_text][et_pb_button button_url=&#8221;@ET-DC@eyJkeW5hbWljIjp0cnVlLCJjb250ZW50IjoicG9zdF9saW5rX3VybF9wYWdlIiwic2V0dGluZ3MiOnsicG9zdF9pZCI6IjI2NjA5In19@&#8221; button_text=&#8221;Reda more&#8221; _builder_version=&#8221;4.16&#8243; _dynamic_attributes=&#8221;button_url&#8221; _module_preset=&#8221;default&#8221; global_colors_info=&#8221;{}&#8221;][\/et_pb_button][\/et_pb_column][et_pb_column type=&#8221;1_4&#8243; _builder_version=&#8221;4.16&#8243; _module_preset=&#8221;default&#8221; global_colors_info=&#8221;{}&#8221;][et_pb_image src=&#8221;https:\/\/mcd.se\/wp-content\/uploads\/2022\/03\/sitebasic_small.png&#8221; alt=&#8221;SiteBasic&#8221; title_text=&#8221;SiteBasic&#8221; _builder_version=&#8221;4.18.1&#8243; _module_preset=&#8221;default&#8221; global_colors_info=&#8221;{}&#8221;][\/et_pb_image][et_pb_text _builder_version=&#8221;4.18.1&#8243; _module_preset=&#8221;default&#8221; global_colors_info=&#8221;{}&#8221;]<\/p>\n<h3>SiteBasic<\/h3>\n<p><\/p>\n<p>SiteBasic is a manual feature of SiteInfo for those who do not want automatic level monitoring but still want control of their tank levels.\u00a0<\/p>\n<p>[\/et_pb_text][et_pb_button button_url=&#8221;@ET-DC@eyJkeW5hbWljIjp0cnVlLCJjb250ZW50IjoicG9zdF9saW5rX3VybF9wYWdlIiwic2V0dGluZ3MiOnsicG9zdF9pZCI6IjIwOSJ9fQ==@&#8221; button_text=&#8221;Reda more&#8221; _builder_version=&#8221;4.18.1&#8243; _dynamic_attributes=&#8221;button_url&#8221; _module_preset=&#8221;default&#8221; global_colors_info=&#8221;{}&#8221;][\/et_pb_button][\/et_pb_column][\/et_pb_row][\/et_pb_section][et_pb_section fb_built=&#8221;1&#8243; _builder_version=&#8221;4.16&#8243; _module_preset=&#8221;default&#8221; background_color=&#8221;#F6F6F6&#8243; global_colors_info=&#8221;{}&#8221;][et_pb_row column_structure=&#8221;1_2,1_2&#8243; _builder_version=&#8221;4.16&#8243; _module_preset=&#8221;default&#8221; global_colors_info=&#8221;{}&#8221;][et_pb_column type=&#8221;1_2&#8243; _builder_version=&#8221;4.16&#8243; _module_preset=&#8221;default&#8221; global_colors_info=&#8221;{}&#8221;][et_pb_image src=&#8221;https:\/\/mcd.se\/wp-content\/uploads\/2021\/06\/mcd.se930devices-eng-1200-x-900-1200&#215;900-1.png&#8221; title_text=&#8221;%91mcd.se%93%91930%93devices-eng-1200-x-900-1200&#215;900&#8243; _builder_version=&#8221;4.16&#8243; _module_preset=&#8221;default&#8221; global_colors_info=&#8221;{}&#8221;][\/et_pb_image][\/et_pb_column][et_pb_column type=&#8221;1_2&#8243; _builder_version=&#8221;4.16&#8243; _module_preset=&#8221;default&#8221; global_colors_info=&#8221;{}&#8221;][et_pb_text _builder_version=&#8221;4.16&#8243; _module_preset=&#8221;default&#8221; global_colors_info=&#8221;{}&#8221;]<\/p>\n<h2>Full control with Siteinfo<\/h2>\n<p><\/p>\n<h2>\u00a0<\/h2>\n<p><\/p>\n<p>Automatic tank gauging system and smart tank level monitoring gives you total control and can save both time and money. You read the levels of your tanks from your computer or mobile phone. With full control over the levels, you eliminate empty tanks, expensive emergency deliveries and potential penalty fees. In addition, you can optimize the efficiency of tank level and transport planning as well as minimize the health and injury risk for your staff. Last but not least, you contribute to a better environment and a sustainable future as your transports become shorter, which reduces your transport costs and thus your CO2 emissions.<\/p>\n<p>[\/et_pb_text][\/et_pb_column][\/et_pb_row][\/et_pb_section][et_pb_section fb_built=&#8221;1&#8243; _builder_version=&#8221;4.9.4&#8243; _module_preset=&#8221;default&#8221; global_module=&#8221;26688&#8243; global_colors_info=&#8221;{}&#8221;][et_pb_row _builder_version=&#8221;4.16&#8243; _module_preset=&#8221;2090e1f8-0396-4a6c-a2ac-bc77dd633929&#8243; width_tablet=&#8221;&#8221; width_phone=&#8221;&#8221; width_last_edited=&#8221;on|tablet&#8221; global_colors_info=&#8221;{}&#8221;][et_pb_column type=&#8221;4_4&#8243; _builder_version=&#8221;4.16&#8243; _module_preset=&#8221;default&#8221; global_colors_info=&#8221;{}&#8221;][et_pb_text _builder_version=&#8221;4.16&#8243; _module_preset=&#8221;default&#8221; header_2_text_align=&#8221;center&#8221; custom_padding=&#8221;0px|||||&#8221; header_2_text_align_tablet=&#8221;left&#8221; header_2_text_align_phone=&#8221;&#8221; header_2_text_align_last_edited=&#8221;on|desktop&#8221; global_colors_info=&#8221;{}&#8221;]<\/p>\n<h2>Molnbaserad niv\u00e5\u00f6vervakning<\/h2>\n<p>[\/et_pb_text][\/et_pb_column][\/et_pb_row][et_pb_row column_structure=&#8221;1_2,1_2&#8243; use_custom_gutter=&#8221;off&#8221; _builder_version=&#8221;4.16&#8243; _module_preset=&#8221;2090e1f8-0396-4a6c-a2ac-bc77dd633929&#8243; width_tablet=&#8221;&#8221; width_phone=&#8221;&#8221; width_last_edited=&#8221;on|tablet&#8221; custom_margin=&#8221;0px||||false|false&#8221; custom_padding=&#8221;0px||||false|false&#8221; global_colors_info=&#8221;{}&#8221;][et_pb_column type=&#8221;1_2&#8243; _builder_version=&#8221;4.16&#8243; _module_preset=&#8221;default&#8221; global_colors_info=&#8221;{}&#8221;][et_pb_text _builder_version=&#8221;4.16&#8243; _module_preset=&#8221;default&#8221; global_colors_info=&#8221;{}&#8221;]<\/p>\n<ul>\n<li>Snabb \u00f6versikt \u00f6ver alla anl\u00e4ggningar och alla tankar<\/li>\n<li>Fullt anpassningsbara informationsvyer \u2013 fr\u00e5n stort till minsta detalj<\/li>\n<li>M\u00e4t niv\u00e5erna var tionde minut eller n\u00e4r du vill<\/li>\n<\/ul>\n<p>[\/et_pb_text][\/et_pb_column][et_pb_column type=&#8221;1_2&#8243; _builder_version=&#8221;4.16&#8243; _module_preset=&#8221;default&#8221; global_colors_info=&#8221;{}&#8221;][et_pb_text _builder_version=&#8221;4.16&#8243; _module_preset=&#8221;default&#8221; global_colors_info=&#8221;{}&#8221;]<\/p>\n<ul>\n<li>Optimera dina transporter med upp till en tredjedel<\/li>\n<li>Aldrig mer tomt i tankarna<\/li>\n<li>Reducering av felaktiga avl\u00e4sningar och kostsamma returer med upp till 90%<\/li>\n<\/ul>\n<p>[\/et_pb_text][\/et_pb_column][\/et_pb_row][et_pb_row _builder_version=&#8221;4.16&#8243; _module_preset=&#8221;default&#8221; global_colors_info=&#8221;{}&#8221;][et_pb_column type=&#8221;4_4&#8243; _builder_version=&#8221;4.16&#8243; _module_preset=&#8221;default&#8221; global_colors_info=&#8221;{}&#8221;][et_pb_button button_url=&#8221;@ET-DC@eyJkeW5hbWljIjp0cnVlLCJjb250ZW50IjoicG9zdF9saW5rX3VybF9wYWdlIiwic2V0dGluZ3MiOnsicG9zdF9pZCI6IjYyIn19@&#8221; button_text=&#8221;L\u00e4s mer om Siteinfo&#8221; button_alignment=&#8221;center&#8221; _builder_version=&#8221;4.16&#8243; _dynamic_attributes=&#8221;button_url&#8221; _module_preset=&#8221;default&#8221; global_colors_info=&#8221;{}&#8221;][\/et_pb_button][\/et_pb_column][\/et_pb_row][\/et_pb_section]<\/p>\n","protected":false},"excerpt":{"rendered":"<p>Our ProductsOur ProductsSitemonitorSiteMonitor is a Swedish-developed communication solution for those with high demands and who need frequent reporting of measurement data.SiteEasy IISiteEasy II is the next generation smart communication device for all nonEx-classified applications. With SiteEasy II you have full control of yoursystems &#8211; Hour by hour, even in remote locations without access to fixedpower [&hellip;]<\/p>\n","protected":false},"author":1,"featured_media":0,"parent":0,"menu_order":31,"comment_status":"closed","ping_status":"closed","template":"","meta":{"_et_pb_use_builder":"on","_et_pb_old_content":"","_et_gb_content_width":"","footnotes":""},"class_list":["post-24799","page","type-page","status-publish","hentry"],"yoast_head":"<!-- This site is optimized with the Yoast SEO plugin v25.8 - https:\/\/yoast.com\/wordpress\/plugins\/seo\/ -->\n<title>Products Fafnir, Assytech, Coptron - niv\u00e5m\u00e4tare, niv\u00e5\u00f6vervakning - MCD<\/title>\n<meta name=\"description\" content=\"Our products for level measurement. Read more about Sitemonitor, SiteEasy, Sitebasic and our other products.\" \/>\n<meta name=\"robots\" content=\"index, follow, max-snippet:-1, max-image-preview:large, max-video-preview:-1\" \/>\n<link rel=\"canonical\" href=\"https:\/\/mcd.se\/produkter\/\" \/>\n<meta property=\"og:locale\" content=\"en_US\" \/>\n<meta property=\"og:type\" content=\"article\" \/>\n<meta property=\"og:title\" content=\"Products Fafnir, Assytech, Coptron - niv\u00e5m\u00e4tare, niv\u00e5\u00f6vervakning - MCD\" \/>\n<meta property=\"og:description\" content=\"Our products for level measurement. Read more about Sitemonitor, SiteEasy, Sitebasic and our other products.\" \/>\n<meta property=\"og:url\" content=\"https:\/\/mcd.se\/produkter\/\" \/>\n<meta property=\"og:site_name\" content=\"MCD\" \/>\n<meta property=\"article:modified_time\" content=\"2025-09-18T09:46:28+00:00\" \/>\n<meta name=\"twitter:card\" content=\"summary_large_image\" \/>\n<meta name=\"twitter:label1\" content=\"Est. reading time\" \/>\n\t<meta name=\"twitter:data1\" content=\"9 minutes\" \/>\n<script type=\"application\/ld+json\" class=\"yoast-schema-graph\">{\"@context\":\"https:\/\/schema.org\",\"@graph\":[{\"@type\":\"WebPage\",\"@id\":\"https:\/\/mcd.se\/produkter\/\",\"url\":\"https:\/\/mcd.se\/produkter\/\",\"name\":\"Products Fafnir, Assytech, Coptron - niv\u00e5m\u00e4tare, niv\u00e5\u00f6vervakning - MCD\",\"isPartOf\":{\"@id\":\"https:\/\/mcd.se\/#website\"},\"datePublished\":\"2021-06-01T10:51:57+00:00\",\"dateModified\":\"2025-09-18T09:46:28+00:00\",\"description\":\"Our products for level measurement. Read more about Sitemonitor, SiteEasy, Sitebasic and our other products.\",\"breadcrumb\":{\"@id\":\"https:\/\/mcd.se\/produkter\/#breadcrumb\"},\"inLanguage\":\"en-US\",\"potentialAction\":[{\"@type\":\"ReadAction\",\"target\":[\"https:\/\/mcd.se\/produkter\/\"]}]},{\"@type\":\"BreadcrumbList\",\"@id\":\"https:\/\/mcd.se\/produkter\/#breadcrumb\",\"itemListElement\":[{\"@type\":\"ListItem\",\"position\":1,\"name\":\"Hem\",\"item\":\"https:\/\/mcd.se\/en\/\"},{\"@type\":\"ListItem\",\"position\":2,\"name\":\"Products\"}]},{\"@type\":\"WebSite\",\"@id\":\"https:\/\/mcd.se\/#website\",\"url\":\"https:\/\/mcd.se\/\",\"name\":\"MCD\",\"description\":\"Fully Integrated Tank Level Measurement\",\"publisher\":{\"@id\":\"https:\/\/mcd.se\/#organization\"},\"potentialAction\":[{\"@type\":\"SearchAction\",\"target\":{\"@type\":\"EntryPoint\",\"urlTemplate\":\"https:\/\/mcd.se\/?s={search_term_string}\"},\"query-input\":{\"@type\":\"PropertyValueSpecification\",\"valueRequired\":true,\"valueName\":\"search_term_string\"}}],\"inLanguage\":\"en-US\"},{\"@type\":\"Organization\",\"@id\":\"https:\/\/mcd.se\/#organization\",\"name\":\"Measure Connect Display AB\",\"url\":\"https:\/\/mcd.se\/\",\"logo\":{\"@type\":\"ImageObject\",\"inLanguage\":\"en-US\",\"@id\":\"https:\/\/mcd.se\/#\/schema\/logo\/image\/\",\"url\":\"https:\/\/mcd.se\/wp-content\/uploads\/2021\/05\/logo-dark.png\",\"contentUrl\":\"https:\/\/mcd.se\/wp-content\/uploads\/2021\/05\/logo-dark.png\",\"width\":137,\"height\":48,\"caption\":\"Measure Connect Display AB\"},\"image\":{\"@id\":\"https:\/\/mcd.se\/#\/schema\/logo\/image\/\"}}]}<\/script>\n<!-- \/ Yoast SEO plugin. -->","yoast_head_json":{"title":"Products Fafnir, Assytech, Coptron - niv\u00e5m\u00e4tare, niv\u00e5\u00f6vervakning - MCD","description":"Our products for level measurement. Read more about Sitemonitor, SiteEasy, Sitebasic and our other products.","robots":{"index":"index","follow":"follow","max-snippet":"max-snippet:-1","max-image-preview":"max-image-preview:large","max-video-preview":"max-video-preview:-1"},"canonical":"https:\/\/mcd.se\/produkter\/","og_locale":"en_US","og_type":"article","og_title":"Products Fafnir, Assytech, Coptron - niv\u00e5m\u00e4tare, niv\u00e5\u00f6vervakning - MCD","og_description":"Our products for level measurement. Read more about Sitemonitor, SiteEasy, Sitebasic and our other products.","og_url":"https:\/\/mcd.se\/produkter\/","og_site_name":"MCD","article_modified_time":"2025-09-18T09:46:28+00:00","twitter_card":"summary_large_image","twitter_misc":{"Est. reading time":"9 minutes"},"schema":{"@context":"https:\/\/schema.org","@graph":[{"@type":"WebPage","@id":"https:\/\/mcd.se\/produkter\/","url":"https:\/\/mcd.se\/produkter\/","name":"Products Fafnir, Assytech, Coptron - niv\u00e5m\u00e4tare, niv\u00e5\u00f6vervakning - MCD","isPartOf":{"@id":"https:\/\/mcd.se\/#website"},"datePublished":"2021-06-01T10:51:57+00:00","dateModified":"2025-09-18T09:46:28+00:00","description":"Our products for level measurement. Read more about Sitemonitor, SiteEasy, Sitebasic and our other products.","breadcrumb":{"@id":"https:\/\/mcd.se\/produkter\/#breadcrumb"},"inLanguage":"en-US","potentialAction":[{"@type":"ReadAction","target":["https:\/\/mcd.se\/produkter\/"]}]},{"@type":"BreadcrumbList","@id":"https:\/\/mcd.se\/produkter\/#breadcrumb","itemListElement":[{"@type":"ListItem","position":1,"name":"Hem","item":"https:\/\/mcd.se\/en\/"},{"@type":"ListItem","position":2,"name":"Products"}]},{"@type":"WebSite","@id":"https:\/\/mcd.se\/#website","url":"https:\/\/mcd.se\/","name":"MCD","description":"Fully Integrated Tank Level Measurement","publisher":{"@id":"https:\/\/mcd.se\/#organization"},"potentialAction":[{"@type":"SearchAction","target":{"@type":"EntryPoint","urlTemplate":"https:\/\/mcd.se\/?s={search_term_string}"},"query-input":{"@type":"PropertyValueSpecification","valueRequired":true,"valueName":"search_term_string"}}],"inLanguage":"en-US"},{"@type":"Organization","@id":"https:\/\/mcd.se\/#organization","name":"Measure Connect Display AB","url":"https:\/\/mcd.se\/","logo":{"@type":"ImageObject","inLanguage":"en-US","@id":"https:\/\/mcd.se\/#\/schema\/logo\/image\/","url":"https:\/\/mcd.se\/wp-content\/uploads\/2021\/05\/logo-dark.png","contentUrl":"https:\/\/mcd.se\/wp-content\/uploads\/2021\/05\/logo-dark.png","width":137,"height":48,"caption":"Measure Connect Display AB"},"image":{"@id":"https:\/\/mcd.se\/#\/schema\/logo\/image\/"}}]}},"_links":{"self":[{"href":"https:\/\/mcd.se\/en\/wp-json\/wp\/v2\/pages\/24799","targetHints":{"allow":["GET"]}}],"collection":[{"href":"https:\/\/mcd.se\/en\/wp-json\/wp\/v2\/pages"}],"about":[{"href":"https:\/\/mcd.se\/en\/wp-json\/wp\/v2\/types\/page"}],"author":[{"embeddable":true,"href":"https:\/\/mcd.se\/en\/wp-json\/wp\/v2\/users\/1"}],"replies":[{"embeddable":true,"href":"https:\/\/mcd.se\/en\/wp-json\/wp\/v2\/comments?post=24799"}],"version-history":[{"count":10,"href":"https:\/\/mcd.se\/en\/wp-json\/wp\/v2\/pages\/24799\/revisions"}],"predecessor-version":[{"id":29370,"href":"https:\/\/mcd.se\/en\/wp-json\/wp\/v2\/pages\/24799\/revisions\/29370"}],"wp:attachment":[{"href":"https:\/\/mcd.se\/en\/wp-json\/wp\/v2\/media?parent=24799"}],"curies":[{"name":"wp","href":"https:\/\/api.w.org\/{rel}","templated":true}]}}