{"id":24795,"date":"2021-06-01T12:41:38","date_gmt":"2021-06-01T10:41:38","guid":{"rendered":"https:\/\/mcd.se\/sitebasic\/"},"modified":"2025-04-03T11:10:43","modified_gmt":"2025-04-03T09:10:43","slug":"sitebasic","status":"publish","type":"page","link":"https:\/\/mcd.se\/en\/products\/sitebasic\/","title":{"rendered":"SiteBasic"},"content":{"rendered":"<p>[et_pb_section fb_built=&#8221;1&#8243; module_class=&#8221;hero&#8221; _builder_version=&#8221;4.16&#8243; _module_preset=&#8221;default&#8221; background_enable_color=&#8221;off&#8221; background_image=&#8221;https:\/\/mcd.se\/wp-content\/uploads\/2021\/05\/mcd.se131small-1-2500&#215;1200-1.jpg&#8221; min_height=&#8221;700px&#8221; min_height_tablet=&#8221;500px&#8221; min_height_phone=&#8221;300px&#8221; min_height_last_edited=&#8221;on|phone&#8221; custom_css_main_element=&#8221;display: flex;||flex-direction: column;||justify-content: center;&#8221; global_colors_info=&#8221;{}&#8221;][et_pb_row _builder_version=&#8221;4.16&#8243; _module_preset=&#8221;default&#8221; global_colors_info=&#8221;{}&#8221;][et_pb_column type=&#8221;4_4&#8243; _builder_version=&#8221;4.16&#8243; _module_preset=&#8221;default&#8221; global_colors_info=&#8221;{}&#8221;][et_pb_text _builder_version=&#8221;4.16&#8243; _module_preset=&#8221;default&#8221; text_font=&#8221;||||||||&#8221; text_text_color=&#8221;#FFFFFF&#8221; text_font_size=&#8221;14px&#8221; text_letter_spacing=&#8221;1px&#8221; text_line_height=&#8221;2.4em&#8221; header_text_color=&#8221;#FFFFFF&#8221; header_line_height=&#8221;1.4em&#8221; header_2_text_align=&#8221;center&#8221; header_2_text_color=&#8221;#FFFFFF&#8221; text_orientation=&#8221;center&#8221; custom_padding=&#8221;||36px||false|false&#8221; global_colors_info=&#8221;{}&#8221;]<\/p>\n<h1>Manual tank level monitoring with SiteBasic<\/h1>\n<h2>Suits you with a low consumption and manual reading into SiteInfo<\/h2>\n<p>[\/et_pb_text][\/et_pb_column][\/et_pb_row][\/et_pb_section][et_pb_section fb_built=&#8221;1&#8243; custom_padding_last_edited=&#8221;on|tablet&#8221; _builder_version=&#8221;4.16&#8243; _module_preset=&#8221;default&#8221; background_image=&#8221;https:\/\/mcd.se\/wp-content\/uploads\/2021\/05\/mcd.se781bg2.jpg&#8221; min_height=&#8221;872px&#8221; custom_padding=&#8221;120px||120px||true|false&#8221; custom_padding_tablet=&#8221;0px||0px||false|false&#8221; custom_padding_phone=&#8221;&#8221; global_colors_info=&#8221;{}&#8221;][et_pb_row column_structure=&#8221;1_2,1_2&#8243; use_custom_gutter=&#8221;on&#8221; gutter_width=&#8221;1&#8243; _builder_version=&#8221;4.16&#8243; _module_preset=&#8221;default&#8221; max_width=&#8221;1200px&#8221; custom_padding=&#8221;||58px|||&#8221; global_colors_info=&#8221;{}&#8221;][et_pb_column type=&#8221;1_2&#8243; _builder_version=&#8221;4.16&#8243; _module_preset=&#8221;default&#8221; custom_padding=&#8221;||||false|false&#8221; custom_css_main_element=&#8221;||display: flex;||flex-direction: column;||justify-content: center;&#8221; global_colors_info=&#8221;{}&#8221;][et_pb_image src=&#8221;https:\/\/mcd.se\/wp-content\/uploads\/2021\/05\/mcd.se684sitebasic-1200&#215;900-1-e1621419724383.png&#8221; title_text=&#8221;%91mcd.se%93%91684%93sitebasic-1200&#215;900&#8243; force_fullwidth=&#8221;on&#8221; _builder_version=&#8221;4.16&#8243; _module_preset=&#8221;default&#8221; width_tablet=&#8221;500px&#8221; width_phone=&#8221;300px&#8221; width_last_edited=&#8221;on|phone&#8221; module_alignment=&#8221;center&#8221; global_colors_info=&#8221;{}&#8221;][\/et_pb_image][\/et_pb_column][et_pb_column type=&#8221;1_2&#8243; _builder_version=&#8221;4.16&#8243; _module_preset=&#8221;default&#8221; custom_css_main_element=&#8221;display: flex;||flex-direction: column;||justify-content: center;&#8221; global_colors_info=&#8221;{}&#8221;][et_pb_text _builder_version=&#8221;4.16&#8243; _module_preset=&#8221;default&#8221; text_text_color=&#8221;#FFFFFF&#8221; header_text_color=&#8221;#FFFFFF&#8221; header_2_text_color=&#8221;#FFFFFF&#8221; header_2_font_size=&#8221;25px&#8221; custom_padding=&#8221;||0px||false|false&#8221; global_colors_info=&#8221;{}&#8221;]<\/p>\n<h2>Manual level monitoring as often as you like<\/h2>\n<p>SiteBasic is a manual feature of SiteInfo for those who do not want automatic level monitoring.<\/p>\n<p>Keep your tank level sensors. You don\u2019t have to invest in equipment, installation and communication costs. SiteBasic is used to easily record level information and as a supplier you get, with SiteBasic as a complement, 100% control of the products and your delivery planning.<\/p>\n<p>&nbsp;<\/p>\n<ul>\n<li>Read the levels when needed<\/li>\n<li>No investment in new equipment<\/li>\n<li>Optimal for your slightly smaller site<\/li>\n<\/ul>\n<p>[\/et_pb_text][\/et_pb_column][\/et_pb_row][et_pb_row _builder_version=&#8221;4.16&#8243; _module_preset=&#8221;default&#8221; global_colors_info=&#8221;{}&#8221;][et_pb_column type=&#8221;4_4&#8243; _builder_version=&#8221;4.16&#8243; _module_preset=&#8221;default&#8221; global_colors_info=&#8221;{}&#8221;][et_pb_button button_url=&#8221;https:\/\/mcd.se\/wp-content\/uploads\/2022\/05\/mcd_produktblad-SiteBasic-ENG.pdf&#8221; url_new_window=&#8221;on&#8221; button_text=&#8221;Download product sheet&#8221; button_alignment=&#8221;center&#8221; _builder_version=&#8221;4.17.3&#8243; _module_preset=&#8221;default&#8221; global_colors_info=&#8221;{}&#8221;][\/et_pb_button][\/et_pb_column][\/et_pb_row][\/et_pb_section][et_pb_section fb_built=&#8221;1&#8243; module_id=&#8221;kontakta-oss&#8221; _builder_version=&#8221;4.16&#8243; _module_preset=&#8221;default&#8221; background_color=&#8221;#f6f6f6&#8243; saved_tabs=&#8221;all&#8221; global_colors_info=&#8221;{}&#8221;][et_pb_row _builder_version=&#8221;4.16&#8243; _module_preset=&#8221;default&#8221; global_colors_info=&#8221;{}&#8221;][et_pb_column type=&#8221;4_4&#8243; _builder_version=&#8221;4.16&#8243; _module_preset=&#8221;default&#8221; global_colors_info=&#8221;{}&#8221;][et_pb_text _builder_version=&#8221;4.16&#8243; _module_preset=&#8221;default&#8221; header_2_text_align=&#8221;center&#8221; global_colors_info=&#8221;{}&#8221;]<\/p>\n<div class=\"kmc-component kmc-component-kmc_content \">\n<div class=\"container\">\n<h2>Do you want us to contact you?<\/h2>\n<\/div>\n<\/div>\n<p>[\/et_pb_text][\/et_pb_column][\/et_pb_row][et_pb_row column_structure=&#8221;1_2,1_2&#8243; _builder_version=&#8221;4.16&#8243; _module_preset=&#8221;default&#8221; global_colors_info=&#8221;{}&#8221;][et_pb_column type=&#8221;1_2&#8243; _builder_version=&#8221;4.16&#8243; _module_preset=&#8221;default&#8221; global_colors_info=&#8221;{}&#8221;][et_pb_code _builder_version=&#8221;4.25.0&#8243; _module_preset=&#8221;default&#8221; hover_enabled=&#8221;0&#8243; sticky_enabled=&#8221;0&#8243;]<script charset=\"utf-8\" type=\"text\/javascript\" src=\"\/\/js-eu1.hsforms.net\/forms\/embed\/v2.js\"><\/script><!-- [et_pb_line_break_holder] --><script><!-- [et_pb_line_break_holder] -->  hbspt.forms.create({<!-- [et_pb_line_break_holder] -->    portalId: \"144686101\",<!-- [et_pb_line_break_holder] -->    formId: \"98e82a7b-0c31-4f87-8ee4-0f193a6c0019\",<!-- [et_pb_line_break_holder] -->    region: \"eu1\"<!-- [et_pb_line_break_holder] -->  });<!-- [et_pb_line_break_holder] --><\/script>[\/et_pb_code][\/et_pb_column][et_pb_column type=&#8221;1_2&#8243; _builder_version=&#8221;4.16&#8243; _module_preset=&#8221;default&#8221; global_colors_info=&#8221;{}&#8221;][et_pb_image src=&#8221;https:\/\/mcd.se\/wp-content\/uploads\/2021\/05\/mcd.se426sture-personalbild-2-770&#215;866-1.png&#8221; title_text=&#8221;%91mcd.se%93%91426%93sture-personalbild-2-770&#215;866&#8243; align=&#8221;center&#8221; _builder_version=&#8221;4.16&#8243; _module_preset=&#8221;default&#8221; width=&#8221;400px&#8221; width_tablet=&#8221;&#8221; width_phone=&#8221;250px&#8221; width_last_edited=&#8221;on|phone&#8221; global_colors_info=&#8221;{}&#8221;][\/et_pb_image][\/et_pb_column][\/et_pb_row][\/et_pb_section]<\/p>\n","protected":false},"excerpt":{"rendered":"<p>Manual tank level monitoring with SiteBasic Suits you with a low consumption and manual reading into SiteInfoManual level monitoring as often as you like SiteBasic is a manual feature of SiteInfo for those who do not want automatic level monitoring. Keep your tank level sensors. You don\u2019t have to invest in equipment, installation and communication [&hellip;]<\/p>\n","protected":false},"author":1,"featured_media":0,"parent":24799,"menu_order":33,"comment_status":"closed","ping_status":"closed","template":"","meta":{"_et_pb_use_builder":"on","_et_pb_old_content":"","_et_gb_content_width":"","footnotes":""},"class_list":["post-24795","page","type-page","status-publish","hentry"],"yoast_head":"<!-- This site is optimized with the Yoast SEO plugin v25.8 - https:\/\/yoast.com\/wordpress\/plugins\/seo\/ -->\n<title>SiteBasic - Niv\u00e5system f\u00f6r niv\u00e5m\u00e4tning &amp; niv\u00e5\u00f6vervakning - MCD<\/title>\n<meta name=\"description\" content=\"Manual tank level monitoring with SiteBasic. SiteBasic is a manual feature of SiteInfo for those who do not want automatic level monitoring.\" \/>\n<meta name=\"robots\" content=\"index, follow, max-snippet:-1, max-image-preview:large, max-video-preview:-1\" \/>\n<link rel=\"canonical\" href=\"https:\/\/mcd.se\/produkter\/sitebasic\/\" \/>\n<meta property=\"og:locale\" content=\"en_US\" \/>\n<meta property=\"og:type\" content=\"article\" \/>\n<meta property=\"og:title\" content=\"SiteBasic - Niv\u00e5system f\u00f6r niv\u00e5m\u00e4tning &amp; niv\u00e5\u00f6vervakning - MCD\" \/>\n<meta property=\"og:description\" content=\"Manual tank level monitoring with SiteBasic. SiteBasic is a manual feature of SiteInfo for those who do not want automatic level monitoring.\" \/>\n<meta property=\"og:url\" content=\"https:\/\/mcd.se\/produkter\/sitebasic\/\" \/>\n<meta property=\"og:site_name\" content=\"MCD\" \/>\n<meta property=\"article:modified_time\" content=\"2025-04-03T09:10:43+00:00\" \/>\n<meta name=\"twitter:card\" content=\"summary_large_image\" \/>\n<meta name=\"twitter:label1\" content=\"Est. reading time\" \/>\n\t<meta name=\"twitter:data1\" content=\"1 minute\" \/>\n<script type=\"application\/ld+json\" class=\"yoast-schema-graph\">{\"@context\":\"https:\/\/schema.org\",\"@graph\":[{\"@type\":\"WebPage\",\"@id\":\"https:\/\/mcd.se\/produkter\/sitebasic\/\",\"url\":\"https:\/\/mcd.se\/produkter\/sitebasic\/\",\"name\":\"SiteBasic - Niv\u00e5system f\u00f6r niv\u00e5m\u00e4tning & niv\u00e5\u00f6vervakning - MCD\",\"isPartOf\":{\"@id\":\"https:\/\/mcd.se\/#website\"},\"datePublished\":\"2021-06-01T10:41:38+00:00\",\"dateModified\":\"2025-04-03T09:10:43+00:00\",\"description\":\"Manual tank level monitoring with SiteBasic. SiteBasic is a manual feature of SiteInfo for those who do not want automatic level monitoring.\",\"breadcrumb\":{\"@id\":\"https:\/\/mcd.se\/produkter\/sitebasic\/#breadcrumb\"},\"inLanguage\":\"en-US\",\"potentialAction\":[{\"@type\":\"ReadAction\",\"target\":[\"https:\/\/mcd.se\/produkter\/sitebasic\/\"]}]},{\"@type\":\"BreadcrumbList\",\"@id\":\"https:\/\/mcd.se\/produkter\/sitebasic\/#breadcrumb\",\"itemListElement\":[{\"@type\":\"ListItem\",\"position\":1,\"name\":\"Hem\",\"item\":\"https:\/\/mcd.se\/en\/\"},{\"@type\":\"ListItem\",\"position\":2,\"name\":\"Products\",\"item\":\"https:\/\/mcd.se\/produkter\/\"},{\"@type\":\"ListItem\",\"position\":3,\"name\":\"SiteBasic\"}]},{\"@type\":\"WebSite\",\"@id\":\"https:\/\/mcd.se\/#website\",\"url\":\"https:\/\/mcd.se\/\",\"name\":\"MCD\",\"description\":\"Fully Integrated Tank Level Measurement\",\"publisher\":{\"@id\":\"https:\/\/mcd.se\/#organization\"},\"potentialAction\":[{\"@type\":\"SearchAction\",\"target\":{\"@type\":\"EntryPoint\",\"urlTemplate\":\"https:\/\/mcd.se\/?s={search_term_string}\"},\"query-input\":{\"@type\":\"PropertyValueSpecification\",\"valueRequired\":true,\"valueName\":\"search_term_string\"}}],\"inLanguage\":\"en-US\"},{\"@type\":\"Organization\",\"@id\":\"https:\/\/mcd.se\/#organization\",\"name\":\"Measure Connect Display AB\",\"url\":\"https:\/\/mcd.se\/\",\"logo\":{\"@type\":\"ImageObject\",\"inLanguage\":\"en-US\",\"@id\":\"https:\/\/mcd.se\/#\/schema\/logo\/image\/\",\"url\":\"https:\/\/mcd.se\/wp-content\/uploads\/2021\/05\/logo-dark.png\",\"contentUrl\":\"https:\/\/mcd.se\/wp-content\/uploads\/2021\/05\/logo-dark.png\",\"width\":137,\"height\":48,\"caption\":\"Measure Connect Display AB\"},\"image\":{\"@id\":\"https:\/\/mcd.se\/#\/schema\/logo\/image\/\"}}]}<\/script>\n<!-- \/ Yoast SEO plugin. -->","yoast_head_json":{"title":"SiteBasic - Niv\u00e5system f\u00f6r niv\u00e5m\u00e4tning & niv\u00e5\u00f6vervakning - MCD","description":"Manual tank level monitoring with SiteBasic. SiteBasic is a manual feature of SiteInfo for those who do not want automatic level monitoring.","robots":{"index":"index","follow":"follow","max-snippet":"max-snippet:-1","max-image-preview":"max-image-preview:large","max-video-preview":"max-video-preview:-1"},"canonical":"https:\/\/mcd.se\/produkter\/sitebasic\/","og_locale":"en_US","og_type":"article","og_title":"SiteBasic - Niv\u00e5system f\u00f6r niv\u00e5m\u00e4tning & niv\u00e5\u00f6vervakning - MCD","og_description":"Manual tank level monitoring with SiteBasic. SiteBasic is a manual feature of SiteInfo for those who do not want automatic level monitoring.","og_url":"https:\/\/mcd.se\/produkter\/sitebasic\/","og_site_name":"MCD","article_modified_time":"2025-04-03T09:10:43+00:00","twitter_card":"summary_large_image","twitter_misc":{"Est. reading time":"1 minute"},"schema":{"@context":"https:\/\/schema.org","@graph":[{"@type":"WebPage","@id":"https:\/\/mcd.se\/produkter\/sitebasic\/","url":"https:\/\/mcd.se\/produkter\/sitebasic\/","name":"SiteBasic - Niv\u00e5system f\u00f6r niv\u00e5m\u00e4tning & niv\u00e5\u00f6vervakning - MCD","isPartOf":{"@id":"https:\/\/mcd.se\/#website"},"datePublished":"2021-06-01T10:41:38+00:00","dateModified":"2025-04-03T09:10:43+00:00","description":"Manual tank level monitoring with SiteBasic. SiteBasic is a manual feature of SiteInfo for those who do not want automatic level monitoring.","breadcrumb":{"@id":"https:\/\/mcd.se\/produkter\/sitebasic\/#breadcrumb"},"inLanguage":"en-US","potentialAction":[{"@type":"ReadAction","target":["https:\/\/mcd.se\/produkter\/sitebasic\/"]}]},{"@type":"BreadcrumbList","@id":"https:\/\/mcd.se\/produkter\/sitebasic\/#breadcrumb","itemListElement":[{"@type":"ListItem","position":1,"name":"Hem","item":"https:\/\/mcd.se\/en\/"},{"@type":"ListItem","position":2,"name":"Products","item":"https:\/\/mcd.se\/produkter\/"},{"@type":"ListItem","position":3,"name":"SiteBasic"}]},{"@type":"WebSite","@id":"https:\/\/mcd.se\/#website","url":"https:\/\/mcd.se\/","name":"MCD","description":"Fully Integrated Tank Level Measurement","publisher":{"@id":"https:\/\/mcd.se\/#organization"},"potentialAction":[{"@type":"SearchAction","target":{"@type":"EntryPoint","urlTemplate":"https:\/\/mcd.se\/?s={search_term_string}"},"query-input":{"@type":"PropertyValueSpecification","valueRequired":true,"valueName":"search_term_string"}}],"inLanguage":"en-US"},{"@type":"Organization","@id":"https:\/\/mcd.se\/#organization","name":"Measure Connect Display AB","url":"https:\/\/mcd.se\/","logo":{"@type":"ImageObject","inLanguage":"en-US","@id":"https:\/\/mcd.se\/#\/schema\/logo\/image\/","url":"https:\/\/mcd.se\/wp-content\/uploads\/2021\/05\/logo-dark.png","contentUrl":"https:\/\/mcd.se\/wp-content\/uploads\/2021\/05\/logo-dark.png","width":137,"height":48,"caption":"Measure Connect Display AB"},"image":{"@id":"https:\/\/mcd.se\/#\/schema\/logo\/image\/"}}]}},"_links":{"self":[{"href":"https:\/\/mcd.se\/en\/wp-json\/wp\/v2\/pages\/24795","targetHints":{"allow":["GET"]}}],"collection":[{"href":"https:\/\/mcd.se\/en\/wp-json\/wp\/v2\/pages"}],"about":[{"href":"https:\/\/mcd.se\/en\/wp-json\/wp\/v2\/types\/page"}],"author":[{"embeddable":true,"href":"https:\/\/mcd.se\/en\/wp-json\/wp\/v2\/users\/1"}],"replies":[{"embeddable":true,"href":"https:\/\/mcd.se\/en\/wp-json\/wp\/v2\/comments?post=24795"}],"version-history":[{"count":1,"href":"https:\/\/mcd.se\/en\/wp-json\/wp\/v2\/pages\/24795\/revisions"}],"predecessor-version":[{"id":29179,"href":"https:\/\/mcd.se\/en\/wp-json\/wp\/v2\/pages\/24795\/revisions\/29179"}],"up":[{"embeddable":true,"href":"https:\/\/mcd.se\/en\/wp-json\/wp\/v2\/pages\/24799"}],"wp:attachment":[{"href":"https:\/\/mcd.se\/en\/wp-json\/wp\/v2\/media?parent=24795"}],"curies":[{"name":"wp","href":"https:\/\/api.w.org\/{rel}","templated":true}]}}