{"id":24786,"date":"2021-06-01T12:37:24","date_gmt":"2021-06-01T10:37:24","guid":{"rendered":"https:\/\/mcd.se\/siteeasy\/"},"modified":"2026-01-16T14:05:17","modified_gmt":"2026-01-16T13:05:17","slug":"siteeasy","status":"publish","type":"page","link":"https:\/\/mcd.se\/en\/products\/siteeasy\/","title":{"rendered":"SiteEasy"},"content":{"rendered":"<p>[et_pb_section fb_built=&#8221;1&#8243; module_class=&#8221;hero&#8221; _builder_version=&#8221;4.16&#8243; _module_preset=&#8221;default&#8221; background_enable_color=&#8221;off&#8221; background_image=&#8221;https:\/\/mcd.se\/wp-content\/uploads\/2021\/05\/mcd.se66level-watcher-bild-2500&#215;1200-1.jpg&#8221; min_height=&#8221;700px&#8221; min_height_tablet=&#8221;500px&#8221; min_height_phone=&#8221;300px&#8221; min_height_last_edited=&#8221;on|phone&#8221; custom_css_main_element=&#8221;display: flex;||flex-direction: column;||justify-content: center;&#8221; global_colors_info=&#8221;{}&#8221;][et_pb_row _builder_version=&#8221;4.16&#8243; _module_preset=&#8221;default&#8221; global_colors_info=&#8221;{}&#8221;][et_pb_column type=&#8221;4_4&#8243; _builder_version=&#8221;4.16&#8243; _module_preset=&#8221;default&#8221; global_colors_info=&#8221;{}&#8221;][et_pb_text _builder_version=&#8221;4.17.3&#8243; _module_preset=&#8221;default&#8221; text_font=&#8221;||||||||&#8221; text_text_color=&#8221;#FFFFFF&#8221; text_font_size=&#8221;14px&#8221; text_letter_spacing=&#8221;1px&#8221; text_line_height=&#8221;2.4em&#8221; header_text_color=&#8221;#FFFFFF&#8221; header_line_height=&#8221;1.4em&#8221; header_2_text_align=&#8221;center&#8221; header_2_text_color=&#8221;#FFFFFF&#8221; text_orientation=&#8221;center&#8221; custom_padding=&#8221;||36px||false|false&#8221; global_colors_info=&#8221;{}&#8221;]<\/p>\n<h1>SiteEasy &#8211; A simple solution for tank level monitoring<\/h1>\n<p><\/p>\n<h2>Battery powered and simple all-in-one solution<\/h2>\n<p>[\/et_pb_text][\/et_pb_column][\/et_pb_row][\/et_pb_section][et_pb_section fb_built=&#8221;1&#8243; custom_padding_last_edited=&#8221;on|tablet&#8221; module_id=&#8221;siteasy&#8221; _builder_version=&#8221;4.27.4&#8243; _module_preset=&#8221;default&#8221; background_image=&#8221;https:\/\/mcd.se\/wp-content\/uploads\/2021\/05\/mcd.se781bg2.jpg&#8221; custom_padding=&#8221;120px||120px||true|false&#8221; custom_padding_tablet=&#8221;0px||0px||false|false&#8221; custom_padding_phone=&#8221;&#8221; global_colors_info=&#8221;{}&#8221;][et_pb_row column_structure=&#8221;1_2,1_2&#8243; use_custom_gutter=&#8221;on&#8221; gutter_width=&#8221;1&#8243; _builder_version=&#8221;4.16&#8243; _module_preset=&#8221;default&#8221; max_width=&#8221;1200px&#8221; custom_padding=&#8221;||58px|||&#8221; global_colors_info=&#8221;{}&#8221;][et_pb_column type=&#8221;1_2&#8243; _builder_version=&#8221;4.16&#8243; _module_preset=&#8221;default&#8221; custom_padding=&#8221;||||false|false&#8221; custom_css_main_element=&#8221;||display: flex;||flex-direction: column;||justify-content: center;&#8221; global_colors_info=&#8221;{}&#8221;][et_pb_image src=&#8221;https:\/\/mcd.se\/wp-content\/uploads\/2025\/09\/SiteEasy-II-med-MCD-QRkod_no_background-1.png&#8221; alt=&#8221;SiteEasy&#8221; title_text=&#8221;SiteEasy II med MCD QRkod_no_background&#8221; align=&#8221;center&#8221; _builder_version=&#8221;4.27.4&#8243; _module_preset=&#8221;default&#8221; width_tablet=&#8221;500px&#8221; width_phone=&#8221;300px&#8221; width_last_edited=&#8221;on|phone&#8221; module_alignment=&#8221;center&#8221; max_height=&#8221;500px&#8221; global_colors_info=&#8221;{}&#8221;][\/et_pb_image][\/et_pb_column][et_pb_column type=&#8221;1_2&#8243; _builder_version=&#8221;4.16&#8243; _module_preset=&#8221;default&#8221; custom_css_main_element=&#8221;display: flex;||flex-direction: column;||justify-content: center;&#8221; global_colors_info=&#8221;{}&#8221;][et_pb_text _builder_version=&#8221;4.27.4&#8243; _module_preset=&#8221;default&#8221; text_text_color=&#8221;#FFFFFF&#8221; header_text_color=&#8221;#FFFFFF&#8221; header_2_text_color=&#8221;#FFFFFF&#8221; header_2_font_size=&#8221;25px&#8221; custom_padding=&#8221;||0px||false|false&#8221; global_colors_info=&#8221;{}&#8221;]<\/p>\n<h2>SiteEasy II &#8211; Next generation<\/h2>\n<p><\/p>\n<p>SiteEasy II is the next generation smart communication device for all nonEx-classified applications. With SiteEasy II you have full control of your<br \/>systems &#8211; Hour by hour, even in remote locations without access to fixed<br \/>power supply.<\/p>\n<p><\/p>\n<p>SiteEasy II is a cost-effective and high-quality communication solution with superior battery life. SiteEasy II delivers measurement values directly to the SiteInfo platform with configurable reporting intervals. Thanks to the unit&#8217;s advanced energy management and robust construction, you can get reliable measurements for many years without maintenance &#8212; even in demanding environments and extreme temperatures.<\/p>\n<p><\/p>\n<p>&nbsp;<\/p>\n<p><\/p>\n<ul>\n<li>Battery-powered all-in-one solution<\/li>\n<li class=\"whitespace-normal break-words\">Superior battery life &#8211; up to 10 years<\/li>\n<li class=\"whitespace-normal break-words\">Optimal for remotely located tanks and cisterns<\/li>\n<li class=\"whitespace-normal break-words\">Functions in extreme temperatures from -40\u00b0C to +85\u00b0C<\/li>\n<\/ul>\n<p>[\/et_pb_text][\/et_pb_column][\/et_pb_row][et_pb_row _builder_version=&#8221;4.16&#8243; _module_preset=&#8221;default&#8221; global_colors_info=&#8221;{}&#8221;][et_pb_column type=&#8221;4_4&#8243; _builder_version=&#8221;4.16&#8243; _module_preset=&#8221;default&#8221; global_colors_info=&#8221;{}&#8221;][et_pb_button button_url=&#8221;https:\/\/mcd.se\/wp-content\/uploads\/2025\/09\/Product-Specification-SiteEasy-II-ENG.pdf&#8221; url_new_window=&#8221;on&#8221; button_text=&#8221;Download product sheet&#8221; button_alignment=&#8221;center&#8221; _builder_version=&#8221;4.27.4&#8243; _module_preset=&#8221;default&#8221; global_colors_info=&#8221;{}&#8221;][\/et_pb_button][\/et_pb_column][\/et_pb_row][\/et_pb_section][et_pb_section fb_built=&#8221;1&#8243; module_id=&#8221;siteEasy II&#8221; _builder_version=&#8221;4.27.4&#8243; _module_preset=&#8221;default&#8221; global_colors_info=&#8221;{}&#8221;][et_pb_row column_structure=&#8221;1_2,1_2&#8243; _builder_version=&#8221;4.16&#8243; _module_preset=&#8221;default&#8221; global_colors_info=&#8221;{}&#8221;][et_pb_column type=&#8221;1_2&#8243; _builder_version=&#8221;4.16&#8243; _module_preset=&#8221;default&#8221; global_colors_info=&#8221;{}&#8221;][et_pb_text _builder_version=&#8221;4.16&#8243; _module_preset=&#8221;default&#8221; min_height=&#8221;229px&#8221; custom_margin=&#8221;-2px||50px|||&#8221; custom_padding=&#8221;29px|||||&#8221; global_colors_info=&#8221;{}&#8221;]<\/p>\n<h3>SiteEasy Ex<\/h3>\n<p>SiteEasy Ex is a battery-powered ATEX approved GSM-modem with integratde antenna perfect for the stand-alone tank. SiteEasy Ex is easily connected to SiteInfo \u2013 just mount the pressure sensor, turn on the power and login on www.siteinfo.se.<\/p>\n<p>Here you can view the level in your tank anywhere and anytime. With the SiteInfoApp you have access to all information on the go via your smartphone or tablet. SiteEasy Ex is delivered withcable and pressure sensor for easy installation, also available with Rochester sensor .<\/p>\n<p>&nbsp;<\/p>\n<ul>\n<li>ATEX-approved<\/li>\n<li>Up to 5 years battery life<\/li>\n<li>Hourly data transmitted daily<\/li>\n<\/ul>\n<p>[\/et_pb_text][et_pb_button button_url=&#8221;https:\/\/mcd.se\/wp-content\/uploads\/2022\/05\/mcd_produktblad-SiteEasy-Ex-ENG.pdf&#8221; url_new_window=&#8221;on&#8221; button_text=&#8221;Download product sheet&#8221; button_alignment=&#8221;left&#8221; _builder_version=&#8221;4.17.3&#8243; _module_preset=&#8221;default&#8221; global_colors_info=&#8221;{}&#8221;][\/et_pb_button][\/et_pb_column][et_pb_column type=&#8221;1_2&#8243; _builder_version=&#8221;4.16&#8243; _module_preset=&#8221;default&#8221; global_colors_info=&#8221;{}&#8221;][et_pb_image src=&#8221;https:\/\/mcd.se\/wp-content\/uploads\/2022\/03\/SiteEasyEx.png&#8221; title_text=&#8221;SiteEasyEx&#8221; _builder_version=&#8221;4.16&#8243; _module_preset=&#8221;default&#8221; global_colors_info=&#8221;{}&#8221;][\/et_pb_image][\/et_pb_column][\/et_pb_row][\/et_pb_section][et_pb_section fb_built=&#8221;1&#8243; module_id=&#8221;Siteeasy Ex&#8221; _builder_version=&#8221;4.27.4&#8243; _module_preset=&#8221;default&#8221; background_color=&#8221;#F6F6F6&#8243; global_colors_info=&#8221;{}&#8221;][et_pb_row column_structure=&#8221;1_2,1_2&#8243; _builder_version=&#8221;4.16&#8243; _module_preset=&#8221;default&#8221; global_colors_info=&#8221;{}&#8221;][et_pb_column type=&#8221;1_2&#8243; _builder_version=&#8221;4.16&#8243; _module_preset=&#8221;default&#8221; global_colors_info=&#8221;{}&#8221;][et_pb_image src=&#8221;https:\/\/mcd.se\/wp-content\/uploads\/2025\/09\/siteEasy-Industrial-bigger-background.png&#8221; alt=&#8221;SiteEasy Ex&#8221; title_text=&#8221;SiteEasy Ex&#8221; _builder_version=&#8221;4.27.4&#8243; _module_preset=&#8221;default&#8221; global_colors_info=&#8221;{}&#8221;][\/et_pb_image][\/et_pb_column][et_pb_column type=&#8221;1_2&#8243; _builder_version=&#8221;4.16&#8243; _module_preset=&#8221;default&#8221; global_colors_info=&#8221;{}&#8221;][et_pb_text _builder_version=&#8221;4.27.4&#8243; _module_preset=&#8221;default&#8221; custom_margin=&#8221;-1px|||||&#8221; custom_padding=&#8221;34px|||||&#8221; global_colors_info=&#8221;{}&#8221;]<\/p>\n<h3>SiteEasy Industrial<\/h3>\n<p><\/p>\n<p class=\"whitespace-normal break-words\">SiteEasy Industrial is a comprehensive telemetry module specifically designed for reliable tank monitoring where traditional power sources are unavailable.<\/p>\n<p><\/p>\n<p class=\"whitespace-normal break-words\">This ruggedized module delivers precise tracking and continuous monitoring of up to 3 tanks. Ideal for applications require frequent monitoring with fast and responsive data requirements<\/p>\n<p>[\/et_pb_text][et_pb_button button_url=&#8221;https:\/\/mcd.se\/wp-content\/uploads\/2026\/01\/SiteEasy-Industrial_produktblad.pdf&#8221; url_new_window=&#8221;on&#8221; button_text=&#8221;Download product sheet&#8221; button_alignment=&#8221;left&#8221; _builder_version=&#8221;4.27.4&#8243; _module_preset=&#8221;default&#8221; custom_margin=&#8221;50px|||||&#8221; hover_enabled=&#8221;0&#8243; global_colors_info=&#8221;{}&#8221; sticky_enabled=&#8221;0&#8243;][\/et_pb_button][\/et_pb_column][\/et_pb_row][\/et_pb_section][et_pb_section fb_built=&#8221;1&#8243; module_id=&#8221;siteeasy-drum&#8221; _builder_version=&#8221;4.18.1&#8243; _module_preset=&#8221;default&#8221; min_height=&#8221;695px&#8221; global_colors_info=&#8221;{}&#8221;][et_pb_row column_structure=&#8221;1_2,1_2&#8243; _builder_version=&#8221;4.16&#8243; _module_preset=&#8221;default&#8221; global_colors_info=&#8221;{}&#8221;][et_pb_column type=&#8221;1_2&#8243; _builder_version=&#8221;4.16&#8243; _module_preset=&#8221;default&#8221; global_colors_info=&#8221;{}&#8221;][et_pb_text _builder_version=&#8221;4.22.2&#8243; _module_preset=&#8221;default&#8221; min_height=&#8221;229px&#8221; custom_margin=&#8221;-2px||50px|||&#8221; custom_padding=&#8221;29px|||||&#8221; global_colors_info=&#8221;{}&#8221;]<\/p>\n<h3>SiteEasy Optical<\/h3>\n<p><\/p>\n<p>SiteEasy Optical is made to make it easier for you as a customer \u2013 the simple solution for remote level monitoring of all non-ATEX products in drums. SiteEasy Optical is designed to be mounted on the drums ventilation hole. The sensor can be supplemented with a mounting kit for use on tanks up to 2 meters in height.<\/p>\n<p><\/p>\n<ul>\n<li>Easy installation<\/li>\n<li>Battery powered all in one solution<\/li>\n<li>Up to 5 year battery life<\/li>\n<\/ul>\n<p>[\/et_pb_text][et_pb_button button_url=&#8221;https:\/\/mcd.se\/wp-content\/uploads\/2022\/05\/mcd_produktblad-SiteEasy-FAT-ENG.pdf&#8221; url_new_window=&#8221;on&#8221; button_text=&#8221;Download product sheet&#8221; button_alignment=&#8221;left&#8221; _builder_version=&#8221;4.17.3&#8243; _module_preset=&#8221;default&#8221; global_colors_info=&#8221;{}&#8221;][\/et_pb_button][\/et_pb_column][et_pb_column type=&#8221;1_2&#8243; _builder_version=&#8221;4.16&#8243; _module_preset=&#8221;default&#8221; global_colors_info=&#8221;{}&#8221;][et_pb_image src=&#8221;https:\/\/mcd.se\/wp-content\/uploads\/2022\/03\/SiteEasyFat.png&#8221; alt=&#8221;SiteEasy Drum&#8221; title_text=&#8221;SiteEasy Drum&#8221; _builder_version=&#8221;4.16&#8243; _module_preset=&#8221;default&#8221; global_colors_info=&#8221;{}&#8221;][\/et_pb_image][\/et_pb_column][\/et_pb_row][\/et_pb_section][et_pb_section fb_built=&#8221;1&#8243; module_id=&#8221;siteeasy-ibc&#8221; _builder_version=&#8221;4.18.1&#8243; _module_preset=&#8221;default&#8221; background_color=&#8221;#F6F6F6&#8243; global_colors_info=&#8221;{}&#8221;][et_pb_row column_structure=&#8221;1_2,1_2&#8243; _builder_version=&#8221;4.16&#8243; _module_preset=&#8221;default&#8221; global_colors_info=&#8221;{}&#8221;][et_pb_column type=&#8221;1_2&#8243; _builder_version=&#8221;4.16&#8243; _module_preset=&#8221;default&#8221; global_colors_info=&#8221;{}&#8221;][et_pb_image src=&#8221;https:\/\/mcd.se\/wp-content\/uploads\/2022\/03\/SieEasyIBC.png&#8221; title_text=&#8221;SieEasyIBC&#8221; _builder_version=&#8221;4.16&#8243; _module_preset=&#8221;default&#8221; global_colors_info=&#8221;{}&#8221;][\/et_pb_image][\/et_pb_column][et_pb_column type=&#8221;1_2&#8243; _builder_version=&#8221;4.16&#8243; _module_preset=&#8221;default&#8221; global_colors_info=&#8221;{}&#8221;][et_pb_text _builder_version=&#8221;4.27.4&#8243; _module_preset=&#8221;default&#8221; custom_margin=&#8221;-1px|||||&#8221; custom_padding=&#8221;34px|||||&#8221; global_colors_info=&#8221;{}&#8221;]<\/p>\n<h3>SiteEasy Radar<\/h3>\n<p><\/p>\n<p>With SiteEasy Radar, you are in control over all levels in all your IBC-drums. This makes it possible to keep a high service level for your customers and to save both costs and resources. SiteEasy IBC-sensor uses an integrated radar sensor which measures the level. This data transfers to SiteInfo via GSM\/NB-IoT\/CAT-M. It is even possible to activate GPS in the sensor to indicate the present position.<\/p>\n<p><\/p>\n<ul>\n<li>Suitable for installations i basements, up to \u201320\u00b0C<\/li>\n<li>Easy installation<\/li>\n<li>Up to 5 year battery life<\/li>\n<\/ul>\n<p>[\/et_pb_text][et_pb_button button_url=&#8221;https:\/\/mcd.se\/wp-content\/uploads\/2022\/05\/mcd_produktblad-SiteEasy-IBC-ENG.pdf&#8221; url_new_window=&#8221;on&#8221; button_text=&#8221;Download product sheet&#8221; button_alignment=&#8221;left&#8221; _builder_version=&#8221;4.17.3&#8243; _module_preset=&#8221;default&#8221; custom_margin=&#8221;50px|||||&#8221; global_colors_info=&#8221;{}&#8221;][\/et_pb_button][\/et_pb_column][\/et_pb_row][\/et_pb_section][et_pb_section fb_built=&#8221;1&#8243; module_id=&#8221;kontakta-oss&#8221; _builder_version=&#8221;4.18.1&#8243; _module_preset=&#8221;default&#8221; background_color=&#8221;#f6f6f6&#8243; custom_margin=&#8221;0px||||false|false&#8221; custom_margin_tablet=&#8221;0px||||false|false&#8221; custom_margin_phone=&#8221;0px||||false|false&#8221; custom_margin_last_edited=&#8221;on|desktop&#8221; global_module=&#8221;25512&#8243; saved_tabs=&#8221;all&#8221; global_colors_info=&#8221;{}&#8221;][et_pb_row _builder_version=&#8221;4.16&#8243; _module_preset=&#8221;default&#8221; global_colors_info=&#8221;{}&#8221;][et_pb_column type=&#8221;4_4&#8243; _builder_version=&#8221;4.16&#8243; _module_preset=&#8221;default&#8221; global_colors_info=&#8221;{}&#8221;][et_pb_text _builder_version=&#8221;4.16&#8243; _module_preset=&#8221;default&#8221; header_2_text_align=&#8221;center&#8221; global_colors_info=&#8221;{}&#8221;]<\/p>\n<div class=\"kmc-component kmc-component-kmc_content  pb-sm\">\n<div class=\"container\">\n<h2>Do you want us to contact you?<\/h2>\n<\/div>\n<p><\/div>\n<p>[\/et_pb_text][\/et_pb_column][\/et_pb_row][et_pb_row column_structure=&#8221;1_2,1_2&#8243; _builder_version=&#8221;4.16&#8243; _module_preset=&#8221;default&#8221; global_colors_info=&#8221;{}&#8221;][et_pb_column type=&#8221;1_2&#8243; _builder_version=&#8221;4.16&#8243; _module_preset=&#8221;default&#8221; global_colors_info=&#8221;{}&#8221;][et_pb_code _builder_version=&#8221;4.25.0&#8243; _module_preset=&#8221;default&#8221; global_colors_info=&#8221;{}&#8221;]<pee><script charset=\"utf-8\" type=\"text\/javascript\" src=\"\/\/js-eu1.hsforms.net\/forms\/embed\/v2.js\"><\/script><\/pee><!\u2013- [et_pb_br_holder] -\u2013><!-- [et_pb_line_break_holder] --><!\u2013- [et_pb_br_holder] -\u2013><pee><script><!-- [et_pb_line_break_holder] -->  hbspt.forms.create({<!-- [et_pb_line_break_holder] -->    portalId: \"144686101\",<!-- [et_pb_line_break_holder] -->    formId: \"6da68d2f-ee71-4d1a-9998-c6658fb041e9\",<!-- [et_pb_line_break_holder] -->    region: \"eu1\"<!-- [et_pb_line_break_holder] -->  });<!-- [et_pb_line_break_holder] --><\/script><\/pee>[\/et_pb_code][\/et_pb_column][et_pb_column type=&#8221;1_2&#8243; _builder_version=&#8221;4.16&#8243; _module_preset=&#8221;default&#8221; global_colors_info=&#8221;{}&#8221;][et_pb_image src=&#8221;https:\/\/mcd.se\/wp-content\/uploads\/2021\/05\/mcd.se426sture-personalbild-2-770&#215;866-1.png&#8221; title_text=&#8221;%91mcd.se%93%91426%93sture-personalbild-2-770&#215;866&#8243; align=&#8221;center&#8221; _builder_version=&#8221;4.16&#8243; _module_preset=&#8221;default&#8221; width=&#8221;400px&#8221; width_tablet=&#8221;&#8221; width_phone=&#8221;250px&#8221; width_last_edited=&#8221;on|phone&#8221; global_colors_info=&#8221;{}&#8221;][\/et_pb_image][\/et_pb_column][\/et_pb_row][\/et_pb_section]<\/p>\n","protected":false},"excerpt":{"rendered":"<p>SiteEasy &#8211; A simple solution for tank level monitoringBattery powered and simple all-in-one solutionSiteEasy II &#8211; Next generationSiteEasy II is the next generation smart communication device for all nonEx-classified applications. With SiteEasy II you have full control of yoursystems &#8211; Hour by hour, even in remote locations without access to fixedpower supply.SiteEasy II is a [&hellip;]<\/p>\n","protected":false},"author":1,"featured_media":0,"parent":24799,"menu_order":35,"comment_status":"closed","ping_status":"closed","template":"","meta":{"_et_pb_use_builder":"on","_et_pb_old_content":"","_et_gb_content_width":"","footnotes":""},"class_list":["post-24786","page","type-page","status-publish","hentry"],"yoast_head":"<!-- This site is optimized with the Yoast SEO plugin v25.8 - https:\/\/yoast.com\/wordpress\/plugins\/seo\/ -->\n<title>SiteEasy - Niv\u00e5system f\u00f6r niv\u00e5m\u00e4tning &amp; niv\u00e5\u00f6vervakning- MCD<\/title>\n<meta name=\"description\" content=\"SiteEasy \u2013 battery powered, flexible and robust. SiteEasy is created to make it easier for you as a customer.\" \/>\n<meta name=\"robots\" content=\"index, follow, max-snippet:-1, max-image-preview:large, max-video-preview:-1\" \/>\n<link rel=\"canonical\" href=\"https:\/\/mcd.se\/produkter\/siteeasy\/\" \/>\n<meta property=\"og:locale\" content=\"en_US\" \/>\n<meta property=\"og:type\" content=\"article\" \/>\n<meta property=\"og:title\" content=\"SiteEasy - Niv\u00e5system f\u00f6r niv\u00e5m\u00e4tning &amp; niv\u00e5\u00f6vervakning- MCD\" \/>\n<meta property=\"og:description\" content=\"SiteEasy \u2013 battery powered, flexible and robust. SiteEasy is created to make it easier for you as a customer.\" \/>\n<meta property=\"og:url\" content=\"https:\/\/mcd.se\/produkter\/siteeasy\/\" \/>\n<meta property=\"og:site_name\" content=\"MCD\" \/>\n<meta property=\"article:modified_time\" content=\"2026-01-16T13:05:17+00:00\" \/>\n<meta name=\"twitter:card\" content=\"summary_large_image\" \/>\n<meta name=\"twitter:label1\" content=\"Est. reading time\" \/>\n\t<meta name=\"twitter:data1\" content=\"4 minutes\" \/>\n<script type=\"application\/ld+json\" class=\"yoast-schema-graph\">{\"@context\":\"https:\/\/schema.org\",\"@graph\":[{\"@type\":\"WebPage\",\"@id\":\"https:\/\/mcd.se\/produkter\/siteeasy\/\",\"url\":\"https:\/\/mcd.se\/produkter\/siteeasy\/\",\"name\":\"SiteEasy - Niv\u00e5system f\u00f6r niv\u00e5m\u00e4tning & niv\u00e5\u00f6vervakning- MCD\",\"isPartOf\":{\"@id\":\"https:\/\/mcd.se\/#website\"},\"datePublished\":\"2021-06-01T10:37:24+00:00\",\"dateModified\":\"2026-01-16T13:05:17+00:00\",\"description\":\"SiteEasy \u2013 battery powered, flexible and robust. SiteEasy is created to make it easier for you as a customer.\",\"breadcrumb\":{\"@id\":\"https:\/\/mcd.se\/produkter\/siteeasy\/#breadcrumb\"},\"inLanguage\":\"en-US\",\"potentialAction\":[{\"@type\":\"ReadAction\",\"target\":[\"https:\/\/mcd.se\/produkter\/siteeasy\/\"]}]},{\"@type\":\"BreadcrumbList\",\"@id\":\"https:\/\/mcd.se\/produkter\/siteeasy\/#breadcrumb\",\"itemListElement\":[{\"@type\":\"ListItem\",\"position\":1,\"name\":\"Hem\",\"item\":\"https:\/\/mcd.se\/en\/\"},{\"@type\":\"ListItem\",\"position\":2,\"name\":\"Products\",\"item\":\"https:\/\/mcd.se\/produkter\/\"},{\"@type\":\"ListItem\",\"position\":3,\"name\":\"SiteEasy\"}]},{\"@type\":\"WebSite\",\"@id\":\"https:\/\/mcd.se\/#website\",\"url\":\"https:\/\/mcd.se\/\",\"name\":\"MCD\",\"description\":\"Fully Integrated Tank Level Measurement\",\"publisher\":{\"@id\":\"https:\/\/mcd.se\/#organization\"},\"potentialAction\":[{\"@type\":\"SearchAction\",\"target\":{\"@type\":\"EntryPoint\",\"urlTemplate\":\"https:\/\/mcd.se\/?s={search_term_string}\"},\"query-input\":{\"@type\":\"PropertyValueSpecification\",\"valueRequired\":true,\"valueName\":\"search_term_string\"}}],\"inLanguage\":\"en-US\"},{\"@type\":\"Organization\",\"@id\":\"https:\/\/mcd.se\/#organization\",\"name\":\"Measure Connect Display AB\",\"url\":\"https:\/\/mcd.se\/\",\"logo\":{\"@type\":\"ImageObject\",\"inLanguage\":\"en-US\",\"@id\":\"https:\/\/mcd.se\/#\/schema\/logo\/image\/\",\"url\":\"https:\/\/mcd.se\/wp-content\/uploads\/2021\/05\/logo-dark.png\",\"contentUrl\":\"https:\/\/mcd.se\/wp-content\/uploads\/2021\/05\/logo-dark.png\",\"width\":137,\"height\":48,\"caption\":\"Measure Connect Display AB\"},\"image\":{\"@id\":\"https:\/\/mcd.se\/#\/schema\/logo\/image\/\"}}]}<\/script>\n<!-- \/ Yoast SEO plugin. -->","yoast_head_json":{"title":"SiteEasy - Niv\u00e5system f\u00f6r niv\u00e5m\u00e4tning & niv\u00e5\u00f6vervakning- MCD","description":"SiteEasy \u2013 battery powered, flexible and robust. SiteEasy is created to make it easier for you as a customer.","robots":{"index":"index","follow":"follow","max-snippet":"max-snippet:-1","max-image-preview":"max-image-preview:large","max-video-preview":"max-video-preview:-1"},"canonical":"https:\/\/mcd.se\/produkter\/siteeasy\/","og_locale":"en_US","og_type":"article","og_title":"SiteEasy - Niv\u00e5system f\u00f6r niv\u00e5m\u00e4tning & niv\u00e5\u00f6vervakning- MCD","og_description":"SiteEasy \u2013 battery powered, flexible and robust. SiteEasy is created to make it easier for you as a customer.","og_url":"https:\/\/mcd.se\/produkter\/siteeasy\/","og_site_name":"MCD","article_modified_time":"2026-01-16T13:05:17+00:00","twitter_card":"summary_large_image","twitter_misc":{"Est. reading time":"4 minutes"},"schema":{"@context":"https:\/\/schema.org","@graph":[{"@type":"WebPage","@id":"https:\/\/mcd.se\/produkter\/siteeasy\/","url":"https:\/\/mcd.se\/produkter\/siteeasy\/","name":"SiteEasy - Niv\u00e5system f\u00f6r niv\u00e5m\u00e4tning & niv\u00e5\u00f6vervakning- MCD","isPartOf":{"@id":"https:\/\/mcd.se\/#website"},"datePublished":"2021-06-01T10:37:24+00:00","dateModified":"2026-01-16T13:05:17+00:00","description":"SiteEasy \u2013 battery powered, flexible and robust. SiteEasy is created to make it easier for you as a customer.","breadcrumb":{"@id":"https:\/\/mcd.se\/produkter\/siteeasy\/#breadcrumb"},"inLanguage":"en-US","potentialAction":[{"@type":"ReadAction","target":["https:\/\/mcd.se\/produkter\/siteeasy\/"]}]},{"@type":"BreadcrumbList","@id":"https:\/\/mcd.se\/produkter\/siteeasy\/#breadcrumb","itemListElement":[{"@type":"ListItem","position":1,"name":"Hem","item":"https:\/\/mcd.se\/en\/"},{"@type":"ListItem","position":2,"name":"Products","item":"https:\/\/mcd.se\/produkter\/"},{"@type":"ListItem","position":3,"name":"SiteEasy"}]},{"@type":"WebSite","@id":"https:\/\/mcd.se\/#website","url":"https:\/\/mcd.se\/","name":"MCD","description":"Fully Integrated Tank Level Measurement","publisher":{"@id":"https:\/\/mcd.se\/#organization"},"potentialAction":[{"@type":"SearchAction","target":{"@type":"EntryPoint","urlTemplate":"https:\/\/mcd.se\/?s={search_term_string}"},"query-input":{"@type":"PropertyValueSpecification","valueRequired":true,"valueName":"search_term_string"}}],"inLanguage":"en-US"},{"@type":"Organization","@id":"https:\/\/mcd.se\/#organization","name":"Measure Connect Display AB","url":"https:\/\/mcd.se\/","logo":{"@type":"ImageObject","inLanguage":"en-US","@id":"https:\/\/mcd.se\/#\/schema\/logo\/image\/","url":"https:\/\/mcd.se\/wp-content\/uploads\/2021\/05\/logo-dark.png","contentUrl":"https:\/\/mcd.se\/wp-content\/uploads\/2021\/05\/logo-dark.png","width":137,"height":48,"caption":"Measure Connect Display AB"},"image":{"@id":"https:\/\/mcd.se\/#\/schema\/logo\/image\/"}}]}},"_links":{"self":[{"href":"https:\/\/mcd.se\/en\/wp-json\/wp\/v2\/pages\/24786","targetHints":{"allow":["GET"]}}],"collection":[{"href":"https:\/\/mcd.se\/en\/wp-json\/wp\/v2\/pages"}],"about":[{"href":"https:\/\/mcd.se\/en\/wp-json\/wp\/v2\/types\/page"}],"author":[{"embeddable":true,"href":"https:\/\/mcd.se\/en\/wp-json\/wp\/v2\/users\/1"}],"replies":[{"embeddable":true,"href":"https:\/\/mcd.se\/en\/wp-json\/wp\/v2\/comments?post=24786"}],"version-history":[{"count":13,"href":"https:\/\/mcd.se\/en\/wp-json\/wp\/v2\/pages\/24786\/revisions"}],"predecessor-version":[{"id":29500,"href":"https:\/\/mcd.se\/en\/wp-json\/wp\/v2\/pages\/24786\/revisions\/29500"}],"up":[{"embeddable":true,"href":"https:\/\/mcd.se\/en\/wp-json\/wp\/v2\/pages\/24799"}],"wp:attachment":[{"href":"https:\/\/mcd.se\/en\/wp-json\/wp\/v2\/media?parent=24786"}],"curies":[{"name":"wp","href":"https:\/\/api.w.org\/{rel}","templated":true}]}}