{"id":27976,"date":"2022-09-22T14:47:23","date_gmt":"2022-09-22T12:47:23","guid":{"rendered":"https:\/\/mcd.se\/product\/niveausensor-verschlusskappe-3-fuer-montagesatz\/"},"modified":"2022-09-22T14:47:23","modified_gmt":"2022-09-22T12:47:23","slug":"niveausensor-verschlusskappe-3-fuer-montagesatz","status":"publish","type":"product","link":"https:\/\/mcd.se\/de\/product\/niveausensor-verschlusskappe-3-fuer-montagesatz\/","title":{"rendered":"NIVEAUSENSOR-VERSCHLUSSKAPPE 3&#8243; F\u00dcR MONTAGESATZ"},"content":{"rendered":"<p>Die Niveausensor-Verschlusskappe 3&#8243; f\u00fcr den Montagesatz ist eine Sechskantkappe aus schwarzem verzinktem Stahl f\u00fcr besten Korrosionsschutz. Die Kappe hat ein stabiles Schloss mit Schl\u00fcssel. Sie wird von der Seite verschlossen. Die Kappe deckt den gesamten Montagesatz ab und das Kabel des F\u00fcllstandssensors ist vor b\u00f6swilliger Besch\u00e4digung gesch\u00fctzt. Die Verschlusskappe ist einfach zu montieren, aber sehr schwer zu entfernen.<\/p>\n","protected":false},"excerpt":{"rendered":"<p>Die Niveausensor-Verschlusskappe 3&#8243; f\u00fcr den Montagesatz ist eine Sechskantkappe aus schwarzem verzinktem Stahl f\u00fcr besten Korrosionsschutz. Die Kappe hat ein stabiles Schloss mit Schl\u00fcssel. Sie wird von der Seite verschlossen. Die Kappe deckt den gesamten Montagesatz ab und das Kabel des F\u00fcllstandssensors ist vor b\u00f6swilliger Besch\u00e4digung gesch\u00fctzt. Die Verschlusskappe ist einfach zu montieren, aber sehr [&hellip;]<\/p>\n","protected":false},"author":1,"featured_media":27726,"parent":0,"menu_order":0,"comment_status":"open","ping_status":"closed","template":"","meta":{"_et_pb_use_builder":"","_et_pb_old_content":"","_et_gb_content_width":""},"kategorier":[45],"class_list":["post-27976","product","type-product","status-publish","has-post-thumbnail","hentry","kategorier-zubehor"],"yoast_head":"<!-- This site is optimized with the Yoast SEO plugin v25.8 - https:\/\/yoast.com\/wordpress\/plugins\/seo\/ -->\n<title>NIVEAUSENSOR-VERSCHLUSSKAPPE 3&quot; F\u00dcR MONTAGESATZ - MCD<\/title>\n<meta name=\"description\" content=\"Die Niveausensor-Verschlusskappe 3&quot; f\u00fcr den Montagesatz ist eine Sechskantkappe aus schwarzem verzinktem Stahl f\u00fcr besten Korrosionsschutz. Die Kappe hat ein stabiles Schloss mit Schl\u00fcssel.\" \/>\n<meta name=\"robots\" content=\"index, follow, max-snippet:-1, max-image-preview:large, max-video-preview:-1\" \/>\n<link rel=\"canonical\" href=\"https:\/\/mcd.se\/de\/product\/niveausensor-verschlusskappe-3-fuer-montagesatz\/\" \/>\n<meta property=\"og:locale\" content=\"de_DE\" \/>\n<meta property=\"og:type\" content=\"article\" \/>\n<meta property=\"og:title\" content=\"NIVEAUSENSOR-VERSCHLUSSKAPPE 3&quot; F\u00dcR MONTAGESATZ - MCD\" \/>\n<meta property=\"og:description\" content=\"Die Niveausensor-Verschlusskappe 3&quot; f\u00fcr den Montagesatz ist eine Sechskantkappe aus schwarzem verzinktem Stahl f\u00fcr besten Korrosionsschutz. Die Kappe hat ein stabiles Schloss mit Schl\u00fcssel.\" \/>\n<meta property=\"og:url\" content=\"https:\/\/mcd.se\/de\/product\/niveausensor-verschlusskappe-3-fuer-montagesatz\/\" \/>\n<meta property=\"og:site_name\" content=\"MCD\" \/>\n<meta property=\"og:image\" content=\"https:\/\/mcd.se\/wp-content\/uploads\/2021\/05\/mcd.se2983-tum-lashuvud-thumb.jpg\" \/>\n\t<meta property=\"og:image:width\" content=\"350\" \/>\n\t<meta property=\"og:image:height\" content=\"292\" \/>\n\t<meta property=\"og:image:type\" content=\"image\/jpeg\" \/>\n<meta name=\"twitter:card\" content=\"summary_large_image\" \/>\n<script type=\"application\/ld+json\" class=\"yoast-schema-graph\">{\"@context\":\"https:\/\/schema.org\",\"@graph\":[{\"@type\":\"WebPage\",\"@id\":\"https:\/\/mcd.se\/de\/product\/niveausensor-verschlusskappe-3-fuer-montagesatz\/\",\"url\":\"https:\/\/mcd.se\/de\/product\/niveausensor-verschlusskappe-3-fuer-montagesatz\/\",\"name\":\"NIVEAUSENSOR-VERSCHLUSSKAPPE 3\\\" F\u00dcR MONTAGESATZ - MCD\",\"isPartOf\":{\"@id\":\"https:\/\/mcd.se\/#website\"},\"primaryImageOfPage\":{\"@id\":\"https:\/\/mcd.se\/de\/product\/niveausensor-verschlusskappe-3-fuer-montagesatz\/#primaryimage\"},\"image\":{\"@id\":\"https:\/\/mcd.se\/de\/product\/niveausensor-verschlusskappe-3-fuer-montagesatz\/#primaryimage\"},\"thumbnailUrl\":\"https:\/\/mcd.se\/wp-content\/uploads\/2021\/05\/mcd.se2983-tum-lashuvud-thumb.jpg\",\"datePublished\":\"2022-09-22T12:47:23+00:00\",\"description\":\"Die Niveausensor-Verschlusskappe 3\\\" f\u00fcr den Montagesatz ist eine Sechskantkappe aus schwarzem verzinktem Stahl f\u00fcr besten Korrosionsschutz. Die Kappe hat ein stabiles Schloss mit Schl\u00fcssel.\",\"breadcrumb\":{\"@id\":\"https:\/\/mcd.se\/de\/product\/niveausensor-verschlusskappe-3-fuer-montagesatz\/#breadcrumb\"},\"inLanguage\":\"de\",\"potentialAction\":[{\"@type\":\"ReadAction\",\"target\":[\"https:\/\/mcd.se\/de\/product\/niveausensor-verschlusskappe-3-fuer-montagesatz\/\"]}]},{\"@type\":\"ImageObject\",\"inLanguage\":\"de\",\"@id\":\"https:\/\/mcd.se\/de\/product\/niveausensor-verschlusskappe-3-fuer-montagesatz\/#primaryimage\",\"url\":\"https:\/\/mcd.se\/wp-content\/uploads\/2021\/05\/mcd.se2983-tum-lashuvud-thumb.jpg\",\"contentUrl\":\"https:\/\/mcd.se\/wp-content\/uploads\/2021\/05\/mcd.se2983-tum-lashuvud-thumb.jpg\",\"width\":350,\"height\":292,\"caption\":\"Niveausensor-Verschlusskappe 3\\\" f\u00fcr Montagesatz\"},{\"@type\":\"BreadcrumbList\",\"@id\":\"https:\/\/mcd.se\/de\/product\/niveausensor-verschlusskappe-3-fuer-montagesatz\/#breadcrumb\",\"itemListElement\":[{\"@type\":\"ListItem\",\"position\":1,\"name\":\"Hem\",\"item\":\"https:\/\/mcd.se\/en\/\"},{\"@type\":\"ListItem\",\"position\":2,\"name\":\"Product\",\"item\":\"https:\/\/mcd.se\/de\/product\/\"},{\"@type\":\"ListItem\",\"position\":3,\"name\":\"NIVEAUSENSOR-VERSCHLUSSKAPPE 3&#8243; F\u00dcR MONTAGESATZ\"}]},{\"@type\":\"WebSite\",\"@id\":\"https:\/\/mcd.se\/#website\",\"url\":\"https:\/\/mcd.se\/\",\"name\":\"MCD\",\"description\":\"Niv\u00e5system f\u00f6r niv\u00e5m\u00e4tning &amp; niv\u00e5\u00f6vervakning i tankar\",\"publisher\":{\"@id\":\"https:\/\/mcd.se\/#organization\"},\"potentialAction\":[{\"@type\":\"SearchAction\",\"target\":{\"@type\":\"EntryPoint\",\"urlTemplate\":\"https:\/\/mcd.se\/?s={search_term_string}\"},\"query-input\":{\"@type\":\"PropertyValueSpecification\",\"valueRequired\":true,\"valueName\":\"search_term_string\"}}],\"inLanguage\":\"de\"},{\"@type\":\"Organization\",\"@id\":\"https:\/\/mcd.se\/#organization\",\"name\":\"Measure Connect Display AB\",\"url\":\"https:\/\/mcd.se\/\",\"logo\":{\"@type\":\"ImageObject\",\"inLanguage\":\"de\",\"@id\":\"https:\/\/mcd.se\/#\/schema\/logo\/image\/\",\"url\":\"https:\/\/mcd.se\/wp-content\/uploads\/2021\/05\/logo-dark.png\",\"contentUrl\":\"https:\/\/mcd.se\/wp-content\/uploads\/2021\/05\/logo-dark.png\",\"width\":137,\"height\":48,\"caption\":\"Measure Connect Display AB\"},\"image\":{\"@id\":\"https:\/\/mcd.se\/#\/schema\/logo\/image\/\"}}]}<\/script>\n<!-- \/ Yoast SEO plugin. -->","yoast_head_json":{"title":"NIVEAUSENSOR-VERSCHLUSSKAPPE 3\" F\u00dcR MONTAGESATZ - MCD","description":"Die Niveausensor-Verschlusskappe 3\" f\u00fcr den Montagesatz ist eine Sechskantkappe aus schwarzem verzinktem Stahl f\u00fcr besten Korrosionsschutz. Die Kappe hat ein stabiles Schloss mit Schl\u00fcssel.","robots":{"index":"index","follow":"follow","max-snippet":"max-snippet:-1","max-image-preview":"max-image-preview:large","max-video-preview":"max-video-preview:-1"},"canonical":"https:\/\/mcd.se\/de\/product\/niveausensor-verschlusskappe-3-fuer-montagesatz\/","og_locale":"de_DE","og_type":"article","og_title":"NIVEAUSENSOR-VERSCHLUSSKAPPE 3\" F\u00dcR MONTAGESATZ - MCD","og_description":"Die Niveausensor-Verschlusskappe 3\" f\u00fcr den Montagesatz ist eine Sechskantkappe aus schwarzem verzinktem Stahl f\u00fcr besten Korrosionsschutz. Die Kappe hat ein stabiles Schloss mit Schl\u00fcssel.","og_url":"https:\/\/mcd.se\/de\/product\/niveausensor-verschlusskappe-3-fuer-montagesatz\/","og_site_name":"MCD","og_image":[{"width":350,"height":292,"url":"https:\/\/mcd.se\/wp-content\/uploads\/2021\/05\/mcd.se2983-tum-lashuvud-thumb.jpg","type":"image\/jpeg"}],"twitter_card":"summary_large_image","schema":{"@context":"https:\/\/schema.org","@graph":[{"@type":"WebPage","@id":"https:\/\/mcd.se\/de\/product\/niveausensor-verschlusskappe-3-fuer-montagesatz\/","url":"https:\/\/mcd.se\/de\/product\/niveausensor-verschlusskappe-3-fuer-montagesatz\/","name":"NIVEAUSENSOR-VERSCHLUSSKAPPE 3\" F\u00dcR MONTAGESATZ - MCD","isPartOf":{"@id":"https:\/\/mcd.se\/#website"},"primaryImageOfPage":{"@id":"https:\/\/mcd.se\/de\/product\/niveausensor-verschlusskappe-3-fuer-montagesatz\/#primaryimage"},"image":{"@id":"https:\/\/mcd.se\/de\/product\/niveausensor-verschlusskappe-3-fuer-montagesatz\/#primaryimage"},"thumbnailUrl":"https:\/\/mcd.se\/wp-content\/uploads\/2021\/05\/mcd.se2983-tum-lashuvud-thumb.jpg","datePublished":"2022-09-22T12:47:23+00:00","description":"Die Niveausensor-Verschlusskappe 3\" f\u00fcr den Montagesatz ist eine Sechskantkappe aus schwarzem verzinktem Stahl f\u00fcr besten Korrosionsschutz. Die Kappe hat ein stabiles Schloss mit Schl\u00fcssel.","breadcrumb":{"@id":"https:\/\/mcd.se\/de\/product\/niveausensor-verschlusskappe-3-fuer-montagesatz\/#breadcrumb"},"inLanguage":"de","potentialAction":[{"@type":"ReadAction","target":["https:\/\/mcd.se\/de\/product\/niveausensor-verschlusskappe-3-fuer-montagesatz\/"]}]},{"@type":"ImageObject","inLanguage":"de","@id":"https:\/\/mcd.se\/de\/product\/niveausensor-verschlusskappe-3-fuer-montagesatz\/#primaryimage","url":"https:\/\/mcd.se\/wp-content\/uploads\/2021\/05\/mcd.se2983-tum-lashuvud-thumb.jpg","contentUrl":"https:\/\/mcd.se\/wp-content\/uploads\/2021\/05\/mcd.se2983-tum-lashuvud-thumb.jpg","width":350,"height":292,"caption":"Niveausensor-Verschlusskappe 3\" f\u00fcr Montagesatz"},{"@type":"BreadcrumbList","@id":"https:\/\/mcd.se\/de\/product\/niveausensor-verschlusskappe-3-fuer-montagesatz\/#breadcrumb","itemListElement":[{"@type":"ListItem","position":1,"name":"Hem","item":"https:\/\/mcd.se\/en\/"},{"@type":"ListItem","position":2,"name":"Product","item":"https:\/\/mcd.se\/de\/product\/"},{"@type":"ListItem","position":3,"name":"NIVEAUSENSOR-VERSCHLUSSKAPPE 3&#8243; F\u00dcR MONTAGESATZ"}]},{"@type":"WebSite","@id":"https:\/\/mcd.se\/#website","url":"https:\/\/mcd.se\/","name":"MCD","description":"Niv\u00e5system f\u00f6r niv\u00e5m\u00e4tning &amp; niv\u00e5\u00f6vervakning i tankar","publisher":{"@id":"https:\/\/mcd.se\/#organization"},"potentialAction":[{"@type":"SearchAction","target":{"@type":"EntryPoint","urlTemplate":"https:\/\/mcd.se\/?s={search_term_string}"},"query-input":{"@type":"PropertyValueSpecification","valueRequired":true,"valueName":"search_term_string"}}],"inLanguage":"de"},{"@type":"Organization","@id":"https:\/\/mcd.se\/#organization","name":"Measure Connect Display AB","url":"https:\/\/mcd.se\/","logo":{"@type":"ImageObject","inLanguage":"de","@id":"https:\/\/mcd.se\/#\/schema\/logo\/image\/","url":"https:\/\/mcd.se\/wp-content\/uploads\/2021\/05\/logo-dark.png","contentUrl":"https:\/\/mcd.se\/wp-content\/uploads\/2021\/05\/logo-dark.png","width":137,"height":48,"caption":"Measure Connect Display AB"},"image":{"@id":"https:\/\/mcd.se\/#\/schema\/logo\/image\/"}}]}},"_links":{"self":[{"href":"https:\/\/mcd.se\/de\/wp-json\/wp\/v2\/product\/27976","targetHints":{"allow":["GET"]}}],"collection":[{"href":"https:\/\/mcd.se\/de\/wp-json\/wp\/v2\/product"}],"about":[{"href":"https:\/\/mcd.se\/de\/wp-json\/wp\/v2\/types\/product"}],"author":[{"embeddable":true,"href":"https:\/\/mcd.se\/de\/wp-json\/wp\/v2\/users\/1"}],"replies":[{"embeddable":true,"href":"https:\/\/mcd.se\/de\/wp-json\/wp\/v2\/comments?post=27976"}],"wp:featuredmedia":[{"embeddable":true,"href":"https:\/\/mcd.se\/de\/wp-json\/wp\/v2\/media\/27726"}],"wp:attachment":[{"href":"https:\/\/mcd.se\/de\/wp-json\/wp\/v2\/media?parent=27976"}],"wp:term":[{"taxonomy":"kategorier","embeddable":true,"href":"https:\/\/mcd.se\/de\/wp-json\/wp\/v2\/kategorier?post=27976"}],"curies":[{"name":"wp","href":"https:\/\/api.w.org\/{rel}","templated":true}]}}