{"id":27972,"date":"2022-09-22T14:33:28","date_gmt":"2022-09-22T12:33:28","guid":{"rendered":"https:\/\/mcd.se\/product\/markierungsschilder\/"},"modified":"2022-09-22T14:33:28","modified_gmt":"2022-09-22T12:33:28","slug":"markierungsschilder","status":"publish","type":"product","link":"https:\/\/mcd.se\/de\/product\/markierungsschilder\/","title":{"rendered":"MARKIERUNGSSCHILDER"},"content":{"rendered":"<p>Selbstklebende Markierungsschilder zum Aufkleben auf Einf\u00fcll- und Messschilder zur Angabe von Sp\u00fclkastennummer und Volumen. Erh\u00e4ltlich in Zahlen und Buchstaben: 1-8, 10, 15, 20, 25, 30, 35, 40, 50, 60, 70, A, B, C, D.<\/p>\n","protected":false},"excerpt":{"rendered":"<p>Selbstklebende Markierungsschilder zum Aufkleben auf Einf\u00fcll- und Messschilder zur Angabe von Sp\u00fclkastennummer und Volumen. Erh\u00e4ltlich in Zahlen und Buchstaben: 1-8, 10, 15, 20, 25, 30, 35, 40, 50, 60, 70, A, B, C, D.<\/p>\n","protected":false},"author":1,"featured_media":27730,"parent":0,"menu_order":0,"comment_status":"open","ping_status":"closed","template":"","meta":{"_et_pb_use_builder":"","_et_pb_old_content":"","_et_gb_content_width":""},"kategorier":[45],"class_list":["post-27972","product","type-product","status-publish","has-post-thumbnail","hentry","kategorier-zubehor"],"yoast_head":"<!-- This site is optimized with the Yoast SEO plugin v25.8 - https:\/\/yoast.com\/wordpress\/plugins\/seo\/ -->\n<title>MARKIERUNGSSCHILDER - MCD<\/title>\n<meta name=\"description\" content=\"Selbstklebende Markierungsschilder zum Aufkleben auf Einf\u00fcll- und Messschilder zur Angabe von Sp\u00fclkastennummer und Volumen. Erh\u00e4ltlich in Zahlen und Buchstaben.\" \/>\n<meta name=\"robots\" content=\"index, follow, max-snippet:-1, max-image-preview:large, max-video-preview:-1\" \/>\n<link rel=\"canonical\" href=\"https:\/\/mcd.se\/de\/product\/markierungsschilder\/\" \/>\n<meta property=\"og:locale\" content=\"de_DE\" \/>\n<meta property=\"og:type\" content=\"article\" \/>\n<meta property=\"og:title\" content=\"MARKIERUNGSSCHILDER - MCD\" \/>\n<meta property=\"og:description\" content=\"Selbstklebende Markierungsschilder zum Aufkleben auf Einf\u00fcll- und Messschilder zur Angabe von Sp\u00fclkastennummer und Volumen. Erh\u00e4ltlich in Zahlen und Buchstaben.\" \/>\n<meta property=\"og:url\" content=\"https:\/\/mcd.se\/de\/product\/markierungsschilder\/\" \/>\n<meta property=\"og:site_name\" content=\"MCD\" \/>\n<meta property=\"og:image\" content=\"https:\/\/mcd.se\/wp-content\/uploads\/2021\/05\/mcd.se662Markbrickor-1.jpg\" \/>\n\t<meta property=\"og:image:width\" content=\"350\" \/>\n\t<meta property=\"og:image:height\" content=\"292\" \/>\n\t<meta property=\"og:image:type\" content=\"image\/jpeg\" \/>\n<meta name=\"twitter:card\" content=\"summary_large_image\" \/>\n<script type=\"application\/ld+json\" class=\"yoast-schema-graph\">{\"@context\":\"https:\/\/schema.org\",\"@graph\":[{\"@type\":\"WebPage\",\"@id\":\"https:\/\/mcd.se\/de\/product\/markierungsschilder\/\",\"url\":\"https:\/\/mcd.se\/de\/product\/markierungsschilder\/\",\"name\":\"MARKIERUNGSSCHILDER - MCD\",\"isPartOf\":{\"@id\":\"https:\/\/mcd.se\/#website\"},\"primaryImageOfPage\":{\"@id\":\"https:\/\/mcd.se\/de\/product\/markierungsschilder\/#primaryimage\"},\"image\":{\"@id\":\"https:\/\/mcd.se\/de\/product\/markierungsschilder\/#primaryimage\"},\"thumbnailUrl\":\"https:\/\/mcd.se\/wp-content\/uploads\/2021\/05\/mcd.se662Markbrickor-1.jpg\",\"datePublished\":\"2022-09-22T12:33:28+00:00\",\"description\":\"Selbstklebende Markierungsschilder zum Aufkleben auf Einf\u00fcll- und Messschilder zur Angabe von Sp\u00fclkastennummer und Volumen. Erh\u00e4ltlich in Zahlen und Buchstaben.\",\"breadcrumb\":{\"@id\":\"https:\/\/mcd.se\/de\/product\/markierungsschilder\/#breadcrumb\"},\"inLanguage\":\"de\",\"potentialAction\":[{\"@type\":\"ReadAction\",\"target\":[\"https:\/\/mcd.se\/de\/product\/markierungsschilder\/\"]}]},{\"@type\":\"ImageObject\",\"inLanguage\":\"de\",\"@id\":\"https:\/\/mcd.se\/de\/product\/markierungsschilder\/#primaryimage\",\"url\":\"https:\/\/mcd.se\/wp-content\/uploads\/2021\/05\/mcd.se662Markbrickor-1.jpg\",\"contentUrl\":\"https:\/\/mcd.se\/wp-content\/uploads\/2021\/05\/mcd.se662Markbrickor-1.jpg\",\"width\":350,\"height\":292,\"caption\":\"Selbstklebende Markierungsschilder zum Aufkleben auf Einf\u00fcll- und Messschilder\"},{\"@type\":\"BreadcrumbList\",\"@id\":\"https:\/\/mcd.se\/de\/product\/markierungsschilder\/#breadcrumb\",\"itemListElement\":[{\"@type\":\"ListItem\",\"position\":1,\"name\":\"Hem\",\"item\":\"https:\/\/mcd.se\/en\/\"},{\"@type\":\"ListItem\",\"position\":2,\"name\":\"Product\",\"item\":\"https:\/\/mcd.se\/de\/product\/\"},{\"@type\":\"ListItem\",\"position\":3,\"name\":\"MARKIERUNGSSCHILDER\"}]},{\"@type\":\"WebSite\",\"@id\":\"https:\/\/mcd.se\/#website\",\"url\":\"https:\/\/mcd.se\/\",\"name\":\"MCD\",\"description\":\"Niv\u00e5system f\u00f6r niv\u00e5m\u00e4tning &amp; niv\u00e5\u00f6vervakning i tankar\",\"publisher\":{\"@id\":\"https:\/\/mcd.se\/#organization\"},\"potentialAction\":[{\"@type\":\"SearchAction\",\"target\":{\"@type\":\"EntryPoint\",\"urlTemplate\":\"https:\/\/mcd.se\/?s={search_term_string}\"},\"query-input\":{\"@type\":\"PropertyValueSpecification\",\"valueRequired\":true,\"valueName\":\"search_term_string\"}}],\"inLanguage\":\"de\"},{\"@type\":\"Organization\",\"@id\":\"https:\/\/mcd.se\/#organization\",\"name\":\"Measure Connect Display AB\",\"url\":\"https:\/\/mcd.se\/\",\"logo\":{\"@type\":\"ImageObject\",\"inLanguage\":\"de\",\"@id\":\"https:\/\/mcd.se\/#\/schema\/logo\/image\/\",\"url\":\"https:\/\/mcd.se\/wp-content\/uploads\/2021\/05\/logo-dark.png\",\"contentUrl\":\"https:\/\/mcd.se\/wp-content\/uploads\/2021\/05\/logo-dark.png\",\"width\":137,\"height\":48,\"caption\":\"Measure Connect Display AB\"},\"image\":{\"@id\":\"https:\/\/mcd.se\/#\/schema\/logo\/image\/\"}}]}<\/script>\n<!-- \/ Yoast SEO plugin. -->","yoast_head_json":{"title":"MARKIERUNGSSCHILDER - MCD","description":"Selbstklebende Markierungsschilder zum Aufkleben auf Einf\u00fcll- und Messschilder zur Angabe von Sp\u00fclkastennummer und Volumen. Erh\u00e4ltlich in Zahlen und Buchstaben.","robots":{"index":"index","follow":"follow","max-snippet":"max-snippet:-1","max-image-preview":"max-image-preview:large","max-video-preview":"max-video-preview:-1"},"canonical":"https:\/\/mcd.se\/de\/product\/markierungsschilder\/","og_locale":"de_DE","og_type":"article","og_title":"MARKIERUNGSSCHILDER - MCD","og_description":"Selbstklebende Markierungsschilder zum Aufkleben auf Einf\u00fcll- und Messschilder zur Angabe von Sp\u00fclkastennummer und Volumen. Erh\u00e4ltlich in Zahlen und Buchstaben.","og_url":"https:\/\/mcd.se\/de\/product\/markierungsschilder\/","og_site_name":"MCD","og_image":[{"width":350,"height":292,"url":"https:\/\/mcd.se\/wp-content\/uploads\/2021\/05\/mcd.se662Markbrickor-1.jpg","type":"image\/jpeg"}],"twitter_card":"summary_large_image","schema":{"@context":"https:\/\/schema.org","@graph":[{"@type":"WebPage","@id":"https:\/\/mcd.se\/de\/product\/markierungsschilder\/","url":"https:\/\/mcd.se\/de\/product\/markierungsschilder\/","name":"MARKIERUNGSSCHILDER - MCD","isPartOf":{"@id":"https:\/\/mcd.se\/#website"},"primaryImageOfPage":{"@id":"https:\/\/mcd.se\/de\/product\/markierungsschilder\/#primaryimage"},"image":{"@id":"https:\/\/mcd.se\/de\/product\/markierungsschilder\/#primaryimage"},"thumbnailUrl":"https:\/\/mcd.se\/wp-content\/uploads\/2021\/05\/mcd.se662Markbrickor-1.jpg","datePublished":"2022-09-22T12:33:28+00:00","description":"Selbstklebende Markierungsschilder zum Aufkleben auf Einf\u00fcll- und Messschilder zur Angabe von Sp\u00fclkastennummer und Volumen. Erh\u00e4ltlich in Zahlen und Buchstaben.","breadcrumb":{"@id":"https:\/\/mcd.se\/de\/product\/markierungsschilder\/#breadcrumb"},"inLanguage":"de","potentialAction":[{"@type":"ReadAction","target":["https:\/\/mcd.se\/de\/product\/markierungsschilder\/"]}]},{"@type":"ImageObject","inLanguage":"de","@id":"https:\/\/mcd.se\/de\/product\/markierungsschilder\/#primaryimage","url":"https:\/\/mcd.se\/wp-content\/uploads\/2021\/05\/mcd.se662Markbrickor-1.jpg","contentUrl":"https:\/\/mcd.se\/wp-content\/uploads\/2021\/05\/mcd.se662Markbrickor-1.jpg","width":350,"height":292,"caption":"Selbstklebende Markierungsschilder zum Aufkleben auf Einf\u00fcll- und Messschilder"},{"@type":"BreadcrumbList","@id":"https:\/\/mcd.se\/de\/product\/markierungsschilder\/#breadcrumb","itemListElement":[{"@type":"ListItem","position":1,"name":"Hem","item":"https:\/\/mcd.se\/en\/"},{"@type":"ListItem","position":2,"name":"Product","item":"https:\/\/mcd.se\/de\/product\/"},{"@type":"ListItem","position":3,"name":"MARKIERUNGSSCHILDER"}]},{"@type":"WebSite","@id":"https:\/\/mcd.se\/#website","url":"https:\/\/mcd.se\/","name":"MCD","description":"Niv\u00e5system f\u00f6r niv\u00e5m\u00e4tning &amp; niv\u00e5\u00f6vervakning i tankar","publisher":{"@id":"https:\/\/mcd.se\/#organization"},"potentialAction":[{"@type":"SearchAction","target":{"@type":"EntryPoint","urlTemplate":"https:\/\/mcd.se\/?s={search_term_string}"},"query-input":{"@type":"PropertyValueSpecification","valueRequired":true,"valueName":"search_term_string"}}],"inLanguage":"de"},{"@type":"Organization","@id":"https:\/\/mcd.se\/#organization","name":"Measure Connect Display AB","url":"https:\/\/mcd.se\/","logo":{"@type":"ImageObject","inLanguage":"de","@id":"https:\/\/mcd.se\/#\/schema\/logo\/image\/","url":"https:\/\/mcd.se\/wp-content\/uploads\/2021\/05\/logo-dark.png","contentUrl":"https:\/\/mcd.se\/wp-content\/uploads\/2021\/05\/logo-dark.png","width":137,"height":48,"caption":"Measure Connect Display AB"},"image":{"@id":"https:\/\/mcd.se\/#\/schema\/logo\/image\/"}}]}},"_links":{"self":[{"href":"https:\/\/mcd.se\/de\/wp-json\/wp\/v2\/product\/27972","targetHints":{"allow":["GET"]}}],"collection":[{"href":"https:\/\/mcd.se\/de\/wp-json\/wp\/v2\/product"}],"about":[{"href":"https:\/\/mcd.se\/de\/wp-json\/wp\/v2\/types\/product"}],"author":[{"embeddable":true,"href":"https:\/\/mcd.se\/de\/wp-json\/wp\/v2\/users\/1"}],"replies":[{"embeddable":true,"href":"https:\/\/mcd.se\/de\/wp-json\/wp\/v2\/comments?post=27972"}],"wp:featuredmedia":[{"embeddable":true,"href":"https:\/\/mcd.se\/de\/wp-json\/wp\/v2\/media\/27730"}],"wp:attachment":[{"href":"https:\/\/mcd.se\/de\/wp-json\/wp\/v2\/media?parent=27972"}],"wp:term":[{"taxonomy":"kategorier","embeddable":true,"href":"https:\/\/mcd.se\/de\/wp-json\/wp\/v2\/kategorier?post=27972"}],"curies":[{"name":"wp","href":"https:\/\/api.w.org\/{rel}","templated":true}]}}