{"id":27962,"date":"2022-09-22T13:46:11","date_gmt":"2022-09-22T11:46:11","guid":{"rendered":"https:\/\/mcd.se\/product\/umformer-nb-220-h-ht\/"},"modified":"2022-09-22T13:46:11","modified_gmt":"2022-09-22T11:46:11","slug":"umformer-nb-220-h-ht","status":"publish","type":"product","link":"https:\/\/mcd.se\/de\/product\/umformer-nb-220-h-ht\/","title":{"rendered":"UMFORMER NB 220 H\/HT"},"content":{"rendered":"<p>Der Messumformer NB 220 ist f\u00fcr \u00d6lprodukte, nicht f\u00fcr Fl\u00fcssigkeiten der Klasse 1. Der Messumformer verf\u00fcgt \u00fcber einen potentialfreien Relaiskontakt f\u00fcr einen externen Alarm oder zum Schlie\u00dfen von Ventilen und Stoppen von Pumpen. F\u00fcr Sensoren in Zone 0, wo st\u00e4ndige oder anhaltende Explosionsgefahr besteht, sollten andere Messumformer verwendet werden.<\/p>\n","protected":false},"excerpt":{"rendered":"<p>Der Messumformer NB 220 ist f\u00fcr \u00d6lprodukte, nicht f\u00fcr Fl\u00fcssigkeiten der Klasse 1. Der Messumformer verf\u00fcgt \u00fcber einen potentialfreien Relaiskontakt f\u00fcr einen externen Alarm oder zum Schlie\u00dfen von Ventilen und Stoppen von Pumpen. F\u00fcr Sensoren in Zone 0, wo st\u00e4ndige oder anhaltende Explosionsgefahr besteht, sollten andere Messumformer verwendet werden.<\/p>\n","protected":false},"author":1,"featured_media":27716,"parent":0,"menu_order":0,"comment_status":"open","ping_status":"closed","template":"","meta":{"_et_pb_use_builder":"","_et_pb_old_content":"","_et_gb_content_width":""},"kategorier":[43],"class_list":["post-27962","product","type-product","status-publish","has-post-thumbnail","hentry","kategorier-fafnir-de"],"yoast_head":"<!-- This site is optimized with the Yoast SEO plugin v25.8 - https:\/\/yoast.com\/wordpress\/plugins\/seo\/ -->\n<title>UMFORMER NB 220 H\/HT - MCD<\/title>\n<meta name=\"description\" content=\"Der Messumformer NB 220 ist f\u00fcr \u00d6lprodukte, nicht f\u00fcr Fl\u00fcssigkeiten der Klasse 1.\" \/>\n<meta name=\"robots\" content=\"index, follow, max-snippet:-1, max-image-preview:large, max-video-preview:-1\" \/>\n<link rel=\"canonical\" href=\"https:\/\/mcd.se\/de\/product\/umformer-nb-220-h-ht\/\" \/>\n<meta property=\"og:locale\" content=\"de_DE\" \/>\n<meta property=\"og:type\" content=\"article\" \/>\n<meta property=\"og:title\" content=\"UMFORMER NB 220 H\/HT - MCD\" \/>\n<meta property=\"og:description\" content=\"Der Messumformer NB 220 ist f\u00fcr \u00d6lprodukte, nicht f\u00fcr Fl\u00fcssigkeiten der Klasse 1.\" \/>\n<meta property=\"og:url\" content=\"https:\/\/mcd.se\/de\/product\/umformer-nb-220-h-ht\/\" \/>\n<meta property=\"og:site_name\" content=\"MCD\" \/>\n<meta property=\"og:image\" content=\"https:\/\/mcd.se\/wp-content\/uploads\/2021\/05\/mcd.se408NB-220-H-3.jpg\" \/>\n\t<meta property=\"og:image:width\" content=\"350\" \/>\n\t<meta property=\"og:image:height\" content=\"292\" \/>\n\t<meta property=\"og:image:type\" content=\"image\/jpeg\" \/>\n<meta name=\"twitter:card\" content=\"summary_large_image\" \/>\n<script type=\"application\/ld+json\" class=\"yoast-schema-graph\">{\"@context\":\"https:\/\/schema.org\",\"@graph\":[{\"@type\":\"WebPage\",\"@id\":\"https:\/\/mcd.se\/de\/product\/umformer-nb-220-h-ht\/\",\"url\":\"https:\/\/mcd.se\/de\/product\/umformer-nb-220-h-ht\/\",\"name\":\"UMFORMER NB 220 H\/HT - MCD\",\"isPartOf\":{\"@id\":\"https:\/\/mcd.se\/#website\"},\"primaryImageOfPage\":{\"@id\":\"https:\/\/mcd.se\/de\/product\/umformer-nb-220-h-ht\/#primaryimage\"},\"image\":{\"@id\":\"https:\/\/mcd.se\/de\/product\/umformer-nb-220-h-ht\/#primaryimage\"},\"thumbnailUrl\":\"https:\/\/mcd.se\/wp-content\/uploads\/2021\/05\/mcd.se408NB-220-H-3.jpg\",\"datePublished\":\"2022-09-22T11:46:11+00:00\",\"description\":\"Der Messumformer NB 220 ist f\u00fcr \u00d6lprodukte, nicht f\u00fcr Fl\u00fcssigkeiten der Klasse 1.\",\"breadcrumb\":{\"@id\":\"https:\/\/mcd.se\/de\/product\/umformer-nb-220-h-ht\/#breadcrumb\"},\"inLanguage\":\"de\",\"potentialAction\":[{\"@type\":\"ReadAction\",\"target\":[\"https:\/\/mcd.se\/de\/product\/umformer-nb-220-h-ht\/\"]}]},{\"@type\":\"ImageObject\",\"inLanguage\":\"de\",\"@id\":\"https:\/\/mcd.se\/de\/product\/umformer-nb-220-h-ht\/#primaryimage\",\"url\":\"https:\/\/mcd.se\/wp-content\/uploads\/2021\/05\/mcd.se408NB-220-H-3.jpg\",\"contentUrl\":\"https:\/\/mcd.se\/wp-content\/uploads\/2021\/05\/mcd.se408NB-220-H-3.jpg\",\"width\":350,\"height\":292,\"caption\":\"Fafnir Unformer NB 220\"},{\"@type\":\"BreadcrumbList\",\"@id\":\"https:\/\/mcd.se\/de\/product\/umformer-nb-220-h-ht\/#breadcrumb\",\"itemListElement\":[{\"@type\":\"ListItem\",\"position\":1,\"name\":\"Hem\",\"item\":\"https:\/\/mcd.se\/en\/\"},{\"@type\":\"ListItem\",\"position\":2,\"name\":\"Product\",\"item\":\"https:\/\/mcd.se\/de\/product\/\"},{\"@type\":\"ListItem\",\"position\":3,\"name\":\"UMFORMER NB 220 H\/HT\"}]},{\"@type\":\"WebSite\",\"@id\":\"https:\/\/mcd.se\/#website\",\"url\":\"https:\/\/mcd.se\/\",\"name\":\"MCD\",\"description\":\"Niv\u00e5system f\u00f6r niv\u00e5m\u00e4tning &amp; niv\u00e5\u00f6vervakning i tankar\",\"publisher\":{\"@id\":\"https:\/\/mcd.se\/#organization\"},\"potentialAction\":[{\"@type\":\"SearchAction\",\"target\":{\"@type\":\"EntryPoint\",\"urlTemplate\":\"https:\/\/mcd.se\/?s={search_term_string}\"},\"query-input\":{\"@type\":\"PropertyValueSpecification\",\"valueRequired\":true,\"valueName\":\"search_term_string\"}}],\"inLanguage\":\"de\"},{\"@type\":\"Organization\",\"@id\":\"https:\/\/mcd.se\/#organization\",\"name\":\"Measure Connect Display AB\",\"url\":\"https:\/\/mcd.se\/\",\"logo\":{\"@type\":\"ImageObject\",\"inLanguage\":\"de\",\"@id\":\"https:\/\/mcd.se\/#\/schema\/logo\/image\/\",\"url\":\"https:\/\/mcd.se\/wp-content\/uploads\/2021\/05\/logo-dark.png\",\"contentUrl\":\"https:\/\/mcd.se\/wp-content\/uploads\/2021\/05\/logo-dark.png\",\"width\":137,\"height\":48,\"caption\":\"Measure Connect Display AB\"},\"image\":{\"@id\":\"https:\/\/mcd.se\/#\/schema\/logo\/image\/\"}}]}<\/script>\n<!-- \/ Yoast SEO plugin. -->","yoast_head_json":{"title":"UMFORMER NB 220 H\/HT - MCD","description":"Der Messumformer NB 220 ist f\u00fcr \u00d6lprodukte, nicht f\u00fcr Fl\u00fcssigkeiten der Klasse 1.","robots":{"index":"index","follow":"follow","max-snippet":"max-snippet:-1","max-image-preview":"max-image-preview:large","max-video-preview":"max-video-preview:-1"},"canonical":"https:\/\/mcd.se\/de\/product\/umformer-nb-220-h-ht\/","og_locale":"de_DE","og_type":"article","og_title":"UMFORMER NB 220 H\/HT - MCD","og_description":"Der Messumformer NB 220 ist f\u00fcr \u00d6lprodukte, nicht f\u00fcr Fl\u00fcssigkeiten der Klasse 1.","og_url":"https:\/\/mcd.se\/de\/product\/umformer-nb-220-h-ht\/","og_site_name":"MCD","og_image":[{"width":350,"height":292,"url":"https:\/\/mcd.se\/wp-content\/uploads\/2021\/05\/mcd.se408NB-220-H-3.jpg","type":"image\/jpeg"}],"twitter_card":"summary_large_image","schema":{"@context":"https:\/\/schema.org","@graph":[{"@type":"WebPage","@id":"https:\/\/mcd.se\/de\/product\/umformer-nb-220-h-ht\/","url":"https:\/\/mcd.se\/de\/product\/umformer-nb-220-h-ht\/","name":"UMFORMER NB 220 H\/HT - MCD","isPartOf":{"@id":"https:\/\/mcd.se\/#website"},"primaryImageOfPage":{"@id":"https:\/\/mcd.se\/de\/product\/umformer-nb-220-h-ht\/#primaryimage"},"image":{"@id":"https:\/\/mcd.se\/de\/product\/umformer-nb-220-h-ht\/#primaryimage"},"thumbnailUrl":"https:\/\/mcd.se\/wp-content\/uploads\/2021\/05\/mcd.se408NB-220-H-3.jpg","datePublished":"2022-09-22T11:46:11+00:00","description":"Der Messumformer NB 220 ist f\u00fcr \u00d6lprodukte, nicht f\u00fcr Fl\u00fcssigkeiten der Klasse 1.","breadcrumb":{"@id":"https:\/\/mcd.se\/de\/product\/umformer-nb-220-h-ht\/#breadcrumb"},"inLanguage":"de","potentialAction":[{"@type":"ReadAction","target":["https:\/\/mcd.se\/de\/product\/umformer-nb-220-h-ht\/"]}]},{"@type":"ImageObject","inLanguage":"de","@id":"https:\/\/mcd.se\/de\/product\/umformer-nb-220-h-ht\/#primaryimage","url":"https:\/\/mcd.se\/wp-content\/uploads\/2021\/05\/mcd.se408NB-220-H-3.jpg","contentUrl":"https:\/\/mcd.se\/wp-content\/uploads\/2021\/05\/mcd.se408NB-220-H-3.jpg","width":350,"height":292,"caption":"Fafnir Unformer NB 220"},{"@type":"BreadcrumbList","@id":"https:\/\/mcd.se\/de\/product\/umformer-nb-220-h-ht\/#breadcrumb","itemListElement":[{"@type":"ListItem","position":1,"name":"Hem","item":"https:\/\/mcd.se\/en\/"},{"@type":"ListItem","position":2,"name":"Product","item":"https:\/\/mcd.se\/de\/product\/"},{"@type":"ListItem","position":3,"name":"UMFORMER NB 220 H\/HT"}]},{"@type":"WebSite","@id":"https:\/\/mcd.se\/#website","url":"https:\/\/mcd.se\/","name":"MCD","description":"Niv\u00e5system f\u00f6r niv\u00e5m\u00e4tning &amp; niv\u00e5\u00f6vervakning i tankar","publisher":{"@id":"https:\/\/mcd.se\/#organization"},"potentialAction":[{"@type":"SearchAction","target":{"@type":"EntryPoint","urlTemplate":"https:\/\/mcd.se\/?s={search_term_string}"},"query-input":{"@type":"PropertyValueSpecification","valueRequired":true,"valueName":"search_term_string"}}],"inLanguage":"de"},{"@type":"Organization","@id":"https:\/\/mcd.se\/#organization","name":"Measure Connect Display AB","url":"https:\/\/mcd.se\/","logo":{"@type":"ImageObject","inLanguage":"de","@id":"https:\/\/mcd.se\/#\/schema\/logo\/image\/","url":"https:\/\/mcd.se\/wp-content\/uploads\/2021\/05\/logo-dark.png","contentUrl":"https:\/\/mcd.se\/wp-content\/uploads\/2021\/05\/logo-dark.png","width":137,"height":48,"caption":"Measure Connect Display AB"},"image":{"@id":"https:\/\/mcd.se\/#\/schema\/logo\/image\/"}}]}},"_links":{"self":[{"href":"https:\/\/mcd.se\/de\/wp-json\/wp\/v2\/product\/27962","targetHints":{"allow":["GET"]}}],"collection":[{"href":"https:\/\/mcd.se\/de\/wp-json\/wp\/v2\/product"}],"about":[{"href":"https:\/\/mcd.se\/de\/wp-json\/wp\/v2\/types\/product"}],"author":[{"embeddable":true,"href":"https:\/\/mcd.se\/de\/wp-json\/wp\/v2\/users\/1"}],"replies":[{"embeddable":true,"href":"https:\/\/mcd.se\/de\/wp-json\/wp\/v2\/comments?post=27962"}],"wp:featuredmedia":[{"embeddable":true,"href":"https:\/\/mcd.se\/de\/wp-json\/wp\/v2\/media\/27716"}],"wp:attachment":[{"href":"https:\/\/mcd.se\/de\/wp-json\/wp\/v2\/media?parent=27962"}],"wp:term":[{"taxonomy":"kategorier","embeddable":true,"href":"https:\/\/mcd.se\/de\/wp-json\/wp\/v2\/kategorier?post=27962"}],"curies":[{"name":"wp","href":"https:\/\/api.w.org\/{rel}","templated":true}]}}