{"id":27961,"date":"2022-09-22T13:43:39","date_gmt":"2022-09-22T11:43:39","guid":{"rendered":"https:\/\/mcd.se\/product\/stecker\/"},"modified":"2022-09-22T13:43:39","modified_gmt":"2022-09-22T11:43:39","slug":"stecker","status":"publish","type":"product","link":"https:\/\/mcd.se\/de\/product\/stecker\/","title":{"rendered":"STECKER"},"content":{"rendered":"<p>Der Stecker FAF 1907 wird an den F\u00fcllstandsverst\u00e4rker des Stra\u00dfentankwagens und den automatischen F\u00fcllstopp angeschlossen.<\/p>\n<p>Der Stecker FAF 1907 ist aus Messing gefertigt, um den harten Bedingungen und der rauen Umgebung in der \u00d6l- und Prozessindustrie standzuhalten. Diese Messingstopfen sind auch kodiert f\u00fcr verschiedene Produkte erh\u00e4ltlich.<\/p>\n","protected":false},"excerpt":{"rendered":"<p>Der Stecker FAF 1907 wird an den F\u00fcllstandsverst\u00e4rker des Stra\u00dfentankwagens und den automatischen F\u00fcllstopp angeschlossen. Der Stecker FAF 1907 ist aus Messing gefertigt, um den harten Bedingungen und der rauen Umgebung in der \u00d6l- und Prozessindustrie standzuhalten. Diese Messingstopfen sind auch kodiert f\u00fcr verschiedene Produkte erh\u00e4ltlich.<\/p>\n","protected":false},"author":1,"featured_media":27715,"parent":0,"menu_order":0,"comment_status":"open","ping_status":"closed","template":"","meta":{"_et_pb_use_builder":"","_et_pb_old_content":"","_et_gb_content_width":""},"kategorier":[43],"class_list":["post-27961","product","type-product","status-publish","has-post-thumbnail","hentry","kategorier-fafnir-de"],"yoast_head":"<!-- This site is optimized with the Yoast SEO plugin v25.8 - https:\/\/yoast.com\/wordpress\/plugins\/seo\/ -->\n<title>STECKER - MCD<\/title>\n<meta name=\"description\" content=\"Der Stecker FAF 1907 ist aus Messing gefertigt, um den harten Bedingungen und der rauen Umgebung in der \u00d6l- und Prozessindustrie standzuhalten. Diese Messingstopfen sind auch kodiert f\u00fcr verschiedene Produkte erh\u00e4ltlich.\" \/>\n<meta name=\"robots\" content=\"index, follow, max-snippet:-1, max-image-preview:large, max-video-preview:-1\" \/>\n<link rel=\"canonical\" href=\"https:\/\/mcd.se\/de\/product\/stecker\/\" \/>\n<meta property=\"og:locale\" content=\"de_DE\" \/>\n<meta property=\"og:type\" content=\"article\" \/>\n<meta property=\"og:title\" content=\"STECKER - MCD\" \/>\n<meta property=\"og:description\" content=\"Der Stecker FAF 1907 ist aus Messing gefertigt, um den harten Bedingungen und der rauen Umgebung in der \u00d6l- und Prozessindustrie standzuhalten. Diese Messingstopfen sind auch kodiert f\u00fcr verschiedene Produkte erh\u00e4ltlich.\" \/>\n<meta property=\"og:url\" content=\"https:\/\/mcd.se\/de\/product\/stecker\/\" \/>\n<meta property=\"og:site_name\" content=\"MCD\" \/>\n<meta property=\"og:image\" content=\"https:\/\/mcd.se\/wp-content\/uploads\/2021\/05\/mcd.se306Kontaktdon-1.jpg\" \/>\n\t<meta property=\"og:image:width\" content=\"350\" \/>\n\t<meta property=\"og:image:height\" content=\"292\" \/>\n\t<meta property=\"og:image:type\" content=\"image\/jpeg\" \/>\n<meta name=\"twitter:card\" content=\"summary_large_image\" \/>\n<script type=\"application\/ld+json\" class=\"yoast-schema-graph\">{\"@context\":\"https:\/\/schema.org\",\"@graph\":[{\"@type\":\"WebPage\",\"@id\":\"https:\/\/mcd.se\/de\/product\/stecker\/\",\"url\":\"https:\/\/mcd.se\/de\/product\/stecker\/\",\"name\":\"STECKER - MCD\",\"isPartOf\":{\"@id\":\"https:\/\/mcd.se\/#website\"},\"primaryImageOfPage\":{\"@id\":\"https:\/\/mcd.se\/de\/product\/stecker\/#primaryimage\"},\"image\":{\"@id\":\"https:\/\/mcd.se\/de\/product\/stecker\/#primaryimage\"},\"thumbnailUrl\":\"https:\/\/mcd.se\/wp-content\/uploads\/2021\/05\/mcd.se306Kontaktdon-1.jpg\",\"datePublished\":\"2022-09-22T11:43:39+00:00\",\"description\":\"Der Stecker FAF 1907 ist aus Messing gefertigt, um den harten Bedingungen und der rauen Umgebung in der \u00d6l- und Prozessindustrie standzuhalten. Diese Messingstopfen sind auch kodiert f\u00fcr verschiedene Produkte erh\u00e4ltlich.\",\"breadcrumb\":{\"@id\":\"https:\/\/mcd.se\/de\/product\/stecker\/#breadcrumb\"},\"inLanguage\":\"de\",\"potentialAction\":[{\"@type\":\"ReadAction\",\"target\":[\"https:\/\/mcd.se\/de\/product\/stecker\/\"]}]},{\"@type\":\"ImageObject\",\"inLanguage\":\"de\",\"@id\":\"https:\/\/mcd.se\/de\/product\/stecker\/#primaryimage\",\"url\":\"https:\/\/mcd.se\/wp-content\/uploads\/2021\/05\/mcd.se306Kontaktdon-1.jpg\",\"contentUrl\":\"https:\/\/mcd.se\/wp-content\/uploads\/2021\/05\/mcd.se306Kontaktdon-1.jpg\",\"width\":350,\"height\":292,\"caption\":\"Fafnir Stecker Messing FAF 1907\"},{\"@type\":\"BreadcrumbList\",\"@id\":\"https:\/\/mcd.se\/de\/product\/stecker\/#breadcrumb\",\"itemListElement\":[{\"@type\":\"ListItem\",\"position\":1,\"name\":\"Hem\",\"item\":\"https:\/\/mcd.se\/en\/\"},{\"@type\":\"ListItem\",\"position\":2,\"name\":\"Product\",\"item\":\"https:\/\/mcd.se\/de\/product\/\"},{\"@type\":\"ListItem\",\"position\":3,\"name\":\"STECKER\"}]},{\"@type\":\"WebSite\",\"@id\":\"https:\/\/mcd.se\/#website\",\"url\":\"https:\/\/mcd.se\/\",\"name\":\"MCD\",\"description\":\"Niv\u00e5system f\u00f6r niv\u00e5m\u00e4tning &amp; niv\u00e5\u00f6vervakning i tankar\",\"publisher\":{\"@id\":\"https:\/\/mcd.se\/#organization\"},\"potentialAction\":[{\"@type\":\"SearchAction\",\"target\":{\"@type\":\"EntryPoint\",\"urlTemplate\":\"https:\/\/mcd.se\/?s={search_term_string}\"},\"query-input\":{\"@type\":\"PropertyValueSpecification\",\"valueRequired\":true,\"valueName\":\"search_term_string\"}}],\"inLanguage\":\"de\"},{\"@type\":\"Organization\",\"@id\":\"https:\/\/mcd.se\/#organization\",\"name\":\"Measure Connect Display AB\",\"url\":\"https:\/\/mcd.se\/\",\"logo\":{\"@type\":\"ImageObject\",\"inLanguage\":\"de\",\"@id\":\"https:\/\/mcd.se\/#\/schema\/logo\/image\/\",\"url\":\"https:\/\/mcd.se\/wp-content\/uploads\/2021\/05\/logo-dark.png\",\"contentUrl\":\"https:\/\/mcd.se\/wp-content\/uploads\/2021\/05\/logo-dark.png\",\"width\":137,\"height\":48,\"caption\":\"Measure Connect Display AB\"},\"image\":{\"@id\":\"https:\/\/mcd.se\/#\/schema\/logo\/image\/\"}}]}<\/script>\n<!-- \/ Yoast SEO plugin. -->","yoast_head_json":{"title":"STECKER - MCD","description":"Der Stecker FAF 1907 ist aus Messing gefertigt, um den harten Bedingungen und der rauen Umgebung in der \u00d6l- und Prozessindustrie standzuhalten. Diese Messingstopfen sind auch kodiert f\u00fcr verschiedene Produkte erh\u00e4ltlich.","robots":{"index":"index","follow":"follow","max-snippet":"max-snippet:-1","max-image-preview":"max-image-preview:large","max-video-preview":"max-video-preview:-1"},"canonical":"https:\/\/mcd.se\/de\/product\/stecker\/","og_locale":"de_DE","og_type":"article","og_title":"STECKER - MCD","og_description":"Der Stecker FAF 1907 ist aus Messing gefertigt, um den harten Bedingungen und der rauen Umgebung in der \u00d6l- und Prozessindustrie standzuhalten. Diese Messingstopfen sind auch kodiert f\u00fcr verschiedene Produkte erh\u00e4ltlich.","og_url":"https:\/\/mcd.se\/de\/product\/stecker\/","og_site_name":"MCD","og_image":[{"width":350,"height":292,"url":"https:\/\/mcd.se\/wp-content\/uploads\/2021\/05\/mcd.se306Kontaktdon-1.jpg","type":"image\/jpeg"}],"twitter_card":"summary_large_image","schema":{"@context":"https:\/\/schema.org","@graph":[{"@type":"WebPage","@id":"https:\/\/mcd.se\/de\/product\/stecker\/","url":"https:\/\/mcd.se\/de\/product\/stecker\/","name":"STECKER - MCD","isPartOf":{"@id":"https:\/\/mcd.se\/#website"},"primaryImageOfPage":{"@id":"https:\/\/mcd.se\/de\/product\/stecker\/#primaryimage"},"image":{"@id":"https:\/\/mcd.se\/de\/product\/stecker\/#primaryimage"},"thumbnailUrl":"https:\/\/mcd.se\/wp-content\/uploads\/2021\/05\/mcd.se306Kontaktdon-1.jpg","datePublished":"2022-09-22T11:43:39+00:00","description":"Der Stecker FAF 1907 ist aus Messing gefertigt, um den harten Bedingungen und der rauen Umgebung in der \u00d6l- und Prozessindustrie standzuhalten. Diese Messingstopfen sind auch kodiert f\u00fcr verschiedene Produkte erh\u00e4ltlich.","breadcrumb":{"@id":"https:\/\/mcd.se\/de\/product\/stecker\/#breadcrumb"},"inLanguage":"de","potentialAction":[{"@type":"ReadAction","target":["https:\/\/mcd.se\/de\/product\/stecker\/"]}]},{"@type":"ImageObject","inLanguage":"de","@id":"https:\/\/mcd.se\/de\/product\/stecker\/#primaryimage","url":"https:\/\/mcd.se\/wp-content\/uploads\/2021\/05\/mcd.se306Kontaktdon-1.jpg","contentUrl":"https:\/\/mcd.se\/wp-content\/uploads\/2021\/05\/mcd.se306Kontaktdon-1.jpg","width":350,"height":292,"caption":"Fafnir Stecker Messing FAF 1907"},{"@type":"BreadcrumbList","@id":"https:\/\/mcd.se\/de\/product\/stecker\/#breadcrumb","itemListElement":[{"@type":"ListItem","position":1,"name":"Hem","item":"https:\/\/mcd.se\/en\/"},{"@type":"ListItem","position":2,"name":"Product","item":"https:\/\/mcd.se\/de\/product\/"},{"@type":"ListItem","position":3,"name":"STECKER"}]},{"@type":"WebSite","@id":"https:\/\/mcd.se\/#website","url":"https:\/\/mcd.se\/","name":"MCD","description":"Niv\u00e5system f\u00f6r niv\u00e5m\u00e4tning &amp; niv\u00e5\u00f6vervakning i tankar","publisher":{"@id":"https:\/\/mcd.se\/#organization"},"potentialAction":[{"@type":"SearchAction","target":{"@type":"EntryPoint","urlTemplate":"https:\/\/mcd.se\/?s={search_term_string}"},"query-input":{"@type":"PropertyValueSpecification","valueRequired":true,"valueName":"search_term_string"}}],"inLanguage":"de"},{"@type":"Organization","@id":"https:\/\/mcd.se\/#organization","name":"Measure Connect Display AB","url":"https:\/\/mcd.se\/","logo":{"@type":"ImageObject","inLanguage":"de","@id":"https:\/\/mcd.se\/#\/schema\/logo\/image\/","url":"https:\/\/mcd.se\/wp-content\/uploads\/2021\/05\/logo-dark.png","contentUrl":"https:\/\/mcd.se\/wp-content\/uploads\/2021\/05\/logo-dark.png","width":137,"height":48,"caption":"Measure Connect Display AB"},"image":{"@id":"https:\/\/mcd.se\/#\/schema\/logo\/image\/"}}]}},"_links":{"self":[{"href":"https:\/\/mcd.se\/de\/wp-json\/wp\/v2\/product\/27961","targetHints":{"allow":["GET"]}}],"collection":[{"href":"https:\/\/mcd.se\/de\/wp-json\/wp\/v2\/product"}],"about":[{"href":"https:\/\/mcd.se\/de\/wp-json\/wp\/v2\/types\/product"}],"author":[{"embeddable":true,"href":"https:\/\/mcd.se\/de\/wp-json\/wp\/v2\/users\/1"}],"replies":[{"embeddable":true,"href":"https:\/\/mcd.se\/de\/wp-json\/wp\/v2\/comments?post=27961"}],"wp:featuredmedia":[{"embeddable":true,"href":"https:\/\/mcd.se\/de\/wp-json\/wp\/v2\/media\/27715"}],"wp:attachment":[{"href":"https:\/\/mcd.se\/de\/wp-json\/wp\/v2\/media?parent=27961"}],"wp:term":[{"taxonomy":"kategorier","embeddable":true,"href":"https:\/\/mcd.se\/de\/wp-json\/wp\/v2\/kategorier?post=27961"}],"curies":[{"name":"wp","href":"https:\/\/api.w.org\/{rel}","templated":true}]}}