{"id":27960,"date":"2022-09-22T13:39:24","date_gmt":"2022-09-22T11:39:24","guid":{"rendered":"https:\/\/mcd.se\/product\/ueberfuellsicherungssensor\/"},"modified":"2022-09-22T13:39:24","modified_gmt":"2022-09-22T11:39:24","slug":"ueberfuellsicherungssensor","status":"publish","type":"product","link":"https:\/\/mcd.se\/de\/product\/ueberfuellsicherungssensor\/","title":{"rendered":"\u00dcBERF\u00dcLLSICHERUNGSSENSOR"},"content":{"rendered":"<p>Thermistor f\u00fcr \u00dcberf\u00fcllsicherung oder Hoch-\/Tiefalarm. Der Sensor ist gleitend, um das Alarmniveau genau einstellen zu k\u00f6nnen. Der 83-UV ist f\u00fcr den Einsatz in explosionsgef\u00e4hrdeten Umgebungen zugelassen.<\/p>\n<p>Die Thermistoren k\u00f6nnen auf Wunsch in Sonderl\u00e4ngen bestellt werden.<\/p>\n<p>ATEX-Zulassung: TUV 03 ATEX 2033<\/p>\n<p>Werkstoff: S\u00e4urebest\u00e4ndiger Stahl\/Messing, aber auch komplett in Edelstahl erh\u00e4ltlich<\/p>\n","protected":false},"excerpt":{"rendered":"<p>Thermistor f\u00fcr \u00dcberf\u00fcllsicherung oder Hoch-\/Tiefalarm. Der Sensor ist gleitend, um das Alarmniveau genau einstellen zu k\u00f6nnen. Der 83-UV ist f\u00fcr den Einsatz in explosionsgef\u00e4hrdeten Umgebungen zugelassen. Die Thermistoren k\u00f6nnen auf Wunsch in Sonderl\u00e4ngen bestellt werden. ATEX-Zulassung: TUV 03 ATEX 2033 Werkstoff: S\u00e4urebest\u00e4ndiger Stahl\/Messing, aber auch komplett in Edelstahl erh\u00e4ltlich<\/p>\n","protected":false},"author":1,"featured_media":27713,"parent":0,"menu_order":0,"comment_status":"open","ping_status":"closed","template":"","meta":{"_et_pb_use_builder":"on","_et_pb_old_content":"","_et_gb_content_width":""},"kategorier":[43],"class_list":["post-27960","product","type-product","status-publish","has-post-thumbnail","hentry","kategorier-fafnir-de"],"yoast_head":"<!-- This site is optimized with the Yoast SEO plugin v25.8 - https:\/\/yoast.com\/wordpress\/plugins\/seo\/ -->\n<title>\u00dcBERF\u00dcLLSICHERUNGSSENSOR - MCD<\/title>\n<meta name=\"description\" content=\"Thermistor f\u00fcr \u00dcberf\u00fcllsicherung oder Hoch-\/Tiefalarm. Der Sensor ist gleitend, um das Alarmniveau genau einstellen zu k\u00f6nnen.\" \/>\n<meta name=\"robots\" content=\"index, follow, max-snippet:-1, max-image-preview:large, max-video-preview:-1\" \/>\n<link rel=\"canonical\" href=\"https:\/\/mcd.se\/de\/product\/ueberfuellsicherungssensor\/\" \/>\n<meta property=\"og:locale\" content=\"de_DE\" \/>\n<meta property=\"og:type\" content=\"article\" \/>\n<meta property=\"og:title\" content=\"\u00dcBERF\u00dcLLSICHERUNGSSENSOR - MCD\" \/>\n<meta property=\"og:description\" content=\"Thermistor f\u00fcr \u00dcberf\u00fcllsicherung oder Hoch-\/Tiefalarm. Der Sensor ist gleitend, um das Alarmniveau genau einstellen zu k\u00f6nnen.\" \/>\n<meta property=\"og:url\" content=\"https:\/\/mcd.se\/de\/product\/ueberfuellsicherungssensor\/\" \/>\n<meta property=\"og:site_name\" content=\"MCD\" \/>\n<meta property=\"og:image\" content=\"https:\/\/mcd.se\/wp-content\/uploads\/2021\/05\/mcd.se191GWG-83UV-3.jpg\" \/>\n\t<meta property=\"og:image:width\" content=\"350\" \/>\n\t<meta property=\"og:image:height\" content=\"292\" \/>\n\t<meta property=\"og:image:type\" content=\"image\/jpeg\" \/>\n<meta name=\"twitter:card\" content=\"summary_large_image\" \/>\n<script type=\"application\/ld+json\" class=\"yoast-schema-graph\">{\"@context\":\"https:\/\/schema.org\",\"@graph\":[{\"@type\":\"WebPage\",\"@id\":\"https:\/\/mcd.se\/de\/product\/ueberfuellsicherungssensor\/\",\"url\":\"https:\/\/mcd.se\/de\/product\/ueberfuellsicherungssensor\/\",\"name\":\"\u00dcBERF\u00dcLLSICHERUNGSSENSOR - MCD\",\"isPartOf\":{\"@id\":\"https:\/\/mcd.se\/#website\"},\"primaryImageOfPage\":{\"@id\":\"https:\/\/mcd.se\/de\/product\/ueberfuellsicherungssensor\/#primaryimage\"},\"image\":{\"@id\":\"https:\/\/mcd.se\/de\/product\/ueberfuellsicherungssensor\/#primaryimage\"},\"thumbnailUrl\":\"https:\/\/mcd.se\/wp-content\/uploads\/2021\/05\/mcd.se191GWG-83UV-3.jpg\",\"datePublished\":\"2022-09-22T11:39:24+00:00\",\"description\":\"Thermistor f\u00fcr \u00dcberf\u00fcllsicherung oder Hoch-\/Tiefalarm. Der Sensor ist gleitend, um das Alarmniveau genau einstellen zu k\u00f6nnen.\",\"breadcrumb\":{\"@id\":\"https:\/\/mcd.se\/de\/product\/ueberfuellsicherungssensor\/#breadcrumb\"},\"inLanguage\":\"de\",\"potentialAction\":[{\"@type\":\"ReadAction\",\"target\":[\"https:\/\/mcd.se\/de\/product\/ueberfuellsicherungssensor\/\"]}]},{\"@type\":\"ImageObject\",\"inLanguage\":\"de\",\"@id\":\"https:\/\/mcd.se\/de\/product\/ueberfuellsicherungssensor\/#primaryimage\",\"url\":\"https:\/\/mcd.se\/wp-content\/uploads\/2021\/05\/mcd.se191GWG-83UV-3.jpg\",\"contentUrl\":\"https:\/\/mcd.se\/wp-content\/uploads\/2021\/05\/mcd.se191GWG-83UV-3.jpg\",\"width\":350,\"height\":292,\"caption\":\"Fafnir Thermistor f\u00fcr \u00dcberf\u00fcllsicherung\"},{\"@type\":\"BreadcrumbList\",\"@id\":\"https:\/\/mcd.se\/de\/product\/ueberfuellsicherungssensor\/#breadcrumb\",\"itemListElement\":[{\"@type\":\"ListItem\",\"position\":1,\"name\":\"Hem\",\"item\":\"https:\/\/mcd.se\/en\/\"},{\"@type\":\"ListItem\",\"position\":2,\"name\":\"Product\",\"item\":\"https:\/\/mcd.se\/de\/product\/\"},{\"@type\":\"ListItem\",\"position\":3,\"name\":\"\u00dcBERF\u00dcLLSICHERUNGSSENSOR\"}]},{\"@type\":\"WebSite\",\"@id\":\"https:\/\/mcd.se\/#website\",\"url\":\"https:\/\/mcd.se\/\",\"name\":\"MCD\",\"description\":\"Niv\u00e5system f\u00f6r niv\u00e5m\u00e4tning &amp; niv\u00e5\u00f6vervakning i tankar\",\"publisher\":{\"@id\":\"https:\/\/mcd.se\/#organization\"},\"potentialAction\":[{\"@type\":\"SearchAction\",\"target\":{\"@type\":\"EntryPoint\",\"urlTemplate\":\"https:\/\/mcd.se\/?s={search_term_string}\"},\"query-input\":{\"@type\":\"PropertyValueSpecification\",\"valueRequired\":true,\"valueName\":\"search_term_string\"}}],\"inLanguage\":\"de\"},{\"@type\":\"Organization\",\"@id\":\"https:\/\/mcd.se\/#organization\",\"name\":\"Measure Connect Display AB\",\"url\":\"https:\/\/mcd.se\/\",\"logo\":{\"@type\":\"ImageObject\",\"inLanguage\":\"de\",\"@id\":\"https:\/\/mcd.se\/#\/schema\/logo\/image\/\",\"url\":\"https:\/\/mcd.se\/wp-content\/uploads\/2021\/05\/logo-dark.png\",\"contentUrl\":\"https:\/\/mcd.se\/wp-content\/uploads\/2021\/05\/logo-dark.png\",\"width\":137,\"height\":48,\"caption\":\"Measure Connect Display AB\"},\"image\":{\"@id\":\"https:\/\/mcd.se\/#\/schema\/logo\/image\/\"}}]}<\/script>\n<!-- \/ Yoast SEO plugin. -->","yoast_head_json":{"title":"\u00dcBERF\u00dcLLSICHERUNGSSENSOR - MCD","description":"Thermistor f\u00fcr \u00dcberf\u00fcllsicherung oder Hoch-\/Tiefalarm. Der Sensor ist gleitend, um das Alarmniveau genau einstellen zu k\u00f6nnen.","robots":{"index":"index","follow":"follow","max-snippet":"max-snippet:-1","max-image-preview":"max-image-preview:large","max-video-preview":"max-video-preview:-1"},"canonical":"https:\/\/mcd.se\/de\/product\/ueberfuellsicherungssensor\/","og_locale":"de_DE","og_type":"article","og_title":"\u00dcBERF\u00dcLLSICHERUNGSSENSOR - MCD","og_description":"Thermistor f\u00fcr \u00dcberf\u00fcllsicherung oder Hoch-\/Tiefalarm. Der Sensor ist gleitend, um das Alarmniveau genau einstellen zu k\u00f6nnen.","og_url":"https:\/\/mcd.se\/de\/product\/ueberfuellsicherungssensor\/","og_site_name":"MCD","og_image":[{"width":350,"height":292,"url":"https:\/\/mcd.se\/wp-content\/uploads\/2021\/05\/mcd.se191GWG-83UV-3.jpg","type":"image\/jpeg"}],"twitter_card":"summary_large_image","schema":{"@context":"https:\/\/schema.org","@graph":[{"@type":"WebPage","@id":"https:\/\/mcd.se\/de\/product\/ueberfuellsicherungssensor\/","url":"https:\/\/mcd.se\/de\/product\/ueberfuellsicherungssensor\/","name":"\u00dcBERF\u00dcLLSICHERUNGSSENSOR - MCD","isPartOf":{"@id":"https:\/\/mcd.se\/#website"},"primaryImageOfPage":{"@id":"https:\/\/mcd.se\/de\/product\/ueberfuellsicherungssensor\/#primaryimage"},"image":{"@id":"https:\/\/mcd.se\/de\/product\/ueberfuellsicherungssensor\/#primaryimage"},"thumbnailUrl":"https:\/\/mcd.se\/wp-content\/uploads\/2021\/05\/mcd.se191GWG-83UV-3.jpg","datePublished":"2022-09-22T11:39:24+00:00","description":"Thermistor f\u00fcr \u00dcberf\u00fcllsicherung oder Hoch-\/Tiefalarm. Der Sensor ist gleitend, um das Alarmniveau genau einstellen zu k\u00f6nnen.","breadcrumb":{"@id":"https:\/\/mcd.se\/de\/product\/ueberfuellsicherungssensor\/#breadcrumb"},"inLanguage":"de","potentialAction":[{"@type":"ReadAction","target":["https:\/\/mcd.se\/de\/product\/ueberfuellsicherungssensor\/"]}]},{"@type":"ImageObject","inLanguage":"de","@id":"https:\/\/mcd.se\/de\/product\/ueberfuellsicherungssensor\/#primaryimage","url":"https:\/\/mcd.se\/wp-content\/uploads\/2021\/05\/mcd.se191GWG-83UV-3.jpg","contentUrl":"https:\/\/mcd.se\/wp-content\/uploads\/2021\/05\/mcd.se191GWG-83UV-3.jpg","width":350,"height":292,"caption":"Fafnir Thermistor f\u00fcr \u00dcberf\u00fcllsicherung"},{"@type":"BreadcrumbList","@id":"https:\/\/mcd.se\/de\/product\/ueberfuellsicherungssensor\/#breadcrumb","itemListElement":[{"@type":"ListItem","position":1,"name":"Hem","item":"https:\/\/mcd.se\/en\/"},{"@type":"ListItem","position":2,"name":"Product","item":"https:\/\/mcd.se\/de\/product\/"},{"@type":"ListItem","position":3,"name":"\u00dcBERF\u00dcLLSICHERUNGSSENSOR"}]},{"@type":"WebSite","@id":"https:\/\/mcd.se\/#website","url":"https:\/\/mcd.se\/","name":"MCD","description":"Niv\u00e5system f\u00f6r niv\u00e5m\u00e4tning &amp; niv\u00e5\u00f6vervakning i tankar","publisher":{"@id":"https:\/\/mcd.se\/#organization"},"potentialAction":[{"@type":"SearchAction","target":{"@type":"EntryPoint","urlTemplate":"https:\/\/mcd.se\/?s={search_term_string}"},"query-input":{"@type":"PropertyValueSpecification","valueRequired":true,"valueName":"search_term_string"}}],"inLanguage":"de"},{"@type":"Organization","@id":"https:\/\/mcd.se\/#organization","name":"Measure Connect Display AB","url":"https:\/\/mcd.se\/","logo":{"@type":"ImageObject","inLanguage":"de","@id":"https:\/\/mcd.se\/#\/schema\/logo\/image\/","url":"https:\/\/mcd.se\/wp-content\/uploads\/2021\/05\/logo-dark.png","contentUrl":"https:\/\/mcd.se\/wp-content\/uploads\/2021\/05\/logo-dark.png","width":137,"height":48,"caption":"Measure Connect Display AB"},"image":{"@id":"https:\/\/mcd.se\/#\/schema\/logo\/image\/"}}]}},"_links":{"self":[{"href":"https:\/\/mcd.se\/de\/wp-json\/wp\/v2\/product\/27960","targetHints":{"allow":["GET"]}}],"collection":[{"href":"https:\/\/mcd.se\/de\/wp-json\/wp\/v2\/product"}],"about":[{"href":"https:\/\/mcd.se\/de\/wp-json\/wp\/v2\/types\/product"}],"author":[{"embeddable":true,"href":"https:\/\/mcd.se\/de\/wp-json\/wp\/v2\/users\/1"}],"replies":[{"embeddable":true,"href":"https:\/\/mcd.se\/de\/wp-json\/wp\/v2\/comments?post=27960"}],"wp:featuredmedia":[{"embeddable":true,"href":"https:\/\/mcd.se\/de\/wp-json\/wp\/v2\/media\/27713"}],"wp:attachment":[{"href":"https:\/\/mcd.se\/de\/wp-json\/wp\/v2\/media?parent=27960"}],"wp:term":[{"taxonomy":"kategorier","embeddable":true,"href":"https:\/\/mcd.se\/de\/wp-json\/wp\/v2\/kategorier?post=27960"}],"curies":[{"name":"wp","href":"https:\/\/api.w.org\/{rel}","templated":true}]}}