{"id":27959,"date":"2022-09-22T13:35:14","date_gmt":"2022-09-22T11:35:14","guid":{"rendered":"https:\/\/mcd.se\/product\/oelabscheider-alarm-separix-ii\/"},"modified":"2022-09-22T13:35:14","modified_gmt":"2022-09-22T11:35:14","slug":"oelabscheider-alarm-separix-ii","status":"publish","type":"product","link":"https:\/\/mcd.se\/de\/product\/oelabscheider-alarm-separix-ii\/","title":{"rendered":"\u00d6LABSCHEIDER-ALARM, SEPARIX II"},"content":{"rendered":"<p>Der \u00d6labscheideralarm SEPARIX II passt zu allen auf dem Markt befindlichen Abscheidern. Der Sensor, der im Wasser des Abscheiders h\u00e4ngen muss, erkennt den Unterschied zwischen Wasser und \u00d6l\/Fett. Wenn eine dicke \u00d6lschicht erreicht wird, muss der Abscheider entleert werden.<\/p>\n<p>Der \u00d6labscheideralarm SEPARIX II kann auch einen Alarm auf hohem Niveau ausl\u00f6sen. Mehrere neue Typen von \u00d6labscheidern schalten den Abfluss automatisch ab, weshalb auch ein F\u00fcllstandssensor erforderlich ist.<\/p>\n<p>SEPARIX II ist ein kompletter Alarm mit optischem und akustischem Alarm sowie einem potentialfreien Relaiskontakt als Ausgang.<\/p>\n","protected":false},"excerpt":{"rendered":"<p>Der \u00d6labscheideralarm SEPARIX II passt zu allen auf dem Markt befindlichen Abscheidern. Der Sensor, der im Wasser des Abscheiders h\u00e4ngen muss, erkennt den Unterschied zwischen Wasser und \u00d6l\/Fett. Wenn eine dicke \u00d6lschicht erreicht wird, muss der Abscheider entleert werden. Der \u00d6labscheideralarm SEPARIX II kann auch einen Alarm auf hohem Niveau ausl\u00f6sen. Mehrere neue Typen von [&hellip;]<\/p>\n","protected":false},"author":1,"featured_media":27718,"parent":0,"menu_order":0,"comment_status":"open","ping_status":"closed","template":"","meta":{"_et_pb_use_builder":"","_et_pb_old_content":"","_et_gb_content_width":""},"kategorier":[43],"class_list":["post-27959","product","type-product","status-publish","has-post-thumbnail","hentry","kategorier-fafnir-de"],"yoast_head":"<!-- This site is optimized with the Yoast SEO plugin v25.8 - https:\/\/yoast.com\/wordpress\/plugins\/seo\/ -->\n<title>\u00d6LABSCHEIDER-ALARM, SEPARIX II - MCD<\/title>\n<meta name=\"description\" content=\"Der \u00d6labscheideralarm SEPARIX II passt zu allen auf dem Markt befindlichen Abscheidern.\" \/>\n<meta name=\"robots\" content=\"index, follow, max-snippet:-1, max-image-preview:large, max-video-preview:-1\" \/>\n<link rel=\"canonical\" href=\"https:\/\/mcd.se\/de\/product\/oelabscheider-alarm-separix-ii\/\" \/>\n<meta property=\"og:locale\" content=\"de_DE\" \/>\n<meta property=\"og:type\" content=\"article\" \/>\n<meta property=\"og:title\" content=\"\u00d6LABSCHEIDER-ALARM, SEPARIX II - MCD\" \/>\n<meta property=\"og:description\" content=\"Der \u00d6labscheideralarm SEPARIX II passt zu allen auf dem Markt befindlichen Abscheidern.\" \/>\n<meta property=\"og:url\" content=\"https:\/\/mcd.se\/de\/product\/oelabscheider-alarm-separix-ii\/\" \/>\n<meta property=\"og:site_name\" content=\"MCD\" \/>\n<meta property=\"og:image\" content=\"https:\/\/mcd.se\/wp-content\/uploads\/2021\/05\/SEPARIX-CT-L-Plus-Set-1.jpg\" \/>\n\t<meta property=\"og:image:width\" content=\"350\" \/>\n\t<meta property=\"og:image:height\" content=\"292\" \/>\n\t<meta property=\"og:image:type\" content=\"image\/jpeg\" \/>\n<meta name=\"twitter:card\" content=\"summary_large_image\" \/>\n<script type=\"application\/ld+json\" class=\"yoast-schema-graph\">{\"@context\":\"https:\/\/schema.org\",\"@graph\":[{\"@type\":\"WebPage\",\"@id\":\"https:\/\/mcd.se\/de\/product\/oelabscheider-alarm-separix-ii\/\",\"url\":\"https:\/\/mcd.se\/de\/product\/oelabscheider-alarm-separix-ii\/\",\"name\":\"\u00d6LABSCHEIDER-ALARM, SEPARIX II - MCD\",\"isPartOf\":{\"@id\":\"https:\/\/mcd.se\/#website\"},\"primaryImageOfPage\":{\"@id\":\"https:\/\/mcd.se\/de\/product\/oelabscheider-alarm-separix-ii\/#primaryimage\"},\"image\":{\"@id\":\"https:\/\/mcd.se\/de\/product\/oelabscheider-alarm-separix-ii\/#primaryimage\"},\"thumbnailUrl\":\"https:\/\/mcd.se\/wp-content\/uploads\/2021\/05\/SEPARIX-CT-L-Plus-Set-1.jpg\",\"datePublished\":\"2022-09-22T11:35:14+00:00\",\"description\":\"Der \u00d6labscheideralarm SEPARIX II passt zu allen auf dem Markt befindlichen Abscheidern.\",\"breadcrumb\":{\"@id\":\"https:\/\/mcd.se\/de\/product\/oelabscheider-alarm-separix-ii\/#breadcrumb\"},\"inLanguage\":\"de\",\"potentialAction\":[{\"@type\":\"ReadAction\",\"target\":[\"https:\/\/mcd.se\/de\/product\/oelabscheider-alarm-separix-ii\/\"]}]},{\"@type\":\"ImageObject\",\"inLanguage\":\"de\",\"@id\":\"https:\/\/mcd.se\/de\/product\/oelabscheider-alarm-separix-ii\/#primaryimage\",\"url\":\"https:\/\/mcd.se\/wp-content\/uploads\/2021\/05\/SEPARIX-CT-L-Plus-Set-1.jpg\",\"contentUrl\":\"https:\/\/mcd.se\/wp-content\/uploads\/2021\/05\/SEPARIX-CT-L-Plus-Set-1.jpg\",\"width\":350,\"height\":292,\"caption\":\"Fafnir \u00d6labscheideralarm SEPARIX II\"},{\"@type\":\"BreadcrumbList\",\"@id\":\"https:\/\/mcd.se\/de\/product\/oelabscheider-alarm-separix-ii\/#breadcrumb\",\"itemListElement\":[{\"@type\":\"ListItem\",\"position\":1,\"name\":\"Hem\",\"item\":\"https:\/\/mcd.se\/en\/\"},{\"@type\":\"ListItem\",\"position\":2,\"name\":\"Product\",\"item\":\"https:\/\/mcd.se\/de\/product\/\"},{\"@type\":\"ListItem\",\"position\":3,\"name\":\"\u00d6LABSCHEIDER-ALARM, SEPARIX II\"}]},{\"@type\":\"WebSite\",\"@id\":\"https:\/\/mcd.se\/#website\",\"url\":\"https:\/\/mcd.se\/\",\"name\":\"MCD\",\"description\":\"Niv\u00e5system f\u00f6r niv\u00e5m\u00e4tning &amp; niv\u00e5\u00f6vervakning i tankar\",\"publisher\":{\"@id\":\"https:\/\/mcd.se\/#organization\"},\"potentialAction\":[{\"@type\":\"SearchAction\",\"target\":{\"@type\":\"EntryPoint\",\"urlTemplate\":\"https:\/\/mcd.se\/?s={search_term_string}\"},\"query-input\":{\"@type\":\"PropertyValueSpecification\",\"valueRequired\":true,\"valueName\":\"search_term_string\"}}],\"inLanguage\":\"de\"},{\"@type\":\"Organization\",\"@id\":\"https:\/\/mcd.se\/#organization\",\"name\":\"Measure Connect Display AB\",\"url\":\"https:\/\/mcd.se\/\",\"logo\":{\"@type\":\"ImageObject\",\"inLanguage\":\"de\",\"@id\":\"https:\/\/mcd.se\/#\/schema\/logo\/image\/\",\"url\":\"https:\/\/mcd.se\/wp-content\/uploads\/2021\/05\/logo-dark.png\",\"contentUrl\":\"https:\/\/mcd.se\/wp-content\/uploads\/2021\/05\/logo-dark.png\",\"width\":137,\"height\":48,\"caption\":\"Measure Connect Display AB\"},\"image\":{\"@id\":\"https:\/\/mcd.se\/#\/schema\/logo\/image\/\"}}]}<\/script>\n<!-- \/ Yoast SEO plugin. -->","yoast_head_json":{"title":"\u00d6LABSCHEIDER-ALARM, SEPARIX II - MCD","description":"Der \u00d6labscheideralarm SEPARIX II passt zu allen auf dem Markt befindlichen Abscheidern.","robots":{"index":"index","follow":"follow","max-snippet":"max-snippet:-1","max-image-preview":"max-image-preview:large","max-video-preview":"max-video-preview:-1"},"canonical":"https:\/\/mcd.se\/de\/product\/oelabscheider-alarm-separix-ii\/","og_locale":"de_DE","og_type":"article","og_title":"\u00d6LABSCHEIDER-ALARM, SEPARIX II - MCD","og_description":"Der \u00d6labscheideralarm SEPARIX II passt zu allen auf dem Markt befindlichen Abscheidern.","og_url":"https:\/\/mcd.se\/de\/product\/oelabscheider-alarm-separix-ii\/","og_site_name":"MCD","og_image":[{"width":350,"height":292,"url":"https:\/\/mcd.se\/wp-content\/uploads\/2021\/05\/SEPARIX-CT-L-Plus-Set-1.jpg","type":"image\/jpeg"}],"twitter_card":"summary_large_image","schema":{"@context":"https:\/\/schema.org","@graph":[{"@type":"WebPage","@id":"https:\/\/mcd.se\/de\/product\/oelabscheider-alarm-separix-ii\/","url":"https:\/\/mcd.se\/de\/product\/oelabscheider-alarm-separix-ii\/","name":"\u00d6LABSCHEIDER-ALARM, SEPARIX II - MCD","isPartOf":{"@id":"https:\/\/mcd.se\/#website"},"primaryImageOfPage":{"@id":"https:\/\/mcd.se\/de\/product\/oelabscheider-alarm-separix-ii\/#primaryimage"},"image":{"@id":"https:\/\/mcd.se\/de\/product\/oelabscheider-alarm-separix-ii\/#primaryimage"},"thumbnailUrl":"https:\/\/mcd.se\/wp-content\/uploads\/2021\/05\/SEPARIX-CT-L-Plus-Set-1.jpg","datePublished":"2022-09-22T11:35:14+00:00","description":"Der \u00d6labscheideralarm SEPARIX II passt zu allen auf dem Markt befindlichen Abscheidern.","breadcrumb":{"@id":"https:\/\/mcd.se\/de\/product\/oelabscheider-alarm-separix-ii\/#breadcrumb"},"inLanguage":"de","potentialAction":[{"@type":"ReadAction","target":["https:\/\/mcd.se\/de\/product\/oelabscheider-alarm-separix-ii\/"]}]},{"@type":"ImageObject","inLanguage":"de","@id":"https:\/\/mcd.se\/de\/product\/oelabscheider-alarm-separix-ii\/#primaryimage","url":"https:\/\/mcd.se\/wp-content\/uploads\/2021\/05\/SEPARIX-CT-L-Plus-Set-1.jpg","contentUrl":"https:\/\/mcd.se\/wp-content\/uploads\/2021\/05\/SEPARIX-CT-L-Plus-Set-1.jpg","width":350,"height":292,"caption":"Fafnir \u00d6labscheideralarm SEPARIX II"},{"@type":"BreadcrumbList","@id":"https:\/\/mcd.se\/de\/product\/oelabscheider-alarm-separix-ii\/#breadcrumb","itemListElement":[{"@type":"ListItem","position":1,"name":"Hem","item":"https:\/\/mcd.se\/en\/"},{"@type":"ListItem","position":2,"name":"Product","item":"https:\/\/mcd.se\/de\/product\/"},{"@type":"ListItem","position":3,"name":"\u00d6LABSCHEIDER-ALARM, SEPARIX II"}]},{"@type":"WebSite","@id":"https:\/\/mcd.se\/#website","url":"https:\/\/mcd.se\/","name":"MCD","description":"Niv\u00e5system f\u00f6r niv\u00e5m\u00e4tning &amp; niv\u00e5\u00f6vervakning i tankar","publisher":{"@id":"https:\/\/mcd.se\/#organization"},"potentialAction":[{"@type":"SearchAction","target":{"@type":"EntryPoint","urlTemplate":"https:\/\/mcd.se\/?s={search_term_string}"},"query-input":{"@type":"PropertyValueSpecification","valueRequired":true,"valueName":"search_term_string"}}],"inLanguage":"de"},{"@type":"Organization","@id":"https:\/\/mcd.se\/#organization","name":"Measure Connect Display AB","url":"https:\/\/mcd.se\/","logo":{"@type":"ImageObject","inLanguage":"de","@id":"https:\/\/mcd.se\/#\/schema\/logo\/image\/","url":"https:\/\/mcd.se\/wp-content\/uploads\/2021\/05\/logo-dark.png","contentUrl":"https:\/\/mcd.se\/wp-content\/uploads\/2021\/05\/logo-dark.png","width":137,"height":48,"caption":"Measure Connect Display AB"},"image":{"@id":"https:\/\/mcd.se\/#\/schema\/logo\/image\/"}}]}},"_links":{"self":[{"href":"https:\/\/mcd.se\/de\/wp-json\/wp\/v2\/product\/27959","targetHints":{"allow":["GET"]}}],"collection":[{"href":"https:\/\/mcd.se\/de\/wp-json\/wp\/v2\/product"}],"about":[{"href":"https:\/\/mcd.se\/de\/wp-json\/wp\/v2\/types\/product"}],"author":[{"embeddable":true,"href":"https:\/\/mcd.se\/de\/wp-json\/wp\/v2\/users\/1"}],"replies":[{"embeddable":true,"href":"https:\/\/mcd.se\/de\/wp-json\/wp\/v2\/comments?post=27959"}],"wp:featuredmedia":[{"embeddable":true,"href":"https:\/\/mcd.se\/de\/wp-json\/wp\/v2\/media\/27718"}],"wp:attachment":[{"href":"https:\/\/mcd.se\/de\/wp-json\/wp\/v2\/media?parent=27959"}],"wp:term":[{"taxonomy":"kategorier","embeddable":true,"href":"https:\/\/mcd.se\/de\/wp-json\/wp\/v2\/kategorier?post=27959"}],"curies":[{"name":"wp","href":"https:\/\/api.w.org\/{rel}","templated":true}]}}