{"id":27958,"date":"2022-09-22T13:32:55","date_gmt":"2022-09-22T11:32:55","guid":{"rendered":"https:\/\/mcd.se\/product\/schwimmt-visy-stick\/"},"modified":"2022-09-22T13:32:55","modified_gmt":"2022-09-22T11:32:55","slug":"schwimmt-visy-stick","status":"publish","type":"product","link":"https:\/\/mcd.se\/de\/product\/schwimmt-visy-stick\/","title":{"rendered":"SCHWIMMT VISY-STICK"},"content":{"rendered":"<p>In manchen F\u00e4llen ist der Anschluss an der Zisterne oder dem Tank so klein, dass normale Schwimmer nicht ohne gr\u00f6\u00dfere Eingriffe installiert werden k\u00f6nnen. Die Schwimmer VISY-Stick 1\u2033 k\u00f6nnen durch so kleine L\u00f6cher wie 1\u2033 passen.<\/p>\n","protected":false},"excerpt":{"rendered":"<p>In manchen F\u00e4llen ist der Anschluss an der Zisterne oder dem Tank so klein, dass normale Schwimmer nicht ohne gr\u00f6\u00dfere Eingriffe installiert werden k\u00f6nnen. Die Schwimmer VISY-Stick 1\u2033 k\u00f6nnen durch so kleine L\u00f6cher wie 1\u2033 passen.<\/p>\n","protected":false},"author":1,"featured_media":27712,"parent":0,"menu_order":0,"comment_status":"open","ping_status":"closed","template":"","meta":{"_et_pb_use_builder":"","_et_pb_old_content":"","_et_gb_content_width":""},"kategorier":[43],"class_list":["post-27958","product","type-product","status-publish","has-post-thumbnail","hentry","kategorier-fafnir-de"],"yoast_head":"<!-- This site is optimized with the Yoast SEO plugin v25.8 - https:\/\/yoast.com\/wordpress\/plugins\/seo\/ -->\n<title>SCHWIMMT VISY-STICK - MCD<\/title>\n<meta name=\"description\" content=\"In manchen F\u00e4llen ist der Anschluss an der Zisterne oder dem Tank so klein, dass normale Schwimmer nicht ohne gr\u00f6\u00dfere Eingriffe installiert werden k\u00f6nnen. Die Schwimmer VISY-Stick 1\u2033 k\u00f6nnen durch so kleine L\u00f6cher wie 1\u2033 passen.\" \/>\n<meta name=\"robots\" content=\"index, follow, max-snippet:-1, max-image-preview:large, max-video-preview:-1\" \/>\n<link rel=\"canonical\" href=\"https:\/\/mcd.se\/de\/product\/schwimmt-visy-stick\/\" \/>\n<meta property=\"og:locale\" content=\"de_DE\" \/>\n<meta property=\"og:type\" content=\"article\" \/>\n<meta property=\"og:title\" content=\"SCHWIMMT VISY-STICK - MCD\" \/>\n<meta property=\"og:description\" content=\"In manchen F\u00e4llen ist der Anschluss an der Zisterne oder dem Tank so klein, dass normale Schwimmer nicht ohne gr\u00f6\u00dfere Eingriffe installiert werden k\u00f6nnen. Die Schwimmer VISY-Stick 1\u2033 k\u00f6nnen durch so kleine L\u00f6cher wie 1\u2033 passen.\" \/>\n<meta property=\"og:url\" content=\"https:\/\/mcd.se\/de\/product\/schwimmt-visy-stick\/\" \/>\n<meta property=\"og:site_name\" content=\"MCD\" \/>\n<meta property=\"og:image\" content=\"https:\/\/mcd.se\/wp-content\/uploads\/2021\/05\/mcd.se162flottorer-2.jpg\" \/>\n\t<meta property=\"og:image:width\" content=\"350\" \/>\n\t<meta property=\"og:image:height\" content=\"292\" \/>\n\t<meta property=\"og:image:type\" content=\"image\/jpeg\" \/>\n<meta name=\"twitter:card\" content=\"summary_large_image\" \/>\n<script type=\"application\/ld+json\" class=\"yoast-schema-graph\">{\"@context\":\"https:\/\/schema.org\",\"@graph\":[{\"@type\":\"WebPage\",\"@id\":\"https:\/\/mcd.se\/de\/product\/schwimmt-visy-stick\/\",\"url\":\"https:\/\/mcd.se\/de\/product\/schwimmt-visy-stick\/\",\"name\":\"SCHWIMMT VISY-STICK - MCD\",\"isPartOf\":{\"@id\":\"https:\/\/mcd.se\/#website\"},\"primaryImageOfPage\":{\"@id\":\"https:\/\/mcd.se\/de\/product\/schwimmt-visy-stick\/#primaryimage\"},\"image\":{\"@id\":\"https:\/\/mcd.se\/de\/product\/schwimmt-visy-stick\/#primaryimage\"},\"thumbnailUrl\":\"https:\/\/mcd.se\/wp-content\/uploads\/2021\/05\/mcd.se162flottorer-2.jpg\",\"datePublished\":\"2022-09-22T11:32:55+00:00\",\"description\":\"In manchen F\u00e4llen ist der Anschluss an der Zisterne oder dem Tank so klein, dass normale Schwimmer nicht ohne gr\u00f6\u00dfere Eingriffe installiert werden k\u00f6nnen. Die Schwimmer VISY-Stick 1\u2033 k\u00f6nnen durch so kleine L\u00f6cher wie 1\u2033 passen.\",\"breadcrumb\":{\"@id\":\"https:\/\/mcd.se\/de\/product\/schwimmt-visy-stick\/#breadcrumb\"},\"inLanguage\":\"de\",\"potentialAction\":[{\"@type\":\"ReadAction\",\"target\":[\"https:\/\/mcd.se\/de\/product\/schwimmt-visy-stick\/\"]}]},{\"@type\":\"ImageObject\",\"inLanguage\":\"de\",\"@id\":\"https:\/\/mcd.se\/de\/product\/schwimmt-visy-stick\/#primaryimage\",\"url\":\"https:\/\/mcd.se\/wp-content\/uploads\/2021\/05\/mcd.se162flottorer-2.jpg\",\"contentUrl\":\"https:\/\/mcd.se\/wp-content\/uploads\/2021\/05\/mcd.se162flottorer-2.jpg\",\"width\":350,\"height\":292,\"caption\":\"Fafnir Schwimmer VISY-STICK\"},{\"@type\":\"BreadcrumbList\",\"@id\":\"https:\/\/mcd.se\/de\/product\/schwimmt-visy-stick\/#breadcrumb\",\"itemListElement\":[{\"@type\":\"ListItem\",\"position\":1,\"name\":\"Hem\",\"item\":\"https:\/\/mcd.se\/en\/\"},{\"@type\":\"ListItem\",\"position\":2,\"name\":\"Product\",\"item\":\"https:\/\/mcd.se\/de\/product\/\"},{\"@type\":\"ListItem\",\"position\":3,\"name\":\"SCHWIMMT VISY-STICK\"}]},{\"@type\":\"WebSite\",\"@id\":\"https:\/\/mcd.se\/#website\",\"url\":\"https:\/\/mcd.se\/\",\"name\":\"MCD\",\"description\":\"Niv\u00e5system f\u00f6r niv\u00e5m\u00e4tning &amp; niv\u00e5\u00f6vervakning i tankar\",\"publisher\":{\"@id\":\"https:\/\/mcd.se\/#organization\"},\"potentialAction\":[{\"@type\":\"SearchAction\",\"target\":{\"@type\":\"EntryPoint\",\"urlTemplate\":\"https:\/\/mcd.se\/?s={search_term_string}\"},\"query-input\":{\"@type\":\"PropertyValueSpecification\",\"valueRequired\":true,\"valueName\":\"search_term_string\"}}],\"inLanguage\":\"de\"},{\"@type\":\"Organization\",\"@id\":\"https:\/\/mcd.se\/#organization\",\"name\":\"Measure Connect Display AB\",\"url\":\"https:\/\/mcd.se\/\",\"logo\":{\"@type\":\"ImageObject\",\"inLanguage\":\"de\",\"@id\":\"https:\/\/mcd.se\/#\/schema\/logo\/image\/\",\"url\":\"https:\/\/mcd.se\/wp-content\/uploads\/2021\/05\/logo-dark.png\",\"contentUrl\":\"https:\/\/mcd.se\/wp-content\/uploads\/2021\/05\/logo-dark.png\",\"width\":137,\"height\":48,\"caption\":\"Measure Connect Display AB\"},\"image\":{\"@id\":\"https:\/\/mcd.se\/#\/schema\/logo\/image\/\"}}]}<\/script>\n<!-- \/ Yoast SEO plugin. -->","yoast_head_json":{"title":"SCHWIMMT VISY-STICK - MCD","description":"In manchen F\u00e4llen ist der Anschluss an der Zisterne oder dem Tank so klein, dass normale Schwimmer nicht ohne gr\u00f6\u00dfere Eingriffe installiert werden k\u00f6nnen. Die Schwimmer VISY-Stick 1\u2033 k\u00f6nnen durch so kleine L\u00f6cher wie 1\u2033 passen.","robots":{"index":"index","follow":"follow","max-snippet":"max-snippet:-1","max-image-preview":"max-image-preview:large","max-video-preview":"max-video-preview:-1"},"canonical":"https:\/\/mcd.se\/de\/product\/schwimmt-visy-stick\/","og_locale":"de_DE","og_type":"article","og_title":"SCHWIMMT VISY-STICK - MCD","og_description":"In manchen F\u00e4llen ist der Anschluss an der Zisterne oder dem Tank so klein, dass normale Schwimmer nicht ohne gr\u00f6\u00dfere Eingriffe installiert werden k\u00f6nnen. Die Schwimmer VISY-Stick 1\u2033 k\u00f6nnen durch so kleine L\u00f6cher wie 1\u2033 passen.","og_url":"https:\/\/mcd.se\/de\/product\/schwimmt-visy-stick\/","og_site_name":"MCD","og_image":[{"width":350,"height":292,"url":"https:\/\/mcd.se\/wp-content\/uploads\/2021\/05\/mcd.se162flottorer-2.jpg","type":"image\/jpeg"}],"twitter_card":"summary_large_image","schema":{"@context":"https:\/\/schema.org","@graph":[{"@type":"WebPage","@id":"https:\/\/mcd.se\/de\/product\/schwimmt-visy-stick\/","url":"https:\/\/mcd.se\/de\/product\/schwimmt-visy-stick\/","name":"SCHWIMMT VISY-STICK - MCD","isPartOf":{"@id":"https:\/\/mcd.se\/#website"},"primaryImageOfPage":{"@id":"https:\/\/mcd.se\/de\/product\/schwimmt-visy-stick\/#primaryimage"},"image":{"@id":"https:\/\/mcd.se\/de\/product\/schwimmt-visy-stick\/#primaryimage"},"thumbnailUrl":"https:\/\/mcd.se\/wp-content\/uploads\/2021\/05\/mcd.se162flottorer-2.jpg","datePublished":"2022-09-22T11:32:55+00:00","description":"In manchen F\u00e4llen ist der Anschluss an der Zisterne oder dem Tank so klein, dass normale Schwimmer nicht ohne gr\u00f6\u00dfere Eingriffe installiert werden k\u00f6nnen. Die Schwimmer VISY-Stick 1\u2033 k\u00f6nnen durch so kleine L\u00f6cher wie 1\u2033 passen.","breadcrumb":{"@id":"https:\/\/mcd.se\/de\/product\/schwimmt-visy-stick\/#breadcrumb"},"inLanguage":"de","potentialAction":[{"@type":"ReadAction","target":["https:\/\/mcd.se\/de\/product\/schwimmt-visy-stick\/"]}]},{"@type":"ImageObject","inLanguage":"de","@id":"https:\/\/mcd.se\/de\/product\/schwimmt-visy-stick\/#primaryimage","url":"https:\/\/mcd.se\/wp-content\/uploads\/2021\/05\/mcd.se162flottorer-2.jpg","contentUrl":"https:\/\/mcd.se\/wp-content\/uploads\/2021\/05\/mcd.se162flottorer-2.jpg","width":350,"height":292,"caption":"Fafnir Schwimmer VISY-STICK"},{"@type":"BreadcrumbList","@id":"https:\/\/mcd.se\/de\/product\/schwimmt-visy-stick\/#breadcrumb","itemListElement":[{"@type":"ListItem","position":1,"name":"Hem","item":"https:\/\/mcd.se\/en\/"},{"@type":"ListItem","position":2,"name":"Product","item":"https:\/\/mcd.se\/de\/product\/"},{"@type":"ListItem","position":3,"name":"SCHWIMMT VISY-STICK"}]},{"@type":"WebSite","@id":"https:\/\/mcd.se\/#website","url":"https:\/\/mcd.se\/","name":"MCD","description":"Niv\u00e5system f\u00f6r niv\u00e5m\u00e4tning &amp; niv\u00e5\u00f6vervakning i tankar","publisher":{"@id":"https:\/\/mcd.se\/#organization"},"potentialAction":[{"@type":"SearchAction","target":{"@type":"EntryPoint","urlTemplate":"https:\/\/mcd.se\/?s={search_term_string}"},"query-input":{"@type":"PropertyValueSpecification","valueRequired":true,"valueName":"search_term_string"}}],"inLanguage":"de"},{"@type":"Organization","@id":"https:\/\/mcd.se\/#organization","name":"Measure Connect Display AB","url":"https:\/\/mcd.se\/","logo":{"@type":"ImageObject","inLanguage":"de","@id":"https:\/\/mcd.se\/#\/schema\/logo\/image\/","url":"https:\/\/mcd.se\/wp-content\/uploads\/2021\/05\/logo-dark.png","contentUrl":"https:\/\/mcd.se\/wp-content\/uploads\/2021\/05\/logo-dark.png","width":137,"height":48,"caption":"Measure Connect Display AB"},"image":{"@id":"https:\/\/mcd.se\/#\/schema\/logo\/image\/"}}]}},"_links":{"self":[{"href":"https:\/\/mcd.se\/de\/wp-json\/wp\/v2\/product\/27958","targetHints":{"allow":["GET"]}}],"collection":[{"href":"https:\/\/mcd.se\/de\/wp-json\/wp\/v2\/product"}],"about":[{"href":"https:\/\/mcd.se\/de\/wp-json\/wp\/v2\/types\/product"}],"author":[{"embeddable":true,"href":"https:\/\/mcd.se\/de\/wp-json\/wp\/v2\/users\/1"}],"replies":[{"embeddable":true,"href":"https:\/\/mcd.se\/de\/wp-json\/wp\/v2\/comments?post=27958"}],"wp:featuredmedia":[{"embeddable":true,"href":"https:\/\/mcd.se\/de\/wp-json\/wp\/v2\/media\/27712"}],"wp:attachment":[{"href":"https:\/\/mcd.se\/de\/wp-json\/wp\/v2\/media?parent=27958"}],"wp:term":[{"taxonomy":"kategorier","embeddable":true,"href":"https:\/\/mcd.se\/de\/wp-json\/wp\/v2\/kategorier?post=27958"}],"curies":[{"name":"wp","href":"https:\/\/api.w.org\/{rel}","templated":true}]}}