{"id":27956,"date":"2022-09-22T13:25:11","date_gmt":"2022-09-22T11:25:11","guid":{"rendered":"https:\/\/mcd.se\/product\/fuellstandssensor-visy-stick\/"},"modified":"2022-09-22T13:25:11","modified_gmt":"2022-09-22T11:25:11","slug":"fuellstandssensor-visy-stick","status":"publish","type":"product","link":"https:\/\/mcd.se\/de\/product\/fuellstandssensor-visy-stick\/","title":{"rendered":"F\u00dcLLSTANDSSENSOR VISY-STICK"},"content":{"rendered":"<p>Der F\u00fcllstandssensor VISY-Stick ist hochpr\u00e4zise und millimetergenau bis zu 9.000 mm. VISY-Stick misst den F\u00fcllstand, die Temperatur und das Vorhandensein von Wasser, wenn sich Wasser am Boden der Zisterne befindet. Die magnetostriktive Methode der F\u00fcllstandsmessung ist sehr zuverl\u00e4ssig und genau.<\/p>\n<p>Der F\u00fcllstandssensor VISY-Stick ist aus rostfreiem Stahl gefertigt und eignet sich f\u00fcr alle Arten von Treibstoffen.<\/p>\n<p>VISY-Stick wird normalerweise in einer 1\u00bd&#8221;-H\u00fclse montiert. Der Sensor verf\u00fcgt \u00fcber einen M12-Stecker und kann in sehr rauen Umgebungen installiert werden, ohne dass er durch das Klima beeintr\u00e4chtigt wird. Er wird in ober- und unterirdischen Zisternen installiert.<\/p>\n","protected":false},"excerpt":{"rendered":"<p>Der F\u00fcllstandssensor VISY-Stick ist hochpr\u00e4zise und millimetergenau bis zu 9.000 mm. VISY-Stick misst den F\u00fcllstand, die Temperatur und das Vorhandensein von Wasser, wenn sich Wasser am Boden der Zisterne befindet. Die magnetostriktive Methode der F\u00fcllstandsmessung ist sehr zuverl\u00e4ssig und genau. Der F\u00fcllstandssensor VISY-Stick ist aus rostfreiem Stahl gefertigt und eignet sich f\u00fcr alle Arten von [&hellip;]<\/p>\n","protected":false},"author":1,"featured_media":27714,"parent":0,"menu_order":0,"comment_status":"open","ping_status":"closed","template":"","meta":{"_et_pb_use_builder":"","_et_pb_old_content":"","_et_gb_content_width":""},"kategorier":[43],"class_list":["post-27956","product","type-product","status-publish","has-post-thumbnail","hentry","kategorier-fafnir-de"],"yoast_head":"<!-- This site is optimized with the Yoast SEO plugin v25.8 - https:\/\/yoast.com\/wordpress\/plugins\/seo\/ -->\n<title>F\u00dcLLSTANDSSENSOR VISY-STICK - MCD<\/title>\n<meta name=\"description\" content=\"Der F\u00fcllstandssensor VISY-Stick ist hochpr\u00e4zise und millimetergenau bis zu 9.000 mm.\" \/>\n<meta name=\"robots\" content=\"index, follow, max-snippet:-1, max-image-preview:large, max-video-preview:-1\" \/>\n<link rel=\"canonical\" href=\"https:\/\/mcd.se\/de\/product\/fuellstandssensor-visy-stick\/\" \/>\n<meta property=\"og:locale\" content=\"de_DE\" \/>\n<meta property=\"og:type\" content=\"article\" \/>\n<meta property=\"og:title\" content=\"F\u00dcLLSTANDSSENSOR VISY-STICK - MCD\" \/>\n<meta property=\"og:description\" content=\"Der F\u00fcllstandssensor VISY-Stick ist hochpr\u00e4zise und millimetergenau bis zu 9.000 mm.\" \/>\n<meta property=\"og:url\" content=\"https:\/\/mcd.se\/de\/product\/fuellstandssensor-visy-stick\/\" \/>\n<meta property=\"og:site_name\" content=\"MCD\" \/>\n<meta property=\"og:image\" content=\"https:\/\/mcd.se\/wp-content\/uploads\/2021\/05\/mcd.se192VISY-Stick-5-3.jpg\" \/>\n\t<meta property=\"og:image:width\" content=\"350\" \/>\n\t<meta property=\"og:image:height\" content=\"292\" \/>\n\t<meta property=\"og:image:type\" content=\"image\/jpeg\" \/>\n<meta name=\"twitter:card\" content=\"summary_large_image\" \/>\n<meta name=\"twitter:label1\" content=\"Gesch\u00e4tzte Lesezeit\" \/>\n\t<meta name=\"twitter:data1\" content=\"1\u00a0Minute\" \/>\n<script type=\"application\/ld+json\" class=\"yoast-schema-graph\">{\"@context\":\"https:\/\/schema.org\",\"@graph\":[{\"@type\":\"WebPage\",\"@id\":\"https:\/\/mcd.se\/de\/product\/fuellstandssensor-visy-stick\/\",\"url\":\"https:\/\/mcd.se\/de\/product\/fuellstandssensor-visy-stick\/\",\"name\":\"F\u00dcLLSTANDSSENSOR VISY-STICK - MCD\",\"isPartOf\":{\"@id\":\"https:\/\/mcd.se\/#website\"},\"primaryImageOfPage\":{\"@id\":\"https:\/\/mcd.se\/de\/product\/fuellstandssensor-visy-stick\/#primaryimage\"},\"image\":{\"@id\":\"https:\/\/mcd.se\/de\/product\/fuellstandssensor-visy-stick\/#primaryimage\"},\"thumbnailUrl\":\"https:\/\/mcd.se\/wp-content\/uploads\/2021\/05\/mcd.se192VISY-Stick-5-3.jpg\",\"datePublished\":\"2022-09-22T11:25:11+00:00\",\"description\":\"Der F\u00fcllstandssensor VISY-Stick ist hochpr\u00e4zise und millimetergenau bis zu 9.000 mm.\",\"breadcrumb\":{\"@id\":\"https:\/\/mcd.se\/de\/product\/fuellstandssensor-visy-stick\/#breadcrumb\"},\"inLanguage\":\"de\",\"potentialAction\":[{\"@type\":\"ReadAction\",\"target\":[\"https:\/\/mcd.se\/de\/product\/fuellstandssensor-visy-stick\/\"]}]},{\"@type\":\"ImageObject\",\"inLanguage\":\"de\",\"@id\":\"https:\/\/mcd.se\/de\/product\/fuellstandssensor-visy-stick\/#primaryimage\",\"url\":\"https:\/\/mcd.se\/wp-content\/uploads\/2021\/05\/mcd.se192VISY-Stick-5-3.jpg\",\"contentUrl\":\"https:\/\/mcd.se\/wp-content\/uploads\/2021\/05\/mcd.se192VISY-Stick-5-3.jpg\",\"width\":350,\"height\":292,\"caption\":\"Fafnir-F\u00fcllstandssensor VISY-Stick\"},{\"@type\":\"BreadcrumbList\",\"@id\":\"https:\/\/mcd.se\/de\/product\/fuellstandssensor-visy-stick\/#breadcrumb\",\"itemListElement\":[{\"@type\":\"ListItem\",\"position\":1,\"name\":\"Hem\",\"item\":\"https:\/\/mcd.se\/en\/\"},{\"@type\":\"ListItem\",\"position\":2,\"name\":\"Product\",\"item\":\"https:\/\/mcd.se\/de\/product\/\"},{\"@type\":\"ListItem\",\"position\":3,\"name\":\"F\u00dcLLSTANDSSENSOR VISY-STICK\"}]},{\"@type\":\"WebSite\",\"@id\":\"https:\/\/mcd.se\/#website\",\"url\":\"https:\/\/mcd.se\/\",\"name\":\"MCD\",\"description\":\"Niv\u00e5system f\u00f6r niv\u00e5m\u00e4tning &amp; niv\u00e5\u00f6vervakning i tankar\",\"publisher\":{\"@id\":\"https:\/\/mcd.se\/#organization\"},\"potentialAction\":[{\"@type\":\"SearchAction\",\"target\":{\"@type\":\"EntryPoint\",\"urlTemplate\":\"https:\/\/mcd.se\/?s={search_term_string}\"},\"query-input\":{\"@type\":\"PropertyValueSpecification\",\"valueRequired\":true,\"valueName\":\"search_term_string\"}}],\"inLanguage\":\"de\"},{\"@type\":\"Organization\",\"@id\":\"https:\/\/mcd.se\/#organization\",\"name\":\"Measure Connect Display AB\",\"url\":\"https:\/\/mcd.se\/\",\"logo\":{\"@type\":\"ImageObject\",\"inLanguage\":\"de\",\"@id\":\"https:\/\/mcd.se\/#\/schema\/logo\/image\/\",\"url\":\"https:\/\/mcd.se\/wp-content\/uploads\/2021\/05\/logo-dark.png\",\"contentUrl\":\"https:\/\/mcd.se\/wp-content\/uploads\/2021\/05\/logo-dark.png\",\"width\":137,\"height\":48,\"caption\":\"Measure Connect Display AB\"},\"image\":{\"@id\":\"https:\/\/mcd.se\/#\/schema\/logo\/image\/\"}}]}<\/script>\n<!-- \/ Yoast SEO plugin. -->","yoast_head_json":{"title":"F\u00dcLLSTANDSSENSOR VISY-STICK - MCD","description":"Der F\u00fcllstandssensor VISY-Stick ist hochpr\u00e4zise und millimetergenau bis zu 9.000 mm.","robots":{"index":"index","follow":"follow","max-snippet":"max-snippet:-1","max-image-preview":"max-image-preview:large","max-video-preview":"max-video-preview:-1"},"canonical":"https:\/\/mcd.se\/de\/product\/fuellstandssensor-visy-stick\/","og_locale":"de_DE","og_type":"article","og_title":"F\u00dcLLSTANDSSENSOR VISY-STICK - MCD","og_description":"Der F\u00fcllstandssensor VISY-Stick ist hochpr\u00e4zise und millimetergenau bis zu 9.000 mm.","og_url":"https:\/\/mcd.se\/de\/product\/fuellstandssensor-visy-stick\/","og_site_name":"MCD","og_image":[{"width":350,"height":292,"url":"https:\/\/mcd.se\/wp-content\/uploads\/2021\/05\/mcd.se192VISY-Stick-5-3.jpg","type":"image\/jpeg"}],"twitter_card":"summary_large_image","twitter_misc":{"Gesch\u00e4tzte Lesezeit":"1\u00a0Minute"},"schema":{"@context":"https:\/\/schema.org","@graph":[{"@type":"WebPage","@id":"https:\/\/mcd.se\/de\/product\/fuellstandssensor-visy-stick\/","url":"https:\/\/mcd.se\/de\/product\/fuellstandssensor-visy-stick\/","name":"F\u00dcLLSTANDSSENSOR VISY-STICK - MCD","isPartOf":{"@id":"https:\/\/mcd.se\/#website"},"primaryImageOfPage":{"@id":"https:\/\/mcd.se\/de\/product\/fuellstandssensor-visy-stick\/#primaryimage"},"image":{"@id":"https:\/\/mcd.se\/de\/product\/fuellstandssensor-visy-stick\/#primaryimage"},"thumbnailUrl":"https:\/\/mcd.se\/wp-content\/uploads\/2021\/05\/mcd.se192VISY-Stick-5-3.jpg","datePublished":"2022-09-22T11:25:11+00:00","description":"Der F\u00fcllstandssensor VISY-Stick ist hochpr\u00e4zise und millimetergenau bis zu 9.000 mm.","breadcrumb":{"@id":"https:\/\/mcd.se\/de\/product\/fuellstandssensor-visy-stick\/#breadcrumb"},"inLanguage":"de","potentialAction":[{"@type":"ReadAction","target":["https:\/\/mcd.se\/de\/product\/fuellstandssensor-visy-stick\/"]}]},{"@type":"ImageObject","inLanguage":"de","@id":"https:\/\/mcd.se\/de\/product\/fuellstandssensor-visy-stick\/#primaryimage","url":"https:\/\/mcd.se\/wp-content\/uploads\/2021\/05\/mcd.se192VISY-Stick-5-3.jpg","contentUrl":"https:\/\/mcd.se\/wp-content\/uploads\/2021\/05\/mcd.se192VISY-Stick-5-3.jpg","width":350,"height":292,"caption":"Fafnir-F\u00fcllstandssensor VISY-Stick"},{"@type":"BreadcrumbList","@id":"https:\/\/mcd.se\/de\/product\/fuellstandssensor-visy-stick\/#breadcrumb","itemListElement":[{"@type":"ListItem","position":1,"name":"Hem","item":"https:\/\/mcd.se\/en\/"},{"@type":"ListItem","position":2,"name":"Product","item":"https:\/\/mcd.se\/de\/product\/"},{"@type":"ListItem","position":3,"name":"F\u00dcLLSTANDSSENSOR VISY-STICK"}]},{"@type":"WebSite","@id":"https:\/\/mcd.se\/#website","url":"https:\/\/mcd.se\/","name":"MCD","description":"Niv\u00e5system f\u00f6r niv\u00e5m\u00e4tning &amp; niv\u00e5\u00f6vervakning i tankar","publisher":{"@id":"https:\/\/mcd.se\/#organization"},"potentialAction":[{"@type":"SearchAction","target":{"@type":"EntryPoint","urlTemplate":"https:\/\/mcd.se\/?s={search_term_string}"},"query-input":{"@type":"PropertyValueSpecification","valueRequired":true,"valueName":"search_term_string"}}],"inLanguage":"de"},{"@type":"Organization","@id":"https:\/\/mcd.se\/#organization","name":"Measure Connect Display AB","url":"https:\/\/mcd.se\/","logo":{"@type":"ImageObject","inLanguage":"de","@id":"https:\/\/mcd.se\/#\/schema\/logo\/image\/","url":"https:\/\/mcd.se\/wp-content\/uploads\/2021\/05\/logo-dark.png","contentUrl":"https:\/\/mcd.se\/wp-content\/uploads\/2021\/05\/logo-dark.png","width":137,"height":48,"caption":"Measure Connect Display AB"},"image":{"@id":"https:\/\/mcd.se\/#\/schema\/logo\/image\/"}}]}},"_links":{"self":[{"href":"https:\/\/mcd.se\/de\/wp-json\/wp\/v2\/product\/27956","targetHints":{"allow":["GET"]}}],"collection":[{"href":"https:\/\/mcd.se\/de\/wp-json\/wp\/v2\/product"}],"about":[{"href":"https:\/\/mcd.se\/de\/wp-json\/wp\/v2\/types\/product"}],"author":[{"embeddable":true,"href":"https:\/\/mcd.se\/de\/wp-json\/wp\/v2\/users\/1"}],"replies":[{"embeddable":true,"href":"https:\/\/mcd.se\/de\/wp-json\/wp\/v2\/comments?post=27956"}],"wp:featuredmedia":[{"embeddable":true,"href":"https:\/\/mcd.se\/de\/wp-json\/wp\/v2\/media\/27714"}],"wp:attachment":[{"href":"https:\/\/mcd.se\/de\/wp-json\/wp\/v2\/media?parent=27956"}],"wp:term":[{"taxonomy":"kategorier","embeddable":true,"href":"https:\/\/mcd.se\/de\/wp-json\/wp\/v2\/kategorier?post=27956"}],"curies":[{"name":"wp","href":"https:\/\/api.w.org\/{rel}","templated":true}]}}