{"id":27993,"date":"2022-09-22T17:09:01","date_gmt":"2022-09-22T15:09:01","guid":{"rendered":"https:\/\/mcd.se\/produkte\/"},"modified":"2025-10-27T14:14:20","modified_gmt":"2025-10-27T13:14:20","slug":"produkte","status":"publish","type":"page","link":"https:\/\/mcd.se\/de\/produkte\/","title":{"rendered":"Produkte"},"content":{"rendered":"<p>[et_pb_section fb_built=&#8221;1&#8243; module_class=&#8221;hero&#8221; _builder_version=&#8221;4.16&#8243; _module_preset=&#8221;default&#8221; background_enable_color=&#8221;off&#8221; background_image=&#8221;https:\/\/mcd.se\/wp-content\/uploads\/2021\/05\/mcd.se484produkter-agenter-1-2500&#215;1200-1.jpg&#8221; min_height=&#8221;550px&#8221; min_height_tablet=&#8221;500px&#8221; min_height_phone=&#8221;300px&#8221; min_height_last_edited=&#8221;on|phone&#8221; custom_css_main_element=&#8221;display: flex;||flex-direction: column;||justify-content: center;&#8221; global_colors_info=&#8221;{}&#8221;][et_pb_row _builder_version=&#8221;4.16&#8243; _module_preset=&#8221;default&#8221; global_colors_info=&#8221;{}&#8221;][et_pb_column type=&#8221;4_4&#8243; _builder_version=&#8221;4.16&#8243; _module_preset=&#8221;default&#8221; global_colors_info=&#8221;{}&#8221;][et_pb_text _builder_version=&#8221;4.16&#8243; _module_preset=&#8221;default&#8221; text_font=&#8221;||||||||&#8221; text_text_color=&#8221;#FFFFFF&#8221; text_font_size=&#8221;14px&#8221; text_letter_spacing=&#8221;1px&#8221; text_line_height=&#8221;2.4em&#8221; header_text_color=&#8221;#FFFFFF&#8221; header_line_height=&#8221;1.4em&#8221; header_2_text_align=&#8221;center&#8221; header_2_text_color=&#8221;#FFFFFF&#8221; text_orientation=&#8221;center&#8221; custom_padding=&#8221;||36px||false|false&#8221; global_colors_info=&#8221;{}&#8221;]<\/p>\n<h1>Unsere Produkte f\u00fcr die F\u00fcllstandmessung<\/h1>\n<p>[\/et_pb_text][\/et_pb_column][\/et_pb_row][\/et_pb_section][et_pb_section fb_built=&#8221;1&#8243; _builder_version=&#8221;4.16&#8243; _module_preset=&#8221;default&#8221; custom_padding=&#8221;70px|||||&#8221; global_colors_info=&#8221;{}&#8221;][et_pb_row _builder_version=&#8221;4.16&#8243; _module_preset=&#8221;default&#8221; global_colors_info=&#8221;{}&#8221;][et_pb_column type=&#8221;4_4&#8243; _builder_version=&#8221;4.16&#8243; _module_preset=&#8221;default&#8221; global_colors_info=&#8221;{}&#8221;][et_pb_text _builder_version=&#8221;4.16&#8243; _module_preset=&#8221;default&#8221; custom_padding=&#8221;||50px|||&#8221; global_colors_info=&#8221;{}&#8221;]<\/p>\n<h2>Produkte f\u00fcr die F\u00fcllstandmessung und -\u00fcberwachung<\/h2>\n<p>[\/et_pb_text][\/et_pb_column][\/et_pb_row][et_pb_row column_structure=&#8221;1_4,1_4,1_4,1_4&#8243; _builder_version=&#8221;4.16&#8243; _module_preset=&#8221;default&#8221; global_colors_info=&#8221;{}&#8221;][et_pb_column type=&#8221;1_4&#8243; _builder_version=&#8221;4.16&#8243; _module_preset=&#8221;default&#8221; global_colors_info=&#8221;{}&#8221;][et_pb_image src=&#8221;https:\/\/mcd.se\/wp-content\/uploads\/2022\/03\/sitemonitor_small.png&#8221; title_text=&#8221;Sitemonitor&#8221; _builder_version=&#8221;4.16&#8243; _module_preset=&#8221;default&#8221; global_colors_info=&#8221;{}&#8221;][\/et_pb_image][et_pb_text _builder_version=&#8221;4.18.1&#8243; _module_preset=&#8221;default&#8221; global_colors_info=&#8221;{}&#8221;]<\/p>\n<h3>Sitemonitor<\/h3>\n<p><\/p>\n<p>SiteMonitor ist eine in Schweden entwickelte Kommunikationsl\u00f6sung f\u00fcr alle, die hohe Anspr\u00fcche haben und eine h\u00e4ufige Berichterstattung \u00fcber Messdaten ben\u00f6tigen.<\/p>\n<p>[\/et_pb_text][et_pb_button button_url=&#8221;@ET-DC@eyJkeW5hbWljIjp0cnVlLCJjb250ZW50IjoicG9zdF9saW5rX3VybF9wYWdlIiwic2V0dGluZ3MiOnsicG9zdF9pZCI6IjE5NSJ9fQ==@&#8221; button_text=&#8221;Lesen Sie mehr&#8221; _builder_version=&#8221;4.16&#8243; _dynamic_attributes=&#8221;button_url&#8221; _module_preset=&#8221;default&#8221; global_colors_info=&#8221;{}&#8221;][\/et_pb_button][\/et_pb_column][et_pb_column type=&#8221;1_4&#8243; _builder_version=&#8221;4.16&#8243; _module_preset=&#8221;default&#8221; global_colors_info=&#8221;{}&#8221;][et_pb_image src=&#8221;https:\/\/mcd.se\/wp-content\/uploads\/2025\/09\/SiteEasy-II-med-MCD-QRkod_no_background-1.png&#8221; alt=&#8221;SiteEasy II&#8221; title_text=&#8221;SiteEasy II med MCD QRkod_no_background&#8221; _builder_version=&#8221;4.27.4&#8243; _module_preset=&#8221;default&#8221; global_colors_info=&#8221;{}&#8221;][\/et_pb_image][et_pb_text _builder_version=&#8221;4.27.4&#8243; _module_preset=&#8221;default&#8221; global_colors_info=&#8221;{}&#8221;]<\/p>\n<h3>SiteEasy II<\/h3>\n<p><\/p>\n<p>SiteEasy II ist die intelligente Kommunikationseinheit der n\u00e4chsten Generation f\u00fcr alle nicht Ex-klassifizierten Anwendungen. Mit SiteEasy II haben Sie die volle Kontrolle \u00fcber Ihre Systeme. Stunde f\u00fcr Stunde, auch an abgelegenen Orten ohne Zugang zu Netzstrom.<\/p>\n<p>[\/et_pb_text][et_pb_button button_url=&#8221;@ET-DC@eyJkeW5hbWljIjp0cnVlLCJjb250ZW50IjoicG9zdF9saW5rX3VybF9wYWdlIiwic2V0dGluZ3MiOnsicG9zdF9pZCI6IjIwMyJ9fQ==@&#8221; button_text=&#8221;Lesen Sie mehr&#8221; _builder_version=&#8221;4.16&#8243; _dynamic_attributes=&#8221;button_url&#8221; _module_preset=&#8221;default&#8221; global_colors_info=&#8221;{}&#8221;][\/et_pb_button][\/et_pb_column][et_pb_column type=&#8221;1_4&#8243; _builder_version=&#8221;4.16&#8243; _module_preset=&#8221;default&#8221; global_colors_info=&#8221;{}&#8221;][et_pb_image src=&#8221;https:\/\/mcd.se\/wp-content\/uploads\/2022\/03\/SieEasyIBC.png&#8221; alt=&#8221;SieEasy IBC&#8221; title_text=&#8221;SieEasy IBC&#8221; _builder_version=&#8221;4.18.1&#8243; _module_preset=&#8221;default&#8221; width=&#8221;82.2%&#8221; min_height=&#8221;167px&#8221; custom_padding=&#8221;||0px|||&#8221; global_colors_info=&#8221;{}&#8221;][\/et_pb_image][et_pb_text _builder_version=&#8221;4.27.4&#8243; _module_preset=&#8221;default&#8221; global_colors_info=&#8221;{}&#8221;]<\/p>\n<h3>SiteEasy Radar<\/h3>\n<p><\/p>\n<p>Mit SiteEasy Radar haben Sie die Kontrolle \u00fcber alle F\u00fcllst\u00e4nde in allen Ihren IBC-F\u00e4ssern. Dies erm\u00f6glicht Ihnen, ein hohes Serviceniveau f\u00fcr Ihre Kunden aufrechtzuerhalten und sowohl Kosten als auch Ressourcen zu sparen.<\/p>\n<p>[\/et_pb_text][et_pb_button button_url=&#8221;https:\/\/mcd.se\/de\/produkte\/siteeasy\/#siteeasy-ibc&#8221; button_text=&#8221;Lesen Sie mehr&#8221; _builder_version=&#8221;4.18.1&#8243; _module_preset=&#8221;default&#8221; global_colors_info=&#8221;{}&#8221;][\/et_pb_button][\/et_pb_column][et_pb_column type=&#8221;1_4&#8243; _builder_version=&#8221;4.16&#8243; _module_preset=&#8221;default&#8221; global_colors_info=&#8221;{}&#8221;][et_pb_image src=&#8221;https:\/\/mcd.se\/wp-content\/uploads\/2022\/03\/SiteEasyFat.png&#8221; alt=&#8221;SiteEasy Fass\u00fcberwachung&#8221; title_text=&#8221;SiteEasy Fass\u00fcberwachung&#8221; _builder_version=&#8221;4.18.1&#8243; _module_preset=&#8221;default&#8221; custom_margin=&#8221;||45px|||&#8221; global_colors_info=&#8221;{}&#8221;][\/et_pb_image][et_pb_text _builder_version=&#8221;4.22.2&#8243; _module_preset=&#8221;default&#8221; min_height=&#8221;131px&#8221; global_colors_info=&#8221;{}&#8221;]<\/p>\n<h3>SiteEasy Optical<\/h3>\n<p><\/p>\n<p>Dies ist die ultimative L\u00f6sung f\u00fcr die F\u00fcllstands\u00fcberwachung aller Nicht-ATEX-Produkte in Stahl- und Kunststofff\u00e4ssern, z.B. in Werkst\u00e4tten, Autowaschanlagen etc.<\/p>\n<p>[\/et_pb_text][et_pb_button button_url=&#8221;https:\/\/mcd.se\/de\/produkte\/siteeasy\/#siteeasy-drum&#8221; button_text=&#8221;Lesen Sie mehr&#8221; _builder_version=&#8221;4.18.1&#8243; _module_preset=&#8221;default&#8221; global_colors_info=&#8221;{}&#8221;][\/et_pb_button][\/et_pb_column][\/et_pb_row][et_pb_row column_structure=&#8221;1_4,1_4,1_4,1_4&#8243; _builder_version=&#8221;4.16&#8243; _module_preset=&#8221;default&#8221; global_colors_info=&#8221;{}&#8221;][et_pb_column type=&#8221;1_4&#8243; _builder_version=&#8221;4.16&#8243; _module_preset=&#8221;default&#8221; global_colors_info=&#8221;{}&#8221;][et_pb_image src=&#8221;https:\/\/mcd.se\/wp-content\/uploads\/2022\/03\/SiteEasyEx.png&#8221; alt=&#8221;SiteEasy Ex&#8221; title_text=&#8221;SiteEasy Ex&#8221; _builder_version=&#8221;4.27.4&#8243; _module_preset=&#8221;default&#8221; global_colors_info=&#8221;{}&#8221;][\/et_pb_image][et_pb_text _builder_version=&#8221;4.27.4&#8243; _module_preset=&#8221;default&#8221; global_colors_info=&#8221;{}&#8221;]<\/p>\n<h3>SiteEasy Ex<\/h3>\n<p>Unser ATEX-zertifiziertes SiteEasy Ex wurde entwickelt, um es Ihnen als Kunde zu erleichtern, Ex-klassifizierte Produkte in Ex-Umgebungen zu messen.<\/span>[\/et_pb_text][et_pb_button button_url=&#8221;https:\/\/mcd.se\/de\/produkte\/siteeasy\/#siteeasy-ex&#8221; button_text=&#8221;Lesen Sie mehr&#8221; _builder_version=&#8221;4.27.4&#8243; _module_preset=&#8221;default&#8221; global_colors_info=&#8221;{}&#8221;][\/et_pb_button][\/et_pb_column][et_pb_column type=&#8221;1_4&#8243; _builder_version=&#8221;4.16&#8243; _module_preset=&#8221;default&#8221; global_colors_info=&#8221;{}&#8221;][et_pb_image src=&#8221;https:\/\/mcd.se\/wp-content\/uploads\/2025\/09\/siteEasy-Industrial-bigger-background.png&#8221; alt=&#8221;SiteEasy Industrial &#8221; title_text=&#8221;siteEasy Industrial&#8221; _builder_version=&#8221;4.27.4&#8243; _module_preset=&#8221;default&#8221; hover_enabled=&#8221;0&#8243; global_colors_info=&#8221;{}&#8221; sticky_enabled=&#8221;0&#8243;][\/et_pb_image][et_pb_text _builder_version=&#8221;4.27.4&#8243; _module_preset=&#8221;default&#8221; global_colors_info=&#8221;{}&#8221;]<\/p>\n<h3>SiteEasy Industrial<\/h3>\n<p><\/p>\n<p>Ein umfassendes Telemetriemodul, das f\u00fcr zuverl\u00e4ssige Tank\u00fcberwachung entwickelt wurde, wo traditionelle Stromquellen nicht verf\u00fcgbar sind..<\/p>\n<p>[\/et_pb_text][et_pb_button button_url=&#8221;https:\/\/mcd.se\/de\/produkte\/siteeasy\/#siteeasy-ex&#8221; button_text=&#8221;Lesen Sie mehr&#8221; _builder_version=&#8221;4.27.4&#8243; _module_preset=&#8221;default&#8221; global_colors_info=&#8221;{}&#8221;][\/et_pb_button][\/et_pb_column][et_pb_column type=&#8221;1_4&#8243; _builder_version=&#8221;4.16&#8243; _module_preset=&#8221;default&#8221; global_colors_info=&#8221;{}&#8221;][et_pb_image src=&#8221;https:\/\/mcd.se\/wp-content\/uploads\/2022\/03\/montagesatser_small.png&#8221; alt=&#8221;Montagesatser&#8221; title_text=&#8221;Montagesatser&#8221; _builder_version=&#8221;4.16&#8243; _module_preset=&#8221;default&#8221; global_colors_info=&#8221;{}&#8221;][\/et_pb_image][et_pb_text _builder_version=&#8221;4.16&#8243; _module_preset=&#8221;default&#8221; global_colors_info=&#8221;{}&#8221;]<\/p>\n<h3>Andere Produkte<\/h3>\n<p><\/p>\n<p>Wir verkaufen auch Produkte und Zubeh\u00f6r von Fafnir und Assytech\/Coptron, zum Beispiel Sensoren zur \u00dcberf\u00fcllverhinderung.<\/p>\n<p>[\/et_pb_text][et_pb_button button_url=&#8221;@ET-DC@eyJkeW5hbWljIjp0cnVlLCJjb250ZW50IjoicG9zdF9saW5rX3VybF9wYWdlIiwic2V0dGluZ3MiOnsicG9zdF9pZCI6IjI2NjA5In19@&#8221; button_text=&#8221;Lesen Sie mehr&#8221; _builder_version=&#8221;4.16&#8243; _dynamic_attributes=&#8221;button_url&#8221; _module_preset=&#8221;default&#8221; global_colors_info=&#8221;{}&#8221;][\/et_pb_button][\/et_pb_column][et_pb_column type=&#8221;1_4&#8243; _builder_version=&#8221;4.16&#8243; _module_preset=&#8221;default&#8221; global_colors_info=&#8221;{}&#8221;][et_pb_image src=&#8221;https:\/\/mcd.se\/wp-content\/uploads\/2022\/03\/sitebasic_small.png&#8221; alt=&#8221;SiteBasic&#8221; title_text=&#8221;SiteBasic&#8221; _builder_version=&#8221;4.18.1&#8243; _module_preset=&#8221;default&#8221; global_colors_info=&#8221;{}&#8221;][\/et_pb_image][et_pb_text _builder_version=&#8221;4.18.1&#8243; _module_preset=&#8221;default&#8221; global_colors_info=&#8221;{}&#8221;]<\/p>\n<h3>SiteBasic<\/h3>\n<p><\/p>\n<p>SiteBasic ist eine manuelle Funktion von SiteInfo f\u00fcr alle, die keine automatische F\u00fcllstands\u00fcberwachung w\u00fcnschen.<\/p>\n<p>[\/et_pb_text][et_pb_button button_url=&#8221;@ET-DC@eyJkeW5hbWljIjp0cnVlLCJjb250ZW50IjoicG9zdF9saW5rX3VybF9wYWdlIiwic2V0dGluZ3MiOnsicG9zdF9pZCI6IjIwOSJ9fQ==@&#8221; button_text=&#8221;Lesen Sie mehr&#8221; _builder_version=&#8221;4.18.1&#8243; _dynamic_attributes=&#8221;button_url&#8221; _module_preset=&#8221;default&#8221; global_colors_info=&#8221;{}&#8221;][\/et_pb_button][\/et_pb_column][\/et_pb_row][\/et_pb_section][et_pb_section fb_built=&#8221;1&#8243; _builder_version=&#8221;4.16&#8243; _module_preset=&#8221;default&#8221; background_color=&#8221;#F6F6F6&#8243; global_colors_info=&#8221;{}&#8221;][et_pb_row column_structure=&#8221;1_2,1_2&#8243; _builder_version=&#8221;4.16&#8243; _module_preset=&#8221;default&#8221; global_colors_info=&#8221;{}&#8221;][et_pb_column type=&#8221;1_2&#8243; _builder_version=&#8221;4.16&#8243; _module_preset=&#8221;default&#8221; global_colors_info=&#8221;{}&#8221;][et_pb_image src=&#8221;https:\/\/mcd.se\/wp-content\/uploads\/2021\/06\/mcd.se930devices-eng-1200-x-900-1200&#215;900-1.png&#8221; title_text=&#8221;%91mcd.se%93%91930%93devices-eng-1200-x-900-1200&#215;900&#8243; _builder_version=&#8221;4.16&#8243; _module_preset=&#8221;default&#8221; global_colors_info=&#8221;{}&#8221;][\/et_pb_image][\/et_pb_column][et_pb_column type=&#8221;1_2&#8243; _builder_version=&#8221;4.16&#8243; _module_preset=&#8221;default&#8221; global_colors_info=&#8221;{}&#8221;][et_pb_text _builder_version=&#8221;4.16&#8243; _module_preset=&#8221;default&#8221; global_colors_info=&#8221;{}&#8221;]<\/p>\n<h2>Volle Kontrolle mit SiteInfo<\/h2>\n<p><\/p>\n<p>SiteInfo ist ein cloudbasierter F\u00fcllstandsmessdienst, der Ihre Logistik einfacher und effektiver macht. Mit dem automatischen Tankmesssystem und der intelligenten \u00dcberwachung der Tankf\u00fcllst\u00e4nde haben Sie die volle Kontrolle und k\u00f6nnen sowohl Zeit als auch Geld sparen. Sie lesen die F\u00fcllst\u00e4nde Ihrer Tanks von Ihrem Computer oder Mobiltelefon aus ab. Mit der vollen Kontrolle \u00fcber die F\u00fcllst\u00e4nde vermeiden Sie leere Tanks, teure Notlieferungen und m\u00f6gliche Strafgeb\u00fchren.<\/p>\n<p>[\/et_pb_text][\/et_pb_column][\/et_pb_row][\/et_pb_section][et_pb_section fb_built=&#8221;1&#8243; _builder_version=&#8221;4.9.4&#8243; _module_preset=&#8221;default&#8221; global_module=&#8221;26688&#8243; global_colors_info=&#8221;{}&#8221;][et_pb_row _builder_version=&#8221;4.16&#8243; _module_preset=&#8221;2090e1f8-0396-4a6c-a2ac-bc77dd633929&#8243; width_tablet=&#8221;&#8221; width_phone=&#8221;&#8221; width_last_edited=&#8221;on|tablet&#8221; global_colors_info=&#8221;{}&#8221;][et_pb_column type=&#8221;4_4&#8243; _builder_version=&#8221;4.16&#8243; _module_preset=&#8221;default&#8221; global_colors_info=&#8221;{}&#8221;][et_pb_text _builder_version=&#8221;4.16&#8243; _module_preset=&#8221;default&#8221; header_2_text_align=&#8221;center&#8221; custom_padding=&#8221;0px|||||&#8221; header_2_text_align_tablet=&#8221;left&#8221; header_2_text_align_phone=&#8221;&#8221; header_2_text_align_last_edited=&#8221;on|desktop&#8221; global_colors_info=&#8221;{}&#8221;]<\/p>\n<h2 id=\"tw-target-text\" class=\"tw-data-text tw-text-large tw-ta\" dir=\"ltr\" data-placeholder=\"\u00d6vers\u00e4ttning\"><span class=\"Y2IQFc\" lang=\"de\">Cloudbasierte F\u00fcllstands\u00fcberwachung<\/span><\/h2>\n<p>[\/et_pb_text][\/et_pb_column][\/et_pb_row][et_pb_row column_structure=&#8221;1_2,1_2&#8243; use_custom_gutter=&#8221;off&#8221; _builder_version=&#8221;4.16&#8243; _module_preset=&#8221;2090e1f8-0396-4a6c-a2ac-bc77dd633929&#8243; width_tablet=&#8221;&#8221; width_phone=&#8221;&#8221; width_last_edited=&#8221;on|tablet&#8221; custom_margin=&#8221;0px||||false|false&#8221; custom_padding=&#8221;0px||||false|false&#8221; global_colors_info=&#8221;{}&#8221;][et_pb_column type=&#8221;1_2&#8243; _builder_version=&#8221;4.16&#8243; _module_preset=&#8221;default&#8221; global_colors_info=&#8221;{}&#8221;][et_pb_text _builder_version=&#8221;4.16&#8243; _module_preset=&#8221;default&#8221; global_colors_info=&#8221;{}&#8221;]<\/p>\n<ul>\n<li>Schneller \u00dcberblick \u00fcber alle Anlagen und alle Tanks<\/li>\n<li>Vollst\u00e4ndig anpassbares Informations-Dashboard &#8211; von der Gesamt\u00fcbersicht bis zum kleinsten Detail<\/li>\n<li>Messen Sie die F\u00fcllst\u00e4nde alle zehn Minuten oder wann immer Sie wollen<\/li>\n<\/ul>\n<p>[\/et_pb_text][\/et_pb_column][et_pb_column type=&#8221;1_2&#8243; _builder_version=&#8221;4.16&#8243; _module_preset=&#8221;default&#8221; global_colors_info=&#8221;{}&#8221;][et_pb_text _builder_version=&#8221;4.16&#8243; _module_preset=&#8221;default&#8221; global_colors_info=&#8221;{}&#8221;]<\/p>\n<ul>\n<li>Optimieren Sie Ihre Transporte um bis zu einem Drittel<\/li>\n<li>Nie mehr leere Tanks<\/li>\n<li>Reduktion von Fehlmessungen und kostspieligen R\u00fccksendungen um bis zu 90%<\/li>\n<\/ul>\n<p>[\/et_pb_text][\/et_pb_column][\/et_pb_row][et_pb_row _builder_version=&#8221;4.16&#8243; _module_preset=&#8221;default&#8221; global_colors_info=&#8221;{}&#8221;][et_pb_column type=&#8221;4_4&#8243; _builder_version=&#8221;4.16&#8243; _module_preset=&#8221;default&#8221; global_colors_info=&#8221;{}&#8221;][et_pb_button button_url=&#8221;@ET-DC@eyJkeW5hbWljIjp0cnVlLCJjb250ZW50IjoicG9zdF9saW5rX3VybF9wYWdlIiwic2V0dGluZ3MiOnsicG9zdF9pZCI6IjYyIn19@&#8221; button_text=&#8221;Lesen Sie mehr \u00fcber Siteinfo&#8221; button_alignment=&#8221;center&#8221; _builder_version=&#8221;4.16&#8243; _dynamic_attributes=&#8221;button_url&#8221; _module_preset=&#8221;default&#8221; global_colors_info=&#8221;{}&#8221;][\/et_pb_button][\/et_pb_column][\/et_pb_row][\/et_pb_section]<\/p>\n","protected":false},"excerpt":{"rendered":"<p>Unsere Produkte f\u00fcr die F\u00fcllstandmessungProdukte f\u00fcr die F\u00fcllstandmessung und -\u00fcberwachungSitemonitorSiteMonitor ist eine in Schweden entwickelte Kommunikationsl\u00f6sung f\u00fcr alle, die hohe Anspr\u00fcche haben und eine h\u00e4ufige Berichterstattung \u00fcber Messdaten ben\u00f6tigen.SiteEasy IISiteEasy II ist die intelligente Kommunikationseinheit der n\u00e4chsten Generation f\u00fcr alle nicht Ex-klassifizierten Anwendungen. Mit SiteEasy II haben Sie die volle Kontrolle \u00fcber Ihre Systeme. Stunde [&hellip;]<\/p>\n","protected":false},"author":1,"featured_media":0,"parent":0,"menu_order":31,"comment_status":"closed","ping_status":"closed","template":"","meta":{"_et_pb_use_builder":"on","_et_pb_old_content":"","_et_gb_content_width":"","footnotes":""},"class_list":["post-27993","page","type-page","status-publish","hentry"],"yoast_head":"<!-- This site is optimized with the Yoast SEO plugin v25.8 - https:\/\/yoast.com\/wordpress\/plugins\/seo\/ -->\n<title>Produkte Fafnir, Assytech, Coptron - niv\u00e5m\u00e4tare, niv\u00e5\u00f6vervakning - MCD<\/title>\n<meta name=\"description\" content=\"Lesen Sie mehr \u00fcber unsere Produkte zur F\u00fcllstandmessung und -\u00fcberwachung. Zu den Produkten geh\u00f6ren Sitemonitor, SiteEasy und SiteBasic.\" \/>\n<meta name=\"robots\" content=\"index, follow, max-snippet:-1, max-image-preview:large, max-video-preview:-1\" \/>\n<link rel=\"canonical\" href=\"https:\/\/mcd.se\/produkter\/\" \/>\n<meta property=\"og:locale\" content=\"de_DE\" \/>\n<meta property=\"og:type\" content=\"article\" \/>\n<meta property=\"og:title\" content=\"Produkte Fafnir, Assytech, Coptron - niv\u00e5m\u00e4tare, niv\u00e5\u00f6vervakning - MCD\" \/>\n<meta property=\"og:description\" content=\"Lesen Sie mehr \u00fcber unsere Produkte zur F\u00fcllstandmessung und -\u00fcberwachung. Zu den Produkten geh\u00f6ren Sitemonitor, SiteEasy und SiteBasic.\" \/>\n<meta property=\"og:url\" content=\"https:\/\/mcd.se\/produkter\/\" \/>\n<meta property=\"og:site_name\" content=\"MCD\" \/>\n<meta property=\"article:modified_time\" content=\"2025-10-27T13:14:20+00:00\" \/>\n<meta name=\"twitter:card\" content=\"summary_large_image\" \/>\n<meta name=\"twitter:label1\" content=\"Gesch\u00e4tzte Lesezeit\" \/>\n\t<meta name=\"twitter:data1\" content=\"9\u00a0Minuten\" \/>\n<script type=\"application\/ld+json\" class=\"yoast-schema-graph\">{\"@context\":\"https:\/\/schema.org\",\"@graph\":[{\"@type\":\"WebPage\",\"@id\":\"https:\/\/mcd.se\/produkter\/\",\"url\":\"https:\/\/mcd.se\/produkter\/\",\"name\":\"Produkte Fafnir, Assytech, Coptron - niv\u00e5m\u00e4tare, niv\u00e5\u00f6vervakning - MCD\",\"isPartOf\":{\"@id\":\"https:\/\/mcd.se\/#website\"},\"datePublished\":\"2022-09-22T15:09:01+00:00\",\"dateModified\":\"2025-10-27T13:14:20+00:00\",\"description\":\"Lesen Sie mehr \u00fcber unsere Produkte zur F\u00fcllstandmessung und -\u00fcberwachung. Zu den Produkten geh\u00f6ren Sitemonitor, SiteEasy und SiteBasic.\",\"breadcrumb\":{\"@id\":\"https:\/\/mcd.se\/produkter\/#breadcrumb\"},\"inLanguage\":\"de\",\"potentialAction\":[{\"@type\":\"ReadAction\",\"target\":[\"https:\/\/mcd.se\/produkter\/\"]}]},{\"@type\":\"BreadcrumbList\",\"@id\":\"https:\/\/mcd.se\/produkter\/#breadcrumb\",\"itemListElement\":[{\"@type\":\"ListItem\",\"position\":1,\"name\":\"Hem\",\"item\":\"https:\/\/mcd.se\/en\/\"},{\"@type\":\"ListItem\",\"position\":2,\"name\":\"Produkte\"}]},{\"@type\":\"WebSite\",\"@id\":\"https:\/\/mcd.se\/#website\",\"url\":\"https:\/\/mcd.se\/\",\"name\":\"MCD\",\"description\":\"Niv\u00e5system f\u00f6r niv\u00e5m\u00e4tning &amp; niv\u00e5\u00f6vervakning i tankar\",\"publisher\":{\"@id\":\"https:\/\/mcd.se\/#organization\"},\"potentialAction\":[{\"@type\":\"SearchAction\",\"target\":{\"@type\":\"EntryPoint\",\"urlTemplate\":\"https:\/\/mcd.se\/?s={search_term_string}\"},\"query-input\":{\"@type\":\"PropertyValueSpecification\",\"valueRequired\":true,\"valueName\":\"search_term_string\"}}],\"inLanguage\":\"de\"},{\"@type\":\"Organization\",\"@id\":\"https:\/\/mcd.se\/#organization\",\"name\":\"Measure Connect Display AB\",\"url\":\"https:\/\/mcd.se\/\",\"logo\":{\"@type\":\"ImageObject\",\"inLanguage\":\"de\",\"@id\":\"https:\/\/mcd.se\/#\/schema\/logo\/image\/\",\"url\":\"https:\/\/mcd.se\/wp-content\/uploads\/2021\/05\/logo-dark.png\",\"contentUrl\":\"https:\/\/mcd.se\/wp-content\/uploads\/2021\/05\/logo-dark.png\",\"width\":137,\"height\":48,\"caption\":\"Measure Connect Display AB\"},\"image\":{\"@id\":\"https:\/\/mcd.se\/#\/schema\/logo\/image\/\"}}]}<\/script>\n<!-- \/ Yoast SEO plugin. -->","yoast_head_json":{"title":"Produkte Fafnir, Assytech, Coptron - niv\u00e5m\u00e4tare, niv\u00e5\u00f6vervakning - MCD","description":"Lesen Sie mehr \u00fcber unsere Produkte zur F\u00fcllstandmessung und -\u00fcberwachung. Zu den Produkten geh\u00f6ren Sitemonitor, SiteEasy und SiteBasic.","robots":{"index":"index","follow":"follow","max-snippet":"max-snippet:-1","max-image-preview":"max-image-preview:large","max-video-preview":"max-video-preview:-1"},"canonical":"https:\/\/mcd.se\/produkter\/","og_locale":"de_DE","og_type":"article","og_title":"Produkte Fafnir, Assytech, Coptron - niv\u00e5m\u00e4tare, niv\u00e5\u00f6vervakning - MCD","og_description":"Lesen Sie mehr \u00fcber unsere Produkte zur F\u00fcllstandmessung und -\u00fcberwachung. Zu den Produkten geh\u00f6ren Sitemonitor, SiteEasy und SiteBasic.","og_url":"https:\/\/mcd.se\/produkter\/","og_site_name":"MCD","article_modified_time":"2025-10-27T13:14:20+00:00","twitter_card":"summary_large_image","twitter_misc":{"Gesch\u00e4tzte Lesezeit":"9\u00a0Minuten"},"schema":{"@context":"https:\/\/schema.org","@graph":[{"@type":"WebPage","@id":"https:\/\/mcd.se\/produkter\/","url":"https:\/\/mcd.se\/produkter\/","name":"Produkte Fafnir, Assytech, Coptron - niv\u00e5m\u00e4tare, niv\u00e5\u00f6vervakning - MCD","isPartOf":{"@id":"https:\/\/mcd.se\/#website"},"datePublished":"2022-09-22T15:09:01+00:00","dateModified":"2025-10-27T13:14:20+00:00","description":"Lesen Sie mehr \u00fcber unsere Produkte zur F\u00fcllstandmessung und -\u00fcberwachung. Zu den Produkten geh\u00f6ren Sitemonitor, SiteEasy und SiteBasic.","breadcrumb":{"@id":"https:\/\/mcd.se\/produkter\/#breadcrumb"},"inLanguage":"de","potentialAction":[{"@type":"ReadAction","target":["https:\/\/mcd.se\/produkter\/"]}]},{"@type":"BreadcrumbList","@id":"https:\/\/mcd.se\/produkter\/#breadcrumb","itemListElement":[{"@type":"ListItem","position":1,"name":"Hem","item":"https:\/\/mcd.se\/en\/"},{"@type":"ListItem","position":2,"name":"Produkte"}]},{"@type":"WebSite","@id":"https:\/\/mcd.se\/#website","url":"https:\/\/mcd.se\/","name":"MCD","description":"Niv\u00e5system f\u00f6r niv\u00e5m\u00e4tning &amp; niv\u00e5\u00f6vervakning i tankar","publisher":{"@id":"https:\/\/mcd.se\/#organization"},"potentialAction":[{"@type":"SearchAction","target":{"@type":"EntryPoint","urlTemplate":"https:\/\/mcd.se\/?s={search_term_string}"},"query-input":{"@type":"PropertyValueSpecification","valueRequired":true,"valueName":"search_term_string"}}],"inLanguage":"de"},{"@type":"Organization","@id":"https:\/\/mcd.se\/#organization","name":"Measure Connect Display AB","url":"https:\/\/mcd.se\/","logo":{"@type":"ImageObject","inLanguage":"de","@id":"https:\/\/mcd.se\/#\/schema\/logo\/image\/","url":"https:\/\/mcd.se\/wp-content\/uploads\/2021\/05\/logo-dark.png","contentUrl":"https:\/\/mcd.se\/wp-content\/uploads\/2021\/05\/logo-dark.png","width":137,"height":48,"caption":"Measure Connect Display AB"},"image":{"@id":"https:\/\/mcd.se\/#\/schema\/logo\/image\/"}}]}},"_links":{"self":[{"href":"https:\/\/mcd.se\/de\/wp-json\/wp\/v2\/pages\/27993","targetHints":{"allow":["GET"]}}],"collection":[{"href":"https:\/\/mcd.se\/de\/wp-json\/wp\/v2\/pages"}],"about":[{"href":"https:\/\/mcd.se\/de\/wp-json\/wp\/v2\/types\/page"}],"author":[{"embeddable":true,"href":"https:\/\/mcd.se\/de\/wp-json\/wp\/v2\/users\/1"}],"replies":[{"embeddable":true,"href":"https:\/\/mcd.se\/de\/wp-json\/wp\/v2\/comments?post=27993"}],"version-history":[{"count":7,"href":"https:\/\/mcd.se\/de\/wp-json\/wp\/v2\/pages\/27993\/revisions"}],"predecessor-version":[{"id":29475,"href":"https:\/\/mcd.se\/de\/wp-json\/wp\/v2\/pages\/27993\/revisions\/29475"}],"wp:attachment":[{"href":"https:\/\/mcd.se\/de\/wp-json\/wp\/v2\/media?parent=27993"}],"curies":[{"name":"wp","href":"https:\/\/api.w.org\/{rel}","templated":true}]}}