{"id":27882,"date":"2022-09-21T16:06:09","date_gmt":"2022-09-21T14:06:09","guid":{"rendered":"https:\/\/mcd.se\/siteeasy\/"},"modified":"2026-01-16T14:07:54","modified_gmt":"2026-01-16T13:07:54","slug":"siteeasy","status":"publish","type":"page","link":"https:\/\/mcd.se\/de\/produkte\/siteeasy\/","title":{"rendered":"SiteEasy"},"content":{"rendered":"<p>[et_pb_section fb_built=&#8221;1&#8243; module_class=&#8221;hero&#8221; _builder_version=&#8221;4.16&#8243; _module_preset=&#8221;default&#8221; background_enable_color=&#8221;off&#8221; background_image=&#8221;https:\/\/mcd.se\/wp-content\/uploads\/2021\/05\/mcd.se66level-watcher-bild-2500&#215;1200-1.jpg&#8221; min_height=&#8221;700px&#8221; min_height_tablet=&#8221;500px&#8221; min_height_phone=&#8221;300px&#8221; min_height_last_edited=&#8221;on|phone&#8221; custom_css_main_element=&#8221;display: flex;||flex-direction: column;||justify-content: center;&#8221; global_colors_info=&#8221;{}&#8221;][et_pb_row _builder_version=&#8221;4.16&#8243; _module_preset=&#8221;default&#8221; global_colors_info=&#8221;{}&#8221;][et_pb_column type=&#8221;4_4&#8243; _builder_version=&#8221;4.16&#8243; _module_preset=&#8221;default&#8221; global_colors_info=&#8221;{}&#8221;][et_pb_text _builder_version=&#8221;4.17.3&#8243; _module_preset=&#8221;default&#8221; text_font=&#8221;||||||||&#8221; text_text_color=&#8221;#FFFFFF&#8221; text_font_size=&#8221;14px&#8221; text_letter_spacing=&#8221;1px&#8221; text_line_height=&#8221;2.4em&#8221; header_text_color=&#8221;#FFFFFF&#8221; header_line_height=&#8221;1.4em&#8221; header_2_text_align=&#8221;center&#8221; header_2_text_color=&#8221;#FFFFFF&#8221; text_orientation=&#8221;center&#8221; custom_padding=&#8221;||36px||false|false&#8221; global_colors_info=&#8221;{}&#8221;]<\/p>\n<h1>SiteEasy &#8211; Eine einfache L\u00f6sung zur \u00dcberwachung von Tankf\u00fcllst\u00e4nden<\/h1>\n<p><\/p>\n<h2>Mit der SiteEasy Komplettl\u00f6sung haben Sie auch in abgelegenen Gebieten oder Anlagen ohne Stromanschluss die volle Kontrolle \u00fcber Ihre F\u00fcllst\u00e4nde.<\/h2>\n<p>[\/et_pb_text][\/et_pb_column][\/et_pb_row][\/et_pb_section][et_pb_section fb_built=&#8221;1&#8243; custom_padding_last_edited=&#8221;on|tablet&#8221; module_id=&#8221;siteasy&#8221; _builder_version=&#8221;4.27.4&#8243; _module_preset=&#8221;default&#8221; background_image=&#8221;https:\/\/mcd.se\/wp-content\/uploads\/2021\/05\/mcd.se781bg2.jpg&#8221; custom_padding=&#8221;120px||120px||true|false&#8221; custom_padding_tablet=&#8221;0px||0px||false|false&#8221; custom_padding_phone=&#8221;&#8221; global_colors_info=&#8221;{}&#8221;][et_pb_row column_structure=&#8221;1_2,1_2&#8243; use_custom_gutter=&#8221;on&#8221; gutter_width=&#8221;1&#8243; _builder_version=&#8221;4.16&#8243; _module_preset=&#8221;default&#8221; max_width=&#8221;1200px&#8221; custom_padding=&#8221;||58px|||&#8221; global_colors_info=&#8221;{}&#8221;][et_pb_column type=&#8221;1_2&#8243; _builder_version=&#8221;4.16&#8243; _module_preset=&#8221;default&#8221; custom_padding=&#8221;||||false|false&#8221; custom_css_main_element=&#8221;||display: flex;||flex-direction: column;||justify-content: center;&#8221; global_colors_info=&#8221;{}&#8221;][et_pb_image src=&#8221;https:\/\/mcd.se\/wp-content\/uploads\/2025\/09\/SiteEasy-II-med-MCD-QRkod_no_background-1.png&#8221; alt=&#8221;SiteEasy&#8221; title_text=&#8221;SiteEasy II med MCD QRkod_no_background&#8221; align=&#8221;center&#8221; _builder_version=&#8221;4.27.4&#8243; _module_preset=&#8221;default&#8221; width_tablet=&#8221;500px&#8221; width_phone=&#8221;300px&#8221; width_last_edited=&#8221;on|phone&#8221; module_alignment=&#8221;center&#8221; max_height=&#8221;500px&#8221; global_colors_info=&#8221;{}&#8221;][\/et_pb_image][\/et_pb_column][et_pb_column type=&#8221;1_2&#8243; _builder_version=&#8221;4.16&#8243; _module_preset=&#8221;default&#8221; custom_css_main_element=&#8221;display: flex;||flex-direction: column;||justify-content: center;&#8221; global_colors_info=&#8221;{}&#8221;][et_pb_text _builder_version=&#8221;4.27.4&#8243; _module_preset=&#8221;default&#8221; text_text_color=&#8221;#FFFFFF&#8221; header_text_color=&#8221;#FFFFFF&#8221; header_2_text_color=&#8221;#FFFFFF&#8221; header_2_font_size=&#8221;25px&#8221; custom_padding=&#8221;||0px||false|false&#8221; global_colors_info=&#8221;{}&#8221;]<\/p>\n<h2>SiteEasy II &#8211; Batteriebetrieben, flexibel und robust.<\/h2>\n<p>SiteEasy II ist die intelligente Kommunikationseinheit der n\u00e4chsten Generation f\u00fcr alle nicht Ex-klassifizierten Anwendungen. Mit SiteEasy II haben Sie die volle Kontrolle \u00fcber Ihre Systeme. Stunde f\u00fcr Stunde, auch an abgelegenen Orten ohne Zugang zu Netzstrom.<br \/>SiteEasy II ist eine kosteneffektive und hochwertige Kommunikationsl\u00f6sung mit \u00fcberlegener Batterielebensdauer. SiteEasy II liefert Messwerte direkt an die SiteInfo-Plattform mit konfigurierbaren Meldeintervallen. Dank des fortschrittlichen Energiemanagements und der robusten Konstruktion der Einheit erhalten Sie \u00fcber viele Jahre hinweg zuverl\u00e4ssige Messwerte ohne Wartung &#8212; selbst in anspruchsvollen Umgebungen und bei extremen Temperaturen.<br \/>SiteEasy II wird mit einer internen 8.500mAh Li-SOCI\u2082-Batterie geliefert, die f\u00fcr minimalen Energieverbrauch und lange Lebensdauer optimiert ist. Dank des fortschrittlichen Energiemanagements und des intelligenten Ruhemodus kann die Einheit bei einer Daten\u00fcbertragung pro Tag bis zu 10 Jahre lang zuverl\u00e4ssig funktionieren, ohne dass ein Batteriewechsel erforderlich ist.<br \/>&nbsp;<\/p>\n<ul>\n<li>Batteriebetriebene All-in-One-L\u00f6sung<\/li>\n<li>\u00dcberlegene Batterielebensdauer &#8211; bis zu 10 Jahre<\/li>\n<li>Optimal f\u00fcr entfernt platzierte Tanks und Zisternen<\/li>\n<li>Funktioniert bei extremen Temperaturen von -40\u00b0C bis +85\u00b0C<\/li>\n<\/ul>\n<p>[\/et_pb_text][\/et_pb_column][\/et_pb_row][et_pb_row _builder_version=&#8221;4.16&#8243; _module_preset=&#8221;default&#8221; global_colors_info=&#8221;{}&#8221;][et_pb_column type=&#8221;4_4&#8243; _builder_version=&#8221;4.16&#8243; _module_preset=&#8221;default&#8221; global_colors_info=&#8221;{}&#8221;][et_pb_button button_url=&#8221;https:\/\/mcd.se\/wp-content\/uploads\/2025\/09\/Produktblad-SiteEasy-II-SWE.pdf&#8221; url_new_window=&#8221;on&#8221; button_text=&#8221; Produktdatenblatt herunterladen&#8221; button_alignment=&#8221;center&#8221; _builder_version=&#8221;4.27.4&#8243; _module_preset=&#8221;default&#8221; global_colors_info=&#8221;{}&#8221;][\/et_pb_button][\/et_pb_column][\/et_pb_row][\/et_pb_section][et_pb_section fb_built=&#8221;1&#8243; module_id=&#8221;siteeasy-ex&#8221; _builder_version=&#8221;4.27.4&#8243; _module_preset=&#8221;default&#8221; global_colors_info=&#8221;{}&#8221;][et_pb_row column_structure=&#8221;1_2,1_2&#8243; _builder_version=&#8221;4.16&#8243; _module_preset=&#8221;default&#8221; global_colors_info=&#8221;{}&#8221;][et_pb_column type=&#8221;1_2&#8243; _builder_version=&#8221;4.16&#8243; _module_preset=&#8221;default&#8221; global_colors_info=&#8221;{}&#8221;][et_pb_text _builder_version=&#8221;4.16&#8243; _module_preset=&#8221;default&#8221; min_height=&#8221;229px&#8221; custom_margin=&#8221;-2px||50px|||&#8221; custom_padding=&#8221;29px|||||&#8221; global_colors_info=&#8221;{}&#8221;]<\/p>\n<h2>SiteEasy Ex<\/h2>\n<p>SiteEasy Ex ist ein batteriebetriebenes, ATEX-zugelassenes GSM-Modem mit integrierter Antenne, ideal f\u00fcr den Stand-Alone-Tank. SiteEasy Ex wird einfach an SiteInfo angeschlossen &#8211; einfach den Drucksensor montieren, den Strom einschalten und auf www.siteinfo.se einloggen.<\/p>\n<p>Hier k\u00f6nnen Sie jederzeit und \u00fcberall den F\u00fcllstand Ihres Tanks einsehen. Mit der SiteInfoApp haben Sie auch unterwegs \u00fcber Ihr Smartphone oder Tablet Zugriff auf alle Informationen. SiteEasy Ex wird mit Kabel und Drucksensor zur einfachen Installation geliefert, auch mit Rochester-Sensor erh\u00e4ltlich.<\/p>\n<p>&nbsp;<\/p>\n<ul>\n<li>ATEX-zugelassen<\/li>\n<li>Bis zu 5 Jahre Batterielebensdauer<\/li>\n<li>T\u00e4glich st\u00fcndliche Daten\u00fcbertragung<\/li>\n<\/ul>\n<p>[\/et_pb_text][et_pb_button button_url=&#8221;https:\/\/mcd.se\/wp-content\/uploads\/2022\/09\/mcd_produktblad-SiteEasy-Ex-GER.pdf&#8221; url_new_window=&#8221;on&#8221; button_text=&#8221; Produktdatenblatt herunterladen&#8221; button_alignment=&#8221;left&#8221; _builder_version=&#8221;4.17.3&#8243; _module_preset=&#8221;default&#8221; global_colors_info=&#8221;{}&#8221;][\/et_pb_button][\/et_pb_column][et_pb_column type=&#8221;1_2&#8243; _builder_version=&#8221;4.16&#8243; _module_preset=&#8221;default&#8221; global_colors_info=&#8221;{}&#8221;][et_pb_image src=&#8221;https:\/\/mcd.se\/wp-content\/uploads\/2022\/03\/SiteEasyEx.png&#8221; title_text=&#8221;SiteEasy Industrial &#8221; _builder_version=&#8221;4.16&#8243; _module_preset=&#8221;default&#8221; global_colors_info=&#8221;{}&#8221;][\/et_pb_image][\/et_pb_column][\/et_pb_row][\/et_pb_section][et_pb_section fb_built=&#8221;1&#8243; module_id=&#8221;siteeasy-industrial&#8221; _builder_version=&#8221;4.27.4&#8243; _module_preset=&#8221;default&#8221; background_color=&#8221;#F6F6F6&#8243; global_colors_info=&#8221;{}&#8221;][et_pb_row column_structure=&#8221;1_2,1_2&#8243; _builder_version=&#8221;4.16&#8243; _module_preset=&#8221;default&#8221; global_colors_info=&#8221;{}&#8221;][et_pb_column type=&#8221;1_2&#8243; _builder_version=&#8221;4.16&#8243; _module_preset=&#8221;default&#8221; global_colors_info=&#8221;{}&#8221;][et_pb_image src=&#8221;https:\/\/mcd.se\/wp-content\/uploads\/2025\/09\/siteEasy-Industrial-bigger-background.png&#8221; alt=&#8221;SiteEasy Industrial&#8221; title_text=&#8221;siteEasy Industrial&#8221; _builder_version=&#8221;4.27.4&#8243; _module_preset=&#8221;default&#8221; global_colors_info=&#8221;{}&#8221;][\/et_pb_image][\/et_pb_column][et_pb_column type=&#8221;1_2&#8243; _builder_version=&#8221;4.16&#8243; _module_preset=&#8221;default&#8221; global_colors_info=&#8221;{}&#8221;][et_pb_text _builder_version=&#8221;4.27.4&#8243; _module_preset=&#8221;default&#8221; custom_margin=&#8221;-1px|||||&#8221; custom_padding=&#8221;34px|||||&#8221; global_colors_info=&#8221;{}&#8221;]<\/p>\n<h3>SiteEasy Industrial<\/h3>\n<p><\/p>\n<p class=\"whitespace-normal break-words\">SiteEasy Industrial ist ein umfassendes Telemetriemodul, das speziell f\u00fcr zuverl\u00e4ssige Tank\u00fcberwachung entwickelt wurde, wo traditionelle Stromquellen nicht verf\u00fcgbar sind.<\/p>\n<p><\/p>\n<p class=\"whitespace-normal break-words\">Dieses robuste Modul liefert pr\u00e4zise Verfolgung und kontinuierliche \u00dcberwachung von bis zu 3 Tanks. Ideal f\u00fcr Anwendungen, die h\u00e4ufige \u00dcberwachung mit schnellen und responsiven Datenanforderungen erfordern.<\/p>\n<p><\/p>\n<p class=\"whitespace-normal break-words\"><\/p>\n<ul>\n<li>Bew\u00e4ltigt Temperaturen von -30\u00b0C bis +65\u00b0C<\/li>\n<\/ul>\n<p>[\/et_pb_text][et_pb_button button_url=&#8221;https:\/\/mcd.se\/wp-content\/uploads\/2026\/01\/SiteEasy-Industrial_produktblad.pdf&#8221; url_new_window=&#8221;on&#8221; button_text=&#8221; Produktdatenblatt herunterladen&#8221; button_alignment=&#8221;left&#8221; _builder_version=&#8221;4.27.4&#8243; _module_preset=&#8221;default&#8221; custom_margin=&#8221;50px|||||&#8221; hover_enabled=&#8221;0&#8243; global_colors_info=&#8221;{}&#8221; sticky_enabled=&#8221;0&#8243;][\/et_pb_button][\/et_pb_column][\/et_pb_row][\/et_pb_section][et_pb_section fb_built=&#8221;1&#8243; module_id=&#8221;siteeasy-drum&#8221; _builder_version=&#8221;4.18.1&#8243; _module_preset=&#8221;default&#8221; min_height=&#8221;695px&#8221; global_colors_info=&#8221;{}&#8221;][et_pb_row column_structure=&#8221;1_2,1_2&#8243; _builder_version=&#8221;4.16&#8243; _module_preset=&#8221;default&#8221; global_colors_info=&#8221;{}&#8221;][et_pb_column type=&#8221;1_2&#8243; _builder_version=&#8221;4.16&#8243; _module_preset=&#8221;default&#8221; global_colors_info=&#8221;{}&#8221;][et_pb_text _builder_version=&#8221;4.22.2&#8243; _module_preset=&#8221;default&#8221; min_height=&#8221;229px&#8221; custom_margin=&#8221;-2px||50px|||&#8221; custom_padding=&#8221;29px|||||&#8221; global_colors_info=&#8221;{}&#8221;]<\/p>\n<h2>SiteEasy Optical<\/h2>\n<p><\/p>\n<p>Dies ist die ultimative L\u00f6sung f\u00fcr die F\u00fcllstands\u00fcberwachung aller Nicht-ATEX-Produkte in Stahl- und Kunststofff\u00e4ssern, z.B. in Werkst\u00e4tten, Autowaschanlagen etc. Mit der einzigartigen \u00dcbersicht von SiteInfo k\u00f6nnen Sie Ihre Lieferungen optimieren, leere F\u00e4sser vermeiden und Ihre Auftr\u00e4ge effizienter planen. Das Ger\u00e4t ist autonom und verwendet einen ToF-Sensor (Time of Flight), um den F\u00fcllstand im Fass zu erkennen. Die Datenkommunikation erfolgt \u00fcber Narrowband IoT (NBIoT). \u00a0<\/p>\n<p><\/p>\n<ul>\n<li>Einfache Installation<\/li>\n<li>Batteriebetriebene All-in-One-L\u00f6sung<\/li>\n<li>Bis zu 5 Jahre Batterielebensdauer<\/li>\n<\/ul>\n<p>[\/et_pb_text][et_pb_button button_url=&#8221;https:\/\/mcd.se\/wp-content\/uploads\/2022\/09\/mcd_produktblad-SiteEasy-FAT-GER.pdf&#8221; url_new_window=&#8221;on&#8221; button_text=&#8221; Produktdatenblatt herunterladen&#8221; button_alignment=&#8221;left&#8221; _builder_version=&#8221;4.17.3&#8243; _module_preset=&#8221;default&#8221; global_colors_info=&#8221;{}&#8221;][\/et_pb_button][\/et_pb_column][et_pb_column type=&#8221;1_2&#8243; _builder_version=&#8221;4.16&#8243; _module_preset=&#8221;default&#8221; global_colors_info=&#8221;{}&#8221;][et_pb_image src=&#8221;https:\/\/mcd.se\/wp-content\/uploads\/2022\/03\/SiteEasyFat.png&#8221; alt=&#8221;SiteEasy Fat&#8221; title_text=&#8221;SiteEasy Fat&#8221; _builder_version=&#8221;4.16&#8243; _module_preset=&#8221;default&#8221; global_colors_info=&#8221;{}&#8221;][\/et_pb_image][\/et_pb_column][\/et_pb_row][\/et_pb_section][et_pb_section fb_built=&#8221;1&#8243; module_id=&#8221;siteeasy-ibc&#8221; _builder_version=&#8221;4.18.1&#8243; _module_preset=&#8221;default&#8221; background_color=&#8221;#F6F6F6&#8243; global_colors_info=&#8221;{}&#8221;][et_pb_row column_structure=&#8221;1_2,1_2&#8243; _builder_version=&#8221;4.16&#8243; _module_preset=&#8221;default&#8221; global_colors_info=&#8221;{}&#8221;][et_pb_column type=&#8221;1_2&#8243; _builder_version=&#8221;4.16&#8243; _module_preset=&#8221;default&#8221; global_colors_info=&#8221;{}&#8221;][et_pb_image src=&#8221;https:\/\/mcd.se\/wp-content\/uploads\/2022\/03\/SieEasyIBC.png&#8221; title_text=&#8221;SieEasyIBC&#8221; _builder_version=&#8221;4.16&#8243; _module_preset=&#8221;default&#8221; global_colors_info=&#8221;{}&#8221;][\/et_pb_image][\/et_pb_column][et_pb_column type=&#8221;1_2&#8243; _builder_version=&#8221;4.16&#8243; _module_preset=&#8221;default&#8221; global_colors_info=&#8221;{}&#8221;][et_pb_text _builder_version=&#8221;4.27.4&#8243; _module_preset=&#8221;default&#8221; custom_margin=&#8221;-1px|||||&#8221; custom_padding=&#8221;34px|||||&#8221; global_colors_info=&#8221;{}&#8221;]<\/p>\n<h2>SiteEasy Radar<\/h2>\n<p>Mit SiteEasy Radar haben Sie die Kontrolle \u00fcber alle F\u00fcllst\u00e4nde in allen Ihren IBC-F\u00e4ssern. Dies erm\u00f6glicht Ihnen, ein hohes Serviceniveau f\u00fcr Ihre Kunden aufrechtzuerhalten und sowohl Kosten als auch Ressourcen zu sparen.<\/p>\n<p>SiteEasy IBC-Sensor verwendet einen integrierten Radarsensor, der den F\u00fcllstand misst. Diese Daten werden \u00fcber GSM\/NB-IoT\/CAT-M an SiteInfo \u00fcbertragen. Es ist sogar m\u00f6glich, GPS im Sensor zu aktivieren, um die aktuelle Position anzuzeigen.<\/p>\n<p>&nbsp;<\/p>\n<ul>\n<li>Geeignet f\u00fcr Installationen in Kellern, bis zu -20\u00b0C<\/li>\n<li>Einfache Installation<\/li>\n<li>Bis zu 5 Jahre Batterielebensdauer<\/li>\n<\/ul>\n<p>[\/et_pb_text][et_pb_button button_url=&#8221;https:\/\/mcd.se\/wp-content\/uploads\/2022\/09\/mcd_produktblad-SiteEasy-IBC-GER.pdf&#8221; url_new_window=&#8221;on&#8221; button_text=&#8221; Produktdatenblatt herunterladen&#8221; button_alignment=&#8221;left&#8221; _builder_version=&#8221;4.17.3&#8243; _module_preset=&#8221;default&#8221; custom_margin=&#8221;50px|||||&#8221; global_colors_info=&#8221;{}&#8221;][\/et_pb_button][\/et_pb_column][\/et_pb_row][\/et_pb_section][et_pb_section fb_built=&#8221;1&#8243; module_id=&#8221;kontakta-oss&#8221; _builder_version=&#8221;4.18.1&#8243; _module_preset=&#8221;default&#8221; background_color=&#8221;#f6f6f6&#8243; custom_margin=&#8221;0px||||false|false&#8221; custom_margin_tablet=&#8221;0px||||false|false&#8221; custom_margin_phone=&#8221;0px||||false|false&#8221; custom_margin_last_edited=&#8221;on|desktop&#8221; global_module=&#8221;25512&#8243; saved_tabs=&#8221;all&#8221; global_colors_info=&#8221;{}&#8221;][et_pb_row _builder_version=&#8221;4.16&#8243; _module_preset=&#8221;default&#8221; global_colors_info=&#8221;{}&#8221;][et_pb_column type=&#8221;4_4&#8243; _builder_version=&#8221;4.16&#8243; _module_preset=&#8221;default&#8221; global_colors_info=&#8221;{}&#8221;][et_pb_text _builder_version=&#8221;4.16&#8243; _module_preset=&#8221;default&#8221; header_2_text_align=&#8221;center&#8221; global_colors_info=&#8221;{}&#8221;]<\/p>\n<h2>M\u00f6chten Sie, dass wir Sie kontaktieren?<\/h2>\n<p>[\/et_pb_text][\/et_pb_column][\/et_pb_row][et_pb_row column_structure=&#8221;1_2,1_2&#8243; _builder_version=&#8221;4.16&#8243; _module_preset=&#8221;default&#8221; global_colors_info=&#8221;{}&#8221;][et_pb_column type=&#8221;1_2&#8243; _builder_version=&#8221;4.16&#8243; _module_preset=&#8221;default&#8221; global_colors_info=&#8221;{}&#8221;][et_pb_code _builder_version=&#8221;4.25.0&#8243; _module_preset=&#8221;default&#8221; global_colors_info=&#8221;{}&#8221;]<script charset=\"utf-8\" type=\"text\/javascript\" src=\"\/\/js-eu1.hsforms.net\/forms\/embed\/v2.js\"><\/script><!-- [et_pb_line_break_holder] --><script><!-- [et_pb_line_break_holder] -->  hbspt.forms.create({<!-- [et_pb_line_break_holder] -->    portalId: \"144686101\",<!-- [et_pb_line_break_holder] -->    formId: \"6da68d2f-ee71-4d1a-9998-c6658fb041e9\",<!-- [et_pb_line_break_holder] -->    region: \"eu1\"<!-- [et_pb_line_break_holder] -->  });<!-- [et_pb_line_break_holder] --><\/script>[\/et_pb_code][\/et_pb_column][et_pb_column type=&#8221;1_2&#8243; _builder_version=&#8221;4.16&#8243; _module_preset=&#8221;default&#8221; global_colors_info=&#8221;{}&#8221;][et_pb_image src=&#8221;https:\/\/mcd.se\/wp-content\/uploads\/2021\/05\/mcd.se426sture-personalbild-2-770&#215;866-1.png&#8221; title_text=&#8221;%91mcd.se%93%91426%93sture-personalbild-2-770&#215;866&#8243; align=&#8221;center&#8221; _builder_version=&#8221;4.16&#8243; _module_preset=&#8221;default&#8221; width=&#8221;400px&#8221; width_tablet=&#8221;&#8221; width_phone=&#8221;250px&#8221; width_last_edited=&#8221;on|phone&#8221; global_colors_info=&#8221;{}&#8221;][\/et_pb_image][\/et_pb_column][\/et_pb_row][\/et_pb_section]<\/p>\n","protected":false},"excerpt":{"rendered":"<p>SiteEasy &#8211; Eine einfache L\u00f6sung zur \u00dcberwachung von Tankf\u00fcllst\u00e4ndenMit der SiteEasy Komplettl\u00f6sung haben Sie auch in abgelegenen Gebieten oder Anlagen ohne Stromanschluss die volle Kontrolle \u00fcber Ihre F\u00fcllst\u00e4nde.SiteEasy II &#8211; Batteriebetrieben, flexibel und robust.SiteEasy II ist die intelligente Kommunikationseinheit der n\u00e4chsten Generation f\u00fcr alle nicht Ex-klassifizierten Anwendungen. Mit SiteEasy II haben Sie die volle Kontrolle [&hellip;]<\/p>\n","protected":false},"author":1,"featured_media":0,"parent":27993,"menu_order":35,"comment_status":"closed","ping_status":"closed","template":"","meta":{"_et_pb_use_builder":"on","_et_pb_old_content":"","_et_gb_content_width":"","footnotes":""},"class_list":["post-27882","page","type-page","status-publish","hentry"],"yoast_head":"<!-- This site is optimized with the Yoast SEO plugin v25.8 - https:\/\/yoast.com\/wordpress\/plugins\/seo\/ -->\n<title>SiteEasy - Niv\u00e5system f\u00f6r niv\u00e5m\u00e4tning &amp; niv\u00e5\u00f6vervakning- MCD<\/title>\n<meta name=\"description\" content=\"Mit SiteEasy haben Sie die F\u00fcllst\u00e4nde auch in weit entfernten Tanks ohne Stromanschluss im Griff. Eine einfache L\u00f6sung zur F\u00fcllstands\u00fcberwachung.\" \/>\n<meta name=\"robots\" content=\"index, follow, max-snippet:-1, max-image-preview:large, max-video-preview:-1\" \/>\n<link rel=\"canonical\" href=\"https:\/\/mcd.se\/produkter\/siteeasy\/\" \/>\n<meta property=\"og:locale\" content=\"de_DE\" \/>\n<meta property=\"og:type\" content=\"article\" \/>\n<meta property=\"og:title\" content=\"SiteEasy - Niv\u00e5system f\u00f6r niv\u00e5m\u00e4tning &amp; niv\u00e5\u00f6vervakning- MCD\" \/>\n<meta property=\"og:description\" content=\"Mit SiteEasy haben Sie die F\u00fcllst\u00e4nde auch in weit entfernten Tanks ohne Stromanschluss im Griff. Eine einfache L\u00f6sung zur F\u00fcllstands\u00fcberwachung.\" \/>\n<meta property=\"og:url\" content=\"https:\/\/mcd.se\/produkter\/siteeasy\/\" \/>\n<meta property=\"og:site_name\" content=\"MCD\" \/>\n<meta property=\"article:modified_time\" content=\"2026-01-16T13:07:54+00:00\" \/>\n<meta name=\"twitter:card\" content=\"summary_large_image\" \/>\n<meta name=\"twitter:label1\" content=\"Gesch\u00e4tzte Lesezeit\" \/>\n\t<meta name=\"twitter:data1\" content=\"4\u00a0Minuten\" \/>\n<script type=\"application\/ld+json\" class=\"yoast-schema-graph\">{\"@context\":\"https:\/\/schema.org\",\"@graph\":[{\"@type\":\"WebPage\",\"@id\":\"https:\/\/mcd.se\/produkter\/siteeasy\/\",\"url\":\"https:\/\/mcd.se\/produkter\/siteeasy\/\",\"name\":\"SiteEasy - Niv\u00e5system f\u00f6r niv\u00e5m\u00e4tning & niv\u00e5\u00f6vervakning- MCD\",\"isPartOf\":{\"@id\":\"https:\/\/mcd.se\/#website\"},\"datePublished\":\"2022-09-21T14:06:09+00:00\",\"dateModified\":\"2026-01-16T13:07:54+00:00\",\"description\":\"Mit SiteEasy haben Sie die F\u00fcllst\u00e4nde auch in weit entfernten Tanks ohne Stromanschluss im Griff. Eine einfache L\u00f6sung zur F\u00fcllstands\u00fcberwachung.\",\"breadcrumb\":{\"@id\":\"https:\/\/mcd.se\/produkter\/siteeasy\/#breadcrumb\"},\"inLanguage\":\"de\",\"potentialAction\":[{\"@type\":\"ReadAction\",\"target\":[\"https:\/\/mcd.se\/produkter\/siteeasy\/\"]}]},{\"@type\":\"BreadcrumbList\",\"@id\":\"https:\/\/mcd.se\/produkter\/siteeasy\/#breadcrumb\",\"itemListElement\":[{\"@type\":\"ListItem\",\"position\":1,\"name\":\"Hem\",\"item\":\"https:\/\/mcd.se\/en\/\"},{\"@type\":\"ListItem\",\"position\":2,\"name\":\"Produkte\",\"item\":\"https:\/\/mcd.se\/produkter\/\"},{\"@type\":\"ListItem\",\"position\":3,\"name\":\"SiteEasy\"}]},{\"@type\":\"WebSite\",\"@id\":\"https:\/\/mcd.se\/#website\",\"url\":\"https:\/\/mcd.se\/\",\"name\":\"MCD\",\"description\":\"Niv\u00e5system f\u00f6r niv\u00e5m\u00e4tning &amp; niv\u00e5\u00f6vervakning i tankar\",\"publisher\":{\"@id\":\"https:\/\/mcd.se\/#organization\"},\"potentialAction\":[{\"@type\":\"SearchAction\",\"target\":{\"@type\":\"EntryPoint\",\"urlTemplate\":\"https:\/\/mcd.se\/?s={search_term_string}\"},\"query-input\":{\"@type\":\"PropertyValueSpecification\",\"valueRequired\":true,\"valueName\":\"search_term_string\"}}],\"inLanguage\":\"de\"},{\"@type\":\"Organization\",\"@id\":\"https:\/\/mcd.se\/#organization\",\"name\":\"Measure Connect Display AB\",\"url\":\"https:\/\/mcd.se\/\",\"logo\":{\"@type\":\"ImageObject\",\"inLanguage\":\"de\",\"@id\":\"https:\/\/mcd.se\/#\/schema\/logo\/image\/\",\"url\":\"https:\/\/mcd.se\/wp-content\/uploads\/2021\/05\/logo-dark.png\",\"contentUrl\":\"https:\/\/mcd.se\/wp-content\/uploads\/2021\/05\/logo-dark.png\",\"width\":137,\"height\":48,\"caption\":\"Measure Connect Display AB\"},\"image\":{\"@id\":\"https:\/\/mcd.se\/#\/schema\/logo\/image\/\"}}]}<\/script>\n<!-- \/ Yoast SEO plugin. -->","yoast_head_json":{"title":"SiteEasy - Niv\u00e5system f\u00f6r niv\u00e5m\u00e4tning & niv\u00e5\u00f6vervakning- MCD","description":"Mit SiteEasy haben Sie die F\u00fcllst\u00e4nde auch in weit entfernten Tanks ohne Stromanschluss im Griff. Eine einfache L\u00f6sung zur F\u00fcllstands\u00fcberwachung.","robots":{"index":"index","follow":"follow","max-snippet":"max-snippet:-1","max-image-preview":"max-image-preview:large","max-video-preview":"max-video-preview:-1"},"canonical":"https:\/\/mcd.se\/produkter\/siteeasy\/","og_locale":"de_DE","og_type":"article","og_title":"SiteEasy - Niv\u00e5system f\u00f6r niv\u00e5m\u00e4tning & niv\u00e5\u00f6vervakning- MCD","og_description":"Mit SiteEasy haben Sie die F\u00fcllst\u00e4nde auch in weit entfernten Tanks ohne Stromanschluss im Griff. Eine einfache L\u00f6sung zur F\u00fcllstands\u00fcberwachung.","og_url":"https:\/\/mcd.se\/produkter\/siteeasy\/","og_site_name":"MCD","article_modified_time":"2026-01-16T13:07:54+00:00","twitter_card":"summary_large_image","twitter_misc":{"Gesch\u00e4tzte Lesezeit":"4\u00a0Minuten"},"schema":{"@context":"https:\/\/schema.org","@graph":[{"@type":"WebPage","@id":"https:\/\/mcd.se\/produkter\/siteeasy\/","url":"https:\/\/mcd.se\/produkter\/siteeasy\/","name":"SiteEasy - Niv\u00e5system f\u00f6r niv\u00e5m\u00e4tning & niv\u00e5\u00f6vervakning- MCD","isPartOf":{"@id":"https:\/\/mcd.se\/#website"},"datePublished":"2022-09-21T14:06:09+00:00","dateModified":"2026-01-16T13:07:54+00:00","description":"Mit SiteEasy haben Sie die F\u00fcllst\u00e4nde auch in weit entfernten Tanks ohne Stromanschluss im Griff. Eine einfache L\u00f6sung zur F\u00fcllstands\u00fcberwachung.","breadcrumb":{"@id":"https:\/\/mcd.se\/produkter\/siteeasy\/#breadcrumb"},"inLanguage":"de","potentialAction":[{"@type":"ReadAction","target":["https:\/\/mcd.se\/produkter\/siteeasy\/"]}]},{"@type":"BreadcrumbList","@id":"https:\/\/mcd.se\/produkter\/siteeasy\/#breadcrumb","itemListElement":[{"@type":"ListItem","position":1,"name":"Hem","item":"https:\/\/mcd.se\/en\/"},{"@type":"ListItem","position":2,"name":"Produkte","item":"https:\/\/mcd.se\/produkter\/"},{"@type":"ListItem","position":3,"name":"SiteEasy"}]},{"@type":"WebSite","@id":"https:\/\/mcd.se\/#website","url":"https:\/\/mcd.se\/","name":"MCD","description":"Niv\u00e5system f\u00f6r niv\u00e5m\u00e4tning &amp; niv\u00e5\u00f6vervakning i tankar","publisher":{"@id":"https:\/\/mcd.se\/#organization"},"potentialAction":[{"@type":"SearchAction","target":{"@type":"EntryPoint","urlTemplate":"https:\/\/mcd.se\/?s={search_term_string}"},"query-input":{"@type":"PropertyValueSpecification","valueRequired":true,"valueName":"search_term_string"}}],"inLanguage":"de"},{"@type":"Organization","@id":"https:\/\/mcd.se\/#organization","name":"Measure Connect Display AB","url":"https:\/\/mcd.se\/","logo":{"@type":"ImageObject","inLanguage":"de","@id":"https:\/\/mcd.se\/#\/schema\/logo\/image\/","url":"https:\/\/mcd.se\/wp-content\/uploads\/2021\/05\/logo-dark.png","contentUrl":"https:\/\/mcd.se\/wp-content\/uploads\/2021\/05\/logo-dark.png","width":137,"height":48,"caption":"Measure Connect Display AB"},"image":{"@id":"https:\/\/mcd.se\/#\/schema\/logo\/image\/"}}]}},"_links":{"self":[{"href":"https:\/\/mcd.se\/de\/wp-json\/wp\/v2\/pages\/27882","targetHints":{"allow":["GET"]}}],"collection":[{"href":"https:\/\/mcd.se\/de\/wp-json\/wp\/v2\/pages"}],"about":[{"href":"https:\/\/mcd.se\/de\/wp-json\/wp\/v2\/types\/page"}],"author":[{"embeddable":true,"href":"https:\/\/mcd.se\/de\/wp-json\/wp\/v2\/users\/1"}],"replies":[{"embeddable":true,"href":"https:\/\/mcd.se\/de\/wp-json\/wp\/v2\/comments?post=27882"}],"version-history":[{"count":13,"href":"https:\/\/mcd.se\/de\/wp-json\/wp\/v2\/pages\/27882\/revisions"}],"predecessor-version":[{"id":29502,"href":"https:\/\/mcd.se\/de\/wp-json\/wp\/v2\/pages\/27882\/revisions\/29502"}],"up":[{"embeddable":true,"href":"https:\/\/mcd.se\/de\/wp-json\/wp\/v2\/pages\/27993"}],"wp:attachment":[{"href":"https:\/\/mcd.se\/de\/wp-json\/wp\/v2\/media?parent=27882"}],"curies":[{"name":"wp","href":"https:\/\/api.w.org\/{rel}","templated":true}]}}