{"id":27879,"date":"2022-09-21T15:59:08","date_gmt":"2022-09-21T13:59:08","guid":{"rendered":"https:\/\/mcd.se\/sitemonitor\/"},"modified":"2025-04-03T11:52:10","modified_gmt":"2025-04-03T09:52:10","slug":"sitemonitor","status":"publish","type":"page","link":"https:\/\/mcd.se\/de\/produkte\/sitemonitor\/","title":{"rendered":"Sitemonitor"},"content":{"rendered":"<p>[et_pb_section fb_built=&#8221;1&#8243; module_class=&#8221;hero&#8221; _builder_version=&#8221;4.16&#8243; _module_preset=&#8221;default&#8221; background_enable_color=&#8221;off&#8221; background_image=&#8221;https:\/\/mcd.se\/wp-content\/uploads\/2021\/05\/mcd.se220sitemonitor-bild-2500&#215;1200-1.jpg&#8221; min_height=&#8221;700px&#8221; min_height_tablet=&#8221;500px&#8221; min_height_phone=&#8221;300px&#8221; min_height_last_edited=&#8221;on|phone&#8221; custom_css_main_element=&#8221;display: flex;||flex-direction: column;||justify-content: center;&#8221; global_colors_info=&#8221;{}&#8221;][et_pb_row _builder_version=&#8221;4.16&#8243; _module_preset=&#8221;default&#8221; global_colors_info=&#8221;{}&#8221;][et_pb_column type=&#8221;4_4&#8243; _builder_version=&#8221;4.16&#8243; _module_preset=&#8221;default&#8221; global_colors_info=&#8221;{}&#8221;][et_pb_text _builder_version=&#8221;4.16&#8243; _module_preset=&#8221;default&#8221; text_font=&#8221;||||||||&#8221; text_text_color=&#8221;#FFFFFF&#8221; text_font_size=&#8221;14px&#8221; text_letter_spacing=&#8221;1px&#8221; text_line_height=&#8221;2.4em&#8221; header_text_color=&#8221;#FFFFFF&#8221; header_line_height=&#8221;1.4em&#8221; header_2_text_align=&#8221;center&#8221; header_2_text_color=&#8221;#FFFFFF&#8221; text_orientation=&#8221;center&#8221; custom_padding=&#8221;||36px||false|false&#8221; global_colors_info=&#8221;{}&#8221;]<\/p>\n<h1>Mit SiteMonitor \u00fcberwachen Sie die Tankf\u00fcllst\u00e4nde F\u00fcllst\u00e4nde alle zehn Minuten<\/h1>\n<h2>SiteMonitor in Kombination mit SiteInfo ist die optimale L\u00f6sung auf dem Markt und bietet Tankf\u00fcllstands\u00fcberwachung f\u00fcr hohe Anspr\u00fcche<\/h2>\n<p>[\/et_pb_text][\/et_pb_column][\/et_pb_row][\/et_pb_section][et_pb_section fb_built=&#8221;1&#8243; custom_padding_last_edited=&#8221;on|tablet&#8221; _builder_version=&#8221;4.16&#8243; _module_preset=&#8221;default&#8221; background_image=&#8221;https:\/\/mcd.se\/wp-content\/uploads\/2021\/05\/mcd.se781bg2.jpg&#8221; custom_padding=&#8221;120px||120px||true|false&#8221; custom_padding_tablet=&#8221;0px||0px||false|false&#8221; custom_padding_phone=&#8221;&#8221; global_colors_info=&#8221;{}&#8221;][et_pb_row column_structure=&#8221;1_2,1_2&#8243; use_custom_gutter=&#8221;on&#8221; gutter_width=&#8221;1&#8243; _builder_version=&#8221;4.16&#8243; _module_preset=&#8221;default&#8221; max_width=&#8221;1200px&#8221; custom_padding=&#8221;||58px|||&#8221; global_colors_info=&#8221;{}&#8221;][et_pb_column type=&#8221;1_2&#8243; _builder_version=&#8221;4.16&#8243; _module_preset=&#8221;default&#8221; custom_padding=&#8221;||||false|false&#8221; custom_css_main_element=&#8221;||display: flex;||flex-direction: column;||justify-content: center;&#8221; global_colors_info=&#8221;{}&#8221;][et_pb_image src=&#8221;https:\/\/mcd.se\/wp-content\/uploads\/2021\/05\/mcd.se158Sitemonitor-2-1200&#215;900-1-e1621419619742.png&#8221; title_text=&#8221;%91mcd.se%93%91158%93Sitemonitor-2-1200&#215;900&#8243; force_fullwidth=&#8221;on&#8221; _builder_version=&#8221;4.16&#8243; _module_preset=&#8221;default&#8221; width_tablet=&#8221;500px&#8221; width_phone=&#8221;300px&#8221; width_last_edited=&#8221;on|phone&#8221; module_alignment=&#8221;center&#8221; global_colors_info=&#8221;{}&#8221;][\/et_pb_image][\/et_pb_column][et_pb_column type=&#8221;1_2&#8243; _builder_version=&#8221;4.16&#8243; _module_preset=&#8221;default&#8221; custom_css_main_element=&#8221;display: flex;||flex-direction: column;||justify-content: center;&#8221; global_colors_info=&#8221;{}&#8221;][et_pb_text _builder_version=&#8221;4.17.3&#8243; _module_preset=&#8221;default&#8221; text_text_color=&#8221;#FFFFFF&#8221; header_text_color=&#8221;#FFFFFF&#8221; header_2_text_color=&#8221;#FFFFFF&#8221; header_2_font_size=&#8221;25px&#8221; custom_padding=&#8221;||0px||false|false&#8221; global_colors_info=&#8221;{}&#8221;]<\/p>\n<h2>SiteMonitor + SiteInfo &#8211; Unendliche M\u00f6glichkeiten<\/h2>\n<p>SiteMonitor ist eine in Schweden entwickelte Kommunikationsl\u00f6sung f\u00fcr alle, die hohe Anspr\u00fcche haben und eine h\u00e4ufige Berichterstattung \u00fcber Messdaten ben\u00f6tigen. Mit SiteMonitor k\u00f6nnen Sie jederzeit auf die fortschrittlichsten Funktionen von SiteInfo zugreifen.<\/p>\n<p>Einfache und effektive Tankf\u00fcllstands\u00fcberwachung mit hervorragender Netzabdeckung, immer die neueste Software, am Stromnetz angeschlossen, kein Batteriewechsel, kompatibel mit den meisten Sensorsystemen auf dem Markt und den meisten lokalen Systemen. Ideal f\u00fcr alle, die in der Lage sein wollen, Betriebsst\u00f6rungen schnell zu erkennen und darauf zu reagieren und die Liefermengen in Echtzeit zu kontrollieren. Mit SiteMonitor bekommen Sie alle zehn Minuten Ihre aktuellen F\u00fcllst\u00e4nde in SiteInfo gemeldet.<\/p>\n<ul>\n<li>Wartungsfrei, immer auf dem neuesten Stand der Software, Powerline verbunden.<\/li>\n<li>Verbindung mit mobilen Daten<\/li>\n<li>F\u00fcllstands\u00fcberwachung im Zehn-Minuten-Takt<\/li>\n<\/ul>\n<p>[\/et_pb_text][\/et_pb_column][\/et_pb_row][et_pb_row _builder_version=&#8221;4.16&#8243; _module_preset=&#8221;default&#8221; global_colors_info=&#8221;{}&#8221;][et_pb_column type=&#8221;4_4&#8243; _builder_version=&#8221;4.16&#8243; _module_preset=&#8221;default&#8221; global_colors_info=&#8221;{}&#8221;][et_pb_button button_url=&#8221;https:\/\/mcd.se\/wp-content\/uploads\/2022\/09\/mcd_produktblad-SiteMonitor-V1-GER.pdf&#8221; url_new_window=&#8221;on&#8221; button_text=&#8221; Produktdatenblatt herunterladen&#8221; button_alignment=&#8221;center&#8221; _builder_version=&#8221;4.17.3&#8243; _module_preset=&#8221;default&#8221; global_colors_info=&#8221;{}&#8221;][\/et_pb_button][\/et_pb_column][\/et_pb_row][\/et_pb_section][et_pb_section fb_built=&#8221;1&#8243; module_id=&#8221;kontakta-oss&#8221; _builder_version=&#8221;4.16&#8243; _module_preset=&#8221;default&#8221; background_color=&#8221;#f6f6f6&#8243; saved_tabs=&#8221;all&#8221; global_colors_info=&#8221;{}&#8221;][et_pb_row _builder_version=&#8221;4.16&#8243; _module_preset=&#8221;default&#8221; global_colors_info=&#8221;{}&#8221;][et_pb_column type=&#8221;4_4&#8243; _builder_version=&#8221;4.16&#8243; _module_preset=&#8221;default&#8221; global_colors_info=&#8221;{}&#8221;][et_pb_text _builder_version=&#8221;4.16&#8243; _module_preset=&#8221;default&#8221; header_2_text_align=&#8221;center&#8221; global_colors_info=&#8221;{}&#8221;]<\/p>\n<h2>M\u00f6chten Sie, dass wir Sie kontaktieren?<\/h2>\n<p>[\/et_pb_text][\/et_pb_column][\/et_pb_row][et_pb_row column_structure=&#8221;1_2,1_2&#8243; _builder_version=&#8221;4.16&#8243; _module_preset=&#8221;default&#8221; global_colors_info=&#8221;{}&#8221;][et_pb_column type=&#8221;1_2&#8243; _builder_version=&#8221;4.16&#8243; _module_preset=&#8221;default&#8221; global_colors_info=&#8221;{}&#8221;][et_pb_code _builder_version=&#8221;4.25.0&#8243; _module_preset=&#8221;default&#8221; hover_enabled=&#8221;0&#8243; sticky_enabled=&#8221;0&#8243;]<script charset=\"utf-8\" type=\"text\/javascript\" src=\"\/\/js-eu1.hsforms.net\/forms\/embed\/v2.js\"><\/script><!-- [et_pb_line_break_holder] --><script><!-- [et_pb_line_break_holder] -->  hbspt.forms.create({<!-- [et_pb_line_break_holder] -->    portalId: \"144686101\",<!-- [et_pb_line_break_holder] -->    formId: \"9a575c39-9a02-4d46-960a-20cde2b58a32\",<!-- [et_pb_line_break_holder] -->    region: \"eu1\"<!-- [et_pb_line_break_holder] -->  });<!-- [et_pb_line_break_holder] --><\/script>[\/et_pb_code][\/et_pb_column][et_pb_column type=&#8221;1_2&#8243; _builder_version=&#8221;4.16&#8243; _module_preset=&#8221;default&#8221; global_colors_info=&#8221;{}&#8221;][et_pb_image src=&#8221;https:\/\/mcd.se\/wp-content\/uploads\/2021\/05\/mcd.se426sture-personalbild-2-770&#215;866-1.png&#8221; title_text=&#8221;%91mcd.se%93%91426%93sture-personalbild-2-770&#215;866&#8243; align=&#8221;center&#8221; _builder_version=&#8221;4.16&#8243; _module_preset=&#8221;default&#8221; width=&#8221;400px&#8221; width_tablet=&#8221;&#8221; width_phone=&#8221;250px&#8221; width_last_edited=&#8221;on|phone&#8221; global_colors_info=&#8221;{}&#8221;][\/et_pb_image][\/et_pb_column][\/et_pb_row][\/et_pb_section]<\/p>\n","protected":false},"excerpt":{"rendered":"<p>Mit SiteMonitor \u00fcberwachen Sie die Tankf\u00fcllst\u00e4nde F\u00fcllst\u00e4nde alle zehn Minuten SiteMonitor in Kombination mit SiteInfo ist die optimale L\u00f6sung auf dem Markt und bietet Tankf\u00fcllstands\u00fcberwachung f\u00fcr hohe Anspr\u00fccheSiteMonitor + SiteInfo &#8211; Unendliche M\u00f6glichkeiten SiteMonitor ist eine in Schweden entwickelte Kommunikationsl\u00f6sung f\u00fcr alle, die hohe Anspr\u00fcche haben und eine h\u00e4ufige Berichterstattung \u00fcber Messdaten ben\u00f6tigen. Mit SiteMonitor [&hellip;]<\/p>\n","protected":false},"author":1,"featured_media":0,"parent":27993,"menu_order":37,"comment_status":"closed","ping_status":"closed","template":"","meta":{"_et_pb_use_builder":"on","_et_pb_old_content":"","_et_gb_content_width":"","footnotes":""},"class_list":["post-27879","page","type-page","status-publish","hentry"],"yoast_head":"<!-- This site is optimized with the Yoast SEO plugin v25.8 - https:\/\/yoast.com\/wordpress\/plugins\/seo\/ -->\n<title>Sitemonitor - MCD<\/title>\n<meta name=\"description\" content=\"SiteMonitor und SiteInfo sind die optimalste L\u00f6sung auf dem Markt und bieten Level-Monitoring f\u00fcr Sie mit hohen Anforderungen.\" \/>\n<meta name=\"robots\" content=\"index, follow, max-snippet:-1, max-image-preview:large, max-video-preview:-1\" \/>\n<link rel=\"canonical\" href=\"https:\/\/mcd.se\/produkter\/sitemonitor\/\" \/>\n<meta property=\"og:locale\" content=\"de_DE\" \/>\n<meta property=\"og:type\" content=\"article\" \/>\n<meta property=\"og:title\" content=\"Sitemonitor - MCD\" \/>\n<meta property=\"og:description\" content=\"SiteMonitor und SiteInfo sind die optimalste L\u00f6sung auf dem Markt und bieten Level-Monitoring f\u00fcr Sie mit hohen Anforderungen.\" \/>\n<meta property=\"og:url\" content=\"https:\/\/mcd.se\/produkter\/sitemonitor\/\" \/>\n<meta property=\"og:site_name\" content=\"MCD\" \/>\n<meta property=\"article:modified_time\" content=\"2025-04-03T09:52:10+00:00\" \/>\n<meta name=\"twitter:card\" content=\"summary_large_image\" \/>\n<meta name=\"twitter:label1\" content=\"Gesch\u00e4tzte Lesezeit\" \/>\n\t<meta name=\"twitter:data1\" content=\"2\u00a0Minuten\" \/>\n<script type=\"application\/ld+json\" class=\"yoast-schema-graph\">{\"@context\":\"https:\/\/schema.org\",\"@graph\":[{\"@type\":\"WebPage\",\"@id\":\"https:\/\/mcd.se\/produkter\/sitemonitor\/\",\"url\":\"https:\/\/mcd.se\/produkter\/sitemonitor\/\",\"name\":\"Sitemonitor - MCD\",\"isPartOf\":{\"@id\":\"https:\/\/mcd.se\/#website\"},\"datePublished\":\"2022-09-21T13:59:08+00:00\",\"dateModified\":\"2025-04-03T09:52:10+00:00\",\"description\":\"SiteMonitor und SiteInfo sind die optimalste L\u00f6sung auf dem Markt und bieten Level-Monitoring f\u00fcr Sie mit hohen Anforderungen.\",\"breadcrumb\":{\"@id\":\"https:\/\/mcd.se\/produkter\/sitemonitor\/#breadcrumb\"},\"inLanguage\":\"de\",\"potentialAction\":[{\"@type\":\"ReadAction\",\"target\":[\"https:\/\/mcd.se\/produkter\/sitemonitor\/\"]}]},{\"@type\":\"BreadcrumbList\",\"@id\":\"https:\/\/mcd.se\/produkter\/sitemonitor\/#breadcrumb\",\"itemListElement\":[{\"@type\":\"ListItem\",\"position\":1,\"name\":\"Hem\",\"item\":\"https:\/\/mcd.se\/en\/\"},{\"@type\":\"ListItem\",\"position\":2,\"name\":\"Produkte\",\"item\":\"https:\/\/mcd.se\/produkter\/\"},{\"@type\":\"ListItem\",\"position\":3,\"name\":\"Sitemonitor\"}]},{\"@type\":\"WebSite\",\"@id\":\"https:\/\/mcd.se\/#website\",\"url\":\"https:\/\/mcd.se\/\",\"name\":\"MCD\",\"description\":\"Niv\u00e5system f\u00f6r niv\u00e5m\u00e4tning &amp; niv\u00e5\u00f6vervakning i tankar\",\"publisher\":{\"@id\":\"https:\/\/mcd.se\/#organization\"},\"potentialAction\":[{\"@type\":\"SearchAction\",\"target\":{\"@type\":\"EntryPoint\",\"urlTemplate\":\"https:\/\/mcd.se\/?s={search_term_string}\"},\"query-input\":{\"@type\":\"PropertyValueSpecification\",\"valueRequired\":true,\"valueName\":\"search_term_string\"}}],\"inLanguage\":\"de\"},{\"@type\":\"Organization\",\"@id\":\"https:\/\/mcd.se\/#organization\",\"name\":\"Measure Connect Display AB\",\"url\":\"https:\/\/mcd.se\/\",\"logo\":{\"@type\":\"ImageObject\",\"inLanguage\":\"de\",\"@id\":\"https:\/\/mcd.se\/#\/schema\/logo\/image\/\",\"url\":\"https:\/\/mcd.se\/wp-content\/uploads\/2021\/05\/logo-dark.png\",\"contentUrl\":\"https:\/\/mcd.se\/wp-content\/uploads\/2021\/05\/logo-dark.png\",\"width\":137,\"height\":48,\"caption\":\"Measure Connect Display AB\"},\"image\":{\"@id\":\"https:\/\/mcd.se\/#\/schema\/logo\/image\/\"}}]}<\/script>\n<!-- \/ Yoast SEO plugin. -->","yoast_head_json":{"title":"Sitemonitor - MCD","description":"SiteMonitor und SiteInfo sind die optimalste L\u00f6sung auf dem Markt und bieten Level-Monitoring f\u00fcr Sie mit hohen Anforderungen.","robots":{"index":"index","follow":"follow","max-snippet":"max-snippet:-1","max-image-preview":"max-image-preview:large","max-video-preview":"max-video-preview:-1"},"canonical":"https:\/\/mcd.se\/produkter\/sitemonitor\/","og_locale":"de_DE","og_type":"article","og_title":"Sitemonitor - MCD","og_description":"SiteMonitor und SiteInfo sind die optimalste L\u00f6sung auf dem Markt und bieten Level-Monitoring f\u00fcr Sie mit hohen Anforderungen.","og_url":"https:\/\/mcd.se\/produkter\/sitemonitor\/","og_site_name":"MCD","article_modified_time":"2025-04-03T09:52:10+00:00","twitter_card":"summary_large_image","twitter_misc":{"Gesch\u00e4tzte Lesezeit":"2\u00a0Minuten"},"schema":{"@context":"https:\/\/schema.org","@graph":[{"@type":"WebPage","@id":"https:\/\/mcd.se\/produkter\/sitemonitor\/","url":"https:\/\/mcd.se\/produkter\/sitemonitor\/","name":"Sitemonitor - MCD","isPartOf":{"@id":"https:\/\/mcd.se\/#website"},"datePublished":"2022-09-21T13:59:08+00:00","dateModified":"2025-04-03T09:52:10+00:00","description":"SiteMonitor und SiteInfo sind die optimalste L\u00f6sung auf dem Markt und bieten Level-Monitoring f\u00fcr Sie mit hohen Anforderungen.","breadcrumb":{"@id":"https:\/\/mcd.se\/produkter\/sitemonitor\/#breadcrumb"},"inLanguage":"de","potentialAction":[{"@type":"ReadAction","target":["https:\/\/mcd.se\/produkter\/sitemonitor\/"]}]},{"@type":"BreadcrumbList","@id":"https:\/\/mcd.se\/produkter\/sitemonitor\/#breadcrumb","itemListElement":[{"@type":"ListItem","position":1,"name":"Hem","item":"https:\/\/mcd.se\/en\/"},{"@type":"ListItem","position":2,"name":"Produkte","item":"https:\/\/mcd.se\/produkter\/"},{"@type":"ListItem","position":3,"name":"Sitemonitor"}]},{"@type":"WebSite","@id":"https:\/\/mcd.se\/#website","url":"https:\/\/mcd.se\/","name":"MCD","description":"Niv\u00e5system f\u00f6r niv\u00e5m\u00e4tning &amp; niv\u00e5\u00f6vervakning i tankar","publisher":{"@id":"https:\/\/mcd.se\/#organization"},"potentialAction":[{"@type":"SearchAction","target":{"@type":"EntryPoint","urlTemplate":"https:\/\/mcd.se\/?s={search_term_string}"},"query-input":{"@type":"PropertyValueSpecification","valueRequired":true,"valueName":"search_term_string"}}],"inLanguage":"de"},{"@type":"Organization","@id":"https:\/\/mcd.se\/#organization","name":"Measure Connect Display AB","url":"https:\/\/mcd.se\/","logo":{"@type":"ImageObject","inLanguage":"de","@id":"https:\/\/mcd.se\/#\/schema\/logo\/image\/","url":"https:\/\/mcd.se\/wp-content\/uploads\/2021\/05\/logo-dark.png","contentUrl":"https:\/\/mcd.se\/wp-content\/uploads\/2021\/05\/logo-dark.png","width":137,"height":48,"caption":"Measure Connect Display AB"},"image":{"@id":"https:\/\/mcd.se\/#\/schema\/logo\/image\/"}}]}},"_links":{"self":[{"href":"https:\/\/mcd.se\/de\/wp-json\/wp\/v2\/pages\/27879","targetHints":{"allow":["GET"]}}],"collection":[{"href":"https:\/\/mcd.se\/de\/wp-json\/wp\/v2\/pages"}],"about":[{"href":"https:\/\/mcd.se\/de\/wp-json\/wp\/v2\/types\/page"}],"author":[{"embeddable":true,"href":"https:\/\/mcd.se\/de\/wp-json\/wp\/v2\/users\/1"}],"replies":[{"embeddable":true,"href":"https:\/\/mcd.se\/de\/wp-json\/wp\/v2\/comments?post=27879"}],"version-history":[{"count":1,"href":"https:\/\/mcd.se\/de\/wp-json\/wp\/v2\/pages\/27879\/revisions"}],"predecessor-version":[{"id":29193,"href":"https:\/\/mcd.se\/de\/wp-json\/wp\/v2\/pages\/27879\/revisions\/29193"}],"up":[{"embeddable":true,"href":"https:\/\/mcd.se\/de\/wp-json\/wp\/v2\/pages\/27993"}],"wp:attachment":[{"href":"https:\/\/mcd.se\/de\/wp-json\/wp\/v2\/media?parent=27879"}],"curies":[{"name":"wp","href":"https:\/\/api.w.org\/{rel}","templated":true}]}}