{"id":27876,"date":"2022-09-21T15:54:51","date_gmt":"2022-09-21T13:54:51","guid":{"rendered":"https:\/\/mcd.se\/abfall-recycling\/"},"modified":"2022-09-27T13:56:21","modified_gmt":"2022-09-27T11:56:21","slug":"abfall-recycling","status":"publish","type":"page","link":"https:\/\/mcd.se\/de\/segmente\/abfall-recycling\/","title":{"rendered":"Abfall \/ Recycling"},"content":{"rendered":"<p>[et_pb_section fb_built=&#8221;1&#8243; admin_label=&#8221;Hero&#8221; module_class=&#8221;hero&#8221; _builder_version=&#8221;4.16&#8243; _module_preset=&#8221;default&#8221; background_color=&#8221;RGBA(0,0,0,0)&#8221; use_background_color_gradient=&#8221;on&#8221; background_color_gradient_stops=&#8221;rgba(48,48,48,0.76) 100%|#29c4a9 100%&#8221; background_color_gradient_overlays_image=&#8221;on&#8221; background_color_gradient_start=&#8221;rgba(48,48,48,0.76)&#8221; background_color_gradient_start_position=&#8221;100%&#8221; background_image=&#8221;https:\/\/mcd.se\/wp-content\/uploads\/2021\/12\/toxic_418194475.jpg&#8221; min_height=&#8221;700px&#8221; min_height_tablet=&#8221;500px&#8221; min_height_phone=&#8221;300px&#8221; min_height_last_edited=&#8221;on|phone&#8221; custom_css_main_element=&#8221;display: flex;||flex-direction: column;||justify-content: center;&#8221; global_colors_info=&#8221;{}&#8221;][et_pb_row _builder_version=&#8221;4.16&#8243; _module_preset=&#8221;default&#8221; global_colors_info=&#8221;{}&#8221;][et_pb_column type=&#8221;4_4&#8243; _builder_version=&#8221;4.16&#8243; _module_preset=&#8221;default&#8221; global_colors_info=&#8221;{}&#8221;][et_pb_text _builder_version=&#8221;4.16&#8243; _module_preset=&#8221;default&#8221; text_font=&#8221;||||||||&#8221; text_text_color=&#8221;#FFFFFF&#8221; text_font_size=&#8221;14px&#8221; text_letter_spacing=&#8221;1px&#8221; text_line_height=&#8221;2.4em&#8221; header_text_color=&#8221;#FFFFFF&#8221; header_line_height=&#8221;1.4em&#8221; header_2_text_align=&#8221;center&#8221; header_2_text_color=&#8221;#FFFFFF&#8221; text_orientation=&#8221;center&#8221; custom_padding=&#8221;||36px||false|false&#8221; custom_padding_tablet=&#8221;&#8221; custom_padding_phone=&#8221;||0px||false|false&#8221; custom_padding_last_edited=&#8221;on|phone&#8221; header_2_font_size_phone=&#8221;20px&#8221; global_colors_info=&#8221;{}&#8221;]<\/p>\n<h1>Abfall\/Recycling<\/h1>\n<h2>Bei Zisternen, Tanks und anderen Abfallbeh\u00e4ltern ist es besonders wichtig, den F\u00fcllungsgrad kontinuierlich zu kontrollieren.<\/h2>\n<p>[\/et_pb_text][et_pb_button button_url=&#8221;https:\/\/mcd.se\/de\/unsere-leistungen-siteinfo\/&#8221; button_text=&#8221;SiteInfo&#8221; button_alignment=&#8221;center&#8221; _builder_version=&#8221;4.16&#8243; _module_preset=&#8221;default&#8221; global_colors_info=&#8221;{}&#8221;][\/et_pb_button][\/et_pb_column][\/et_pb_row][\/et_pb_section][et_pb_section fb_built=&#8221;1&#8243; custom_padding_last_edited=&#8221;on|tablet&#8221; _builder_version=&#8221;4.16&#8243; _module_preset=&#8221;default&#8221; background_color=&#8221;#FBFBFB&#8221; custom_padding_tablet=&#8221;0px||||false|false&#8221; custom_padding_phone=&#8221;&#8221; locked=&#8221;off&#8221; global_colors_info=&#8221;{}&#8221;][et_pb_row column_structure=&#8221;1_2,1_2&#8243; disabled_on=&#8221;off|off|off&#8221; _builder_version=&#8221;4.16&#8243; _module_preset=&#8221;2090e1f8-0396-4a6c-a2ac-bc77dd633929&#8243; custom_margin=&#8221;|auto|68px|auto||&#8221; global_colors_info=&#8221;{}&#8221;][et_pb_column type=&#8221;1_2&#8243; _builder_version=&#8221;4.16&#8243; _module_preset=&#8221;default&#8221; custom_css_main_element=&#8221;||display: flex;||flex-direction: column;||justify-content: center;&#8221; global_colors_info=&#8221;{}&#8221;][et_pb_text _builder_version=&#8221;4.16&#8243; _module_preset=&#8221;default&#8221; global_colors_info=&#8221;{}&#8221;]<\/p>\n<h2>Abfall\/Recycling<\/h2>\n<p>Die Umwandlung von Abf\u00e4llen in Ressourcen ist eines der Hauptziele der EU-Richtlinie 2018 zur Abfallwirtschaft. Ziel ist es, die Abfallmengen zu reduzieren, die Wiederverwendung von Produkten zu erh\u00f6hen, das allgemeine Recycling zu steigern und das Abfallmanagement zu verbessern.<\/p>\n<p>Mit einer gut funktionierenden \u00dcberwachung des F\u00fcllstandes ist es einfach, die volle Kontrolle zu haben, egal ob es sich um Fl\u00fcssigkeiten, Gase oder Feststoffe handelt. Sie k\u00f6nnen auch rechtzeitig erkennen, wann der betreffende Abfall transportiert werden muss. Dar\u00fcber hinaus bietet Ihnen das System die M\u00f6glichkeit einer optimierten Logistikplanung, was wiederum Ihre Klimabilanz verbessern kann.<\/p>\n<h3>Intelligentere und bessere Transporte<\/h3>\n<p>Mit dem richtigen System ist es einfach, die Logistik zu optimieren, da Sie die Transporte gemeinsam mit Ihrem Abfallunternehmen leichter planen k\u00f6nnen. Und denken Sie daran: Recycling ist nicht die einzige M\u00f6glichkeit, Ihre Klimabilanz zu verbessern. Um in der gesamten Recycling-Wertsch\u00f6pfungskette einen Unterschied zu machen, m\u00fcssen Sie auch die Anzahl der unn\u00f6tigen Transporte minimieren. MCD arbeitet seit fast 10 Jahren im Abfallsegment mit einigen der gr\u00f6\u00dften Unternehmen auf dem nordischen Markt zusammen. Unsere Systeme haben das Management f\u00fcr Abfallunternehmen und -organisationen vereinfacht und rationalisiert.[\/et_pb_text][\/et_pb_column][et_pb_column type=&#8221;1_2&#8243; _builder_version=&#8221;4.16&#8243; _module_preset=&#8221;default&#8221; global_colors_info=&#8221;{}&#8221;][et_pb_image src=&#8221;https:\/\/mcd.se\/wp-content\/uploads\/2021\/07\/pil_ner-300&#215;206.png&#8221; title_text=&#8221;pil_ner&#8221; disabled_on=&#8221;on|on|off&#8221; _builder_version=&#8221;4.16&#8243; _module_preset=&#8221;default&#8221; transform_scale=&#8221;103%|103%&#8221; transform_translate=&#8221;179px|97px&#8221; transform_rotate=&#8221;0deg|0deg|90deg&#8221; positioning=&#8221;absolute&#8221; position_origin_a=&#8221;bottom_left&#8221; vertical_offset=&#8221;99px&#8221; horizontal_offset=&#8221;-226px&#8221; vertical_offset_tablet=&#8221;&#8221; vertical_offset_phone=&#8221;&#8221; vertical_offset_last_edited=&#8221;on|desktop&#8221; width=&#8221;100%&#8221; global_colors_info=&#8221;{}&#8221;][\/et_pb_image][\/et_pb_column][\/et_pb_row][et_pb_row column_structure=&#8221;1_2,1_2&#8243; _builder_version=&#8221;4.16&#8243; _module_preset=&#8221;2090e1f8-0396-4a6c-a2ac-bc77dd633929&#8243; background_enable_image=&#8221;off&#8221; module_alignment=&#8221;center&#8221; custom_margin=&#8221;78px|auto||auto|false|false&#8221; custom_margin_tablet=&#8221;-40px||||false|false&#8221; custom_margin_phone=&#8221;&#8221; custom_margin_last_edited=&#8221;on|desktop&#8221; global_colors_info=&#8221;{}&#8221;][et_pb_column type=&#8221;1_2&#8243; _builder_version=&#8221;4.16&#8243; _module_preset=&#8221;default&#8221; background_image=&#8221;https:\/\/mcd.se\/wp-content\/uploads\/2021\/08\/stock-photo-chemical-hazard-pictograms-toxic-focus-418194475-1024&#215;502.jpg&#8221; custom_padding_tablet=&#8221;50px||50px||true|false&#8221; custom_padding_phone=&#8221;&#8221; custom_padding_last_edited=&#8221;on|tablet&#8221; custom_css_main_element=&#8221;||display: flex;||flex-direction: column;||justify-content: center;&#8221; global_colors_info=&#8221;{}&#8221;][et_pb_image _builder_version=&#8221;4.16&#8243; _module_preset=&#8221;default&#8221; global_colors_info=&#8221;{}&#8221;][\/et_pb_image][et_pb_image src=&#8221;https:\/\/mcd.se\/wp-content\/uploads\/2021\/08\/bioenergy.jpg&#8221; title_text=&#8221;bioenergy&#8221; _builder_version=&#8221;4.16&#8243; _module_preset=&#8221;default&#8221; global_colors_info=&#8221;{}&#8221;][\/et_pb_image][\/et_pb_column][et_pb_column type=&#8221;1_2&#8243; _builder_version=&#8221;4.16&#8243; _module_preset=&#8221;default&#8221; background_enable_image=&#8221;off&#8221; custom_padding_tablet=&#8221;50px||50px||true|false&#8221; custom_padding_phone=&#8221;&#8221; custom_padding_last_edited=&#8221;on|tablet&#8221; custom_css_main_element=&#8221;||display: flex;||flex-direction: column;||justify-content: center;&#8221; global_colors_info=&#8221;{}&#8221;][et_pb_text _builder_version=&#8221;4.16&#8243; _module_preset=&#8221;default&#8221; global_colors_info=&#8221;{}&#8221;]<\/p>\n<h2>\u00dcberwachungssysteme f\u00fcr gef\u00e4hrliche Abf\u00e4lle<\/h2>\n<p>In Schweden (und in allen anderen EU-L\u00e4ndern) ist jeder, der gef\u00e4hrliche Abf\u00e4lle produziert, transportiert und verwaltet, verpflichtet, diese zu melden. In einigen F\u00e4llen m\u00fcssen diese Meldungen sofort erfolgen. Mit einem intelligenten, cloudbasierten F\u00fcllstands\u00fcberwachungssystem ist dies f\u00fcr Abfallerzeuger, Recyclingunternehmen und Transporteure leicht zu bewerkstelligen.<\/p>\n<p>Au\u00dferdem ist es viel einfacher, die volle Kontrolle zu haben und zu wissen, wann eine Leerung erforderlich ist. Der Transporteur kann die Logistik leicht planen und hat die Kontrolle dar\u00fcber, wie viel abgeholt und transportiert wird.[\/et_pb_text][et_pb_button button_text=&#8221;Lesen Sie mehr \u00fcber Siteinfo&#8221; button_alignment=&#8221;left&#8221; button_alignment_tablet=&#8221;center&#8221; button_alignment_phone=&#8221;&#8221; button_alignment_last_edited=&#8221;on|desktop&#8221; _builder_version=&#8221;4.17.4&#8243; _module_preset=&#8221;default&#8221; hover_enabled=&#8221;0&#8243; global_colors_info=&#8221;{}&#8221; button_url=&#8221;@ET-DC@eyJkeW5hbWljIjp0cnVlLCJjb250ZW50IjoicG9zdF9saW5rX3VybF9wYWdlIiwic2V0dGluZ3MiOnsicG9zdF9pZCI6IjYyIn19@&#8221; _dynamic_attributes=&#8221;button_url&#8221; sticky_enabled=&#8221;0&#8243;][\/et_pb_button][\/et_pb_column][\/et_pb_row][\/et_pb_section][et_pb_section fb_built=&#8221;1&#8243; _builder_version=&#8221;4.16&#8243; _module_preset=&#8221;default&#8221; locked=&#8221;off&#8221; global_colors_info=&#8221;{}&#8221;][et_pb_row _builder_version=&#8221;4.16&#8243; _module_preset=&#8221;2090e1f8-0396-4a6c-a2ac-bc77dd633929&#8243; width_last_edited=&#8221;off|desktop&#8221; custom_padding=&#8221;||0px||false|false&#8221; global_colors_info=&#8221;{}&#8221;][et_pb_column type=&#8221;4_4&#8243; _builder_version=&#8221;4.16&#8243; _module_preset=&#8221;default&#8221; global_colors_info=&#8221;{}&#8221;][et_pb_text _builder_version=&#8221;4.16&#8243; _module_preset=&#8221;default&#8221; header_2_text_align=&#8221;center&#8221; header_3_text_align=&#8221;center&#8221; header_2_text_align_tablet=&#8221;left&#8221; header_2_text_align_phone=&#8221;&#8221; header_2_text_align_last_edited=&#8221;on|desktop&#8221; header_3_text_align_tablet=&#8221;left&#8221; header_3_text_align_phone=&#8221;&#8221; header_3_text_align_last_edited=&#8221;on|tablet&#8221; global_colors_info=&#8221;{}&#8221;]<\/p>\n<h2>Einfache Einhaltung der EU-Richtlinie<\/h2>\n<p>[\/et_pb_text][\/et_pb_column][\/et_pb_row][et_pb_row _builder_version=&#8221;4.16&#8243; _module_preset=&#8221;default&#8221; width=&#8221;50%&#8221; global_colors_info=&#8221;{}&#8221;][et_pb_column type=&#8221;4_4&#8243; _builder_version=&#8221;4.16&#8243; _module_preset=&#8221;default&#8221; global_colors_info=&#8221;{}&#8221;][et_pb_text _builder_version=&#8221;4.16&#8243; _module_preset=&#8221;default&#8221; text_orientation=&#8221;center&#8221; text_orientation_tablet=&#8221;left&#8221; text_orientation_phone=&#8221;&#8221; text_orientation_last_edited=&#8221;on|tablet&#8221; global_colors_info=&#8221;{}&#8221;]Gef\u00e4hrliche Abf\u00e4lle enthalten oder bestehen aus Substanzen, die gef\u00e4hrliche Eigenschaften haben. Da es sich um gef\u00e4hrliche Abf\u00e4lle handelt, ist es wichtig, dass sie korrekt gehandhabt werden. Mit einem gut funktionierenden F\u00fcllstands\u00fcberwachungssystem hat die verantwortliche Person die volle Kontrolle \u00fcber die Beh\u00e4lter mit gef\u00e4hrlichen Abf\u00e4llen. Dazu geh\u00f6rt, dass er wei\u00df, wie viel gef\u00e4hrlicher Abfall vorhanden ist und wie viel entweder hinzugef\u00fcgt oder abtransportiert wird.<\/p>\n<p>Zu den gef\u00e4hrlichen Abf\u00e4llen geh\u00f6ren sowohl \u00f6lhaltige Fl\u00fcssigkeiten als auch andere Stoffe aus der Prozessindustrie. So gelten beispielsweise verschiedene Chemikalien aus der Prozessindustrie als gef\u00e4hrlich. [\/et_pb_text][\/et_pb_column][\/et_pb_row][\/et_pb_section][et_pb_section fb_built=&#8221;1&#8243; admin_label=&#8221;S\u00e5 fungerar det&#8221; module_id=&#8221;funka&#8221; _builder_version=&#8221;4.16&#8243; _module_preset=&#8221;default&#8221; background_color=&#8221;#303030&#8243; locked=&#8221;off&#8221; global_colors_info=&#8221;{}&#8221;][et_pb_row _builder_version=&#8221;4.16&#8243; _module_preset=&#8221;default&#8221; global_colors_info=&#8221;{}&#8221;][et_pb_column type=&#8221;4_4&#8243; _builder_version=&#8221;4.16&#8243; _module_preset=&#8221;default&#8221; global_colors_info=&#8221;{}&#8221;][et_pb_text _builder_version=&#8221;4.16&#8243; _module_preset=&#8221;default&#8221; header_2_text_align=&#8221;center&#8221; header_2_text_color=&#8221;#FFFFFF&#8221; global_colors_info=&#8221;{}&#8221;]<\/p>\n<h2>\u00dcberwachen Sie Versch\u00fcttungen und reduzieren Sie Kosten<\/h2>\n<p>[\/et_pb_text][\/et_pb_column][\/et_pb_row][et_pb_row use_custom_gutter=&#8221;on&#8221; gutter_width=&#8221;3&#8243; _builder_version=&#8221;4.16&#8243; _module_preset=&#8221;default&#8221; width_tablet=&#8221;70%&#8221; custom_padding=&#8221;0px||||false|false&#8221; global_colors_info=&#8221;{}&#8221;][et_pb_column type=&#8221;4_4&#8243; _builder_version=&#8221;4.16&#8243; _module_preset=&#8221;default&#8221; custom_padding=&#8221;||||false|false&#8221; custom_padding_tablet=&#8221;||40px||false|false&#8221; custom_padding_phone=&#8221;&#8221; custom_padding_last_edited=&#8221;on|tablet&#8221; global_colors_info=&#8221;{}&#8221;][et_pb_text _builder_version=&#8221;4.16&#8243; _module_preset=&#8221;default&#8221; text_text_color=&#8221;#FFFFFF&#8221; text_font_size=&#8221;18px&#8221; text_line_height=&#8221;1.8em&#8221; header_3_text_align=&#8221;center&#8221; header_3_text_color=&#8221;#FFFFFF&#8221; text_orientation=&#8221;center&#8221; global_colors_info=&#8221;{}&#8221;]Wir bieten Ihnen die volle Kontrolle \u00fcber Ihre F\u00fcllst\u00e4nde in \u00d6lbeh\u00e4ltern und Zisternen. Die intelligente F\u00fcllstands\u00fcberwachung erm\u00f6glicht Ihnen einen sorgenfreien Alltag. Das wiederum bedeutet, dass Sie sowohl Zeit als auch Geld sparen.<\/p>\n<p>Es ist wichtig, dass Sie Ihre Mengen an ausgelaufenen \u00d6len und \u00d6labf\u00e4llen kennen. Und dass die \u00dcberwachung sicher erfolgt &#8211; damit Sie immer einen guten \u00dcberblick haben. Dar\u00fcber hinaus ist die \u00dcberwachung nachhaltig intelligent, denn durch die vollst\u00e4ndige Kontrolle wissen Sie, wann die Beh\u00e4lter geleert werden m\u00fcssen. Sie k\u00f6nnen Transporte rechtzeitig planen und wissen, dass Ihre Arbeit den Anforderungen der Nachhaltigkeit und nat\u00fcrlich der vorgeschriebenen \u00dcberwachung von gef\u00e4hrlichen Abf\u00e4llen entspricht. Wenn Sie f\u00fcr die Sammlung von \u00d6labf\u00e4llen zust\u00e4ndig sind, k\u00f6nnen Sie auch Ihre Kundenrouten leichter planen. [\/et_pb_text][et_pb_button button_url=&#8221;@ET-DC@eyJkeW5hbWljIjp0cnVlLCJjb250ZW50IjoicG9zdF9saW5rX3VybF9wYWdlIiwic2V0dGluZ3MiOnsicG9zdF9pZCI6IjMzNCJ9fQ==@&#8221; button_text=&#8221;Kontaktieren Sie uns&#8221; button_alignment=&#8221;center&#8221; _builder_version=&#8221;4.16&#8243; _dynamic_attributes=&#8221;button_url&#8221; _module_preset=&#8221;default&#8221; custom_margin=&#8221;40px||||false|false&#8221; global_colors_info=&#8221;{}&#8221;][\/et_pb_button][\/et_pb_column][\/et_pb_row][\/et_pb_section]<\/p>\n","protected":false},"excerpt":{"rendered":"<p>Abfall\/Recycling Bei Zisternen, Tanks und anderen Abfallbeh\u00e4ltern ist es besonders wichtig, den F\u00fcllungsgrad kontinuierlich zu kontrollieren.Abfall\/Recycling Die Umwandlung von Abf\u00e4llen in Ressourcen ist eines der Hauptziele der EU-Richtlinie 2018 zur Abfallwirtschaft. Ziel ist es, die Abfallmengen zu reduzieren, die Wiederverwendung von Produkten zu erh\u00f6hen, das allgemeine Recycling zu steigern und das Abfallmanagement zu verbessern. Mit [&hellip;]<\/p>\n","protected":false},"author":2,"featured_media":0,"parent":27996,"menu_order":15,"comment_status":"closed","ping_status":"closed","template":"","meta":{"_et_pb_use_builder":"on","_et_pb_old_content":"","_et_gb_content_width":"","footnotes":""},"class_list":["post-27876","page","type-page","status-publish","hentry"],"yoast_head":"<!-- This site is optimized with the Yoast SEO plugin v25.8 - https:\/\/yoast.com\/wordpress\/plugins\/seo\/ -->\n<title>Niv\u00e5m\u00e4tning - Abfall \/ Recycling - MCD<\/title>\n<meta name=\"description\" content=\"Unser System erleichtert die Optimierung des Transports Ihrer Abf\u00e4lle. Recycling ist nicht die einzige M\u00f6glichkeit, Ihren CO2-Fu\u00dfabdruck zu reduzieren.\" \/>\n<meta name=\"robots\" content=\"index, follow, max-snippet:-1, max-image-preview:large, max-video-preview:-1\" \/>\n<link rel=\"canonical\" href=\"https:\/\/mcd.se\/de\/segmente\/abfall-recycling\/\" \/>\n<meta property=\"og:locale\" content=\"de_DE\" \/>\n<meta property=\"og:type\" content=\"article\" \/>\n<meta property=\"og:title\" content=\"Niv\u00e5m\u00e4tning - Abfall \/ Recycling - MCD\" \/>\n<meta property=\"og:description\" content=\"Unser System erleichtert die Optimierung des Transports Ihrer Abf\u00e4lle. Recycling ist nicht die einzige M\u00f6glichkeit, Ihren CO2-Fu\u00dfabdruck zu reduzieren.\" \/>\n<meta property=\"og:url\" content=\"https:\/\/mcd.se\/de\/segmente\/abfall-recycling\/\" \/>\n<meta property=\"og:site_name\" content=\"MCD\" \/>\n<meta property=\"article:modified_time\" content=\"2022-09-27T11:56:21+00:00\" \/>\n<meta name=\"twitter:card\" content=\"summary_large_image\" \/>\n<meta name=\"twitter:label1\" content=\"Gesch\u00e4tzte Lesezeit\" \/>\n\t<meta name=\"twitter:data1\" content=\"8\u00a0Minuten\" \/>\n<script type=\"application\/ld+json\" class=\"yoast-schema-graph\">{\"@context\":\"https:\/\/schema.org\",\"@graph\":[{\"@type\":\"WebPage\",\"@id\":\"https:\/\/mcd.se\/de\/segmente\/abfall-recycling\/\",\"url\":\"https:\/\/mcd.se\/de\/segmente\/abfall-recycling\/\",\"name\":\"Niv\u00e5m\u00e4tning - Abfall \/ Recycling - MCD\",\"isPartOf\":{\"@id\":\"https:\/\/mcd.se\/#website\"},\"datePublished\":\"2022-09-21T13:54:51+00:00\",\"dateModified\":\"2022-09-27T11:56:21+00:00\",\"description\":\"Unser System erleichtert die Optimierung des Transports Ihrer Abf\u00e4lle. Recycling ist nicht die einzige M\u00f6glichkeit, Ihren CO2-Fu\u00dfabdruck zu reduzieren.\",\"breadcrumb\":{\"@id\":\"https:\/\/mcd.se\/de\/segmente\/abfall-recycling\/#breadcrumb\"},\"inLanguage\":\"de\",\"potentialAction\":[{\"@type\":\"ReadAction\",\"target\":[\"https:\/\/mcd.se\/de\/segmente\/abfall-recycling\/\"]}]},{\"@type\":\"BreadcrumbList\",\"@id\":\"https:\/\/mcd.se\/de\/segmente\/abfall-recycling\/#breadcrumb\",\"itemListElement\":[{\"@type\":\"ListItem\",\"position\":1,\"name\":\"Hem\",\"item\":\"https:\/\/mcd.se\/en\/\"},{\"@type\":\"ListItem\",\"position\":2,\"name\":\"Segmente\",\"item\":\"https:\/\/mcd.se\/de\/segmente\/\"},{\"@type\":\"ListItem\",\"position\":3,\"name\":\"Abfall \/ Recycling\"}]},{\"@type\":\"WebSite\",\"@id\":\"https:\/\/mcd.se\/#website\",\"url\":\"https:\/\/mcd.se\/\",\"name\":\"MCD\",\"description\":\"Niv\u00e5system f\u00f6r niv\u00e5m\u00e4tning &amp; niv\u00e5\u00f6vervakning i tankar\",\"publisher\":{\"@id\":\"https:\/\/mcd.se\/#organization\"},\"potentialAction\":[{\"@type\":\"SearchAction\",\"target\":{\"@type\":\"EntryPoint\",\"urlTemplate\":\"https:\/\/mcd.se\/?s={search_term_string}\"},\"query-input\":{\"@type\":\"PropertyValueSpecification\",\"valueRequired\":true,\"valueName\":\"search_term_string\"}}],\"inLanguage\":\"de\"},{\"@type\":\"Organization\",\"@id\":\"https:\/\/mcd.se\/#organization\",\"name\":\"Measure Connect Display AB\",\"url\":\"https:\/\/mcd.se\/\",\"logo\":{\"@type\":\"ImageObject\",\"inLanguage\":\"de\",\"@id\":\"https:\/\/mcd.se\/#\/schema\/logo\/image\/\",\"url\":\"https:\/\/mcd.se\/wp-content\/uploads\/2021\/05\/logo-dark.png\",\"contentUrl\":\"https:\/\/mcd.se\/wp-content\/uploads\/2021\/05\/logo-dark.png\",\"width\":137,\"height\":48,\"caption\":\"Measure Connect Display AB\"},\"image\":{\"@id\":\"https:\/\/mcd.se\/#\/schema\/logo\/image\/\"}}]}<\/script>\n<!-- \/ Yoast SEO plugin. -->","yoast_head_json":{"title":"Niv\u00e5m\u00e4tning - Abfall \/ Recycling - MCD","description":"Unser System erleichtert die Optimierung des Transports Ihrer Abf\u00e4lle. Recycling ist nicht die einzige M\u00f6glichkeit, Ihren CO2-Fu\u00dfabdruck zu reduzieren.","robots":{"index":"index","follow":"follow","max-snippet":"max-snippet:-1","max-image-preview":"max-image-preview:large","max-video-preview":"max-video-preview:-1"},"canonical":"https:\/\/mcd.se\/de\/segmente\/abfall-recycling\/","og_locale":"de_DE","og_type":"article","og_title":"Niv\u00e5m\u00e4tning - Abfall \/ Recycling - MCD","og_description":"Unser System erleichtert die Optimierung des Transports Ihrer Abf\u00e4lle. Recycling ist nicht die einzige M\u00f6glichkeit, Ihren CO2-Fu\u00dfabdruck zu reduzieren.","og_url":"https:\/\/mcd.se\/de\/segmente\/abfall-recycling\/","og_site_name":"MCD","article_modified_time":"2022-09-27T11:56:21+00:00","twitter_card":"summary_large_image","twitter_misc":{"Gesch\u00e4tzte Lesezeit":"8\u00a0Minuten"},"schema":{"@context":"https:\/\/schema.org","@graph":[{"@type":"WebPage","@id":"https:\/\/mcd.se\/de\/segmente\/abfall-recycling\/","url":"https:\/\/mcd.se\/de\/segmente\/abfall-recycling\/","name":"Niv\u00e5m\u00e4tning - Abfall \/ Recycling - MCD","isPartOf":{"@id":"https:\/\/mcd.se\/#website"},"datePublished":"2022-09-21T13:54:51+00:00","dateModified":"2022-09-27T11:56:21+00:00","description":"Unser System erleichtert die Optimierung des Transports Ihrer Abf\u00e4lle. Recycling ist nicht die einzige M\u00f6glichkeit, Ihren CO2-Fu\u00dfabdruck zu reduzieren.","breadcrumb":{"@id":"https:\/\/mcd.se\/de\/segmente\/abfall-recycling\/#breadcrumb"},"inLanguage":"de","potentialAction":[{"@type":"ReadAction","target":["https:\/\/mcd.se\/de\/segmente\/abfall-recycling\/"]}]},{"@type":"BreadcrumbList","@id":"https:\/\/mcd.se\/de\/segmente\/abfall-recycling\/#breadcrumb","itemListElement":[{"@type":"ListItem","position":1,"name":"Hem","item":"https:\/\/mcd.se\/en\/"},{"@type":"ListItem","position":2,"name":"Segmente","item":"https:\/\/mcd.se\/de\/segmente\/"},{"@type":"ListItem","position":3,"name":"Abfall \/ Recycling"}]},{"@type":"WebSite","@id":"https:\/\/mcd.se\/#website","url":"https:\/\/mcd.se\/","name":"MCD","description":"Niv\u00e5system f\u00f6r niv\u00e5m\u00e4tning &amp; niv\u00e5\u00f6vervakning i tankar","publisher":{"@id":"https:\/\/mcd.se\/#organization"},"potentialAction":[{"@type":"SearchAction","target":{"@type":"EntryPoint","urlTemplate":"https:\/\/mcd.se\/?s={search_term_string}"},"query-input":{"@type":"PropertyValueSpecification","valueRequired":true,"valueName":"search_term_string"}}],"inLanguage":"de"},{"@type":"Organization","@id":"https:\/\/mcd.se\/#organization","name":"Measure Connect Display AB","url":"https:\/\/mcd.se\/","logo":{"@type":"ImageObject","inLanguage":"de","@id":"https:\/\/mcd.se\/#\/schema\/logo\/image\/","url":"https:\/\/mcd.se\/wp-content\/uploads\/2021\/05\/logo-dark.png","contentUrl":"https:\/\/mcd.se\/wp-content\/uploads\/2021\/05\/logo-dark.png","width":137,"height":48,"caption":"Measure Connect Display AB"},"image":{"@id":"https:\/\/mcd.se\/#\/schema\/logo\/image\/"}}]}},"_links":{"self":[{"href":"https:\/\/mcd.se\/de\/wp-json\/wp\/v2\/pages\/27876","targetHints":{"allow":["GET"]}}],"collection":[{"href":"https:\/\/mcd.se\/de\/wp-json\/wp\/v2\/pages"}],"about":[{"href":"https:\/\/mcd.se\/de\/wp-json\/wp\/v2\/types\/page"}],"author":[{"embeddable":true,"href":"https:\/\/mcd.se\/de\/wp-json\/wp\/v2\/users\/2"}],"replies":[{"embeddable":true,"href":"https:\/\/mcd.se\/de\/wp-json\/wp\/v2\/comments?post=27876"}],"version-history":[{"count":0,"href":"https:\/\/mcd.se\/de\/wp-json\/wp\/v2\/pages\/27876\/revisions"}],"up":[{"embeddable":true,"href":"https:\/\/mcd.se\/de\/wp-json\/wp\/v2\/pages\/27996"}],"wp:attachment":[{"href":"https:\/\/mcd.se\/de\/wp-json\/wp\/v2\/media?parent=27876"}],"curies":[{"name":"wp","href":"https:\/\/api.w.org\/{rel}","templated":true}]}}