{"id":27873,"date":"2022-09-21T14:11:13","date_gmt":"2022-09-21T12:11:13","guid":{"rendered":"https:\/\/mcd.se\/unsere-datenschutzpolitik\/"},"modified":"2022-09-22T15:24:05","modified_gmt":"2022-09-22T13:24:05","slug":"unsere-datenschutzpolitik","status":"publish","type":"page","link":"https:\/\/mcd.se\/de\/unsere-datenschutzpolitik\/","title":{"rendered":"Unsere Datenschutzpolitik"},"content":{"rendered":"<p>[et_pb_section fb_built=&#8221;1&#8243; module_class=&#8221;hero&#8221; _builder_version=&#8221;4.16&#8243; _module_preset=&#8221;default&#8221; background_enable_color=&#8221;off&#8221; background_image=&#8221;https:\/\/mcd.se\/wp-content\/uploads\/2021\/05\/mcd.se56integrity-2500&#215;1200-1.jpg&#8221; min_height=&#8221;550px&#8221; min_height_tablet=&#8221;500px&#8221; min_height_phone=&#8221;300px&#8221; min_height_last_edited=&#8221;on|phone&#8221; custom_css_main_element=&#8221;display: flex;||flex-direction: column;||justify-content: center;&#8221; global_colors_info=&#8221;{}&#8221;][et_pb_row _builder_version=&#8221;4.16&#8243; _module_preset=&#8221;default&#8221; global_colors_info=&#8221;{}&#8221;][et_pb_column type=&#8221;4_4&#8243; _builder_version=&#8221;4.16&#8243; _module_preset=&#8221;default&#8221; global_colors_info=&#8221;{}&#8221;][et_pb_text _builder_version=&#8221;4.16&#8243; _module_preset=&#8221;default&#8221; text_font=&#8221;||||||||&#8221; text_text_color=&#8221;#FFFFFF&#8221; text_font_size=&#8221;14px&#8221; text_letter_spacing=&#8221;1px&#8221; text_line_height=&#8221;2.4em&#8221; header_text_color=&#8221;#FFFFFF&#8221; header_line_height=&#8221;1.4em&#8221; header_2_text_align=&#8221;center&#8221; header_2_text_color=&#8221;#FFFFFF&#8221; text_orientation=&#8221;center&#8221; custom_padding=&#8221;||36px||false|false&#8221; global_colors_info=&#8221;{}&#8221;]<\/p>\n<h2>Unsere Datenschutzpolitik<\/h2>\n<p>[\/et_pb_text][\/et_pb_column][\/et_pb_row][\/et_pb_section][et_pb_section fb_built=&#8221;1&#8243; _builder_version=&#8221;4.16&#8243; _module_preset=&#8221;default&#8221; background_color=&#8221;#303030&#8243; custom_padding=&#8221;2px||0px|||&#8221; global_colors_info=&#8221;{}&#8221;][et_pb_row column_structure=&#8221;1_2,1_2&#8243; _builder_version=&#8221;4.16&#8243; _module_preset=&#8221;default&#8221; global_colors_info=&#8221;{}&#8221;][et_pb_column type=&#8221;1_2&#8243; _builder_version=&#8221;4.16&#8243; _module_preset=&#8221;default&#8221; custom_css_main_element=&#8221;||display: flex;||flex-direction: column;||justify-content: center;&#8221; global_colors_info=&#8221;{}&#8221;][et_pb_image src=&#8221;https:\/\/mcd.se\/wp-content\/uploads\/2021\/05\/mcd.se229policy.png&#8221; title_text=&#8221;%91mcd.se%93%91229%93policy&#8221; _builder_version=&#8221;4.16&#8243; _module_preset=&#8221;default&#8221; global_colors_info=&#8221;{}&#8221;][\/et_pb_image][\/et_pb_column][et_pb_column type=&#8221;1_2&#8243; _builder_version=&#8221;4.16&#8243; _module_preset=&#8221;default&#8221; custom_css_main_element=&#8221;display: flex;||flex-direction: column;||justify-content: center;&#8221; global_colors_info=&#8221;{}&#8221;][et_pb_text _builder_version=&#8221;4.16&#8243; _module_preset=&#8221;default&#8221; text_text_color=&#8221;#FFFFFF&#8221; header_2_text_color=&#8221;#FFFFFF&#8221; global_colors_info=&#8221;{}&#8221;]<\/p>\n<h2>Ihre Integrit\u00e4t ist uns wichtig<\/h2>\n<p>Der Schutz von Integrit\u00e4t ist ein Thema, das f\u00fcr uns h\u00f6chste Priorit\u00e4t hat. Daher ist es f\u00fcr uns wichtig, Ihre personenbezogenen Daten zu sch\u00fctzen und sicherzustellen, dass unsere Verarbeitung korrekt und rechtm\u00e4\u00dfig erfolgt.&#8221;[\/et_pb_text][\/et_pb_column][\/et_pb_row][\/et_pb_section][et_pb_section fb_built=&#8221;1&#8243; _builder_version=&#8221;4.16&#8243; _module_preset=&#8221;default&#8221; background_color=&#8221;#F6F6F6&#8243; global_colors_info=&#8221;{}&#8221;][et_pb_row _builder_version=&#8221;4.16&#8243; _module_preset=&#8221;default&#8221; custom_padding=&#8221;||40px||false|false&#8221; global_colors_info=&#8221;{}&#8221;][et_pb_column type=&#8221;4_4&#8243; _builder_version=&#8221;4.16&#8243; _module_preset=&#8221;default&#8221; global_colors_info=&#8221;{}&#8221;][et_pb_text _builder_version=&#8221;4.16&#8243; _module_preset=&#8221;default&#8221; global_colors_info=&#8221;{}&#8221;]<\/p>\n<h2 style=\"text-align: center;\">Wie wir Ihre pers\u00f6nlichen Daten verarbeiten<\/h2>\n<p>[\/et_pb_text][\/et_pb_column][\/et_pb_row][et_pb_row column_structure=&#8221;1_2,1_2&#8243; _builder_version=&#8221;4.16&#8243; _module_preset=&#8221;default&#8221; global_colors_info=&#8221;{}&#8221;][et_pb_column type=&#8221;1_2&#8243; _builder_version=&#8221;4.16&#8243; _module_preset=&#8221;default&#8221; global_colors_info=&#8221;{}&#8221;][et_pb_text _builder_version=&#8221;4.16&#8243; _module_preset=&#8221;default&#8221; global_colors_info=&#8221;{}&#8221;]Im Folgenden wird beschrieben, wie Measure Connect Display AB (&#8220;wir&#8221; oder &#8220;uns&#8221;) personenbezogene Daten in Bezug auf Sie als Kunden verarbeitet.<\/p>\n<p>In dieser Datenschutzrichtlinie erl\u00e4utern wir, welche Arten von personenbezogenen Daten wir verarbeiten k\u00f6nnen und zu welchem Zweck wir sie verarbeiten. Wir informieren Sie auch \u00fcber unsere Verarbeitung personenbezogener Daten sowie \u00fcber die Wahlm\u00f6glichkeiten und Rechte, die Sie in diesem Zusammenhang haben. Wir bitten Sie, unsere Datenschutzrichtlinie sorgf\u00e4ltig zu lesen und den Inhalt zu verstehen.<\/p>\n<p>Bitte beachten Sie, dass sich diese Datenschutzrichtlinie auf die Verarbeitung personenbezogener Daten bezieht, f\u00fcr die wir der Verantwortliche sind. Das bedeutet, dass wir f\u00fcr die Handhabung und Verarbeitung Ihrer personenbezogenen Daten verantwortlich sind. Es bedeutet auch, dass Sie sich mit Ihren Fragen oder Kommentaren an uns wenden oder eines der Rechte nutzen sollten, die Sie in Bezug auf die Verarbeitung Ihrer personenbezogenen Daten durch uns haben.<\/p>\n<p><strong>Verarbeitete personenbezogene Daten<\/strong><\/p>\n<p>Personenbezogene Daten sind Daten, die Ihnen zugeordnet werden k\u00f6nnen. Wir k\u00f6nnen die folgenden personenbezogenen Daten verarbeiten, die Ihnen als Kunde zugeordnet werden k\u00f6nnen:<\/p>\n<p>&#8211; Name<\/p>\n<p>&#8211; Anschrift<\/p>\n<p>&#8211; E-Mail Adresse<\/p>\n<p>&#8211; Telefon<\/p>\n<p>&#8211; Nutzername<\/p>\n<p>&#8211; Bestellinformationen<\/p>\n<p>&#8211; andere Informationen, die Sie bei Ihren Kontakten mit uns angeben<\/p>\n<p><strong>Zweck der Verarbeitung und Rechtsgrundlage<\/strong><\/p>\n<p>Wir verarbeiten Ihre personenbezogenen Daten zum Zweck der Verwaltung unserer Kundenbeziehungen, der Lieferung von Dienstleistungen und Waren, der Bereitstellung von Support und der Vermarktung unserer Dienstleistungen und Waren.<\/p>\n<p>Die Verarbeitung erfolgt auf der Grundlage, dass sie f\u00fcr die Erf\u00fcllung unseres Vertrages mit Ihnen und f\u00fcr unser berechtigtes Interesse an der Kontaktaufnahme mit Ihnen erforderlich ist.<\/p>\n<p><strong>Speicherung von personenbezogenen Daten<\/strong><\/p>\n<p>Wir speichern Ihre personenbezogenen Daten so lange, wie es f\u00fcr die Erf\u00fcllung des Zwecks der Verarbeitung erforderlich ist. Wenn unsere Kundenbeziehung endet, speichern wir Ihren Namen, Ihre Adresse, Ihre E-Mail-Adresse und Ihre Telefonnummer f\u00fcr Marketingzwecke f\u00fcr maximal ein Jahr nach Beendigung der Kundenbeziehung.<\/p>\n<p>Wir werden Ihre personenbezogenen Daten immer in dem Umfang und f\u00fcr den Zeitraum verarbeiten, in dem wir gesetzlich dazu verpflichtet sind.<\/p>\n<p>Soweit Ihre personenbezogenen Daten f\u00fcr die Erf\u00fcllung des Zwecks der Bearbeitung oder aus anderen Gr\u00fcnden nicht mehr erforderlich sind, werden die Daten anonymisiert oder gel\u00f6scht.<\/p>\n<p><strong>Empf\u00e4nger<\/strong><\/p>\n<p>Wir k\u00f6nnen Ihre personenbezogenen Daten an unseren Datenverarbeiter weitergeben, z. B. an Unternehmen, die IT-Dienstleistungen erbringen. In solchen F\u00e4llen werden Vereinbarungen \u00fcber den Zugang zu personenbezogenen Daten getroffen, die sicherstellen, dass Ihre personenbezogenen Daten nur in \u00dcbereinstimmung mit dieser Datenschutzrichtlinie verarbeitet werden. Wir werden Ihre personenbezogenen Daten nicht an Dritte verkaufen, tauschen oder anderweitig weitergeben.[\/et_pb_text][\/et_pb_column][et_pb_column type=&#8221;1_2&#8243; _builder_version=&#8221;4.16&#8243; _module_preset=&#8221;default&#8221; global_colors_info=&#8221;{}&#8221;][et_pb_text _builder_version=&#8221;4.16&#8243; _module_preset=&#8221;default&#8221; global_colors_info=&#8221;{}&#8221;]<strong>Ihre Rechte<\/strong><\/p>\n<p>Sie haben das Recht, sich best\u00e4tigen zu lassen, ob wir Sie betreffende personenbezogene Daten verarbeiten, und in diesem Fall Zugang zu diesen personenbezogenen Daten sowie zu Informationen \u00fcber personenbezogene Daten und unseren Umgang mit ihnen zu erhalten.<\/p>\n<p>Sie haben das Recht, unrichtige personenbezogene Daten, die Sie betreffen, ohne unn\u00f6tige Verz\u00f6gerung berichtigen zu lassen. Sie haben auch das Recht, unvollst\u00e4ndige personenbezogene Daten in bestimmten F\u00e4llen unter Ber\u00fccksichtigung des Zwecks der Behandlung zu erg\u00e4nzen.<\/p>\n<p>Unter bestimmten Umst\u00e4nden haben Sie das Recht auf L\u00f6schung Ihrer personenbezogenen Daten, z. B. wenn die personenbezogenen Daten f\u00fcr die Erf\u00fcllung der Zwecke, f\u00fcr die sie erhoben wurden, nicht mehr erforderlich sind oder wenn die personenbezogenen Daten unrechtm\u00e4\u00dfig verarbeitet wurden.<\/p>\n<p>In einigen F\u00e4llen k\u00f6nnen Sie verlangen, dass wir die Verarbeitung Ihrer personenbezogenen Daten einschr\u00e4nken. Wenn Sie die Richtigkeit personenbezogener Daten bestreiten, k\u00f6nnen Sie verlangen, dass wir die Verarbeitung dieser Daten f\u00fcr den Zeitraum einschr\u00e4nken, den wir ben\u00f6tigen, um zu \u00fcberpr\u00fcfen, ob die Daten richtig sind.<\/p>\n<p>Sie haben das Recht, gegen die Verarbeitung Ihrer personenbezogenen Daten, die auf unserem berechtigten Interesse beruht, Widerspruch einzulegen. In diesem Fall m\u00fcssen wir zwingende berechtigte Gr\u00fcnde nachweisen, die schwerer wiegen als Ihre Interessen, Rechte und Freiheiten, um die Verarbeitung fortzusetzen.<\/p>\n<p>Sie haben das Recht, der Verarbeitung Ihrer personenbezogenen Daten zu widersprechen, soweit die Verarbeitung zu Zwecken der Direktwerbung erfolgt. Im Falle eines solchen Widerspruchs werden wir Ihre personenbezogenen Daten nicht mehr f\u00fcr diesen Zweck verarbeiten.<\/p>\n<p>Sie k\u00f6nnen unter bestimmten Umst\u00e4nden die personenbezogenen Daten, die Sie uns zur Verf\u00fcgung gestellt haben und die Sie betreffen, in einem weit verbreiteten elektronischen Format erhalten. Sie haben das Recht, diese Daten an einen anderen f\u00fcr die Verarbeitung Verantwortlichen zu \u00fcbermitteln (Daten\u00fcbertragbarkeit).<\/p>\n<p>Wenn Sie Anmerkungen zu unserer Verarbeitung Ihrer personenbezogenen Daten haben, wenden Sie sich bitte an uns. Sie haben auch das Recht, eine Beschwerde bei der schwedischen Datenschutzbeh\u00f6rde einzureichen.<\/p>\n<p><strong>Schutz von Informationen<\/strong><\/p>\n<p>Wir ergreifen eine Reihe von Sicherheitsma\u00dfnahmen, um Ihre pers\u00f6nlichen Daten zu sch\u00fctzen, z. B. verwenden wir Verschl\u00fcsselung, um sensible Daten, die \u00fcber das Internet \u00fcbertragen werden, zu sch\u00fctzen. Nur Mitarbeiter, die eine bestimmte Aufgabe erf\u00fcllen, haben Zugang zu personenbezogenen Daten. Die IT-Systeme, in denen personenbezogene Daten gespeichert werden, befinden sich in einer sicheren Umgebung.<\/p>\n<p><strong>Cookies<\/strong><\/p>\n<p>Unsere Website verwendet so genannte Cookies, um die Benutzererfahrung zu verbessern und die Website individuell zu gestalten. Cookies sind kleine Textdateien, die im Browser unserer Besucher gespeichert werden und mit deren Hilfe wir verfolgen k\u00f6nnen, was ein Besucher auf unserer Website tut.<\/p>\n<p>Es gibt zwei Arten von Cookies. (i) einen permanenten Cookie, der f\u00fcr eine bestimmte Zeit gespeichert wird, und (ii) einen Session-Cookie, der nur w\u00e4hrend des Besuchs der Website gespeichert wird. Sitzungscookies verschwinden, wenn Sie Ihren Browser schlie\u00dfen.<\/p>\n<p>Cookies werden mit Ihrer Zustimmung verarbeitet. Wenn Sie keine Cookies akzeptieren wollen, k\u00f6nnen Sie diese in den Sicherheitseinstellungen Ihres Browsers deaktivieren. Sie k\u00f6nnen Ihren Browser auch so einstellen, dass Sie jedes Mal eine Abfrage erhalten, wenn eine Website versucht, ein Cookie in Ihrem Browser zu platzieren. \u00dcber den Browser k\u00f6nnen auch bereits gespeicherte Cookies gel\u00f6scht werden. Weitere Informationen dazu finden Sie auf den Hilfeseiten des Browsers. Au\u00dferdem k\u00f6nnen Sie Cookies manuell aus Ihrem Webbrowser l\u00f6schen.<\/p>\n<p>Beachten Sie, dass die Funktionalit\u00e4t bestimmter Webseiten eingeschr\u00e4nkt sein kann, wenn Sie keine Cookies akzeptieren.[\/et_pb_text][\/et_pb_column][\/et_pb_row][et_pb_row _builder_version=&#8221;4.16&#8243; _module_preset=&#8221;default&#8221; custom_padding=&#8221;60px||60px||true|false&#8221; global_colors_info=&#8221;{}&#8221;][et_pb_column type=&#8221;4_4&#8243; _builder_version=&#8221;4.16&#8243; _module_preset=&#8221;default&#8221; global_colors_info=&#8221;{}&#8221;][et_pb_text _builder_version=&#8221;4.16&#8243; _module_preset=&#8221;default&#8221; text_font_size=&#8221;20px&#8221; global_colors_info=&#8221;{}&#8221;]Kontaktieren Sie uns unter <a href=\"mailto:info@mcd.se\">info@mcd.se<\/a>, wenn Sie etwas in Erw\u00e4gung ziehen.[\/et_pb_text][\/et_pb_column][\/et_pb_row][\/et_pb_section]<\/p>\n","protected":false},"excerpt":{"rendered":"<p>Unsere DatenschutzpolitikIhre Integrit\u00e4t ist uns wichtig Der Schutz von Integrit\u00e4t ist ein Thema, das f\u00fcr uns h\u00f6chste Priorit\u00e4t hat. Daher ist es f\u00fcr uns wichtig, Ihre personenbezogenen Daten zu sch\u00fctzen und sicherzustellen, dass unsere Verarbeitung korrekt und rechtm\u00e4\u00dfig erfolgt.&#8221;Wie wir Ihre pers\u00f6nlichen Daten verarbeitenIm Folgenden wird beschrieben, wie Measure Connect Display AB (&#8220;wir&#8221; oder &#8220;uns&#8221;) [&hellip;]<\/p>\n","protected":false},"author":1,"featured_media":0,"parent":0,"menu_order":43,"comment_status":"closed","ping_status":"open","template":"","meta":{"_et_pb_use_builder":"on","_et_pb_old_content":"","_et_gb_content_width":"","footnotes":""},"class_list":["post-27873","page","type-page","status-publish","hentry"],"yoast_head":"<!-- This site is optimized with the Yoast SEO plugin v25.8 - https:\/\/yoast.com\/wordpress\/plugins\/seo\/ -->\n<title>Unsere Datenschutzpolitik - MCD<\/title>\n<meta name=\"description\" content=\"Lesen Sie mehr \u00fcber unsere Datenschutzrichtlinie. Ihre Privatsph\u00e4re ist uns wichtig und hat f\u00fcr uns Priorit\u00e4t.\" \/>\n<meta name=\"robots\" content=\"index, follow, max-snippet:-1, max-image-preview:large, max-video-preview:-1\" \/>\n<link rel=\"canonical\" href=\"https:\/\/mcd.se\/de\/unsere-datenschutzpolitik\/\" \/>\n<meta property=\"og:locale\" content=\"de_DE\" \/>\n<meta property=\"og:type\" content=\"article\" \/>\n<meta property=\"og:title\" content=\"Unsere Datenschutzpolitik - MCD\" \/>\n<meta property=\"og:description\" content=\"Lesen Sie mehr \u00fcber unsere Datenschutzrichtlinie. Ihre Privatsph\u00e4re ist uns wichtig und hat f\u00fcr uns Priorit\u00e4t.\" \/>\n<meta property=\"og:url\" content=\"https:\/\/mcd.se\/de\/unsere-datenschutzpolitik\/\" \/>\n<meta property=\"og:site_name\" content=\"MCD\" \/>\n<meta property=\"article:modified_time\" content=\"2022-09-22T13:24:05+00:00\" \/>\n<meta name=\"twitter:card\" content=\"summary_large_image\" \/>\n<meta name=\"twitter:label1\" content=\"Gesch\u00e4tzte Lesezeit\" \/>\n\t<meta name=\"twitter:data1\" content=\"8\u00a0Minuten\" \/>\n<script type=\"application\/ld+json\" class=\"yoast-schema-graph\">{\"@context\":\"https:\/\/schema.org\",\"@graph\":[{\"@type\":\"WebPage\",\"@id\":\"https:\/\/mcd.se\/de\/unsere-datenschutzpolitik\/\",\"url\":\"https:\/\/mcd.se\/de\/unsere-datenschutzpolitik\/\",\"name\":\"Unsere Datenschutzpolitik - MCD\",\"isPartOf\":{\"@id\":\"https:\/\/mcd.se\/#website\"},\"datePublished\":\"2022-09-21T12:11:13+00:00\",\"dateModified\":\"2022-09-22T13:24:05+00:00\",\"description\":\"Lesen Sie mehr \u00fcber unsere Datenschutzrichtlinie. Ihre Privatsph\u00e4re ist uns wichtig und hat f\u00fcr uns Priorit\u00e4t.\",\"breadcrumb\":{\"@id\":\"https:\/\/mcd.se\/de\/unsere-datenschutzpolitik\/#breadcrumb\"},\"inLanguage\":\"de\",\"potentialAction\":[{\"@type\":\"ReadAction\",\"target\":[\"https:\/\/mcd.se\/de\/unsere-datenschutzpolitik\/\"]}]},{\"@type\":\"BreadcrumbList\",\"@id\":\"https:\/\/mcd.se\/de\/unsere-datenschutzpolitik\/#breadcrumb\",\"itemListElement\":[{\"@type\":\"ListItem\",\"position\":1,\"name\":\"Hem\",\"item\":\"https:\/\/mcd.se\/en\/\"},{\"@type\":\"ListItem\",\"position\":2,\"name\":\"Unsere Datenschutzpolitik\"}]},{\"@type\":\"WebSite\",\"@id\":\"https:\/\/mcd.se\/#website\",\"url\":\"https:\/\/mcd.se\/\",\"name\":\"MCD\",\"description\":\"Niv\u00e5system f\u00f6r niv\u00e5m\u00e4tning &amp; niv\u00e5\u00f6vervakning i tankar\",\"publisher\":{\"@id\":\"https:\/\/mcd.se\/#organization\"},\"potentialAction\":[{\"@type\":\"SearchAction\",\"target\":{\"@type\":\"EntryPoint\",\"urlTemplate\":\"https:\/\/mcd.se\/?s={search_term_string}\"},\"query-input\":{\"@type\":\"PropertyValueSpecification\",\"valueRequired\":true,\"valueName\":\"search_term_string\"}}],\"inLanguage\":\"de\"},{\"@type\":\"Organization\",\"@id\":\"https:\/\/mcd.se\/#organization\",\"name\":\"Measure Connect Display AB\",\"url\":\"https:\/\/mcd.se\/\",\"logo\":{\"@type\":\"ImageObject\",\"inLanguage\":\"de\",\"@id\":\"https:\/\/mcd.se\/#\/schema\/logo\/image\/\",\"url\":\"https:\/\/mcd.se\/wp-content\/uploads\/2021\/05\/logo-dark.png\",\"contentUrl\":\"https:\/\/mcd.se\/wp-content\/uploads\/2021\/05\/logo-dark.png\",\"width\":137,\"height\":48,\"caption\":\"Measure Connect Display AB\"},\"image\":{\"@id\":\"https:\/\/mcd.se\/#\/schema\/logo\/image\/\"}}]}<\/script>\n<!-- \/ Yoast SEO plugin. -->","yoast_head_json":{"title":"Unsere Datenschutzpolitik - MCD","description":"Lesen Sie mehr \u00fcber unsere Datenschutzrichtlinie. Ihre Privatsph\u00e4re ist uns wichtig und hat f\u00fcr uns Priorit\u00e4t.","robots":{"index":"index","follow":"follow","max-snippet":"max-snippet:-1","max-image-preview":"max-image-preview:large","max-video-preview":"max-video-preview:-1"},"canonical":"https:\/\/mcd.se\/de\/unsere-datenschutzpolitik\/","og_locale":"de_DE","og_type":"article","og_title":"Unsere Datenschutzpolitik - MCD","og_description":"Lesen Sie mehr \u00fcber unsere Datenschutzrichtlinie. Ihre Privatsph\u00e4re ist uns wichtig und hat f\u00fcr uns Priorit\u00e4t.","og_url":"https:\/\/mcd.se\/de\/unsere-datenschutzpolitik\/","og_site_name":"MCD","article_modified_time":"2022-09-22T13:24:05+00:00","twitter_card":"summary_large_image","twitter_misc":{"Gesch\u00e4tzte Lesezeit":"8\u00a0Minuten"},"schema":{"@context":"https:\/\/schema.org","@graph":[{"@type":"WebPage","@id":"https:\/\/mcd.se\/de\/unsere-datenschutzpolitik\/","url":"https:\/\/mcd.se\/de\/unsere-datenschutzpolitik\/","name":"Unsere Datenschutzpolitik - MCD","isPartOf":{"@id":"https:\/\/mcd.se\/#website"},"datePublished":"2022-09-21T12:11:13+00:00","dateModified":"2022-09-22T13:24:05+00:00","description":"Lesen Sie mehr \u00fcber unsere Datenschutzrichtlinie. Ihre Privatsph\u00e4re ist uns wichtig und hat f\u00fcr uns Priorit\u00e4t.","breadcrumb":{"@id":"https:\/\/mcd.se\/de\/unsere-datenschutzpolitik\/#breadcrumb"},"inLanguage":"de","potentialAction":[{"@type":"ReadAction","target":["https:\/\/mcd.se\/de\/unsere-datenschutzpolitik\/"]}]},{"@type":"BreadcrumbList","@id":"https:\/\/mcd.se\/de\/unsere-datenschutzpolitik\/#breadcrumb","itemListElement":[{"@type":"ListItem","position":1,"name":"Hem","item":"https:\/\/mcd.se\/en\/"},{"@type":"ListItem","position":2,"name":"Unsere Datenschutzpolitik"}]},{"@type":"WebSite","@id":"https:\/\/mcd.se\/#website","url":"https:\/\/mcd.se\/","name":"MCD","description":"Niv\u00e5system f\u00f6r niv\u00e5m\u00e4tning &amp; niv\u00e5\u00f6vervakning i tankar","publisher":{"@id":"https:\/\/mcd.se\/#organization"},"potentialAction":[{"@type":"SearchAction","target":{"@type":"EntryPoint","urlTemplate":"https:\/\/mcd.se\/?s={search_term_string}"},"query-input":{"@type":"PropertyValueSpecification","valueRequired":true,"valueName":"search_term_string"}}],"inLanguage":"de"},{"@type":"Organization","@id":"https:\/\/mcd.se\/#organization","name":"Measure Connect Display AB","url":"https:\/\/mcd.se\/","logo":{"@type":"ImageObject","inLanguage":"de","@id":"https:\/\/mcd.se\/#\/schema\/logo\/image\/","url":"https:\/\/mcd.se\/wp-content\/uploads\/2021\/05\/logo-dark.png","contentUrl":"https:\/\/mcd.se\/wp-content\/uploads\/2021\/05\/logo-dark.png","width":137,"height":48,"caption":"Measure Connect Display AB"},"image":{"@id":"https:\/\/mcd.se\/#\/schema\/logo\/image\/"}}]}},"_links":{"self":[{"href":"https:\/\/mcd.se\/de\/wp-json\/wp\/v2\/pages\/27873","targetHints":{"allow":["GET"]}}],"collection":[{"href":"https:\/\/mcd.se\/de\/wp-json\/wp\/v2\/pages"}],"about":[{"href":"https:\/\/mcd.se\/de\/wp-json\/wp\/v2\/types\/page"}],"author":[{"embeddable":true,"href":"https:\/\/mcd.se\/de\/wp-json\/wp\/v2\/users\/1"}],"replies":[{"embeddable":true,"href":"https:\/\/mcd.se\/de\/wp-json\/wp\/v2\/comments?post=27873"}],"version-history":[{"count":0,"href":"https:\/\/mcd.se\/de\/wp-json\/wp\/v2\/pages\/27873\/revisions"}],"wp:attachment":[{"href":"https:\/\/mcd.se\/de\/wp-json\/wp\/v2\/media?parent=27873"}],"curies":[{"name":"wp","href":"https:\/\/api.w.org\/{rel}","templated":true}]}}